{"id":135962,"date":"2023-02-28T08:28:57","date_gmt":"2023-02-28T08:28:57","guid":{"rendered":"https:\/\/www.hqts.com\/?page_id=135962"},"modified":"2023-02-28T08:33:10","modified_gmt":"2023-02-28T08:33:10","slug":"inspection-alimentaires","status":"publish","type":"page","link":"https:\/\/www.hqts.com\/fr\/industries-que-nous-desservons\/inspection-alimentaires\/","title":{"rendered":"Inspection Alimentaires et Agricoles"},"content":{"rendered":"\t\t<div data-elementor-type=\"wp-page\" data-elementor-id=\"135962\" class=\"elementor elementor-135962 elementor-1516\" data-elementor-post-type=\"page\">\n\t\t\t\t\t\t<section class=\"elementor-section elementor-top-section elementor-element elementor-element-625cc796 elementor-section-boxed elementor-section-height-default elementor-section-height-default\" data-id=\"625cc796\" data-element_type=\"section\">\n\t\t\t\t\t\t<div class=\"elementor-container elementor-column-gap-default\">\n\t\t\t\t\t<div class=\"elementor-column elementor-col-100 elementor-top-column elementor-element elementor-element-2f12ee33\" data-id=\"2f12ee33\" data-element_type=\"column\">\n\t\t\t<div class=\"elementor-widget-wrap elementor-element-populated\">\n\t\t\t\t\t\t<div class=\"elementor-element elementor-element-e4fae23 elementor-widget elementor-widget-text-editor\" data-id=\"e4fae23\" data-element_type=\"widget\" data-widget_type=\"text-editor.default\">\n\t\t\t\t<div class=\"elementor-widget-container\">\n\t\t\t\t\t\t\t\t\t<h4><strong>Services d&rsquo;assurance qualit\u00e9 pour l&rsquo;alimentation et l&rsquo;agriculture<\/strong><\/h4><p><strong>En tant que membre certifi\u00e9 de la GAFTA, HQTS est un leader mondial de l&rsquo;assurance qualit\u00e9 qui fournit des solutions de qualit\u00e9 pour les produits de consommation et industriels et qui est accr\u00e9dit\u00e9 par le CNAS contre ISO17020 et ISO17025. Nous fournissons les meilleurs services d&rsquo;inspection, d&rsquo;audit, d&rsquo;essai et de conseil dans toute l&rsquo;Asie.<\/strong><\/p><p>En tirant parti des riches connaissances et de l&rsquo;exp\u00e9rience industrielle de nos sp\u00e9cialistes, nous nous engageons \u00e0 vous aider \u00e0 respecter les normes de qualit\u00e9, de s\u00e9curit\u00e9 et d&rsquo;\u00e9thique exig\u00e9es par votre cha\u00eene d&rsquo;approvisionnement. Nous sommes pr\u00eats \u00e0 vous aider \u00e0 am\u00e9liorer votre comp\u00e9titivit\u00e9 et votre efficacit\u00e9 sur le march\u00e9 mondial.<\/p><p>Les accidents li\u00e9s \u00e0 la s\u00e9curit\u00e9 alimentaire sont fr\u00e9quents, ce qui implique une surveillance accrue et des tests rigoureux sur la production et au-del\u00e0. Des terres agricoles aux tables des restaurants, chaque \u00e9tape de la cha\u00eene d&rsquo;approvisionnement alimentaire est mise au d\u00e9fi par la s\u00e9curit\u00e9, la qualit\u00e9 et l&rsquo;efficacit\u00e9 des produits. Les normes de qualit\u00e9 de l&rsquo;alimentation et de l&rsquo;agriculture sont de la plus haute importance et sont au centre des pr\u00e9occupations des autorit\u00e9s du secteur et des consommateurs.<\/p><p>Que vous soyez producteur, conditionneur de produits alimentaires ou que vous occupiez tout autre r\u00f4le important dans la cha\u00eene d&rsquo;approvisionnement alimentaire, il est de votre devoir de faire preuve d&rsquo;int\u00e9grit\u00e9 et de promouvoir la s\u00e9curit\u00e9 d\u00e8s la source. Mais ces garanties ne peuvent \u00eatre donn\u00e9es que si la culture, la transformation, l&rsquo;approvisionnement et l&rsquo;exp\u00e9dition sont r\u00e9guli\u00e8rement contr\u00f4l\u00e9s et test\u00e9s par un personnel sp\u00e9cialis\u00e9.<\/p><h4><strong>Cat\u00e9gories de produits<\/strong><\/h4><p><strong>Voici quelques-uns des services alimentaires que nous proposons:<\/strong><\/p><ul><li><strong>Agriculture:<\/strong>\u00a0fruits et l\u00e9gumes, soja, bl\u00e9, riz et c\u00e9r\u00e9ales<\/li><li><strong>Fruits de mer:<\/strong> fruits de mer congel\u00e9s, fruits de mer r\u00e9frig\u00e9r\u00e9s et fruits de mer s\u00e9ch\u00e9s<\/li><li><strong>Aliments artificiels<\/strong> : c\u00e9r\u00e9ales transform\u00e9es, produits laitiers, produits carn\u00e9s, produits de la mer, aliments instantan\u00e9s, boissons glac\u00e9es, aliments surgel\u00e9s, chips et snacks extrud\u00e9s, bonbons, l\u00e9gumes, fruits, aliments cuits au four, huile comestible, ar\u00f4mes, etc.<\/li><\/ul><h4><strong>Normes d&rsquo;inspection<\/strong><\/h4><p>Nous respectons les lois et r\u00e8glements nationaux et effectuons des services de qualit\u00e9 sur la base des normes suivantes :<\/p><ul><li><strong>Normes d&rsquo;inspection des \u00e9chantillons alimentaires :<\/strong> CAC\/GL 50-2004, ISO 8423:1991, GB\/T 30642, etc.<\/li><li><strong>Normes d&rsquo;\u00e9valuation sensorielle des aliments :<\/strong> Normes de classification CODEX, ISO, GB et autres.<\/li><li><strong>Normes de test et d&rsquo;analyse des aliments :<\/strong> normes nationales et internationales, une s\u00e9rie de normes relatives \u00e0 la d\u00e9tection microbiologique, \u00e0 la d\u00e9tection des r\u00e9sidus de pesticides, \u00e0 l&rsquo;analyse physico-chimique, etc.<\/li><li><strong>Normes d&rsquo;audit des usines\/magasins :<\/strong> ISO9000, ISO14000, ISO22000, HACCP<\/li><\/ul><h4><strong>Services d&rsquo;assurance qualit\u00e9 alimentaire et agricole<\/strong><\/h4><p>Les services d&rsquo;assurance qualit\u00e9 alimentaire de HQTS comprennent :<\/p><ul><li>Audit d&rsquo;usine\/de magasin<\/li><li>Inspection<\/li><li>Inspection de la quantit\u00e9 et du poids en utilisant des jauges d&rsquo;eau et des machines \u00e0 peser.<\/li><li>Echantillonnage, inspection de qualit\u00e9 et test<\/li><li>Capacit\u00e9 de transport par bateau<\/li><li>Identification des pertes, y compris le manque de marchandises et les dommages<\/li><\/ul><p><strong>Certains de nos articles d&rsquo;inspection de l&rsquo;alimentation et de l&rsquo;agriculture comprennent :<\/strong><\/p><p>l&rsquo;inspection visuelle, la mesure du poids, le contr\u00f4le de la temp\u00e9rature, la v\u00e9rification de l&#8217;emballage, le test de la concentration en sucre, la d\u00e9tection de la salinit\u00e9, le contr\u00f4le du givrage de la glace, l&rsquo;inspection de l&rsquo;aberration chromatique.<\/p><h4><strong>Test des produits<\/strong><\/h4><p><strong>Certains de nos services d&rsquo;essai de s\u00e9curit\u00e9 alimentaire et agricole comprennent :<\/strong><\/p><ul><li>La d\u00e9tection de la pollution, la d\u00e9tection des r\u00e9sidus, la d\u00e9tection des micro-organismes, l&rsquo;analyse physico-chimique, la d\u00e9tection des m\u00e9taux lourds, la d\u00e9tection des colorants, la mesure de la qualit\u00e9 de l&rsquo;eau, l&rsquo;analyse de l&rsquo;\u00e9tiquetage nutritionnel des aliments, l&rsquo;analyse des mat\u00e9riaux en contact avec les aliments.<\/li><\/ul><p>\u00a0<\/p>\t\t\t\t\t\t\t\t<\/div>\n\t\t\t\t<\/div>\n\t\t\t\t\t<\/div>\n\t\t<\/div>\n\t\t\t\t\t<\/div>\n\t\t<\/section>\n\t\t\t\t<\/div>\n\t\t","protected":false},"excerpt":{"rendered":"<p>Services d&rsquo;assurance qualit\u00e9 pour l&rsquo;alimentation et l&rsquo;agriculture En tant que membre certifi\u00e9 de la GAFTA, HQTS est un leader mondial de l&rsquo;assurance qualit\u00e9 qui fournit des solutions de qualit\u00e9 pour les produits de consommation et industriels et qui est accr\u00e9dit\u00e9 par le CNAS contre ISO17020 et ISO17025. Nous fournissons les meilleurs services d&rsquo;inspection, d&rsquo;audit, d&rsquo;essai [&hellip;]<\/p>\n","protected":false},"author":12,"featured_media":135967,"parent":135780,"menu_order":2,"comment_status":"closed","ping_status":"closed","template":"","meta":{"_acf_changed":false,"footnotes":""},"class_list":["post-135962","page","type-page","status-publish","has-post-thumbnail","hentry"],"acf":[],"_links":{"self":[{"href":"https:\/\/www.hqts.com\/fr\/wp-json\/wp\/v2\/pages\/135962","targetHints":{"allow":["GET"]}}],"collection":[{"href":"https:\/\/www.hqts.com\/fr\/wp-json\/wp\/v2\/pages"}],"about":[{"href":"https:\/\/www.hqts.com\/fr\/wp-json\/wp\/v2\/types\/page"}],"author":[{"embeddable":true,"href":"https:\/\/www.hqts.com\/fr\/wp-json\/wp\/v2\/users\/12"}],"replies":[{"embeddable":true,"href":"https:\/\/www.hqts.com\/fr\/wp-json\/wp\/v2\/comments?post=135962"}],"version-history":[{"count":5,"href":"https:\/\/www.hqts.com\/fr\/wp-json\/wp\/v2\/pages\/135962\/revisions"}],"predecessor-version":[{"id":135978,"href":"https:\/\/www.hqts.com\/fr\/wp-json\/wp\/v2\/pages\/135962\/revisions\/135978"}],"up":[{"embeddable":true,"href":"https:\/\/www.hqts.com\/fr\/wp-json\/wp\/v2\/pages\/135780"}],"wp:featuredmedia":[{"embeddable":true,"href":"https:\/\/www.hqts.com\/fr\/wp-json\/wp\/v2\/media\/135967"}],"wp:attachment":[{"href":"https:\/\/www.hqts.com\/fr\/wp-json\/wp\/v2\/media?parent=135962"}],"curies":[{"name":"wp","href":"https:\/\/api.w.org\/{rel}","templated":true}]}}