{"id":135983,"date":"2023-02-28T08:58:18","date_gmt":"2023-02-28T08:58:18","guid":{"rendered":"https:\/\/www.hqts.com\/?page_id=135983"},"modified":"2023-02-28T11:45:33","modified_gmt":"2023-02-28T11:45:33","slug":"produits-de-consommation","status":"publish","type":"page","link":"https:\/\/www.hqts.com\/fr\/industries-que-nous-desservons\/produits-de-consommation\/","title":{"rendered":"Produits de Consommation et Vente au D\u00e9tail"},"content":{"rendered":"<h3><strong>Contr\u00f4le de la qualit\u00e9 des produits et assurance qualit\u00e9 de la vente au d\u00e9tail<\/strong><\/h3>\n<p><strong>Le contr\u00f4le et l&rsquo;assurance de la qualit\u00e9 d\u00e9signent les processus utilis\u00e9s par les entreprises pour garantir le maintien de la qualit\u00e9 des produits. Cela permet \u00e9galement de r\u00e9duire ou d&rsquo;\u00e9liminer les d\u00e9fauts de fabrication afin de r\u00e9pondre aux attentes des clients et aux r\u00e9glementations. Ind\u00e9pendamment de votre industrie, HQTS fournit une large gamme de services de contr\u00f4le de la qualit\u00e9 des produits de consommation.<\/strong><\/p>\n<p>Des inspections de contr\u00f4le de qualit\u00e9 aux tests de produits de consommation contre REACH, RoHS, CA Prop 65 et autres, HQTS assure que vos fournisseurs livrent des produits qui r\u00e9pondent \u00e0 vos exigences de qualit\u00e9.<\/p>\n<p><strong>Nous desservons une large gamme de biens de consommation, y compris :<\/strong><\/p>\n<ul>\n<li>V\u00eatements et textiles<\/li>\n<li>Pi\u00e8ces et accessoires automobiles<\/li>\n<li>\u00c9lectronique<\/li>\n<li>Soins personnels et cosm\u00e9tiques<\/li>\n<li>Maison et jardin<\/li>\n<li>Jouets et produits pour enfants<\/li>\n<li>Chaussures<\/li>\n<li>Sacs et accessoires<\/li>\n<li>Hargoods<\/li>\n<li>et bien plus encore<\/li>\n<\/ul>\n<h3><strong>Qu&rsquo;est-ce que le contr\u00f4le de la qualit\u00e9 des produits ?<\/strong><\/h3>\n<p>Le contr\u00f4le de la qualit\u00e9 (CQ) fait r\u00e9f\u00e9rence aux activit\u00e9s li\u00e9es \u00e0 la qualit\u00e9 associ\u00e9es \u00e0 la cr\u00e9ation des produits livrables du projet. Le contr\u00f4le de la qualit\u00e9 est utilis\u00e9 pour v\u00e9rifier que les produits livrables sont d&rsquo;une qualit\u00e9 acceptable et qu&rsquo;ils sont complets et corrects. Les exemples d&rsquo;activit\u00e9s de contr\u00f4le de la qualit\u00e9 comprennent l&rsquo;inspection, les examens par les pairs des produits livrables et le processus d&rsquo;essai.<\/p>\n<h3><strong>Qu&rsquo;est-ce que l&rsquo;assurance qualit\u00e9 pour la vente au d\u00e9tail ?<\/strong><\/h3>\n<p>Les commerces de d\u00e9tail se distinguent des autres types d&rsquo;entreprises par le fait que la plupart d&rsquo;entre eux sont sp\u00e9cialis\u00e9s dans la vente de biens d\u00e9j\u00e0 produits plut\u00f4t que de produits fabriqu\u00e9s \u00e0 partir de mati\u00e8res premi\u00e8res. Le secteur de la vente au d\u00e9tail pr\u00e9sente une immense vari\u00e9t\u00e9 : commerce \u00e9lectronique, vente par correspondance, distributeurs automatiques, vente \u00e0 domicile, prestataires de services, etc. L&rsquo;assurance qualit\u00e9 vise \u00e0 emp\u00eacher les d\u00e9fauts ou les bugs connus d&rsquo;arriver sur le march\u00e9.<\/p>\n<p>Elle offre la possibilit\u00e9 de corriger ces probl\u00e8mes avant la mise en ligne d&rsquo;une version ou d&rsquo;une mise \u00e0 jour. En proc\u00e9dant aux questions r\u00e9ponses au d\u00e9but d&rsquo;un projet, les entreprises peuvent att\u00e9nuer les risques identifi\u00e9s avant qu&rsquo;ils n&rsquo;aient un impact n\u00e9gatif sur l&rsquo;entreprise ou ne perturbent l&rsquo;exp\u00e9rience du client.<\/p>\n<h3><strong>Assurance qualit\u00e9 et contr\u00f4le de la qualit\u00e9<\/strong><\/h3>\n<p>Le contr\u00f4le de la qualit\u00e9 (CQ) est similaire, mais pas identique, \u00e0 l&rsquo;assurance qualit\u00e9 (AQ). L&rsquo;assurance qualit\u00e9 (AQ) fait r\u00e9f\u00e9rence au processus utilis\u00e9 pour cr\u00e9er les produits livrables, et peut \u00eatre effectu\u00e9e par un gestionnaire, un client et un r\u00e9viseur tiers. Parmi les exemples d&rsquo;assurance qualit\u00e9, on peut citer les listes de contr\u00f4le des processus, les audits de projet et l&rsquo;\u00e9laboration de m\u00e9thodes et de normes.<\/p>\n<p>L&rsquo;assurance qualit\u00e9 est ax\u00e9e sur le processus et se concentre sur la pr\u00e9vention des d\u00e9fauts, tandis que le contr\u00f4le de la qualit\u00e9 est ax\u00e9 sur le produit et se concentre sur l&rsquo;identification des d\u00e9fauts.<\/p>\n<h3><strong>Comment le contr\u00f4le\/assurance qualit\u00e9 peut-il am\u00e9liorer un produit dans le commerce de d\u00e9tail ?<\/strong><\/h3>\n<p>Avec le processus de plus en plus complexe de la cha\u00eene d&rsquo;approvisionnement, les rappels et les retours de produits sont devenus un probl\u00e8me majeur. Les fabricants, les marques et les d\u00e9taillants doivent \u00eatre s\u00fbrs que les produits qu&rsquo;ils livrent r\u00e9pondent aux attentes des consommateurs, aux r\u00e8glements mondiaux et aux normes de s\u00e9curit\u00e9 et de qualit\u00e9.<\/p>\n<p>Les services de contr\u00f4le de qualit\u00e9 de HQTS sont fournis par notre personnel professionnel et technique situ\u00e9 dans les principaux centres de production \u00e0 travers l&rsquo;Asie. Nous travaillons en \u00e9troite collaboration avec vous pour identifier les probl\u00e8mes de qualit\u00e9 avant la distribution afin de r\u00e9duire les retards, les co\u00fbts impr\u00e9vus et les risques pour vos consommateurs et votre marque.<\/p>\n","protected":false},"excerpt":{"rendered":"<p>Contr\u00f4le de la qualit\u00e9 des produits et assurance qualit\u00e9 de la vente au d\u00e9tail Le contr\u00f4le et l&rsquo;assurance de la qualit\u00e9 d\u00e9signent les processus utilis\u00e9s par les entreprises pour garantir le maintien de la qualit\u00e9 des produits. Cela permet \u00e9galement de r\u00e9duire ou d&rsquo;\u00e9liminer les d\u00e9fauts de fabrication afin de r\u00e9pondre aux attentes des clients [&hellip;]<\/p>\n","protected":false},"author":12,"featured_media":135987,"parent":135780,"menu_order":0,"comment_status":"closed","ping_status":"closed","template":"","meta":{"_acf_changed":false,"footnotes":""},"class_list":["post-135983","page","type-page","status-publish","has-post-thumbnail","hentry"],"acf":[],"_links":{"self":[{"href":"https:\/\/www.hqts.com\/fr\/wp-json\/wp\/v2\/pages\/135983","targetHints":{"allow":["GET"]}}],"collection":[{"href":"https:\/\/www.hqts.com\/fr\/wp-json\/wp\/v2\/pages"}],"about":[{"href":"https:\/\/www.hqts.com\/fr\/wp-json\/wp\/v2\/types\/page"}],"author":[{"embeddable":true,"href":"https:\/\/www.hqts.com\/fr\/wp-json\/wp\/v2\/users\/12"}],"replies":[{"embeddable":true,"href":"https:\/\/www.hqts.com\/fr\/wp-json\/wp\/v2\/comments?post=135983"}],"version-history":[{"count":3,"href":"https:\/\/www.hqts.com\/fr\/wp-json\/wp\/v2\/pages\/135983\/revisions"}],"predecessor-version":[{"id":135997,"href":"https:\/\/www.hqts.com\/fr\/wp-json\/wp\/v2\/pages\/135983\/revisions\/135997"}],"up":[{"embeddable":true,"href":"https:\/\/www.hqts.com\/fr\/wp-json\/wp\/v2\/pages\/135780"}],"wp:featuredmedia":[{"embeddable":true,"href":"https:\/\/www.hqts.com\/fr\/wp-json\/wp\/v2\/media\/135987"}],"wp:attachment":[{"href":"https:\/\/www.hqts.com\/fr\/wp-json\/wp\/v2\/media?parent=135983"}],"curies":[{"name":"wp","href":"https:\/\/api.w.org\/{rel}","templated":true}]}}