{"id":136006,"date":"2023-02-28T17:05:29","date_gmt":"2023-02-28T17:05:29","guid":{"rendered":"https:\/\/www.hqts.com\/?page_id=136006"},"modified":"2023-03-02T16:30:55","modified_gmt":"2023-03-02T16:30:55","slug":"audits-dusine-fournisseurs","status":"publish","type":"page","link":"https:\/\/www.hqts.com\/fr\/nos-services\/audits-dusine-fournisseurs\/","title":{"rendered":"Audits D&rsquo;Usine et Audits de Fournisseurs"},"content":{"rendered":"<h3><strong>Audits d&rsquo;usines et de fournisseurs tiers<\/strong><\/h3>\n<p><strong>Sur le march\u00e9 hautement concurrentiel d&rsquo;aujourd&rsquo;hui, il est imp\u00e9ratif de constituer une base de fournisseurs qui r\u00e9pondront \u00e0 tous les aspects de vos besoins de production, de la conception et de la qualit\u00e9 aux exigences de livraison des produits. Une \u00e9valuation compl\u00e8te par le biais d&rsquo;audits d&rsquo;usine et de fournisseurs est un \u00e9l\u00e9ment essentiel du processus d&rsquo;\u00e9valuation.<\/strong><\/p>\n<p>Les crit\u00e8res cl\u00e9s qu&rsquo;un audit d&rsquo;usine et de fournisseur HQTS \u00e9value sont les installations, les politiques, les proc\u00e9dures et les enregistrements qui v\u00e9rifient la capacit\u00e9 d&rsquo;une usine \u00e0 fournir des produits de qualit\u00e9 constante au fil du temps, plut\u00f4t qu&rsquo;\u00e0 un moment donn\u00e9 ou seulement pour certains produits.<\/p>\n<h3><strong>Nos services d&rsquo;audit d&rsquo;usine :<\/strong><\/h3>\n<ul>\n<li>Audits de fabricants<\/li>\n<li><a href=\"https:\/\/www.hqts.com\/fr\/nos-services\/audits-dusine-fournisseurs\/audits-de-conformite-sociale\/\">Audits de conformit\u00e9 sociale<\/a><\/li>\n<li>Audit de s\u00e9curit\u00e9 des b\u00e2timents<\/li>\n<li>Audits \u00e9nerg\u00e9tiques<\/li>\n<li>Audits environnementaux<\/li>\n<li>Contr\u00f4le de la production en usine<\/li>\n<\/ul>\n<p>&nbsp;<\/p>\n<p><strong>Les principaux points de contr\u00f4le d&rsquo;un audit de fournisseur sont les suivants :<\/strong><\/p>\n<ul>\n<li>Informations sur la l\u00e9galit\u00e9 de l&rsquo;entreprise<\/li>\n<li>Informations bancaires<\/li>\n<li>Ressources humaines<\/li>\n<li>Capacit\u00e9 d&rsquo;exportation<\/li>\n<li>Gestion des commandes<\/li>\n<\/ul>\n<p>&nbsp;<\/p>\n<p><strong>L&rsquo;audit d&rsquo;usine standard comprend :<\/strong><\/p>\n<ul>\n<li>Les ant\u00e9c\u00e9dents du fabricant<\/li>\n<li>La main-d&rsquo;\u0153uvre<\/li>\n<li>Capacit\u00e9 de production<\/li>\n<li>Machines, installations et \u00e9quipements<\/li>\n<li>Processus de fabrication et cha\u00eene de production<\/li>\n<li>Syst\u00e8me de qualit\u00e9 interne tel que les tests et l&rsquo;inspection<\/li>\n<li>Syst\u00e8me et capacit\u00e9 de gestion<\/li>\n<li>Environnement<\/li>\n<\/ul>\n<p>&nbsp;<\/p>\n<p>Nos audits d&rsquo;usine et audits de fournisseurs vous fournissent une analyse d\u00e9taill\u00e9e de l&rsquo;\u00e9tat, des forces et des faiblesses de votre fournisseur. Ce service peut \u00e9galement aider l&rsquo;usine \u00e0 comprendre les points \u00e0 am\u00e9liorer pour mieux r\u00e9pondre aux besoins de l&rsquo;acheteur.<\/p>\n<p>Dans le cadre de la s\u00e9lection de nouveaux fournisseurs, de la r\u00e9duction du nombre de vos fournisseurs \u00e0 des niveaux plus g\u00e9rables et de l&rsquo;am\u00e9lioration de la performance globale, nos services d&rsquo;audit d&rsquo;usine et de fournisseur constituent un moyen efficace d&rsquo;am\u00e9liorer ce processus \u00e0 un co\u00fbt r\u00e9duit pour vous.<\/p>\n<h3><strong>Auditeurs professionnels et exp\u00e9riment\u00e9s<\/strong><\/h3>\n<p>Nos auditeurs re\u00e7oivent une formation compl\u00e8te sur les techniques d&rsquo;audit, les pratiques de qualit\u00e9, la r\u00e9daction de rapports, l&rsquo;int\u00e9grit\u00e9 et l&rsquo;\u00e9thique. En outre, des formations et des tests p\u00e9riodiques sont effectu\u00e9s pour maintenir les comp\u00e9tences \u00e0 jour en fonction de l&rsquo;\u00e9volution des normes industrielles.<\/p>\n<h3><strong>Un solide programme d&rsquo;int\u00e9grit\u00e9 et d&rsquo;\u00e9thique<\/strong><\/h3>\n<p>Avec une r\u00e9putation reconnue dans le secteur pour nos normes \u00e9thiques strictes, nous maintenons un programme actif de formation et d&rsquo;int\u00e9grit\u00e9 qui est g\u00e9r\u00e9 par une \u00e9quipe d\u00e9di\u00e9e \u00e0 la conformit\u00e9 de l&rsquo;int\u00e9grit\u00e9. Cela permet de minimiser le risque de corruption et de sensibiliser les auditeurs, les usines et les clients \u00e0 nos politiques, pratiques et attentes en mati\u00e8re d&rsquo;int\u00e9grit\u00e9.<\/p>\n<h3><strong>Meilleures pratiques<\/strong><\/h3>\n<p>Notre exp\u00e9rience en mati\u00e8re d&rsquo;audits de fournisseurs et d&rsquo;usines en Inde et dans le monde entier pour un large \u00e9ventail d&rsquo;entreprises nous a permis de d\u00e9velopper des pratiques d&rsquo;audit et d&rsquo;\u00e9valuation d&rsquo;usine \u00ab\u00a0best-in-class\u00a0\u00bb qui peuvent vous faire gagner du temps et de l&rsquo;argent dans la s\u00e9lection des partenariats avec les usines et les fournisseurs.<\/p>\n<p>Vous avez ainsi la possibilit\u00e9 d&rsquo;inclure des \u00e9valuations suppl\u00e9mentaires \u00e0 valeur ajout\u00e9e qui peuvent \u00eatre b\u00e9n\u00e9fiques \u00e0 la fois pour vous et pour vos fournisseurs. Contactez nous pour en savoir plus.<\/p>\n","protected":false},"excerpt":{"rendered":"<p>Audits d&rsquo;usines et de fournisseurs tiers Sur le march\u00e9 hautement concurrentiel d&rsquo;aujourd&rsquo;hui, il est imp\u00e9ratif de constituer une base de fournisseurs qui r\u00e9pondront \u00e0 tous les aspects de vos besoins de production, de la conception et de la qualit\u00e9 aux exigences de livraison des produits. Une \u00e9valuation compl\u00e8te par le biais d&rsquo;audits d&rsquo;usine et de [&hellip;]<\/p>\n","protected":false},"author":12,"featured_media":136013,"parent":135366,"menu_order":2,"comment_status":"closed","ping_status":"closed","template":"","meta":{"_acf_changed":false,"footnotes":""},"class_list":["post-136006","page","type-page","status-publish","has-post-thumbnail","hentry"],"acf":[],"_links":{"self":[{"href":"https:\/\/www.hqts.com\/fr\/wp-json\/wp\/v2\/pages\/136006","targetHints":{"allow":["GET"]}}],"collection":[{"href":"https:\/\/www.hqts.com\/fr\/wp-json\/wp\/v2\/pages"}],"about":[{"href":"https:\/\/www.hqts.com\/fr\/wp-json\/wp\/v2\/types\/page"}],"author":[{"embeddable":true,"href":"https:\/\/www.hqts.com\/fr\/wp-json\/wp\/v2\/users\/12"}],"replies":[{"embeddable":true,"href":"https:\/\/www.hqts.com\/fr\/wp-json\/wp\/v2\/comments?post=136006"}],"version-history":[{"count":5,"href":"https:\/\/www.hqts.com\/fr\/wp-json\/wp\/v2\/pages\/136006\/revisions"}],"predecessor-version":[{"id":136525,"href":"https:\/\/www.hqts.com\/fr\/wp-json\/wp\/v2\/pages\/136006\/revisions\/136525"}],"up":[{"embeddable":true,"href":"https:\/\/www.hqts.com\/fr\/wp-json\/wp\/v2\/pages\/135366"}],"wp:featuredmedia":[{"embeddable":true,"href":"https:\/\/www.hqts.com\/fr\/wp-json\/wp\/v2\/media\/136013"}],"wp:attachment":[{"href":"https:\/\/www.hqts.com\/fr\/wp-json\/wp\/v2\/media?parent=136006"}],"curies":[{"name":"wp","href":"https:\/\/api.w.org\/{rel}","templated":true}]}}