{"id":136018,"date":"2023-02-28T17:22:28","date_gmt":"2023-02-28T17:22:28","guid":{"rendered":"https:\/\/www.hqts.com\/?page_id=136018"},"modified":"2023-02-28T17:24:53","modified_gmt":"2023-02-28T17:24:53","slug":"centrales-electriques-et-energetiques","status":"publish","type":"page","link":"https:\/\/www.hqts.com\/fr\/industries-que-nous-desservons\/centrales-electriques-et-energetiques\/","title":{"rendered":"Contr\u00f4le de la qualit\u00e9 et inspections des centrales \u00e9lectriques et \u00e9nerg\u00e9tiques"},"content":{"rendered":"\t\t<div data-elementor-type=\"wp-page\" data-elementor-id=\"136018\" class=\"elementor elementor-136018 elementor-1520\" data-elementor-post-type=\"page\">\n\t\t\t\t\t\t<section class=\"elementor-section elementor-top-section elementor-element elementor-element-d0b7b16 elementor-section-boxed elementor-section-height-default elementor-section-height-default\" data-id=\"d0b7b16\" data-element_type=\"section\">\n\t\t\t\t\t\t<div class=\"elementor-container elementor-column-gap-default\">\n\t\t\t\t\t<div class=\"elementor-column elementor-col-100 elementor-top-column elementor-element elementor-element-199a99ce\" data-id=\"199a99ce\" data-element_type=\"column\">\n\t\t\t<div class=\"elementor-widget-wrap elementor-element-populated\">\n\t\t\t\t\t\t<div class=\"elementor-element elementor-element-319c3559 elementor-widget elementor-widget-text-editor\" data-id=\"319c3559\" data-element_type=\"widget\" data-widget_type=\"text-editor.default\">\n\t\t\t\t<div class=\"elementor-widget-container\">\n\t\t\t\t\t\t\t\t\t<p><strong>L&rsquo;Asie est un march\u00e9 majeur pour les centrales de production d&rsquo;\u00e9nergie et les infrastructures de soutien connexes. HQTS fournit une gamme de services de qualit\u00e9 selon les r\u00e9glementations et normes nationales et internationales pertinentes.<\/strong><\/p><p>Certains des domaines de cat\u00e9gories de produits que nous couvrons comprennent : \u00c9quipement d&rsquo;ing\u00e9nierie de transmission et de transformation de l&rsquo;\u00e9nergie, \u00e9quipement de centrale thermique, \u00e9quipement de centrale \u00e9olienne, \u00e9quipement de centrale photovolta\u00efque, centrale hydro\u00e9lectrique et structure m\u00e9tallique, etc.<\/p><p>\u00a0<\/p><p><strong>Nos services comprennent:<\/strong><\/p><ul><li>Conseil en approvisionnement et gestion de la cha\u00eene d&rsquo;approvisionnement (ing\u00e9nierie, approvisionnement, gestion de la construction)<\/li><\/ul><p>\u00a0<\/p><p>La phase de conception comprend la consultation et l&rsquo;\u00e9valuation des risques du projet. La phase d&rsquo;approvisionnement comprend l&rsquo;\u00e9valuation des fournisseurs, l&rsquo;inspection des usines et des ports, et la phase de construction comprend le soutien de la main-d&rsquo;\u0153uvre technique, la gestion de la qualit\u00e9 et du calendrier sur site, la gestion HSE, les essais non destructifs et l&rsquo;inspection en service des installations et des \u00e9quipements de production.<\/p><ul><li>Service technique de TPI : Supervision et inspection, exp\u00e9dition en usine, supervision du chargement des ports et des conteneurs, services de forage et de plate-forme.<\/li><li>Certification, formation du personnel et services de consultation Certificat EN10204-3.2, certification par une tierce partie de la qualification des proc\u00e9dures de soudage.<\/li><li>Service technique de test des produits<\/li><li>Service d&rsquo;assistance RH sur site<\/li><\/ul>\t\t\t\t\t\t\t\t<\/div>\n\t\t\t\t<\/div>\n\t\t\t\t\t<\/div>\n\t\t<\/div>\n\t\t\t\t\t<\/div>\n\t\t<\/section>\n\t\t\t\t<\/div>\n\t\t","protected":false},"excerpt":{"rendered":"<p>L&rsquo;Asie est un march\u00e9 majeur pour les centrales de production d&rsquo;\u00e9nergie et les infrastructures de soutien connexes. HQTS fournit une gamme de services de qualit\u00e9 selon les r\u00e9glementations et normes nationales et internationales pertinentes. Certains des domaines de cat\u00e9gories de produits que nous couvrons comprennent : \u00c9quipement d&rsquo;ing\u00e9nierie de transmission et de transformation de l&rsquo;\u00e9nergie, [&hellip;]<\/p>\n","protected":false},"author":12,"featured_media":138905,"parent":135780,"menu_order":4,"comment_status":"closed","ping_status":"closed","template":"","meta":{"_acf_changed":false,"footnotes":""},"class_list":["post-136018","page","type-page","status-publish","has-post-thumbnail","hentry"],"acf":[],"_links":{"self":[{"href":"https:\/\/www.hqts.com\/fr\/wp-json\/wp\/v2\/pages\/136018","targetHints":{"allow":["GET"]}}],"collection":[{"href":"https:\/\/www.hqts.com\/fr\/wp-json\/wp\/v2\/pages"}],"about":[{"href":"https:\/\/www.hqts.com\/fr\/wp-json\/wp\/v2\/types\/page"}],"author":[{"embeddable":true,"href":"https:\/\/www.hqts.com\/fr\/wp-json\/wp\/v2\/users\/12"}],"replies":[{"embeddable":true,"href":"https:\/\/www.hqts.com\/fr\/wp-json\/wp\/v2\/comments?post=136018"}],"version-history":[{"count":5,"href":"https:\/\/www.hqts.com\/fr\/wp-json\/wp\/v2\/pages\/136018\/revisions"}],"predecessor-version":[{"id":136031,"href":"https:\/\/www.hqts.com\/fr\/wp-json\/wp\/v2\/pages\/136018\/revisions\/136031"}],"up":[{"embeddable":true,"href":"https:\/\/www.hqts.com\/fr\/wp-json\/wp\/v2\/pages\/135780"}],"wp:featuredmedia":[{"embeddable":true,"href":"https:\/\/www.hqts.com\/fr\/wp-json\/wp\/v2\/media\/138905"}],"wp:attachment":[{"href":"https:\/\/www.hqts.com\/fr\/wp-json\/wp\/v2\/media?parent=136018"}],"curies":[{"name":"wp","href":"https:\/\/api.w.org\/{rel}","templated":true}]}}