{"id":136033,"date":"2023-02-28T17:28:57","date_gmt":"2023-02-28T17:28:57","guid":{"rendered":"https:\/\/www.hqts.com\/?page_id=136033"},"modified":"2023-02-28T20:36:46","modified_gmt":"2023-02-28T20:36:46","slug":"materiaux-durs","status":"publish","type":"page","link":"https:\/\/www.hqts.com\/fr\/industries-que-nous-desservons\/produits-de-consommation\/materiaux-durs\/","title":{"rendered":"Essais de mat\u00e9riaux durs et inspections de contr\u00f4le de la qualit\u00e9"},"content":{"rendered":"<p><strong>Depuis 2003, HQTS-QAI aide les entreprises \u00e0 garantir les exigences uniques de s\u00e9curit\u00e9 et de conformit\u00e9 d&rsquo;une large gamme de biens durables. Notre personnel scientifique et d&rsquo;ing\u00e9nierie exp\u00e9riment\u00e9 peut fournir des conseils techniques, une assurance qualit\u00e9, des \u00e9valuations de sp\u00e9cifications, des formations et une \u00e9valuation de la conformit\u00e9 des importations et des exportations.<\/strong><\/p>\n<h3><strong>C\u00e9ramique et verre<\/strong><\/h3>\n<p>Les articles en c\u00e9ramique et en verre jouent un r\u00f4le unique en contribuant \u00e0 une vie saine et \u00e0 un environnement propre, notamment lorsqu&rsquo;ils sont utilis\u00e9s comme r\u00e9cipients alimentaires. Avec l&rsquo;inqui\u00e9tude croissante concernant les questions de s\u00e9curit\u00e9 et la mise en \u0153uvre de r\u00e9glementations encore plus strictes, il est imp\u00e9ratif pour les fabricants et les acheteurs de s&rsquo;assurer que leurs produits sont test\u00e9s conform\u00e9ment aux normes r\u00e9glementaires et sp\u00e9cifiques au march\u00e9. HQTS-QAI a aid\u00e9 les entreprises \u00e0 garantir les exigences uniques de s\u00e9curit\u00e9 et de conformit\u00e9 d&rsquo;une large gamme de produits en dur depuis 2003. Pour r\u00e9pondre \u00e0 ces demandes croissantes, les laboratoires HQTS-QAI vous fournissent un ensemble complet de solutions d&rsquo;essais de c\u00e9ramique et de verrerie pour att\u00e9nuer vos risques et am\u00e9liorer vos r\u00e9sultats sur votre march\u00e9 mondial.<\/p>\n<h3><strong>Les principaux \u00e9l\u00e9ments de test sont \u00e9num\u00e9r\u00e9s ci-dessous :<\/strong><\/h3>\n<p><strong>Tests chimiques<\/strong><\/p>\n<ul>\n<li>FDA, test de qualit\u00e9 alimentaire<\/li>\n<li>Teneur en plomb du rev\u00eatement de surface<\/li>\n<li>Teneur en plomb et en cadmium<\/li>\n<li>Test de qualit\u00e9 alimentaire de l&rsquo;UE<\/li>\n<\/ul>\n<p><strong>Tests physiques<\/strong><\/p>\n<ul>\n<li>Test d&rsquo;essuyage<\/li>\n<li>Recuit<\/li>\n<li>Choc thermique (uniquement pour la verrerie)<\/li>\n<li>Test du lave-vaisselle<\/li>\n<li>Test d&rsquo;absorption d&rsquo;eau<\/li>\n<li>Test au micro-ondes<\/li>\n<\/ul>\n<p>&nbsp;<\/p>\n<h3><strong>Test des bougies<\/strong><\/h3>\n<p>Avec l&rsquo;am\u00e9lioration du niveau de vie et du niveau technologique, les bougies sont utilis\u00e9es pour cr\u00e9er des atmosph\u00e8res plut\u00f4t que pour \u00e9clairer. En plus d&rsquo;ajouter une beaut\u00e9 particuli\u00e8re et un air de tranquillit\u00e9 \u00e0 nos maisons, les bougies pr\u00e9sentent \u00e9galement un danger inh\u00e9rent : une flamme nue et un potentiel d&rsquo;incendie. Avec la popularit\u00e9 croissante des bougies, le nombre d&rsquo;incendies li\u00e9s aux bougies a augment\u00e9. La s\u00e9curit\u00e9 est donc devenue une priorit\u00e9 lors de l&rsquo;achat de bougies et d&rsquo;autres produits \u00e0 flamme nue. Pour vous aider \u00e0 relever ce d\u00e9fi, nous proposons une gamme compl\u00e8te de tests pour les bougies et les accessoires afin de d\u00e9terminer les \u00e9l\u00e9ments suivants :<\/p>\n<ul>\n<li>V\u00e9rification de l&rsquo;\u00e9tiquette d&rsquo;avertissement<\/li>\n<li>S\u00e9curit\u00e9 de combustion des bougies<\/li>\n<li>Hauteur de la flamme<\/li>\n<li>Autre allumage<\/li>\n<li>Fin de vie utile<\/li>\n<li>Stabilit\u00e9 de la bougie<\/li>\n<li>Compatibilit\u00e9 du r\u00e9cipient de la bougie et du br\u00fbleur<\/li>\n<li>Changement brusque de temp\u00e9rature preuve du r\u00e9cipient de la bougie<\/li>\n<li>Choc thermique<\/li>\n<li>Teneur en plomb de la m\u00e8che<\/li>\n<\/ul>\n<p>&nbsp;<\/p>\n<h3><strong>Tests sur le bois et les produits du bois<\/strong><\/h3>\n<p>L&rsquo;utilisation du bois et des produits du bois est assez courante et irrempla\u00e7able dans notre vie. Les consommateurs et les gouvernements de tous les pays attachent une grande importance \u00e0 la s\u00e9curit\u00e9 et aux substances dangereuses contenues dans les produits du bois. De nombreuses r\u00e9glementations et normes de production strictes ont \u00e9t\u00e9 mises en place dans tous les pays pour assurer la s\u00e9curit\u00e9 des produits. HQTS-QAI est capable de fournir un ensemble de services d&rsquo;essais professionnels selon les normes EN, ASTM, BS et GB, afin de garantir la s\u00e9curit\u00e9 et la conformit\u00e9 de vos produits.<\/p>\n<h3><strong>Principales cat\u00e9gories de produits<\/strong><\/h3>\n<ul>\n<li>Panneau en bois et produit de finition<\/li>\n<li>Panneau \u00e0 base de bois et panneau \u00e0 base de bois d\u00e9cor\u00e9 en surface<\/li>\n<li>Meubles int\u00e9rieurs en bois<\/li>\n<li>Panneau en bois<\/li>\n<li>Produit de pr\u00e9servation du bois<\/li>\n<li>Peinture sur meubles<\/li>\n<\/ul>\n<h3><strong>Principaux \u00e9l\u00e9ments de test<\/strong><\/h3>\n<ul>\n<li>Formald\u00e9hyde (m\u00e9thode de la fiole)<\/li>\n<li>Formald\u00e9hyde (m\u00e9thode du perforateur)<\/li>\n<li>Formald\u00e9hyde (m\u00e9thode de r\u00e9f\u00e9rence de la chambre \u00e0 coucher)<\/li>\n<li>PCP<\/li>\n<li>Cu, Cr, As<\/li>\n<li>lomb, cadmium, chrome, mercure soluble<\/li>\n<\/ul>\n","protected":false},"excerpt":{"rendered":"<p>Depuis 2003, HQTS-QAI aide les entreprises \u00e0 garantir les exigences uniques de s\u00e9curit\u00e9 et de conformit\u00e9 d&rsquo;une large gamme de biens durables. Notre personnel scientifique et d&rsquo;ing\u00e9nierie exp\u00e9riment\u00e9 peut fournir des conseils techniques, une assurance qualit\u00e9, des \u00e9valuations de sp\u00e9cifications, des formations et une \u00e9valuation de la conformit\u00e9 des importations et des exportations. C\u00e9ramique et [&hellip;]<\/p>\n","protected":false},"author":12,"featured_media":136037,"parent":135983,"menu_order":46,"comment_status":"closed","ping_status":"closed","template":"","meta":{"_acf_changed":false,"footnotes":""},"class_list":["post-136033","page","type-page","status-publish","has-post-thumbnail","hentry"],"acf":[],"_links":{"self":[{"href":"https:\/\/www.hqts.com\/fr\/wp-json\/wp\/v2\/pages\/136033","targetHints":{"allow":["GET"]}}],"collection":[{"href":"https:\/\/www.hqts.com\/fr\/wp-json\/wp\/v2\/pages"}],"about":[{"href":"https:\/\/www.hqts.com\/fr\/wp-json\/wp\/v2\/types\/page"}],"author":[{"embeddable":true,"href":"https:\/\/www.hqts.com\/fr\/wp-json\/wp\/v2\/users\/12"}],"replies":[{"embeddable":true,"href":"https:\/\/www.hqts.com\/fr\/wp-json\/wp\/v2\/comments?post=136033"}],"version-history":[{"count":5,"href":"https:\/\/www.hqts.com\/fr\/wp-json\/wp\/v2\/pages\/136033\/revisions"}],"predecessor-version":[{"id":136041,"href":"https:\/\/www.hqts.com\/fr\/wp-json\/wp\/v2\/pages\/136033\/revisions\/136041"}],"up":[{"embeddable":true,"href":"https:\/\/www.hqts.com\/fr\/wp-json\/wp\/v2\/pages\/135983"}],"wp:featuredmedia":[{"embeddable":true,"href":"https:\/\/www.hqts.com\/fr\/wp-json\/wp\/v2\/media\/136037"}],"wp:attachment":[{"href":"https:\/\/www.hqts.com\/fr\/wp-json\/wp\/v2\/media?parent=136033"}],"curies":[{"name":"wp","href":"https:\/\/api.w.org\/{rel}","templated":true}]}}