{"id":136226,"date":"2023-03-01T13:59:30","date_gmt":"2023-03-01T13:59:30","guid":{"rendered":"https:\/\/www.hqts.com\/?page_id=136226"},"modified":"2023-03-01T14:00:52","modified_gmt":"2023-03-01T14:00:52","slug":"services-esg","status":"publish","type":"page","link":"https:\/\/www.hqts.com\/fr\/nos-services\/solutions-durables\/services-esg\/","title":{"rendered":"Services ESG"},"content":{"rendered":"<p>Avec un climat de plus en plus impr\u00e9visible, les cons\u00e9quences de la pand\u00e9mie de COVID-19 et d&rsquo;autres \u00e9v\u00e9nements socio-\u00e9conomiques, l&rsquo;ESG prend aujourd&rsquo;hui une place cruciale dans chaque organisation.<\/p>\n<p>Compte tenu des d\u00e9fis sans pr\u00e9c\u00e9dent, HQTS est pr\u00eat \u00e0 vous aider \u00e0 d\u00e9velopper une strat\u00e9gie durable \u00e0 long terme en mettant en \u0153uvre des processus de gestion de la durabilit\u00e9 avec des approches bas\u00e9es sur le risque et la mat\u00e9rialit\u00e9. Les rapports ESG (Environnemental, Social, Gouvernance) et de notation de la durabilit\u00e9 sont en train de passer de volontaires \u00e0 obligatoires dans la plupart des march\u00e9s pour encourager la cr\u00e9ation de valeur \u00e0 long terme et l&rsquo;\u00e9conomie durable.<\/p>\n<p>Nos services ESG comprennent :<\/p>\n<h3><strong>Assurance des rapports ESG<\/strong><\/h3>\n<p>Pour \u00e9valuer l&rsquo;exactitude et l&rsquo;int\u00e9grit\u00e9 de la divulgation du rapport ESG, nous aidons les actionnaires \u00e0 v\u00e9rifier et \u00e0 valider le rapport ESG en appliquant les normes d&rsquo;audit et d&rsquo;assurance ISAE (International Standard on Assurance Engagements).<\/p>\n<h3><strong>Audit et v\u00e9rification ESG des fournisseurs<\/strong><\/h3>\n<p>L&rsquo;audit environnemental est une \u00e9valuation ind\u00e9pendante qui examine le statut de conformit\u00e9 juridique et environnementale de l&rsquo;organisation dans un contexte op\u00e9rationnel. Il examine la quantit\u00e9 de dommages qui peuvent \u00eatre pos\u00e9s par l&rsquo;entit\u00e9\/organisation \u00e9valu\u00e9e et d\u00e9termine les risques potentiels de pollution et les impacts environnementaux correspondants, qui peuvent ensuite \u00eatre mis en \u0153uvre pour aider \u00e0 am\u00e9liorer l&rsquo;impact environnemental des organisations.<\/p>\n<p>HQTS fournit une solution rationnelle et rentable pour \u00e9viter les probl\u00e8mes de conformit\u00e9 sociale avec notre service d&rsquo;audit de conformit\u00e9 sociale ou d&rsquo;audit \u00e9thique. Employant une approche \u00e0 plusieurs volets utilisant des techniques d&rsquo;investigation prouv\u00e9es pour rassembler et corroborer l&rsquo;information de l&rsquo;usine, nos auditeurs dont l&rsquo;audit est fait dans leur langue maternelle conduisent des entretiens confidentiels complets avec le personnel, l&rsquo;analyse des dossiers et \u00e9valuent toutes les op\u00e9rations de l&rsquo;usine sur la base de rep\u00e8res de conformit\u00e9 reconnus mondialement.<\/p>\n<h3><strong>Formation GRI<\/strong><\/h3>\n<p>La GRI (Global Reporting Initiative) a d\u00e9velopp\u00e9 un cadre de reporting pour la divulgation environnementale, sociale et de gouvernance depuis octobre 2016. Les normes GRI sont les premi\u00e8res normes mondiales pour les rapports sur la durabilit\u00e9 et elles ont \u00e9t\u00e9 largement adopt\u00e9es par les entreprises du Global Fortune 500.<\/p>\n<p>HQTS propose une formation GRI approuv\u00e9e par la GRI. \u00c0 l&rsquo;issue de cette formation, vous serez en mesure de :<\/p>\n<ul>\n<li>Comprendre les connaissances fondamentales du d\u00e9veloppement durable et la relation avec les autres normes de durabilit\u00e9.<\/li>\n<li>Apprendre les m\u00e9triques des normes GRI et les exigences du processus de reporting<\/li>\n<li>Adopter une approche de la mat\u00e9rialit\u00e9 et de l&rsquo;engagement des parties prenantes<\/li>\n<li>D\u00e9velopper un rapport de durabilit\u00e9 en construisant un syst\u00e8me et des processus efficaces avec une approche de durabilit\u00e9.<\/li>\n<\/ul>\n<h3><strong>Rapport ESG<\/strong><\/h3>\n<p>HQTS consulte l&rsquo;organisation pour d\u00e9velopper un rapport de durabilit\u00e9 en utilisant le cadre de rapport GRI avec l&rsquo;approche de la mat\u00e9rialit\u00e9 et de l&rsquo;engagement des parties prenantes:<\/p>\n<h3><strong>Am\u00e9lioration de l&rsquo;ESG<\/strong><\/h3>\n<p>Notre engagement pour une op\u00e9ration durable est un processus d&rsquo;am\u00e9lioration continue. HQTS aide l&rsquo;organisation \u00e0 effectuer une analyse des lacunes dans leur divulgation ESG et \u00e0 recommander un plan d&rsquo;action pour aborder les lacunes identifi\u00e9es dans le rapport ESG.<\/p>\n","protected":false},"excerpt":{"rendered":"<p>Avec un climat de plus en plus impr\u00e9visible, les cons\u00e9quences de la pand\u00e9mie de COVID-19 et d&rsquo;autres \u00e9v\u00e9nements socio-\u00e9conomiques, l&rsquo;ESG prend aujourd&rsquo;hui une place cruciale dans chaque organisation. Compte tenu des d\u00e9fis sans pr\u00e9c\u00e9dent, HQTS est pr\u00eat \u00e0 vous aider \u00e0 d\u00e9velopper une strat\u00e9gie durable \u00e0 long terme en mettant en \u0153uvre des processus de [&hellip;]<\/p>\n","protected":false},"author":12,"featured_media":136228,"parent":135390,"menu_order":0,"comment_status":"closed","ping_status":"closed","template":"","meta":{"_acf_changed":false,"footnotes":""},"class_list":["post-136226","page","type-page","status-publish","has-post-thumbnail","hentry"],"acf":[],"_links":{"self":[{"href":"https:\/\/www.hqts.com\/fr\/wp-json\/wp\/v2\/pages\/136226","targetHints":{"allow":["GET"]}}],"collection":[{"href":"https:\/\/www.hqts.com\/fr\/wp-json\/wp\/v2\/pages"}],"about":[{"href":"https:\/\/www.hqts.com\/fr\/wp-json\/wp\/v2\/types\/page"}],"author":[{"embeddable":true,"href":"https:\/\/www.hqts.com\/fr\/wp-json\/wp\/v2\/users\/12"}],"replies":[{"embeddable":true,"href":"https:\/\/www.hqts.com\/fr\/wp-json\/wp\/v2\/comments?post=136226"}],"version-history":[{"count":2,"href":"https:\/\/www.hqts.com\/fr\/wp-json\/wp\/v2\/pages\/136226\/revisions"}],"predecessor-version":[{"id":136230,"href":"https:\/\/www.hqts.com\/fr\/wp-json\/wp\/v2\/pages\/136226\/revisions\/136230"}],"up":[{"embeddable":true,"href":"https:\/\/www.hqts.com\/fr\/wp-json\/wp\/v2\/pages\/135390"}],"wp:featuredmedia":[{"embeddable":true,"href":"https:\/\/www.hqts.com\/fr\/wp-json\/wp\/v2\/media\/136228"}],"wp:attachment":[{"href":"https:\/\/www.hqts.com\/fr\/wp-json\/wp\/v2\/media?parent=136226"}],"curies":[{"name":"wp","href":"https:\/\/api.w.org\/{rel}","templated":true}]}}