{"id":136231,"date":"2023-03-01T14:03:20","date_gmt":"2023-03-01T14:03:20","guid":{"rendered":"https:\/\/www.hqts.com\/?page_id=136231"},"modified":"2023-03-29T13:38:07","modified_gmt":"2023-03-29T13:38:07","slug":"electronique","status":"publish","type":"page","link":"https:\/\/www.hqts.com\/fr\/industries-que-nous-desservons\/produits-de-consommation\/electronique\/","title":{"rendered":"Inspections de la qualit\u00e9 des produits \u00e9lectroniques"},"content":{"rendered":"\t\t<div data-elementor-type=\"wp-page\" data-elementor-id=\"136231\" class=\"elementor elementor-136231 elementor-3570\" data-elementor-post-type=\"page\">\n\t\t\t\t\t\t<section class=\"elementor-section elementor-top-section elementor-element elementor-element-49e02d69 elementor-section-boxed elementor-section-height-default elementor-section-height-default\" data-id=\"49e02d69\" data-element_type=\"section\">\n\t\t\t\t\t\t<div class=\"elementor-container elementor-column-gap-default\">\n\t\t\t\t\t<div class=\"elementor-column elementor-col-100 elementor-top-column elementor-element elementor-element-5da373c7\" data-id=\"5da373c7\" data-element_type=\"column\">\n\t\t\t<div class=\"elementor-widget-wrap elementor-element-populated\">\n\t\t\t\t\t\t<div class=\"elementor-element elementor-element-28ece57b elementor-widget elementor-widget-text-editor\" data-id=\"28ece57b\" data-element_type=\"widget\" data-widget_type=\"text-editor.default\">\n\t\t\t\t<div class=\"elementor-widget-container\">\n\t\t\t\t\t\t\t\t\t<h3>Inspections de la qualit\u00e9 des produits \u00e9lectroniques<\/h3><p><strong>Les probl\u00e8mes de cha\u00eene d&rsquo;approvisionnement dans l&rsquo;industrie \u00e9lectronique r\u00e9sultent souvent de composants et de mat\u00e9riaux suspects, d&rsquo;imitation ou de qualit\u00e9 inf\u00e9rieure, en plus d&rsquo;une mauvaise gestion de la qualit\u00e9 pendant le processus de production.\u00a0<\/strong><\/p><p>Vous pouvez \u00eatre s\u00fbr que ces probl\u00e8mes seront d\u00e9tect\u00e9s et r\u00e9solus avec HQTS comme partenaire de contr\u00f4le de la qualit\u00e9.<\/p><p><strong>Le programme complet du HQTS pour l&rsquo;\u00e9lectronique comprend des services pour:<\/strong><\/p><ul><li>Inspections standard de contr\u00f4le de la qualit\u00e9 NQA,<\/li><li>Essais fonctionnels<\/li><li>Essais en laboratoire<\/li><li>V\u00e9rification des sources et des sp\u00e9cifications des mati\u00e8res premi\u00e8res et des composants<\/li><li>\u00c9tiquetage<\/li><li>Statut RoHS<\/li><li>Marquage CE<\/li><li>Emballage<\/li><li>V\u00e9rification des fiches techniques et des documents d&rsquo;accompagnement, et bien plus encore.<\/li><\/ul><h3>Contr\u00f4le de la qualit\u00e9 dans l&rsquo;industrie \u00e9lectronique<\/h3><p>Assurez-vous que vos produits \u00e9lectroniques sont exempts de composants ou de mat\u00e9riaux de qualit\u00e9 inf\u00e9rieure gr\u00e2ce aux solutions de contr\u00f4le de la qualit\u00e9 d&rsquo;HQTS adapt\u00e9es \u00e0 l&rsquo;industrie \u00e9lectronique.<\/p><p>Respectez les r\u00e8gles de s\u00e9curit\u00e9 strictes et fournissez des produits de haute qualit\u00e9 gr\u00e2ce \u00e0 nos services de contr\u00f4le de la qualit\u00e9. Nous connaissons les r\u00e9glementations et les marques de conformit\u00e9 telles que RoHS, le marquage CE et WEE, et nous nous engageons \u00e0 garantir que vos produits r\u00e9pondent \u00e0 vos exigences et aux r\u00e9glementations et normes applicables sp\u00e9cifiques \u00e0 l&rsquo;industrie.<\/p><h3>Contr\u00f4le de la qualit\u00e9 de la fabrication et des produits \u00e9lectroniques<\/h3><p><br \/>HQTS a des d\u00e9cennies d&rsquo;exp\u00e9rience et est le partenaire de qualit\u00e9 pr\u00e9f\u00e9r\u00e9 des entreprises du monde entier. Si vous avez besoin d&rsquo;aide pour auditer un fabricant chinois d&rsquo;\u00e9lectronique, inspecter des composants \u00e9lectroniques sur un site de fabrication indien ou v\u00e9rifier les marques de conformit\u00e9 et les r\u00e9glementations de vos produits, nous sommes l\u00e0 pour vous aider.<\/p><p><strong>Produits inclus\u00a0:<\/strong><\/p><ul><li>Produits d&rsquo;\u00e9clairage CA et DEL<\/li><li><a href=\"https:\/\/www.hqts.com\/fr\/industries-que-nous-desservons\/produits-de-consommation\/electronique\/produits-electroniques\/\">\u00c9lectronique grand public<\/a><\/li><li>Appareils m\u00e9nagers<\/li><li>Autres composants \u00e9lectriques et produits \u00e9lectroniques finaux<\/li><\/ul><h3>Inspections de la qualit\u00e9 de l&rsquo;\u00e9lectronique<\/h3><p>HQTS est accr\u00e9dit\u00e9 par le CNAS selon la norme ISO17020:2012 pour les inspections. Notre inspecteur exp\u00e9riment\u00e9 du contr\u00f4le de la qualit\u00e9 de l&rsquo;\u00e9lectronique suit une liste de contr\u00f4le compl\u00e8te et v\u00e9rifie vos produits chez le fabricant d&rsquo;\u00e9lectronique pour des facteurs tels que sa fabrication, ses sp\u00e9cifications, sa fonctionnalit\u00e9, sa s\u00e9curit\u00e9 et sa conformit\u00e9 aux normes de marquage telles que le marquage UL et CE.<\/p><p><strong>Nos services d&rsquo;inspection de la qualit\u00e9 comprennent :<\/strong><\/p><ul><li>Inspection de pr\u00e9-production<\/li><li>Inspection pendant la production<\/li><li>Inspection avant exp\u00e9dition<\/li><li>Inspection pi\u00e8ce par pi\u00e8ce<\/li><li>Surveillance du chargement<\/li><li>Audits pour l&rsquo;\u00e9lectronique<\/li><\/ul><p>\u00a0<\/p><p>En plus des inspections de contr\u00f4le de la qualit\u00e9 de l&rsquo;\u00e9lectronique, HQTS offre une gamme d&rsquo;audits de fabrication \u00e9lectronique, notamment :<\/p><ul><li>Audits d&rsquo;usine<\/li><li>Audits fournisseurs<\/li><li>Audits de conformit\u00e9 sociale<\/li><li>Test \u00e9lectronique<\/li><\/ul><p>\u00a0<\/p><p>Notre laboratoire accr\u00e9dit\u00e9 CNAS ISO17025:2005 et nos laboratoires partenaires peuvent effectuer des tests \u00e9lectroniques complets et des services de certification pour l&rsquo;\u00e9lectronique, tels que le marquage CE, les tests de conformit\u00e9 RoHS, les tests de chute de carton, etc.<\/p><h3>Autres services de contr\u00f4le de la qualit\u00e9 de l&rsquo;\u00e9lectronique<\/h3><p>Chez HQTS, nos techniciens et inspecteurs comprennent profond\u00e9ment l&rsquo;industrie \u00e9lectronique et connaissent les normes internationales pertinentes et les meilleures pratiques de gestion de la qualit\u00e9. En plus des services de contr\u00f4le de la qualit\u00e9 de l&rsquo;\u00e9lectronique, nous fournissons d&rsquo;autres services, notamment\u00a0:<\/p><ul><li>Certifications gouvernementales et de produits<\/li><li>Conseil<\/li><li>Entra\u00eenement<\/li><li>Ing\u00e9nierie Qualit\u00e9 Fournisseurs<\/li><\/ul><p>\u00a0<\/p><p>Contactez-nous d\u00e8s aujourd&rsquo;hui pour discuter de vos besoins techniques et d\u00e9couvrir ce que nous pouvons faire pour aider votre entreprise.<\/p>\t\t\t\t\t\t\t\t<\/div>\n\t\t\t\t<\/div>\n\t\t\t\t\t<\/div>\n\t\t<\/div>\n\t\t\t\t\t<\/div>\n\t\t<\/section>\n\t\t\t\t<\/div>\n\t\t","protected":false},"excerpt":{"rendered":"<p>Inspections de la qualit\u00e9 des produits \u00e9lectroniques Les probl\u00e8mes de cha\u00eene d&rsquo;approvisionnement dans l&rsquo;industrie \u00e9lectronique r\u00e9sultent souvent de composants et de mat\u00e9riaux suspects, d&rsquo;imitation ou de qualit\u00e9 inf\u00e9rieure, en plus d&rsquo;une mauvaise gestion de la qualit\u00e9 pendant le processus de production.\u00a0 Vous pouvez \u00eatre s\u00fbr que ces probl\u00e8mes seront d\u00e9tect\u00e9s et r\u00e9solus avec HQTS comme [&hellip;]<\/p>\n","protected":false},"author":12,"featured_media":136234,"parent":135983,"menu_order":22,"comment_status":"closed","ping_status":"closed","template":"","meta":{"_acf_changed":false,"footnotes":""},"class_list":["post-136231","page","type-page","status-publish","has-post-thumbnail","hentry"],"acf":[],"_links":{"self":[{"href":"https:\/\/www.hqts.com\/fr\/wp-json\/wp\/v2\/pages\/136231","targetHints":{"allow":["GET"]}}],"collection":[{"href":"https:\/\/www.hqts.com\/fr\/wp-json\/wp\/v2\/pages"}],"about":[{"href":"https:\/\/www.hqts.com\/fr\/wp-json\/wp\/v2\/types\/page"}],"author":[{"embeddable":true,"href":"https:\/\/www.hqts.com\/fr\/wp-json\/wp\/v2\/users\/12"}],"replies":[{"embeddable":true,"href":"https:\/\/www.hqts.com\/fr\/wp-json\/wp\/v2\/comments?post=136231"}],"version-history":[{"count":5,"href":"https:\/\/www.hqts.com\/fr\/wp-json\/wp\/v2\/pages\/136231\/revisions"}],"predecessor-version":[{"id":138595,"href":"https:\/\/www.hqts.com\/fr\/wp-json\/wp\/v2\/pages\/136231\/revisions\/138595"}],"up":[{"embeddable":true,"href":"https:\/\/www.hqts.com\/fr\/wp-json\/wp\/v2\/pages\/135983"}],"wp:featuredmedia":[{"embeddable":true,"href":"https:\/\/www.hqts.com\/fr\/wp-json\/wp\/v2\/media\/136234"}],"wp:attachment":[{"href":"https:\/\/www.hqts.com\/fr\/wp-json\/wp\/v2\/media?parent=136231"}],"curies":[{"name":"wp","href":"https:\/\/api.w.org\/{rel}","templated":true}]}}