{"id":136240,"date":"2023-03-01T14:11:43","date_gmt":"2023-03-01T14:11:43","guid":{"rendered":"https:\/\/www.hqts.com\/?page_id=136240"},"modified":"2023-03-01T14:17:23","modified_gmt":"2023-03-01T14:17:23","slug":"chaussures","status":"publish","type":"page","link":"https:\/\/www.hqts.com\/fr\/industries-que-nous-desservons\/produits-de-consommation\/chaussures\/","title":{"rendered":"Contr\u00f4le et test de la Qualit\u00e9 des Chaussures"},"content":{"rendered":"\t\t<div data-elementor-type=\"wp-page\" data-elementor-id=\"136240\" class=\"elementor elementor-136240 elementor-3567\" data-elementor-post-type=\"page\">\n\t\t\t\t\t\t<section class=\"elementor-section elementor-top-section elementor-element elementor-element-6a6173ef elementor-section-boxed elementor-section-height-default elementor-section-height-default\" data-id=\"6a6173ef\" data-element_type=\"section\">\n\t\t\t\t\t\t<div class=\"elementor-container elementor-column-gap-default\">\n\t\t\t\t\t<div class=\"elementor-column elementor-col-100 elementor-top-column elementor-element elementor-element-59cc28b7\" data-id=\"59cc28b7\" data-element_type=\"column\">\n\t\t\t<div class=\"elementor-widget-wrap elementor-element-populated\">\n\t\t\t\t\t\t<div class=\"elementor-element elementor-element-39869790 elementor-widget elementor-widget-text-editor\" data-id=\"39869790\" data-element_type=\"widget\" data-widget_type=\"text-editor.default\">\n\t\t\t\t<div class=\"elementor-widget-container\">\n\t\t\t\t\t\t\t\t\t<h3><strong>Inspections de la qualit\u00e9 des chaussures<\/strong><\/h3><p><strong>Les services d&rsquo;inspection et d&rsquo;essai de contr\u00f4le de la qualit\u00e9 HQTS pour les chaussures garantissent que vos clients re\u00e7oivent le niveau de qualit\u00e9 qu&rsquo;ils sont en droit d&rsquo;attendre de vous.<\/strong><\/p><p>Nos services fournissent des \u00e9valuations et un suivi de la qualit\u00e9 depuis l&rsquo;arriv\u00e9e des mat\u00e9riaux \u00e0 l&rsquo;usine jusqu&rsquo;au chargement du produit pour l&rsquo;exp\u00e9dition. Et \u00e0 tout moment interm\u00e9diaire. Nos techniciens form\u00e9s pour l&rsquo;industrie effectuent des inspections de contr\u00f4le de la qualit\u00e9, de la coupe \u00e0 la couture, jusqu&rsquo;\u00e0 l&#8217;emballage final.<\/p><p><strong>Nos services d&rsquo;inspection comprennent<\/strong><\/p><ul><li>Inspections avant exp\u00e9dition<\/li><li>Contr\u00f4le des \u00e9chantillons<\/li><li>Inspections en cours de production<\/li><li>Supervision du chargement et du d\u00e9chargement des conteneurs<\/li><li>Inspections pi\u00e8ce par pi\u00e8ce<\/li><li>Surveillance de la production<\/li><li>Inspections de pr\u00e9-production<\/li><\/ul><h3><strong>Laboratoire interne d&rsquo;essais de chaussures<\/strong><\/h3><p>Nos experts offrent des conseils techniques pour se conformer aux normes industrielles, r\u00e9glementaires et \u00e0 vos exigences. Nous assurons \u00e9galement la conformit\u00e9 avec toutes les directives, normes et exigences de test am\u00e9ricaines, europ\u00e9ennes et internationales telles que : AATCC, ASTM, REACH, ISO, GB, et autres. Ces exigences s&rsquo;ajoutent \u00e0 nos propres directives de performance et m\u00e9thodes d&rsquo;essai rigoureuses pour les produits de la chaussure.<\/p><p>Parce que des chaussures fiables et de haute qualit\u00e9 ont un impact significatif sur la satisfaction du client et le succ\u00e8s de la marque, travailler avec HQTS peut vous aider \u00e0 \u00e9viter les probl\u00e8mes qui mettent en danger vos r\u00e9sultats financiers.<\/p><p>Notre laboratoire couvre les \u00e9l\u00e9ments d&rsquo;essai suivants pour les chaussures :<\/p><h4><strong>Articles de test physique<\/strong><\/h4><ul><li><strong>Inspection de la chaussure enti\u00e8re\uff1a<\/strong>Tortuosit\u00e9, tension, r\u00e9sistance au d\u00e9collement de la semelle, vieillissement&#8230;&#8230;<\/li><li><strong>Test int\u00e9rieur:<\/strong> solidit\u00e9 des couleurs, r\u00e9sistance \u00e0 l&rsquo;usure Martindale&#8230;&#8230;<\/li><li><strong>D\u00e9tection de l&#8217;empeigne:<\/strong> adh\u00e9rence du rev\u00eatement, torsions et d\u00e9chirures&#8230;&#8230;<\/li><li><strong>D\u00e9tection de la semelle:<\/strong> test antid\u00e9rapant, r\u00e9sistance \u00e0 l&rsquo;usure de la semelle, duret\u00e9&#8230;&#8230;<\/li><li><strong>Test des accessoires:<\/strong> test de r\u00e9sistance \u00e0 l&rsquo;usure, \u00e0 la rouille et de solidit\u00e9 &#8230;&#8230;<\/li><\/ul><p>\u00a0<\/p><h4><strong>Tests chimiques<\/strong><\/h4><ul><li>Plomb total, cadmium total<\/li><li>Formald\u00e9hyde<\/li><li>Chrome hexavalent<\/li><li>Ph\u00e9nols chlor\u00e9s<\/li><li>Colorants sensibilisants et canc\u00e9rig\u00e8nes<\/li><li>Fumarate de dim\u00e9thyle\uff08DMFu\uff09<\/li><li>Phtalates\uff08Phtalate)<\/li><li>Lib\u00e9ration de nickel (Nickel Release)<\/li><li>Colorants azo\u00efques interdits\uff08AZO)<\/li><li>Autres<\/li><\/ul><p>\u00a0<\/p><p><strong>Autres services de contr\u00f4le de la qualit\u00e9<\/strong><\/p><p>Nous desservons un large \u00e9ventail de biens de consommation, notamment<\/p><ul><li>L&rsquo;habillement et les textiles<\/li><li>Les pi\u00e8ces et accessoires automobiles<\/li><li>L&rsquo;\u00e9lectronique domestique et personnelle<\/li><li>Soins personnels et cosm\u00e9tiques<\/li><li>La maison et le jardin<\/li><li>Jouets et produits pour enfants<\/li><li>Sacs et accessoires<\/li><li>Articles de mercerie et bien plus encore.<\/li><\/ul>\t\t\t\t\t\t\t\t<\/div>\n\t\t\t\t<\/div>\n\t\t\t\t\t<\/div>\n\t\t<\/div>\n\t\t\t\t\t<\/div>\n\t\t<\/section>\n\t\t\t\t<\/div>\n\t\t","protected":false},"excerpt":{"rendered":"<p>Inspections de la qualit\u00e9 des chaussures Les services d&rsquo;inspection et d&rsquo;essai de contr\u00f4le de la qualit\u00e9 HQTS pour les chaussures garantissent que vos clients re\u00e7oivent le niveau de qualit\u00e9 qu&rsquo;ils sont en droit d&rsquo;attendre de vous. Nos services fournissent des \u00e9valuations et un suivi de la qualit\u00e9 depuis l&rsquo;arriv\u00e9e des mat\u00e9riaux \u00e0 l&rsquo;usine jusqu&rsquo;au chargement [&hellip;]<\/p>\n","protected":false},"author":12,"featured_media":136245,"parent":135983,"menu_order":23,"comment_status":"closed","ping_status":"closed","template":"","meta":{"_acf_changed":false,"footnotes":""},"class_list":["post-136240","page","type-page","status-publish","has-post-thumbnail","hentry"],"acf":[],"_links":{"self":[{"href":"https:\/\/www.hqts.com\/fr\/wp-json\/wp\/v2\/pages\/136240","targetHints":{"allow":["GET"]}}],"collection":[{"href":"https:\/\/www.hqts.com\/fr\/wp-json\/wp\/v2\/pages"}],"about":[{"href":"https:\/\/www.hqts.com\/fr\/wp-json\/wp\/v2\/types\/page"}],"author":[{"embeddable":true,"href":"https:\/\/www.hqts.com\/fr\/wp-json\/wp\/v2\/users\/12"}],"replies":[{"embeddable":true,"href":"https:\/\/www.hqts.com\/fr\/wp-json\/wp\/v2\/comments?post=136240"}],"version-history":[{"count":5,"href":"https:\/\/www.hqts.com\/fr\/wp-json\/wp\/v2\/pages\/136240\/revisions"}],"predecessor-version":[{"id":136250,"href":"https:\/\/www.hqts.com\/fr\/wp-json\/wp\/v2\/pages\/136240\/revisions\/136250"}],"up":[{"embeddable":true,"href":"https:\/\/www.hqts.com\/fr\/wp-json\/wp\/v2\/pages\/135983"}],"wp:featuredmedia":[{"embeddable":true,"href":"https:\/\/www.hqts.com\/fr\/wp-json\/wp\/v2\/media\/136245"}],"wp:attachment":[{"href":"https:\/\/www.hqts.com\/fr\/wp-json\/wp\/v2\/media?parent=136240"}],"curies":[{"name":"wp","href":"https:\/\/api.w.org\/{rel}","templated":true}]}}