{"id":136251,"date":"2023-03-01T14:20:11","date_gmt":"2023-03-01T14:20:11","guid":{"rendered":"https:\/\/www.hqts.com\/?page_id=136251"},"modified":"2023-03-01T14:26:38","modified_gmt":"2023-03-01T14:26:38","slug":"inspections-de-chargement-et-de-dechargement-de-conteneurs","status":"publish","type":"page","link":"https:\/\/www.hqts.com\/fr\/nos-services\/inspection-des-produits\/inspections-de-chargement-et-de-dechargement-de-conteneurs\/","title":{"rendered":"Inspections de chargement et de d\u00e9chargement de conteneurs"},"content":{"rendered":"<p><strong>Le service d&rsquo;inspection du chargement et du d\u00e9chargement des conteneurs garantit que le personnel technique de HQTS surveille l&rsquo;ensemble du processus de chargement et de d\u00e9chargement. Quel que soit l&rsquo;endroit o\u00f9 vos produits sont charg\u00e9s ou exp\u00e9di\u00e9s, nos inspecteurs sont en mesure de superviser l&rsquo;ensemble du processus de chargement et de d\u00e9chargement des conteneurs jusqu&rsquo;\u00e0 votre emplacement d\u00e9sign\u00e9. Le service de supervision du chargement et du d\u00e9chargement des conteneurs de HQTS assure que vos produits sont manipul\u00e9s de mani\u00e8re professionnelle et garantit l&rsquo;arriv\u00e9e s\u00fbre des produits \u00e0 votre destination.<\/strong><\/p>\n<h3><strong>Services d&rsquo;inspection de chargement et de d\u00e9chargement de conteneurs<\/strong><\/h3>\n<p>Cette inspection de contr\u00f4le de la qualit\u00e9 a g\u00e9n\u00e9ralement lieu dans l&rsquo;usine que vous avez choisie, au moment o\u00f9 la cargaison est charg\u00e9e dans le conteneur d&rsquo;exp\u00e9dition, et \u00e0 la destination o\u00f9 vos produits arrivent et sont d\u00e9charg\u00e9s. Le processus d&rsquo;inspection et de supervision comprend une \u00e9valuation de l&rsquo;\u00e9tat du conteneur d&rsquo;exp\u00e9dition, la v\u00e9rification des informations sur le produit, les quantit\u00e9s charg\u00e9es et d\u00e9charg\u00e9es, la conformit\u00e9 de l&#8217;emballage et la supervision globale du processus de chargement et de d\u00e9chargement.<\/p>\n<h3><strong>Processus d&rsquo;inspection du chargement et du d\u00e9chargement des conteneurs<\/strong><\/h3>\n<p>Toute supervision du chargement et du d\u00e9chargement d&rsquo;un conteneur commence par une inspection du conteneur. Si le conteneur est en bon \u00e9tat et que les marchandises sont emball\u00e9es \u00e0 100% et confirm\u00e9es, le processus d&rsquo;inspection du chargement et du d\u00e9chargement se poursuit. L&rsquo;inspecteur v\u00e9rifie que les bonnes marchandises ont \u00e9t\u00e9 emball\u00e9es et que toutes les sp\u00e9cifications du client ont \u00e9t\u00e9 respect\u00e9es. Lorsque le chargement et le d\u00e9chargement du conteneur commencent, l&rsquo;inspecteur v\u00e9rifie que la quantit\u00e9 unitaire correcte est charg\u00e9e et d\u00e9charg\u00e9e.<\/p>\n<h4><strong>Processus d&rsquo;inspection du chargement :<\/strong><\/h4>\n<ul>\n<li>Un enregistrement des conditions m\u00e9t\u00e9orologiques, l&rsquo;heure d&rsquo;arriv\u00e9e du conteneur, l&rsquo;enregistrement du num\u00e9ro de transport du conteneur et du v\u00e9hicule.<\/li>\n<li>Inspection et \u00e9valuation compl\u00e8tes du conteneur pour \u00e9valuer tout dommage, l&rsquo;humidit\u00e9 int\u00e9rieure, les perforations et un test d&rsquo;odeur pour d\u00e9tecter la moisissure ou la pourriture.<\/li>\n<li>Confirmation de la quantit\u00e9 de marchandises et de l&rsquo;\u00e9tat des cartons d&rsquo;exp\u00e9dition.<\/li>\n<li>S\u00e9lection al\u00e9atoire d&rsquo;\u00e9chantillons de cartons pour v\u00e9rifier les produits emball\u00e9s dans les cartons d&rsquo;exp\u00e9dition.<\/li>\n<li>Superviser le processus de chargement\/d\u00e9chargement afin d&rsquo;assurer une manutention ad\u00e9quate, de minimiser les bris et de maximiser l&rsquo;utilisation de l&rsquo;espace.<\/li>\n<li>Sceller le conteneur avec le sceau des douanes et de HQTS.<\/li>\n<li>Enregistrer les num\u00e9ros de scell\u00e9s et l&rsquo;heure de d\u00e9part du conteneur<\/li>\n<\/ul>\n<h4><strong>Processus d&rsquo;inspection du d\u00e9chargement :<\/strong><\/h4>\n<ul>\n<li>Enregistrer l&rsquo;heure d&rsquo;arriv\u00e9e du conteneur \u00e0 destination<\/li>\n<li>Assister au processus d&rsquo;ouverture du conteneur<\/li>\n<li>V\u00e9rifier la validit\u00e9 des documents de d\u00e9chargement<\/li>\n<li>V\u00e9rifier la quantit\u00e9, l&#8217;emballage et le marquage des marchandises.<\/li>\n<li>Superviser le d\u00e9chargement pour voir si les marchandises sont endommag\u00e9es au cours de ce processus.<\/li>\n<li>V\u00e9rifier la propret\u00e9 de la zone de d\u00e9chargement et d&rsquo;exp\u00e9dition.<\/li>\n<\/ul>\n<h3><strong>Liste de contr\u00f4le principale pour la supervision du chargement et du d\u00e9chargement des conteneurs <\/strong><\/h3>\n<ul>\n<li>Conditions du conteneur<\/li>\n<li>Quantit\u00e9 exp\u00e9di\u00e9e et emballage du produit<\/li>\n<li>V\u00e9rifiez 1 ou 2 cartons pour vous assurer que les produits sont corrects.<\/li>\n<li>Superviser l&rsquo;ensemble du processus de chargement et de d\u00e9chargement.<\/li>\n<li>Sceller le conteneur avec le sceau des douanes et le sceau HQTS et assister au processus d&rsquo;ouverture du conteneur.<\/li>\n<\/ul>\n<h3><strong>Certificat d&rsquo;inspection du chargement et du d\u00e9chargement du conteneur<\/strong><\/h3>\n<p>En scellant le conteneur avec notre sceau inviolable, le client peut \u00eatre assur\u00e9 que ses produits n&rsquo;ont pas \u00e9t\u00e9 alt\u00e9r\u00e9s de l&rsquo;ext\u00e9rieur apr\u00e8s que notre supervision du chargement a eu lieu. L&rsquo;ensemble du processus d&rsquo;ouverture du conteneur sera observ\u00e9 apr\u00e8s l&rsquo;arriv\u00e9e des marchandises \u00e0 destination.<\/p>\n<h3><strong>Rapport d&rsquo;inspection du chargement et du d\u00e9chargement du conteneur<\/strong><\/h3>\n<p>Le rapport d&rsquo;inspection du chargement et du d\u00e9chargement documente la quantit\u00e9 de marchandises, l&rsquo;\u00e9tat du conteneur, le processus et la proc\u00e9dure de chargement du conteneur. En outre, des photos documentent toutes les \u00e9tapes du processus de supervision du chargement et du d\u00e9chargement.<\/p>\n<p>L&rsquo;inspecteur v\u00e9rifie une s\u00e9rie d&rsquo;\u00e9l\u00e9ments importants pour s&rsquo;assurer que les quantit\u00e9s exactes de produits sont charg\u00e9es | d\u00e9charg\u00e9es et manipul\u00e9es correctement pour s&rsquo;assurer que les unit\u00e9s charg\u00e9es dans le conteneur sont en bon \u00e9tat. L&rsquo;inspecteur v\u00e9rifie \u00e9galement que le conteneur est correctement scell\u00e9 et que les documents n\u00e9cessaires \u00e0 l&rsquo;inspection douani\u00e8re sont disponibles. Les listes de contr\u00f4le de la supervision du chargement et du d\u00e9chargement des conteneurs r\u00e9pondent aux sp\u00e9cifications des produits et \u00e0 d&rsquo;autres crit\u00e8res cl\u00e9s.<\/p>\n<p>Avant de commencer la proc\u00e9dure de chargement du conteneur, l&rsquo;inspecteur doit v\u00e9rifier la stabilit\u00e9 structurelle du conteneur et l&rsquo;absence de signes de dommages, tester les m\u00e9canismes de verrouillage, inspecter l&rsquo;ext\u00e9rieur du conteneur d&rsquo;exp\u00e9dition, etc. Une fois l&rsquo;inspection du conteneur termin\u00e9e, l&rsquo;inspecteur \u00e9met le rapport d&rsquo;inspection du chargement et du d\u00e9chargement du conteneur.<\/p>\n<h3><strong>Pourquoi les inspections de chargement et de d\u00e9chargement de conteneurs sont-elles importantes ?<\/strong><\/h3>\n<p>L&rsquo;utilisation et la manipulation difficiles des conteneurs d&rsquo;exp\u00e9dition entra\u00eenent des probl\u00e8mes qui peuvent avoir un impact sur la qualit\u00e9 de vos marchandises pendant le transport. Nous constatons une d\u00e9faillance de l&rsquo;\u00e9tanch\u00e9it\u00e9 autour des portes, des dommages \u00e0 d&rsquo;autres structures, des infiltrations d&rsquo;eau dues \u00e0 des fuites et les moisissures ou le pourrissement du bois qui en r\u00e9sultent.<\/p>\n<p>En outre, certains fournisseurs imposent \u00e0 leurs employ\u00e9s des m\u00e9thodes de chargement particuli\u00e8res, ce qui se traduit par des conteneurs mal emball\u00e9s, augmentant ainsi les co\u00fbts, ou par des marchandises endommag\u00e9es en raison d&rsquo;un mauvais empilage.<\/p>\n<p>Une inspection du chargement et du d\u00e9chargement des conteneurs peut contribuer \u00e0 att\u00e9nuer ces probl\u00e8mes, ce qui vous fera gagner du temps, vous \u00e9vitera des ennuis, vous fera perdre la confiance de vos clients et vous fera \u00e9conomiser de l&rsquo;argent.<\/p>\n<h3><strong>Inspection du chargement et du d\u00e9chargement des navires<\/strong><\/h3>\n<p>L&rsquo;inspection du chargement et du d\u00e9chargement des navires est un \u00e9l\u00e9ment essentiel du transport maritime. Elle permet de v\u00e9rifier les diff\u00e9rentes conditions du navire, du transporteur et\/ou de la cargaison. Si cela est fait correctement, cela a un impact direct sur la s\u00e9curit\u00e9 de chaque exp\u00e9dition.<\/p>\n<p>HQTS offre des services \u00e9tendus de supervision du chargement et du d\u00e9chargement pour donner aux clients la tranquillit\u00e9 d&rsquo;esprit avant l&rsquo;arriv\u00e9e de leur exp\u00e9dition. Nos inspecteurs vont directement sur le site pour v\u00e9rifier la qualit\u00e9 des marchandises et de leur conteneur d\u00e9sign\u00e9 tout en s&rsquo;assurant que la quantit\u00e9, les \u00e9tiquettes, l&#8217;emballage et bien plus de choses encore soient conformes \u00e0 vos exigences \u00e9tablies.<\/p>\n<p>Sur demande, nous pouvons \u00e9galement envoyer des preuves photo et vid\u00e9o pour d\u00e9montrer que l&rsquo;ensemble du processus a \u00e9t\u00e9 r\u00e9alis\u00e9 \u00e0 votre satisfaction. De cette mani\u00e8re, nous veillons \u00e0 ce que vos marchandises arrivent sans encombre tout en minimisant les risques \u00e9ventuels.<\/p>\n<h3><strong>Processus d&rsquo;inspection du chargement et du d\u00e9chargement des navires<\/strong><\/h3>\n<p><strong><em>Inspection du chargement des navires<\/em><\/strong><strong><em>:<\/em><\/strong><\/p>\n<ul>\n<li>S&rsquo;assurer que le processus de chargement est effectu\u00e9 dans des conditions raisonnables, notamment le beau temps, l&rsquo;utilisation d&rsquo;installations de chargement raisonnables et l&rsquo;utilisation d&rsquo;un plan complet de chargement, d&#8217;empilage et d&#8217;empaquetage.<\/li>\n<li>Confirmer que l&rsquo;environnement de la cabine convient au stockage des marchandises et v\u00e9rifier qu&rsquo;elles sont dispos\u00e9es correctement.<\/li>\n<li>V\u00e9rifiez que la quantit\u00e9 et le mod\u00e8le des marchandises sont conformes \u00e0 la commande et assurez-vous qu&rsquo;il n&rsquo;y a pas de marchandises manquantes.<\/li>\n<li>S&rsquo;assurer que l&#8217;empilage des marchandises n&rsquo;entra\u00eene pas de dommages.<\/li>\n<li>Superviser l&rsquo;ensemble du processus de chargement, enregistrer la r\u00e9partition des marchandises dans chaque cabine et \u00e9valuer tout dommage \u00e9ventuel.<\/li>\n<li>Confirmer la quantit\u00e9 et le poids des marchandises avec la compagnie maritime et obtenir le document correspondant sign\u00e9 et confirm\u00e9 \u00e0 la fin du processus.<\/li>\n<\/ul>\n<p><strong>Inspection du d\u00e9chargement du navire :<\/strong><\/p>\n<ul>\n<li>\u00c9valuer l&rsquo;\u00e9tat des marchandises stock\u00e9es.<\/li>\n<li>S&rsquo;assurer que les marchandises sont correctement transport\u00e9es ou que les installations de transport sont en bon \u00e9tat de marche avant le d\u00e9chargement.<\/li>\n<li>Assurez-vous que le site de d\u00e9chargement a \u00e9t\u00e9 pr\u00e9par\u00e9 et nettoy\u00e9 correctement.<\/li>\n<li>Effectuer une inspection de la qualit\u00e9 des marchandises d\u00e9charg\u00e9es. Des services d&rsquo;analyse d&rsquo;\u00e9chantillons seront fournis pour une partie des marchandises choisie au hasard.<\/li>\n<li>V\u00e9rifier la quantit\u00e9, le volume et le poids des produits d\u00e9charg\u00e9s.<\/li>\n<li>S&rsquo;assurer que les marchandises dans la zone de stockage temporaire sont raisonnablement couvertes, fix\u00e9es et empil\u00e9es pour les op\u00e9rations de transfert ult\u00e9rieures.<\/li>\n<\/ul>\n<p>HQTS est votre meilleur choix pour assurer la qualit\u00e9 pendant tout le processus de la cha\u00eene d&rsquo;approvisionnement. Nos services d&rsquo;inspection de navires vous assurent une \u00e9valuation honn\u00eate et pr\u00e9cise de vos marchandises et du navire.<\/p>\n<p><strong>Autres services d&rsquo;inspection QC :<\/strong><\/p>\n<ul>\n<li><u>Contr\u00f4le d&rsquo;\u00e9chantillons<\/u><\/li>\n<li><u>Service d&rsquo;inspection PSI<\/u><\/li>\n<li><u>Inspection pi\u00e8ce par pi\u00e8ce<\/u><\/li>\n<li><u>Inspections de contr\u00f4le de la qualit\u00e9<\/u><\/li>\n<li><u>D\u00e9tection de m\u00e9taux<\/u><\/li>\n<\/ul>\n<p>&nbsp;<\/p>\n","protected":false},"excerpt":{"rendered":"<p>Le service d&rsquo;inspection du chargement et du d\u00e9chargement des conteneurs garantit que le personnel technique de HQTS surveille l&rsquo;ensemble du processus de chargement et de d\u00e9chargement. Quel que soit l&rsquo;endroit o\u00f9 vos produits sont charg\u00e9s ou exp\u00e9di\u00e9s, nos inspecteurs sont en mesure de superviser l&rsquo;ensemble du processus de chargement et de d\u00e9chargement des conteneurs jusqu&rsquo;\u00e0 [&hellip;]<\/p>\n","protected":false},"author":12,"featured_media":136256,"parent":135748,"menu_order":13,"comment_status":"closed","ping_status":"closed","template":"","meta":{"_acf_changed":false,"footnotes":""},"class_list":["post-136251","page","type-page","status-publish","has-post-thumbnail","hentry"],"acf":[],"_links":{"self":[{"href":"https:\/\/www.hqts.com\/fr\/wp-json\/wp\/v2\/pages\/136251","targetHints":{"allow":["GET"]}}],"collection":[{"href":"https:\/\/www.hqts.com\/fr\/wp-json\/wp\/v2\/pages"}],"about":[{"href":"https:\/\/www.hqts.com\/fr\/wp-json\/wp\/v2\/types\/page"}],"author":[{"embeddable":true,"href":"https:\/\/www.hqts.com\/fr\/wp-json\/wp\/v2\/users\/12"}],"replies":[{"embeddable":true,"href":"https:\/\/www.hqts.com\/fr\/wp-json\/wp\/v2\/comments?post=136251"}],"version-history":[{"count":2,"href":"https:\/\/www.hqts.com\/fr\/wp-json\/wp\/v2\/pages\/136251\/revisions"}],"predecessor-version":[{"id":136258,"href":"https:\/\/www.hqts.com\/fr\/wp-json\/wp\/v2\/pages\/136251\/revisions\/136258"}],"up":[{"embeddable":true,"href":"https:\/\/www.hqts.com\/fr\/wp-json\/wp\/v2\/pages\/135748"}],"wp:featuredmedia":[{"embeddable":true,"href":"https:\/\/www.hqts.com\/fr\/wp-json\/wp\/v2\/media\/136256"}],"wp:attachment":[{"href":"https:\/\/www.hqts.com\/fr\/wp-json\/wp\/v2\/media?parent=136251"}],"curies":[{"name":"wp","href":"https:\/\/api.w.org\/{rel}","templated":true}]}}