{"id":136268,"date":"2023-03-01T15:37:28","date_gmt":"2023-03-01T15:37:28","guid":{"rendered":"https:\/\/www.hqts.com\/?page_id=136268"},"modified":"2023-03-01T15:40:41","modified_gmt":"2023-03-01T15:40:41","slug":"certificat-de-conformite-irak","status":"publish","type":"page","link":"https:\/\/www.hqts.com\/fr\/nos-services\/certificat-de-conformite-irak\/","title":{"rendered":"Certificat de conformit\u00e9 pour les exportations vers l&rsquo;Irak (COC\/COI)"},"content":{"rendered":"<h3><strong>CERTIFICAT DE CONFORMIT\u00c9 POUR L&rsquo;IRAK<\/strong><\/h3>\n<p><strong>Vous exportez des marchandises vers le march\u00e9 irakien en plein essor ? Choisissez HQTS !<\/strong><\/p>\n<p>Un certificat de conformit\u00e9 irakien (COC) est maintenant requis pour plus de 1 000 produits dans douze cat\u00e9gories avant qu&rsquo;ils ne puissent entrer sur le lucratif march\u00e9 d&rsquo;importation irakien. Heureusement, HQTS est l&rsquo;une des trois seules soci\u00e9t\u00e9s autoris\u00e9es \u00e0 fournir ce service, garantissant que vos marchandises arrivent sans probl\u00e8me.<\/p>\n<p>Les exportateurs du monde entier profitent de la demande irakienne de biens import\u00e9s. Le pays a import\u00e9 pour 45 milliards de dollars de marchandises en 2018 et ce chiffre devrait augmenter dans les ann\u00e9es \u00e0 venir, car le pays g\u00e9n\u00e8re de la richesse gr\u00e2ce aux exportations \u00e9trang\u00e8res et poursuit ses plans de reconstruction en cours. Laissez HQTS \u00eatre votre guichet unique pour tous vos besoins en mati\u00e8re de COC pour l&rsquo;Irak !<\/p>\n<p>Le COC irakien s&rsquo;applique \u00e0 un large \u00e9ventail d&rsquo;importations.<\/p>\n<h3><strong>Certificat de conformit\u00e9 de l&rsquo;Irak<\/strong><\/h3>\n<ul>\n<li>Adopt\u00e9 \u00e0 la fin de 2019. Il est entr\u00e9 en vigueur en janvier 2020.<\/li>\n<li>Dicte que toutes les importations vers l&rsquo;Irak dans un groupe d\u00e9fini de cat\u00e9gories doivent pr\u00e9senter une certification COC par une agence d&rsquo;inspection tierce autoris\u00e9e telle que HQTS.<\/li>\n<li>Prot\u00e8ge les consommateurs, les fabricants et l&rsquo;environnement locaux contre les produits et mat\u00e9riaux de qualit\u00e9 inf\u00e9rieure, contrefaits et de mauvaise qualit\u00e9.<\/li>\n<li>HQTS est l&rsquo;une des trois soci\u00e9t\u00e9s s\u00e9lectionn\u00e9es pour fournir ce service.<\/li>\n<\/ul>\n<h3><strong>Notre approche<\/strong><\/h3>\n<p>HQTS enl\u00e8ve les tracas de l&rsquo;introduction de vos marchandises sur le march\u00e9 irakien gr\u00e2ce \u00e0 notre approche simple en quatre \u00e9tapes. De cette fa\u00e7on, nous servons de guichet unique pour tous vos besoins d&rsquo;importation irakienne.<\/p>\n<p><strong>Notre processus simple en quatre \u00e9tapes comprend :<\/strong><\/p>\n<ol>\n<li>Faites votre demande \u00e0 l&rsquo;adresse<\/li>\n<li>Soumettez-nous votre formulaire de demande, ainsi que votre liste de colisage, votre facture commerciale, la d\u00e9claration de l&rsquo;importateur et le rapport d&rsquo;essai (une lettre de cr\u00e9dit peut \u00eatre exig\u00e9e dans certains cas).<\/li>\n<li>Examen du document<\/li>\n<li>Effectu\u00e9 dans les 1 \u00e0 2 jours ouvrables suivant la soumission<\/li>\n<li>Inspection<\/li>\n<\/ol>\n<p>Il vous suffit de confirmer l&rsquo;heure et le lieu de votre exp\u00e9dition et nous inspecterons vos marchandises et superviserons le processus de chargement avant de vous notifier les r\u00e9sultats (nous effectuons \u00e9galement des tests sur site ou sur \u00e9chantillon si n\u00e9cessaire).<\/p>\n<ul>\n<li>V\u00e9rification de la certification<\/li>\n<li>Effectu\u00e9e dans les 5 jours ouvrables suivant la soumission<\/li>\n<\/ul>\n<h3>Pourquoi choisir HQTS ?<\/h3>\n<p>HQTS a plus de 25 ans d&rsquo;exp\u00e9rience dans l&rsquo;assurance qualit\u00e9. Avec plus de 20 bureaux dans le monde, y compris Bagdad. HQTS est pr\u00eat \u00e0 \u00eatre votre fournisseur de services de qualit\u00e9 \u00e0 chaque \u00e9tape du processus. Nous offrons des services rapides, flexibles et fiables pour tous vos besoins d&rsquo;inspection.<\/p>\n<p><strong>Contactez-nous aujourd&rsquo;hui pour en savoir plus sur nos services de COC en Irak !<\/strong><\/p>\n","protected":false},"excerpt":{"rendered":"<p>CERTIFICAT DE CONFORMIT\u00c9 POUR L&rsquo;IRAK Vous exportez des marchandises vers le march\u00e9 irakien en plein essor ? Choisissez HQTS ! Un certificat de conformit\u00e9 irakien (COC) est maintenant requis pour plus de 1 000 produits dans douze cat\u00e9gories avant qu&rsquo;ils ne puissent entrer sur le lucratif march\u00e9 d&rsquo;importation irakien. Heureusement, HQTS est l&rsquo;une des trois [&hellip;]<\/p>\n","protected":false},"author":12,"featured_media":136270,"parent":135366,"menu_order":4,"comment_status":"closed","ping_status":"closed","template":"","meta":{"_acf_changed":false,"footnotes":""},"class_list":["post-136268","page","type-page","status-publish","has-post-thumbnail","hentry"],"acf":[],"_links":{"self":[{"href":"https:\/\/www.hqts.com\/fr\/wp-json\/wp\/v2\/pages\/136268","targetHints":{"allow":["GET"]}}],"collection":[{"href":"https:\/\/www.hqts.com\/fr\/wp-json\/wp\/v2\/pages"}],"about":[{"href":"https:\/\/www.hqts.com\/fr\/wp-json\/wp\/v2\/types\/page"}],"author":[{"embeddable":true,"href":"https:\/\/www.hqts.com\/fr\/wp-json\/wp\/v2\/users\/12"}],"replies":[{"embeddable":true,"href":"https:\/\/www.hqts.com\/fr\/wp-json\/wp\/v2\/comments?post=136268"}],"version-history":[{"count":3,"href":"https:\/\/www.hqts.com\/fr\/wp-json\/wp\/v2\/pages\/136268\/revisions"}],"predecessor-version":[{"id":136273,"href":"https:\/\/www.hqts.com\/fr\/wp-json\/wp\/v2\/pages\/136268\/revisions\/136273"}],"up":[{"embeddable":true,"href":"https:\/\/www.hqts.com\/fr\/wp-json\/wp\/v2\/pages\/135366"}],"wp:featuredmedia":[{"embeddable":true,"href":"https:\/\/www.hqts.com\/fr\/wp-json\/wp\/v2\/media\/136270"}],"wp:attachment":[{"href":"https:\/\/www.hqts.com\/fr\/wp-json\/wp\/v2\/media?parent=136268"}],"curies":[{"name":"wp","href":"https:\/\/api.w.org\/{rel}","templated":true}]}}