{"id":136506,"date":"2023-03-02T15:29:21","date_gmt":"2023-03-02T15:29:21","guid":{"rendered":"https:\/\/www.hqts.com\/?page_id=136506"},"modified":"2023-03-03T08:21:30","modified_gmt":"2023-03-03T08:21:30","slug":"suivi-de-la-production","status":"publish","type":"page","link":"https:\/\/www.hqts.com\/fr\/nos-services\/ingenierie-de-qualite\/suivi-de-la-production\/","title":{"rendered":"Suivi de la production"},"content":{"rendered":"<p><strong>HQTS, un fournisseur de services mondial de premier plan en mati\u00e8re d&rsquo;assurance qualit\u00e9, est accr\u00e9dit\u00e9 par le CNAS selon la norme ISO 17020 pour l&rsquo;inspection et ISO 17025 pour les essais.<\/strong><\/p>\n<p><strong>Si une entreprise n&rsquo;identifie pas et ne rectifie pas les probl\u00e8mes trouv\u00e9s avant d&rsquo;achever la production du produit, il est facile de devenir le coupable de la reprise des probl\u00e8mes de qualit\u00e9 du produit. La pr\u00e9-inspection permet non seulement aux entreprises d&rsquo;\u00e9conomiser de l&rsquo;argent, mais aussi de garantir des produits de qualit\u00e9 qui am\u00e9liorent la comp\u00e9titivit\u00e9 du march\u00e9. L&rsquo;utilisation de la DPM est id\u00e9ale pour les produits complexes, car elle se concentre sur le contr\u00f4le de la qualit\u00e9 et permet de pr\u00e9venir les risques les plus \u00e9lev\u00e9s, tandis que la PSI est une excellente solution pour les produits dont le processus est peu complexe.<\/strong><\/p>\n<h4><strong>Nouveaux projets et produits fabriqu\u00e9s pendant la phase de production en s\u00e9rie<\/strong><\/h4>\n<p>De nombreux probl\u00e8mes peuvent survenir \u00e0 ces stades. Gr\u00e2ce \u00e0 notre service DPM, nous pouvons d\u00e9tecter rapidement tout probl\u00e8me dans les nouveaux produits afin d&rsquo;\u00e9viter d&rsquo;avoir \u00e0 retravailler en masse.<\/p>\n<h4><strong>Articles dont la qualit\u00e9 du produit est instable<\/strong><\/h4>\n<p>Si la qualit\u00e9 du produit est instable et que le processus d&rsquo;inspection adopte le service DPM, l&rsquo;inspecteur sera toujours en ligne pour superviser l&rsquo;\u00e9tat de \u00ab\u00a0l&rsquo;environnement homme-machine-mat\u00e9riel-m\u00e9thode\u00a0\u00bb dans l&rsquo;ensemble de l&rsquo;usine &#8211; un processus qui exige que les ouvriers proc\u00e8dent \u00e0 l&rsquo;assemblage en respectant strictement les exigences des instructions d&rsquo;op\u00e9ration. L&rsquo;inspecteur proc\u00e9dera \u00e0 l&rsquo;inspection en utilisant des directives strictes conformes aux exigences des instructions d&rsquo;inspection, garantissant ainsi la stabilit\u00e9 de la qualit\u00e9 du produit.<\/p>\n<h4><strong>Articles \u00e0 date de livraison fixe et sans retard<\/strong><\/h4>\n<p>Si la date de livraison du produit est relativement serr\u00e9e, l&rsquo;utilisation du service DPM permet de surveiller en permanence l&rsquo;\u00e9tat de la production de l&rsquo;usine en ligne et de rendre compte aux clients de mani\u00e8re efficace, en veillant \u00e0 ce que les produits soient exp\u00e9di\u00e9s conform\u00e9ment au plan ;<\/p>\n<h4><strong>Projets importants et complexes qui ne peuvent pas \u00eatre d\u00e9fectueux<\/strong><\/h4>\n<p>Pour les projets importants, si le client ne peut pas \u00eatre sur place pour surveiller le processus en permanence, le service DPM peut r\u00e9soudre ce probl\u00e8me et assurer le bon d\u00e9roulement du projet en inspectant l&rsquo;ensemble du processus de l&rsquo;usine jusqu&rsquo;\u00e0 l&rsquo;entrep\u00f4t, englobant ainsi la ligne de production et l&#8217;emballage ;<\/p>\n<h4><strong>Probl\u00e8mes cach\u00e9s<\/strong><\/h4>\n<p>La cause profonde doit \u00eatre \u00e9tablie partout o\u00f9 elle se produit dans le processus. Pour les probl\u00e8mes complexes qui ne peuvent pas \u00eatre r\u00e9solus par une simple inspection PSI ou si les appareils \u00e9lectriques sont susceptibles d&rsquo;\u00eatre utilis\u00e9s pendant une longue p\u00e9riode, l&rsquo;utilisation d&rsquo;un service DPM qui a lieu dans l&rsquo;usine peut trouver la source et la cause du probl\u00e8me, ce qui permet de le rectifier sur la ligne de production pour \u00e9viter que le probl\u00e8me ne se reproduise.<\/p>\n<p>En fait, de nombreux acheteurs ont rencontr\u00e9 des probl\u00e8mes similaires aux cas mentionn\u00e9s ci-dessus, il ne s&rsquo;agit pas de cas individuels. La plupart des probl\u00e8mes d\u00e9couverts lors de l&rsquo;inspection a posteriori sont d\u00e9couverts trop tard pour \u00eatre corrig\u00e9s. Les raisons en sont les suivantes:<\/p>\n<ol>\n<li>L&rsquo;acheteur n&rsquo;a pas de contr\u00f4le de qualit\u00e9 sur le processus de production du fournisseur, de sorte que les probl\u00e8mes d\u00e9couverts lors de l&rsquo;inspection finale sont difficiles et co\u00fbteux \u00e0 corriger et \u00e0 contr\u00f4ler.<\/li>\n<li>Les \u00e9quipes de contr\u00f4le de la qualit\u00e9 de la plupart des acheteurs ne sont pas enti\u00e8rement professionnelles et, en raison du manque de main-d&rsquo;\u0153uvre en haute saison et de la limitation des inspections interr\u00e9gionales, la supervision et l&rsquo;am\u00e9lioration de la qualit\u00e9 du processus de production des fournisseurs sont limit\u00e9es.<\/li>\n<li>Une organisation de qualit\u00e9 tierce est n\u00e9cessaire pour inspecter le processus de production, garantissant ainsi que la qualit\u00e9 de la production et le d\u00e9lai de livraison r\u00e9pondent aux exigences des clients. Et HQTS est la seule soci\u00e9t\u00e9 d&rsquo;inspection tierce qui se concentre sur la formation de la qualit\u00e9 et c&rsquo;est l&rsquo;\u00e9pine dorsale de la surveillance pendant la production (DPM) et de la surveillance du processus de production (PPM). HQTS peut pr\u00e9dire les risques possibles de conception et de processus \u00e0 l&rsquo;avance et prendre des mesures pour r\u00e9soudre efficacement de nombreux probl\u00e8mes qui ne peuvent \u00eatre r\u00e9solus apr\u00e8s l&rsquo;inspection :<\/li>\n<\/ol>\n<p>&nbsp;<\/p>\n<ul>\n<li>s&rsquo;assurer que l&rsquo;usine produit en conformit\u00e9 avec les exigences ;<\/li>\n<li>trouver tout probl\u00e8me existant le plus t\u00f4t possible ;<\/li>\n<li>\u00e9viter les retouches \u00e0 grande \u00e9chelle ;<\/li>\n<li>superviser la qualit\u00e9 des produits pendant le processus de production ;<\/li>\n<li>s&rsquo;assurer que l&rsquo;usine exp\u00e9die ses produits conform\u00e9ment au plan ;<\/li>\n<li>r\u00e9duire les \u00e9ventuelles plaintes des clients.<\/li>\n<\/ul>\n<p>&nbsp;<\/p>\n<p>Le contr\u00f4le de la qualit\u00e9 consiste \u00e0 inspecter les produits semi-finis et\/ou les produits finis qui sortent de la cha\u00eene, \u00e0 inspecter les processus de contr\u00f4le du processus de production et la gestion sur site (humain, machine, mat\u00e9riel, m\u00e9thode, environnement) et \u00e0 localiser les d\u00e9fauts et les d\u00e9viations et \u00e0 les signaler au fabricant et aux clients.\u00a0 Ensuite, le but m\u00e9thodes efficaces pour corriger les erreurs et les d\u00e9viations, aide les entreprises \u00e0 r\u00e9soudre les probl\u00e8mes de qualit\u00e9 \u00e0 l&rsquo;avance. En 2020, HQTS am\u00e9liorera le service DPI classique et lancera un nouveau service dans le cadre du portefeuille PM, comprenant les modules suivants :<\/p>\n<p>&nbsp;<\/p>\n<ul>\n<li><strong>V\u00e9rification de l&rsquo;\u00e9tat du stockage<\/strong><\/li>\n<li><strong>V\u00e9rification de l&rsquo;\u00e9tat des mati\u00e8res premi\u00e8res<\/strong><\/li>\n<li><strong>V\u00e9rification du statut de l&rsquo;IQC<\/strong><\/li>\n<li><strong>V\u00e9rification des accessoires cl\u00e9s du CDF<\/strong><\/li>\n<li><strong>Contr\u00f4le de la cha\u00eene de production<\/strong><\/li>\n<li><strong>Inspection des produits semi-finis<\/strong><\/li>\n<li><strong>Contr\u00f4le des produits finis<\/strong><\/li>\n<li><strong>4M1E (travailleurs, machines, mati\u00e8res premi\u00e8res, environnement<\/strong><\/li>\n<li><strong>Supervision de l&rsquo;usine<\/strong><\/li>\n<li><strong>Contr\u00f4le des emballages<\/strong><\/li>\n<li><strong>Contr\u00f4le du plan de production<\/strong><\/li>\n<li><strong>Recherche de probl\u00e8mes li\u00e9s \u00e0 des produits NPI ou \u00e0 des pistes<\/strong><\/li>\n<\/ul>\n<p><strong>\u00a0<\/strong><\/p>\n<p>HQTS peut personnaliser de mani\u00e8re flexible chacun des modules ci-dessus en fonction des exigences et des pr\u00e9occupations sp\u00e9cifiques de chaque client.\u00a0 Nous fournissons des solutions de conformit\u00e9 diversifi\u00e9es pour la cha\u00eene d&rsquo;approvisionnement, aidant les entreprises \u00e0 am\u00e9liorer continuellement la gestion de la production, \u00e0 am\u00e9liorer la qualit\u00e9 des produits et \u00e0 contr\u00f4ler efficacement la qualit\u00e9 des produits avant qu&rsquo;ils n&rsquo;atteignent les consommateurs.<\/p>\n<p>Avec les avantages des ressources mondiales, une riche exp\u00e9rience dans la gestion du contr\u00f4le de la qualit\u00e9, et des solutions efficaces de conformit\u00e9 de la cha\u00eene d&rsquo;approvisionnement, HQTS aide activement les entreprises \u00e0 \u00e9tablir un processus de contr\u00f4le de la qualit\u00e9 complet et efficace, en v\u00e9rifiant et en servant la qualit\u00e9 des produits, pour fournir des solutions compl\u00e8tes pour l&rsquo;inspection des produits et l&rsquo;acc\u00e8s au march\u00e9, r\u00e9duisant ainsi les risques du march\u00e9 des produits et am\u00e9liorant la qualit\u00e9 des produits.<\/p>\n<p>&nbsp;<\/p>\n","protected":false},"excerpt":{"rendered":"<p>HQTS, un fournisseur de services mondial de premier plan en mati\u00e8re d&rsquo;assurance qualit\u00e9, est accr\u00e9dit\u00e9 par le CNAS selon la norme ISO 17020 pour l&rsquo;inspection et ISO 17025 pour les essais. Si une entreprise n&rsquo;identifie pas et ne rectifie pas les probl\u00e8mes trouv\u00e9s avant d&rsquo;achever la production du produit, il est facile de devenir le [&hellip;]<\/p>\n","protected":false},"author":12,"featured_media":136508,"parent":135383,"menu_order":3,"comment_status":"closed","ping_status":"closed","template":"","meta":{"_acf_changed":false,"footnotes":""},"class_list":["post-136506","page","type-page","status-publish","has-post-thumbnail","hentry"],"acf":[],"_links":{"self":[{"href":"https:\/\/www.hqts.com\/fr\/wp-json\/wp\/v2\/pages\/136506","targetHints":{"allow":["GET"]}}],"collection":[{"href":"https:\/\/www.hqts.com\/fr\/wp-json\/wp\/v2\/pages"}],"about":[{"href":"https:\/\/www.hqts.com\/fr\/wp-json\/wp\/v2\/types\/page"}],"author":[{"embeddable":true,"href":"https:\/\/www.hqts.com\/fr\/wp-json\/wp\/v2\/users\/12"}],"replies":[{"embeddable":true,"href":"https:\/\/www.hqts.com\/fr\/wp-json\/wp\/v2\/comments?post=136506"}],"version-history":[{"count":4,"href":"https:\/\/www.hqts.com\/fr\/wp-json\/wp\/v2\/pages\/136506\/revisions"}],"predecessor-version":[{"id":136518,"href":"https:\/\/www.hqts.com\/fr\/wp-json\/wp\/v2\/pages\/136506\/revisions\/136518"}],"up":[{"embeddable":true,"href":"https:\/\/www.hqts.com\/fr\/wp-json\/wp\/v2\/pages\/135383"}],"wp:featuredmedia":[{"embeddable":true,"href":"https:\/\/www.hqts.com\/fr\/wp-json\/wp\/v2\/media\/136508"}],"wp:attachment":[{"href":"https:\/\/www.hqts.com\/fr\/wp-json\/wp\/v2\/media?parent=136506"}],"curies":[{"name":"wp","href":"https:\/\/api.w.org\/{rel}","templated":true}]}}