{"id":136520,"date":"2023-03-02T16:29:32","date_gmt":"2023-03-02T16:29:32","guid":{"rendered":"https:\/\/www.hqts.com\/?page_id=136520"},"modified":"2023-03-02T16:29:53","modified_gmt":"2023-03-02T16:29:53","slug":"audits-de-conformite-sociale","status":"publish","type":"page","link":"https:\/\/www.hqts.com\/fr\/nos-services\/audits-dusine-fournisseurs\/audits-de-conformite-sociale\/","title":{"rendered":"Audits de conformit\u00e9 sociale"},"content":{"rendered":"<p><strong>HQTS fournit une solution rationnelle et rentable pour \u00e9viter les probl\u00e8mes de conformit\u00e9 sociale avec notre service d&rsquo;audit de conformit\u00e9 sociale ou d&rsquo;audit \u00e9thique. Employant une approche \u00e0 plusieurs volets utilisant des techniques d&rsquo;investigation prouv\u00e9es pour rassembler et corroborer l&rsquo;information de l&rsquo;usine, nos auditeurs qui travaillent dans leur langue maternelle conduisent des entretiens confidentiels complets avec le personnel, des analyses de dossiers et \u00e9valuent toutes les op\u00e9rations de l&rsquo;usine sur la base de rep\u00e8res de conformit\u00e9 reconnus mondialement.<\/strong><\/p>\n<h3><strong>Qu&rsquo;est-ce qu&rsquo;un audit de conformit\u00e9 sociale \/ audit \u00e9thique ?<\/strong><\/h3>\n<p>\u00c0 mesure que les entreprises \u00e9tendent leurs efforts d&rsquo;approvisionnement dans les pays en d\u00e9veloppement, il devient de plus en plus important d&rsquo;examiner minutieusement les conditions de travail des fournisseurs. Les conditions dans lesquelles les produits sont fabriqu\u00e9s sont devenues un \u00e9l\u00e9ment de qualit\u00e9 et une partie importante de la proposition de valeur commerciale. L&rsquo;absence d&rsquo;un processus de gestion des risques li\u00e9s \u00e0 la conformit\u00e9 sociale peut avoir un impact direct sur les r\u00e9sultats de l&rsquo;entreprise. Ceci est particuli\u00e8rement vrai lorsque l&rsquo;image et la marque sont des actifs critiques.<\/p>\n<p>HQTS est une soci\u00e9t\u00e9 d&rsquo;audit de conformit\u00e9 sociale avec la capacit\u00e9 et les ressources pour soutenir vos efforts pour d\u00e9velopper un programme d&rsquo;audit \u00e9thique efficace, ainsi que pour conduire des audits de processus et de contr\u00f4les li\u00e9s \u00e0 la conformit\u00e9 pour vous.<\/p>\n<h4><strong>Types d&rsquo;audits de conformit\u00e9 sociale<\/strong><\/h4>\n<p>Il existe deux types d&rsquo;audits de conformit\u00e9 sociale : les audits officiels par le gouvernement et les audits non officiels par une trentaine de parties ind\u00e9pendantes. Les audits non officiels mais coh\u00e9rents peuvent garantir que votre entreprise reste conforme.<\/p>\n<h4><strong>Pourquoi l&rsquo;audit \u00e9thique est-il important ?<\/strong><\/h4>\n<p>Des preuves de traitement abusif ou ill\u00e9gal au sein de votre entreprise ou de votre cha\u00eene d&rsquo;approvisionnement peuvent nuire \u00e0 la marque de votre entreprise. De m\u00eame, le fait d&rsquo;afficher un souci de durabilit\u00e9 tout au long de la cha\u00eene d&rsquo;approvisionnement peut am\u00e9liorer la r\u00e9putation de votre entreprise et polir votre marque. Les audits \u00e9thiques aident \u00e9galement les entreprises et les marques \u00e0 g\u00e9rer les risques de conformit\u00e9 sociale qui pourraient avoir un impact financier sur l&rsquo;entreprise.<\/p>\n<h3><strong>Comment r\u00e9aliser un audit de conformit\u00e9 sociale ?<\/strong><\/h3>\n<p>Afin de s&rsquo;assurer que votre entreprise respecte les normes de conformit\u00e9 sociale, il peut \u00eatre n\u00e9cessaire de r\u00e9aliser un audit de conformit\u00e9 sociale en suivant les \u00e9tapes suivantes :<\/p>\n<ol>\n<li>Examinez le code de conduite de votre entreprise et son code d&rsquo;\u00e9thique.<\/li>\n<li>D\u00e9finissez les \u00ab\u00a0parties prenantes\u00a0\u00bb de votre entreprise en identifiant chaque individu ou groupe qui est affect\u00e9 par les performances ou le succ\u00e8s de votre entreprise.<\/li>\n<li>Identifiez les besoins sociaux qui touchent toutes les parties prenantes de votre entreprise, notamment la propret\u00e9 des rues, la r\u00e9duction de la criminalit\u00e9 et du vagabondage.<\/li>\n<li>Concevoir un syst\u00e8me permettant d&rsquo;identifier les cibles sociales, de recueillir des donn\u00e9es sur le traitement d&rsquo;un probl\u00e8me, de mettre en \u0153uvre des strat\u00e9gies visant \u00e0 affecter positivement la situation et de rendre compte des r\u00e9sultats de ces efforts.<\/li>\n<li>Passez un contrat avec un cabinet d&rsquo;audit ind\u00e9pendant sp\u00e9cialis\u00e9 dans les programmes de responsabilit\u00e9 sociale ; rencontrez les repr\u00e9sentants du cabinet d&rsquo;audit pour discuter de vos efforts et de votre besoin d&rsquo;un examen ind\u00e9pendant.<\/li>\n<li>Permettez \u00e0 l&rsquo;auditeur d&rsquo;effectuer le processus de v\u00e9rification ind\u00e9pendante, puis comparez ses r\u00e9sultats aux observations internes du groupe fonctionnel qui dirige votre effort de responsabilit\u00e9 sociale.<\/li>\n<\/ol>\n<h3><strong>Le rapport d&rsquo;audit de conformit\u00e9 sociale<\/strong><\/h3>\n<p>Lorsqu&rsquo;un audit de conformit\u00e9 sociale est termin\u00e9 par un auditeur \u00e9thique, un rapport est \u00e9mis qui documente les r\u00e9sultats et inclut des images. Avec ce rapport, vous obtenez une image claire de la conformit\u00e9 de votre entreprise \u00e0 toutes les exigences de conformit\u00e9 sociale.<\/p>\n<p><strong>Notre audit de conformit\u00e9 sociale comprend des \u00e9valuations de la conformit\u00e9 de votre fournisseur avec :<\/strong><\/p>\n<ul>\n<li>Les lois sur le travail des enfants<\/li>\n<li>Lois sur le travail forc\u00e9<\/li>\n<li>Lois sur la discrimination<\/li>\n<li>Lois sur le salaire minimum<\/li>\n<li>Normes de vie des travailleurs<\/li>\n<li>Heures de travail<\/li>\n<li>Paiements des heures suppl\u00e9mentaires<\/li>\n<li>Avantages sociaux<\/li>\n<li>S\u00e9curit\u00e9 et sant\u00e9<\/li>\n<li>Protection de l&rsquo;environnement<\/li>\n<\/ul>\n<p>&nbsp;<\/p>\n<p><strong>Autres services d&rsquo;audit<\/strong><\/p>\n<ul>\n<li>Audits d&rsquo;usines et de fournisseurs<\/li>\n<li>Audits \u00e9nerg\u00e9tiques<\/li>\n<li>Audits environnementaux<\/li>\n<li>Audits de contr\u00f4le de la production en usine<\/li>\n<li>Audits de fabricants<\/li>\n<li>Audit de s\u00e9curit\u00e9 des b\u00e2timents<\/li>\n<\/ul>\n","protected":false},"excerpt":{"rendered":"<p>HQTS fournit une solution rationnelle et rentable pour \u00e9viter les probl\u00e8mes de conformit\u00e9 sociale avec notre service d&rsquo;audit de conformit\u00e9 sociale ou d&rsquo;audit \u00e9thique. Employant une approche \u00e0 plusieurs volets utilisant des techniques d&rsquo;investigation prouv\u00e9es pour rassembler et corroborer l&rsquo;information de l&rsquo;usine, nos auditeurs qui travaillent dans leur langue maternelle conduisent des entretiens confidentiels complets [&hellip;]<\/p>\n","protected":false},"author":12,"featured_media":136013,"parent":136006,"menu_order":44,"comment_status":"closed","ping_status":"closed","template":"","meta":{"_acf_changed":false,"footnotes":""},"class_list":["post-136520","page","type-page","status-publish","has-post-thumbnail","hentry"],"acf":[],"_links":{"self":[{"href":"https:\/\/www.hqts.com\/fr\/wp-json\/wp\/v2\/pages\/136520","targetHints":{"allow":["GET"]}}],"collection":[{"href":"https:\/\/www.hqts.com\/fr\/wp-json\/wp\/v2\/pages"}],"about":[{"href":"https:\/\/www.hqts.com\/fr\/wp-json\/wp\/v2\/types\/page"}],"author":[{"embeddable":true,"href":"https:\/\/www.hqts.com\/fr\/wp-json\/wp\/v2\/users\/12"}],"replies":[{"embeddable":true,"href":"https:\/\/www.hqts.com\/fr\/wp-json\/wp\/v2\/comments?post=136520"}],"version-history":[{"count":2,"href":"https:\/\/www.hqts.com\/fr\/wp-json\/wp\/v2\/pages\/136520\/revisions"}],"predecessor-version":[{"id":136523,"href":"https:\/\/www.hqts.com\/fr\/wp-json\/wp\/v2\/pages\/136520\/revisions\/136523"}],"up":[{"embeddable":true,"href":"https:\/\/www.hqts.com\/fr\/wp-json\/wp\/v2\/pages\/136006"}],"wp:featuredmedia":[{"embeddable":true,"href":"https:\/\/www.hqts.com\/fr\/wp-json\/wp\/v2\/media\/136013"}],"wp:attachment":[{"href":"https:\/\/www.hqts.com\/fr\/wp-json\/wp\/v2\/media?parent=136520"}],"curies":[{"name":"wp","href":"https:\/\/api.w.org\/{rel}","templated":true}]}}