{"id":136526,"date":"2023-03-02T16:32:49","date_gmt":"2023-03-02T16:32:49","guid":{"rendered":"https:\/\/www.hqts.com\/?page_id=136526"},"modified":"2023-03-02T16:34:51","modified_gmt":"2023-03-02T16:34:51","slug":"inspections-machines-materiaux","status":"publish","type":"page","link":"https:\/\/www.hqts.com\/fr\/nos-services\/inspection-des-produits\/inspections-machines-materiaux\/","title":{"rendered":"Inspections des machines et des mat\u00e9riaux"},"content":{"rendered":"<p><strong>Le contr\u00f4le de la qualit\u00e9 des machines et des mat\u00e9riaux est essentiel pour optimiser l&rsquo;efficacit\u00e9 et am\u00e9liorer vos r\u00e9sultats. Les inspections de machines et de mat\u00e9riaux peuvent aller d&rsquo;une simple liste de contr\u00f4le \u00e0 des inspections, des tests et des listes de contr\u00f4le de v\u00e9rification de conformit\u00e9 personnalis\u00e9s et uniques, bas\u00e9s sur des exigences techniques d&rsquo;ing\u00e9nierie.<\/strong><\/p>\n<p>Les ing\u00e9nieurs et le personnel technique de HQTS charg\u00e9s du contr\u00f4le de la qualit\u00e9 des machines et des mat\u00e9riaux ont une longue exp\u00e9rience du contr\u00f4le de la qualit\u00e9, notamment des inspections et des essais pour les machines, les \u00e9quipements lourds, les usines, les mines, les transports, les mat\u00e9riaux de construction, les marchandises et la construction lourde. Nos services pour l&rsquo;industrie comprennent des inspections de contr\u00f4le de qualit\u00e9 et des essais de pi\u00e8ces, de mat\u00e9riaux et de produits finis par le biais de v\u00e9rifications ind\u00e9pendantes, d&rsquo;audits de fournisseurs et de fabricants, d&rsquo;inspections et d&rsquo;essais fonctionnels, de documentation technique, de mesures dimensionnelles, de v\u00e9rification de la marque CE, de supervision de chargement et d&rsquo;essais chimiques pertinents lorsque cela est requis par les directives r\u00e9glementaires.<\/p>\n<p><strong>Nos services d&rsquo;inspection des machines et des mat\u00e9riaux :<\/strong><\/p>\n<ul>\n<li>Inspections avant exp\u00e9dition<\/li>\n<li>Inspections de pr\u00e9-production<\/li>\n<li>Inspections en cours de production<\/li>\n<li>Inspections pi\u00e8ce par pi\u00e8ce<\/li>\n<li>Supervision du chargement\/d\u00e9chargement<\/li>\n<li>D\u00e9tection des m\u00e9taux<\/li>\n<li>Contr\u00f4le des \u00e9chantillons<\/li>\n<\/ul>\n","protected":false},"excerpt":{"rendered":"<p>Le contr\u00f4le de la qualit\u00e9 des machines et des mat\u00e9riaux est essentiel pour optimiser l&rsquo;efficacit\u00e9 et am\u00e9liorer vos r\u00e9sultats. Les inspections de machines et de mat\u00e9riaux peuvent aller d&rsquo;une simple liste de contr\u00f4le \u00e0 des inspections, des tests et des listes de contr\u00f4le de v\u00e9rification de conformit\u00e9 personnalis\u00e9s et uniques, bas\u00e9s sur des exigences techniques [&hellip;]<\/p>\n","protected":false},"author":12,"featured_media":135350,"parent":135748,"menu_order":0,"comment_status":"closed","ping_status":"closed","template":"","meta":{"_acf_changed":false,"footnotes":""},"class_list":["post-136526","page","type-page","status-publish","has-post-thumbnail","hentry"],"acf":[],"_links":{"self":[{"href":"https:\/\/www.hqts.com\/fr\/wp-json\/wp\/v2\/pages\/136526","targetHints":{"allow":["GET"]}}],"collection":[{"href":"https:\/\/www.hqts.com\/fr\/wp-json\/wp\/v2\/pages"}],"about":[{"href":"https:\/\/www.hqts.com\/fr\/wp-json\/wp\/v2\/types\/page"}],"author":[{"embeddable":true,"href":"https:\/\/www.hqts.com\/fr\/wp-json\/wp\/v2\/users\/12"}],"replies":[{"embeddable":true,"href":"https:\/\/www.hqts.com\/fr\/wp-json\/wp\/v2\/comments?post=136526"}],"version-history":[{"count":2,"href":"https:\/\/www.hqts.com\/fr\/wp-json\/wp\/v2\/pages\/136526\/revisions"}],"predecessor-version":[{"id":136528,"href":"https:\/\/www.hqts.com\/fr\/wp-json\/wp\/v2\/pages\/136526\/revisions\/136528"}],"up":[{"embeddable":true,"href":"https:\/\/www.hqts.com\/fr\/wp-json\/wp\/v2\/pages\/135748"}],"wp:featuredmedia":[{"embeddable":true,"href":"https:\/\/www.hqts.com\/fr\/wp-json\/wp\/v2\/media\/135350"}],"wp:attachment":[{"href":"https:\/\/www.hqts.com\/fr\/wp-json\/wp\/v2\/media?parent=136526"}],"curies":[{"name":"wp","href":"https:\/\/api.w.org\/{rel}","templated":true}]}}