{"id":136609,"date":"2023-03-03T08:42:23","date_gmt":"2023-03-03T08:42:23","guid":{"rendered":"https:\/\/www.hqts.com\/?page_id=136609"},"modified":"2023-03-03T08:48:30","modified_gmt":"2023-03-03T08:48:30","slug":"inspection-qualite-du-textile-et-de-lhabillement","status":"publish","type":"page","link":"https:\/\/www.hqts.com\/fr\/industries-que-nous-desservons\/produits-de-consommation\/inspection-qualite-du-textile-et-de-lhabillement\/","title":{"rendered":"Inspections de contr\u00f4le de la qualit\u00e9 du textile et de l&rsquo;habillement"},"content":{"rendered":"<p><strong>HQTS a \u00e9tabli la norme en mati\u00e8re de services fiables de contr\u00f4le de la qualit\u00e9 du textile et de l&rsquo;habillement dans toute l&rsquo;Asie depuis 1987. Nous fournissons des services complets pour toutes vos inspections et tests de v\u00eatements et de textiles afin de vous aider \u00e0 fournir des produits de la plus haute qualit\u00e9.<\/strong><\/p>\n<p>Avec pr\u00e8s de 700 professionnels en Asie, nos inspections de textiles et de v\u00eatements sont men\u00e9es par des experts exp\u00e9riment\u00e9s et form\u00e9s \u00e0 l&rsquo;industrie qui peuvent \u00e9valuer vos produits et vous aider \u00e0 identifier les diff\u00e9rents niveaux de d\u00e9fauts.<\/p>\n<p>Notre personnel exp\u00e9riment\u00e9 en mati\u00e8re d&rsquo;inspection, de science et d&rsquo;ing\u00e9nierie fournit des conseils in\u00e9gal\u00e9s, m\u00eame pour les besoins les plus complexes en mati\u00e8re de performance des produits. Nos connaissances, notre exp\u00e9rience et notre int\u00e9grit\u00e9 vous aident \u00e0 vous conformer aux r\u00e9glementations internationales en mati\u00e8re d&rsquo;inflammabilit\u00e9, de teneur en fibres, d&rsquo;\u00e9tiquetage d&rsquo;entretien et bien plus encore.<\/p>\n<p>Notre laboratoire d&rsquo;essais textiles est \u00e9quip\u00e9 d&rsquo;\u00e9quipements et de processus d&rsquo;essais avanc\u00e9s. Nous fournissons un service d&rsquo;essai de haute qualit\u00e9 par rapport \u00e0 la plupart des normes internationales, notamment :<\/p>\n<ul>\n<li><strong>Inspection visuelle &#8211;<\/strong> Nous veillons \u00e0 ce que votre produit r\u00e9ponde \u00e0 vos attentes ou les d\u00e9passe, en mettant l&rsquo;accent sur la couleur, le style et les mat\u00e9riaux, afin de garantir son acceptation par le march\u00e9.<\/li>\n<li><strong>Inspection AQL &#8211;<\/strong> Notre personnel travaille avec vous pour d\u00e9terminer les meilleures normes AQL afin de maintenir un \u00e9quilibre entre le co\u00fbt des services et l&rsquo;acceptation du march\u00e9.<\/li>\n<li><strong>Mesures &#8211;<\/strong> Notre \u00e9quipe d&rsquo;inspection bien form\u00e9e inspectera toute votre cargaison avant l&rsquo;exp\u00e9dition pour garantir la conformit\u00e9 \u00e0 vos sp\u00e9cifications de mesure, \u00e9vitant ainsi les pertes de temps, d&rsquo;argent et de client\u00e8le dues aux retours et aux commandes perdues.<\/li>\n<\/ul>\n<p>&nbsp;<\/p>\n<h3><strong>Tests <\/strong><\/h3>\n<p>HQTS-QAI a \u00e9tabli la norme en mati\u00e8re de services fiables d&rsquo;essais de textiles et de v\u00eatements depuis 2003. Notre personnel scientifique et technique chevronn\u00e9 fournit des conseils in\u00e9gal\u00e9s, m\u00eame pour les besoins les plus complexes en mati\u00e8re de performance des produits. Nos connaissances, notre exp\u00e9rience et notre int\u00e9grit\u00e9 vous aident \u00e0 vous conformer aux r\u00e9glementations internationales en mati\u00e8re d&rsquo;inflammabilit\u00e9, de teneur en fibres, d&rsquo;\u00e9tiquetage d&rsquo;entretien et bien plus encore.<\/p>\n<h4><strong>Tests sur les textiles et les v\u00eatements<\/strong><\/h4>\n<p>Avec une pr\u00e9occupation croissante concernant l&rsquo;environnement, la sant\u00e9 et la s\u00e9curit\u00e9 des textiles, et les introductions successives de r\u00e9glementations gouvernementales pertinentes, les fabricants de textiles font face \u00e0 des d\u00e9fis sans pr\u00e9c\u00e9dent en mati\u00e8re d&rsquo;assurance qualit\u00e9. HQTS-QAI dispose d&rsquo;une \u00e9quipe d&rsquo;ing\u00e9nieurs d&rsquo;essais professionnels qui fournissent des services d&rsquo;essais de textiles \u00e0 guichet unique conform\u00e9ment aux normes ASTM, AATCC, ISO, EN, JIS, GB et autres. Nos services d&rsquo;essais reconnus internationalement vous aident \u00e0 am\u00e9liorer la qualit\u00e9 de vos produits et \u00e0 respecter les r\u00e9glementations sp\u00e9cifiques.<\/p>\n<p><strong>Principales cat\u00e9gories de produits<\/strong><\/p>\n<ul>\n<li>Divers composants fibrillaires<\/li>\n<li>Tissus structurels divers<\/li>\n<li>V\u00eatements<\/li>\n<li>Textiles d&rsquo;int\u00e9rieur<\/li>\n<li>Articles de d\u00e9coration<\/li>\n<li>Tissus \u00e9cologiques<\/li>\n<li>Autres<\/li>\n<\/ul>\n<p><strong>Articles pour tests physiques<\/strong><\/p>\n<ul>\n<li>Analyse de la composition des fibres<\/li>\n<li>Construction du tissu<\/li>\n<li>Stabilit\u00e9 des mesures (r\u00e9tr\u00e9cissement)<\/li>\n<li>Solidit\u00e9 des couleurs<\/li>\n<li>Performance<\/li>\n<li>S\u00e9curit\u00e9 en mati\u00e8re d&rsquo;inflammabilit\u00e9<\/li>\n<li>Eco-textile<\/li>\n<li>Accessoires de v\u00eatements (fermeture \u00e9clair, bouton, etc.)<\/li>\n<\/ul>\n<p><strong>Articles pour tests chimiques<\/strong><\/p>\n<ul>\n<li>AZO<\/li>\n<li>Colorants dispers\u00e9s allerg\u00e8nes<\/li>\n<li>Colorants canc\u00e9rig\u00e8nes<\/li>\n<li>M\u00e9taux lourds<\/li>\n<li>Formald\u00e9hydes<\/li>\n<li>Ph\u00e9nols<\/li>\n<li>PH<\/li>\n<li>Pesticides<\/li>\n<li>Phtalate<\/li>\n<li>Retardateurs de flamme<\/li>\n<li>PEoA\/PFoS<\/li>\n<li>OPEO : NPEO, CP, NP<\/li>\n<\/ul>\n<p>&nbsp;<\/p>\n","protected":false},"excerpt":{"rendered":"<p>HQTS a \u00e9tabli la norme en mati\u00e8re de services fiables de contr\u00f4le de la qualit\u00e9 du textile et de l&rsquo;habillement dans toute l&rsquo;Asie depuis 1987. Nous fournissons des services complets pour toutes vos inspections et tests de v\u00eatements et de textiles afin de vous aider \u00e0 fournir des produits de la plus haute qualit\u00e9. Avec [&hellip;]<\/p>\n","protected":false},"author":12,"featured_media":136613,"parent":135983,"menu_order":28,"comment_status":"closed","ping_status":"closed","template":"","meta":{"_acf_changed":false,"footnotes":""},"class_list":["post-136609","page","type-page","status-publish","has-post-thumbnail","hentry"],"acf":[],"_links":{"self":[{"href":"https:\/\/www.hqts.com\/fr\/wp-json\/wp\/v2\/pages\/136609","targetHints":{"allow":["GET"]}}],"collection":[{"href":"https:\/\/www.hqts.com\/fr\/wp-json\/wp\/v2\/pages"}],"about":[{"href":"https:\/\/www.hqts.com\/fr\/wp-json\/wp\/v2\/types\/page"}],"author":[{"embeddable":true,"href":"https:\/\/www.hqts.com\/fr\/wp-json\/wp\/v2\/users\/12"}],"replies":[{"embeddable":true,"href":"https:\/\/www.hqts.com\/fr\/wp-json\/wp\/v2\/comments?post=136609"}],"version-history":[{"count":2,"href":"https:\/\/www.hqts.com\/fr\/wp-json\/wp\/v2\/pages\/136609\/revisions"}],"predecessor-version":[{"id":136614,"href":"https:\/\/www.hqts.com\/fr\/wp-json\/wp\/v2\/pages\/136609\/revisions\/136614"}],"up":[{"embeddable":true,"href":"https:\/\/www.hqts.com\/fr\/wp-json\/wp\/v2\/pages\/135983"}],"wp:featuredmedia":[{"embeddable":true,"href":"https:\/\/www.hqts.com\/fr\/wp-json\/wp\/v2\/media\/136613"}],"wp:attachment":[{"href":"https:\/\/www.hqts.com\/fr\/wp-json\/wp\/v2\/media?parent=136609"}],"curies":[{"name":"wp","href":"https:\/\/api.w.org\/{rel}","templated":true}]}}