{"id":136616,"date":"2023-03-03T08:53:20","date_gmt":"2023-03-03T08:53:20","guid":{"rendered":"https:\/\/www.hqts.com\/?page_id=136616"},"modified":"2023-03-03T08:55:13","modified_gmt":"2023-03-03T08:55:13","slug":"inspections-equipements-materiaux-construction","status":"publish","type":"page","link":"https:\/\/www.hqts.com\/fr\/industries-que-nous-desservons\/inspections-equipements-materiaux-construction\/","title":{"rendered":"Inspections des \u00e9quipements et mat\u00e9riaux de construction"},"content":{"rendered":"<p><strong>Les services d&rsquo;assurance et de contr\u00f4le de la qualit\u00e9 de HQTS vous donnent confiance dans la qualit\u00e9 de tous les mat\u00e9riaux, composants et \u00e9quipements utilis\u00e9s dans l&rsquo;industrie de la construction et vous assurent qu&rsquo;ils sont conformes \u00e0 toutes les normes et r\u00e9glementations de qualit\u00e9 en vigueur.<\/strong><\/p>\n<p>Nos services pour l&rsquo;industrie comprennent des inspections de contr\u00f4le de la qualit\u00e9 et des tests de pi\u00e8ces, de mat\u00e9riaux et de produits finis par le biais de contr\u00f4les ind\u00e9pendants, d&rsquo;audits de fournisseurs et de fabricants, d&rsquo;inspections et de tests fonctionnels, de documentation technique, de mesures dimensionnelles, de v\u00e9rification du marquage CE, de supervision du chargement et de tests chimiques pertinents lorsque cela est requis par les directives r\u00e9glementaires.<\/p>\n<p>HVAC bain, quincaillerie de b\u00e2timent, garnitures et composants de b\u00e2timent, portes, fen\u00eatres et verre et diff\u00e9rents types de mat\u00e9riaux de construction.<\/p>\n<p><strong>Nos services comprennent :<\/strong><\/p>\n<p>Services d&rsquo;inspection et de test des projets<\/p>\n<ul>\n<li>Mati\u00e8res premi\u00e8res et composants<\/li>\n<li>\u00c9valuation structurelle<\/li>\n<li>Montage de la structure en acier<\/li>\n<li>Environnement int\u00e9rieur<\/li>\n<li>Structure des murs<\/li>\n<li>Mur ext\u00e9rieur structurel<\/li>\n<\/ul>\n<p>&nbsp;<\/p>\n<p><strong>Supervision des projets de construction<\/strong><\/p>\n<ul>\n<li>Projet de base<\/li>\n<li>Structures principales<\/li>\n<li>Partie majeure<\/li>\n<li>Proc\u00e9dure majeure<\/li>\n<li>Supervision des travailleurs<\/li>\n<li>R\u00e9alisations en mati\u00e8re de gestion des plans et des documents<\/li>\n<\/ul>\n","protected":false},"excerpt":{"rendered":"<p>Les services d&rsquo;assurance et de contr\u00f4le de la qualit\u00e9 de HQTS vous donnent confiance dans la qualit\u00e9 de tous les mat\u00e9riaux, composants et \u00e9quipements utilis\u00e9s dans l&rsquo;industrie de la construction et vous assurent qu&rsquo;ils sont conformes \u00e0 toutes les normes et r\u00e9glementations de qualit\u00e9 en vigueur. Nos services pour l&rsquo;industrie comprennent des inspections de contr\u00f4le [&hellip;]<\/p>\n","protected":false},"author":12,"featured_media":136620,"parent":135780,"menu_order":20,"comment_status":"closed","ping_status":"closed","template":"","meta":{"_acf_changed":false,"footnotes":""},"class_list":["post-136616","page","type-page","status-publish","has-post-thumbnail","hentry"],"acf":[],"_links":{"self":[{"href":"https:\/\/www.hqts.com\/fr\/wp-json\/wp\/v2\/pages\/136616","targetHints":{"allow":["GET"]}}],"collection":[{"href":"https:\/\/www.hqts.com\/fr\/wp-json\/wp\/v2\/pages"}],"about":[{"href":"https:\/\/www.hqts.com\/fr\/wp-json\/wp\/v2\/types\/page"}],"author":[{"embeddable":true,"href":"https:\/\/www.hqts.com\/fr\/wp-json\/wp\/v2\/users\/12"}],"replies":[{"embeddable":true,"href":"https:\/\/www.hqts.com\/fr\/wp-json\/wp\/v2\/comments?post=136616"}],"version-history":[{"count":3,"href":"https:\/\/www.hqts.com\/fr\/wp-json\/wp\/v2\/pages\/136616\/revisions"}],"predecessor-version":[{"id":136623,"href":"https:\/\/www.hqts.com\/fr\/wp-json\/wp\/v2\/pages\/136616\/revisions\/136623"}],"up":[{"embeddable":true,"href":"https:\/\/www.hqts.com\/fr\/wp-json\/wp\/v2\/pages\/135780"}],"wp:featuredmedia":[{"embeddable":true,"href":"https:\/\/www.hqts.com\/fr\/wp-json\/wp\/v2\/media\/136620"}],"wp:attachment":[{"href":"https:\/\/www.hqts.com\/fr\/wp-json\/wp\/v2\/media?parent=136616"}],"curies":[{"name":"wp","href":"https:\/\/api.w.org\/{rel}","templated":true}]}}