{"id":136630,"date":"2023-03-03T09:53:41","date_gmt":"2023-03-03T09:53:41","guid":{"rendered":"https:\/\/www.hqts.com\/?page_id=136630"},"modified":"2023-03-03T09:54:42","modified_gmt":"2023-03-03T09:54:42","slug":"qualite-commerce-electronique","status":"publish","type":"page","link":"https:\/\/www.hqts.com\/fr\/industries-que-nous-desservons\/qualite-commerce-electronique\/","title":{"rendered":"Contr\u00f4le et assurance de la qualit\u00e9 pour le commerce \u00e9lectronique"},"content":{"rendered":"<p><strong>HQTS est partenaire de diverses plateformes de commerce \u00e9lectronique en Asie pour fournir plusieurs services de contr\u00f4le et d&rsquo;assurance qualit\u00e9 afin de garantir la s\u00e9curit\u00e9 et la qualit\u00e9 des produits qu&rsquo;elles livrent aux consommateurs nationaux en ligne.<\/strong><\/p>\n<h3><strong>Qu&rsquo;est-ce que le contr\u00f4le de la qualit\u00e9 dans le commerce \u00e9lectronique ?<\/strong><\/h3>\n<p>Le contr\u00f4le de la qualit\u00e9 dans le commerce \u00e9lectronique concerne les biens vendus par ce biais. Le commerce \u00e9lectronique est consid\u00e9r\u00e9 comme une excellente alternative pour les entreprises pour atteindre de nouveaux clients et march\u00e9s.<\/p>\n<p>La qualit\u00e9 est la question vitale du commerce \u00e9lectronique, et l&rsquo;importance de la mesure et du contr\u00f4le de la qualit\u00e9 a d\u00e9j\u00e0 \u00e9t\u00e9 bien reconnue. Le contr\u00f4le de la qualit\u00e9 dans le commerce \u00e9lectronique augmentera consid\u00e9rablement les chances qu&rsquo;un projet de commerce \u00e9lectronique satisfasse les exigences de performance des utilisateurs pour la premi\u00e8re fois.<\/p>\n<h3><strong>Pourquoi l&rsquo;assurance qualit\u00e9 dans le commerce \u00e9lectronique est-elle si importante pour l&rsquo;Asie ?<\/strong><\/h3>\n<p>Il s&rsquo;agit d&rsquo;une activit\u00e9 croissante pour HQTS, car les consommateurs asiatiques exigent de plus en plus la m\u00eame qualit\u00e9 de produit et la m\u00eame s\u00e9curit\u00e9 que celles souvent associ\u00e9es aux march\u00e9s d&rsquo;exportation. La classe moyenne croissante a plus de revenus disponibles, et exige une qualit\u00e9 et une s\u00e9curit\u00e9 plus \u00e9lev\u00e9es dans les produits qu&rsquo;elle ach\u00e8te.<\/p>\n<p>Ce ph\u00e9nom\u00e8ne, conjugu\u00e9 \u00e0 la col\u00e8re suscit\u00e9e par la prolif\u00e9ration des produits de contrefa\u00e7on et des substances dangereuses, contribue \u00e0 modifier sensiblement les perceptions et les attentes des consommateurs chinois en mati\u00e8re de qualit\u00e9.<\/p>\n<h3><strong>Comment mener un test de contr\u00f4le de la qualit\u00e9 dans le commerce \u00e9lectronique ?<\/strong><\/h3>\n<p><strong>D\u00e9veloppement des besoins<\/strong><\/p>\n<p>Tout d&rsquo;abord, HQTS aidera nos clients \u00e0 d\u00e9terminer quels produits doivent \u00eatre test\u00e9s et quels aspects du produit doivent \u00eatre \u00e9valu\u00e9s selon les exigences des plateformes de commerce \u00e9lectronique.<\/p>\n<p><strong>D\u00e9veloppement du plan de test<\/strong><\/p>\n<p>Ensuite, HQTS cr\u00e9era un plan de test, un document qui d\u00e9crit la strat\u00e9gie qui sera utilis\u00e9e pour les tests. Ce plan comprendra la port\u00e9e des tests, les techniques qui seront utilis\u00e9es, l&rsquo;\u00e9quipement, les autres ressources n\u00e9cessaires et le calendrier des tests.<\/p>\n<p><strong>Tests<\/strong><\/p>\n<p>Ensuite, HQTS mettra en place l&rsquo;environnement d&rsquo;essai selon les directives d&rsquo;essai du produit dans le plan. Une fois que l&rsquo;environnement d&rsquo;essai est pr\u00e9par\u00e9 et que l&rsquo;\u00e9quipement n\u00e9cessaire est en place, nous commencerons \u00e0 ex\u00e9cuter les essais selon la strat\u00e9gie pr\u00e9d\u00e9termin\u00e9e.<\/p>\n<p><strong>\u00c9valuation des r\u00e9sultats<\/strong><\/p>\n<p>Apr\u00e8s le test, HQTS \u00e9valuera les r\u00e9sultats du test et les communiquera. Nous analyserons toutes les d\u00e9faillances ou les probl\u00e8mes de performance qui se sont pos\u00e9s dans le produit pour d\u00e9terminer leur cause, et discuterons avec les clients pour am\u00e9liorer la performance du produit ou pr\u00e9venir les d\u00e9faillances du produit.<\/p>\n<p>HQTS est heureux de r\u00e9pondre \u00e0 cette demande par le biais de notre assurance qualit\u00e9 et de nos tests pour les fournisseurs de nos partenaires de commerce \u00e9lectronique dans toute l&rsquo;Asie. Certains de ces services comprennent des inspections de contr\u00f4le de la qualit\u00e9, des tests de produits de consommation, des tests d&#8217;emballage ISTA, des audits d&rsquo;usine, des v\u00e9rifications et des \u00e9valuations de fournisseurs, des enqu\u00eates sur les contrefa\u00e7ons et leur att\u00e9nuation, et bien plus encore.<\/p>\n<p>&nbsp;<\/p>\n","protected":false},"excerpt":{"rendered":"<p>HQTS est partenaire de diverses plateformes de commerce \u00e9lectronique en Asie pour fournir plusieurs services de contr\u00f4le et d&rsquo;assurance qualit\u00e9 afin de garantir la s\u00e9curit\u00e9 et la qualit\u00e9 des produits qu&rsquo;elles livrent aux consommateurs nationaux en ligne. Qu&rsquo;est-ce que le contr\u00f4le de la qualit\u00e9 dans le commerce \u00e9lectronique ? Le contr\u00f4le de la qualit\u00e9 dans [&hellip;]<\/p>\n","protected":false},"author":12,"featured_media":136632,"parent":135780,"menu_order":5,"comment_status":"closed","ping_status":"closed","template":"","meta":{"_acf_changed":false,"footnotes":""},"class_list":["post-136630","page","type-page","status-publish","has-post-thumbnail","hentry"],"acf":[],"_links":{"self":[{"href":"https:\/\/www.hqts.com\/fr\/wp-json\/wp\/v2\/pages\/136630","targetHints":{"allow":["GET"]}}],"collection":[{"href":"https:\/\/www.hqts.com\/fr\/wp-json\/wp\/v2\/pages"}],"about":[{"href":"https:\/\/www.hqts.com\/fr\/wp-json\/wp\/v2\/types\/page"}],"author":[{"embeddable":true,"href":"https:\/\/www.hqts.com\/fr\/wp-json\/wp\/v2\/users\/12"}],"replies":[{"embeddable":true,"href":"https:\/\/www.hqts.com\/fr\/wp-json\/wp\/v2\/comments?post=136630"}],"version-history":[{"count":3,"href":"https:\/\/www.hqts.com\/fr\/wp-json\/wp\/v2\/pages\/136630\/revisions"}],"predecessor-version":[{"id":136635,"href":"https:\/\/www.hqts.com\/fr\/wp-json\/wp\/v2\/pages\/136630\/revisions\/136635"}],"up":[{"embeddable":true,"href":"https:\/\/www.hqts.com\/fr\/wp-json\/wp\/v2\/pages\/135780"}],"wp:featuredmedia":[{"embeddable":true,"href":"https:\/\/www.hqts.com\/fr\/wp-json\/wp\/v2\/media\/136632"}],"wp:attachment":[{"href":"https:\/\/www.hqts.com\/fr\/wp-json\/wp\/v2\/media?parent=136630"}],"curies":[{"name":"wp","href":"https:\/\/api.w.org\/{rel}","templated":true}]}}