{"id":136857,"date":"2023-03-06T14:15:25","date_gmt":"2023-03-06T14:15:25","guid":{"rendered":"https:\/\/www.hqts.com\/?page_id=136857"},"modified":"2023-03-06T14:22:29","modified_gmt":"2023-03-06T14:22:29","slug":"hqts","status":"publish","type":"page","link":"https:\/\/www.hqts.com\/fr\/a-propos-de-nous\/hqts\/","title":{"rendered":"\u00c0 Propos de Nous"},"content":{"rendered":"\t\t<div data-elementor-type=\"wp-page\" data-elementor-id=\"136857\" class=\"elementor elementor-136857 elementor-377\" data-elementor-post-type=\"page\">\n\t\t\t\t\t\t<section class=\"elementor-section elementor-top-section elementor-element elementor-element-6f6cd97c elementor-section-boxed elementor-section-height-default elementor-section-height-default\" data-id=\"6f6cd97c\" data-element_type=\"section\">\n\t\t\t\t\t\t<div class=\"elementor-container elementor-column-gap-no\">\n\t\t\t\t\t<div class=\"elementor-column elementor-col-100 elementor-top-column elementor-element elementor-element-34e26fb1\" data-id=\"34e26fb1\" data-element_type=\"column\">\n\t\t\t<div class=\"elementor-widget-wrap elementor-element-populated\">\n\t\t\t\t\t\t<div class=\"elementor-element elementor-element-8fbfd5d elementor-widget elementor-widget-text-editor\" data-id=\"8fbfd5d\" data-element_type=\"widget\" data-widget_type=\"text-editor.default\">\n\t\t\t\t<div class=\"elementor-widget-container\">\n\t\t\t\t\t\t\t\t\t<h3><strong>HQTS &#8211; Votre soci\u00e9t\u00e9 de contr\u00f4le de la qualit\u00e9<\/strong><\/h3><p>HQTS fournit des inspections de contr\u00f4le de la qualit\u00e9, des audits d&rsquo;usine, des \u00e9valuations de fournisseurs, des tests de produits de consommation, le contr\u00f4le et la gestion de la production, et des conseils en mati\u00e8re de contr\u00f4le de la qualit\u00e9 dans toute l&rsquo;Asie.<\/p><h4><img fetchpriority=\"high\" decoding=\"async\" class=\"alignnone size-large wp-image-128830\" src=\"https:\/\/www.hqts.com\/wp-content\/uploads\/2022\/11\/HQTS-Stats-5-1024x284.png\" alt=\"HQTS Statistics\" width=\"800\" height=\"222\" srcset=\"https:\/\/www.hqts.com\/wp-content\/uploads\/2022\/11\/HQTS-Stats-5-1024x284.png 1024w, https:\/\/www.hqts.com\/wp-content\/uploads\/2022\/11\/HQTS-Stats-5-300x83.png 300w, https:\/\/www.hqts.com\/wp-content\/uploads\/2022\/11\/HQTS-Stats-5-768x213.png 768w, https:\/\/www.hqts.com\/wp-content\/uploads\/2022\/11\/HQTS-Stats-5-1536x427.png 1536w, https:\/\/www.hqts.com\/wp-content\/uploads\/2022\/11\/HQTS-Stats-5-2048x569.png 2048w\" sizes=\"(max-width: 800px) 100vw, 800px\" \/><\/h4>\t\t\t\t\t\t\t\t<\/div>\n\t\t\t\t<\/div>\n\t\t\t\t<div class=\"elementor-element elementor-element-23f7fad elementor-widget elementor-widget-image\" data-id=\"23f7fad\" data-element_type=\"widget\" data-widget_type=\"image.default\">\n\t\t\t\t<div class=\"elementor-widget-container\">\n\t\t\t\t\t\t\t\t\t\t\t\t\t\t\t<img decoding=\"async\" width=\"7132\" height=\"3501\" src=\"https:\/\/www.hqts.com\/wp-content\/uploads\/2022\/11\/HQTS-Worldmap-3.png\" class=\"attachment-full size-full wp-image-136873\" alt=\"\" srcset=\"https:\/\/www.hqts.com\/wp-content\/uploads\/2022\/11\/HQTS-Worldmap-3.png 7132w, https:\/\/www.hqts.com\/wp-content\/uploads\/2022\/11\/HQTS-Worldmap-3-300x147.png 300w, https:\/\/www.hqts.com\/wp-content\/uploads\/2022\/11\/HQTS-Worldmap-3-1024x503.png 1024w, https:\/\/www.hqts.com\/wp-content\/uploads\/2022\/11\/HQTS-Worldmap-3-768x377.png 768w, https:\/\/www.hqts.com\/wp-content\/uploads\/2022\/11\/HQTS-Worldmap-3-1536x754.png 1536w, https:\/\/www.hqts.com\/wp-content\/uploads\/2022\/11\/HQTS-Worldmap-3-2048x1005.png 2048w\" sizes=\"(max-width: 7132px) 100vw, 7132px\" \/>\t\t\t\t\t\t\t\t\t\t\t\t\t\t\t<\/div>\n\t\t\t\t<\/div>\n\t\t\t\t<div class=\"elementor-element elementor-element-6018cf30 elementor-widget elementor-widget-text-editor\" data-id=\"6018cf30\" data-element_type=\"widget\" data-widget_type=\"text-editor.default\">\n\t\t\t\t<div class=\"elementor-widget-container\">\n\t\t\t\t\t\t\t\t\t<p>Soutenu par la connaissance de l&rsquo;industrie et l&rsquo;exp\u00e9rience de milliers de professionnels dans le monde entier. HQTS est bien plac\u00e9 pour \u00eatre votre partenaire en mati\u00e8re de qualit\u00e9.<\/p><p>On dit souvent que la confiance est difficile \u00e0 gagner et facile \u00e0 perdre. Cela n&rsquo;a jamais \u00e9t\u00e9 aussi vrai que dans le march\u00e9 des biens de consommation d&rsquo;aujourd&rsquo;hui. Lorsqu&rsquo;un consommateur ach\u00e8te votre produit, une promesse a \u00e9t\u00e9 faite en termes de forme, de fonction et de facilit\u00e9 d&rsquo;utilisation. Le respect de cette promesse est la pierre angulaire de votre succ\u00e8s.<\/p><p>Avec les rappels de produits et les compromis de qualit\u00e9 \u00e0 des niveaux historiquement \u00e9lev\u00e9s, HQTS peut vous aider \u00e0 vous d\u00e9marquer en vous assurant de tenir cette promesse gr\u00e2ce \u00e0 nos solutions compl\u00e8tes de contr\u00f4le de la qualit\u00e9.<\/p><p>Reconnus dans l&rsquo;industrie pour notre meilleure formation de classe et nos normes \u00e9thiques robustes, les solutions d&rsquo;assurance qualit\u00e9, d&rsquo;essais et d&rsquo;inspection de HQTS vous offrent la tranquillit\u00e9 d&rsquo;esprit et la confiance que vos produits r\u00e9pondent \u00e0 vos normes de qualit\u00e9 exigeantes et s&rsquo;alignent sur les attentes des clients.<\/p><h3><strong>Divisions<\/strong><\/h3><p>HQTS est compos\u00e9 de quatre divisions et r\u00e9gions sp\u00e9cifiques aux affaires.<\/p><p><strong>Inspections &#8211;<\/strong> Inspections de contr\u00f4le de qualit\u00e9, tests et soci\u00e9t\u00e9 de conseil bas\u00e9e \u00e0 Fuzhou en Chine avec des bureaux \u00e0 Shanghai, New Delhi en Inde, au Br\u00e9sil, en Allemagne, en Pologne, en Russie et aux Etats-Unis.<\/p><p><strong>Tests &#8211;<\/strong> Laboratoire de tests de produits de consommation bas\u00e9 \u00e0 Hangzhou. Cette soci\u00e9t\u00e9 a \u00e9t\u00e9 cr\u00e9\u00e9e en tant que joint venture avec QA International Inc. bas\u00e9e aux \u00c9tats-Unis. Nous effectuons des tests chimiques, fonctionnels, de s\u00e9curit\u00e9 et d&#8217;emballage pour les biens de consommation dans notre laboratoire de 80 000 m\u00e8tres carr\u00e9s. Nous disposons \u00e9galement d&rsquo;un laboratoire distinct exclusivement consacr\u00e9 aux tests de chaussures \u00e0 Dongguan, en Chine.<\/p><p><strong>Inspections de triage &#8211;<\/strong> Nous effectuons des inspections de triage pi\u00e8ce par pi\u00e8ce, la d\u00e9tection de m\u00e9taux et le reconditionnement pour les clients qui fabriquent des produits haut de gamme exigeant le z\u00e9ro d\u00e9faut. Nous exploitons nos propres installations \u00e0 Shanghai et \u00e0 Jinjiang en Chine, ainsi qu&rsquo;au Cambodge. Nous pouvons \u00e9galement fournir des services en usine.<\/p><p><strong>March\u00e9 int\u00e9rieur &#8211;<\/strong> exclusivement ax\u00e9 sur la fourniture de services de contr\u00f4le de la qualit\u00e9 aux fabricants, fournisseurs et acheteurs chinois. Nous soutenons la demande croissante de produits de qualit\u00e9 sur le march\u00e9 chinois en offrant les services techniques n\u00e9cessaires pour aider les fabricants \u00e0 fournir des produits de qualit\u00e9.<\/p><h3><strong>Historique<\/strong><\/h3><p>HQTS a \u00e9t\u00e9 fond\u00e9 en 1987 en tant que division de l&rsquo;Institut d&rsquo;inspection et de recherche de Fujian (FCII) pour la qualit\u00e9 des produits. FCII \u00e9tait une installation de recherche et de tests accr\u00e9dit\u00e9e pour tester plus de 2.000 types de produits. Cette division s&rsquo;occupait de tous les travaux d&rsquo;inspection de contr\u00f4le de la qualit\u00e9 des contrats, tant nationaux qu&rsquo;\u00e9trangers, pour le FCII.<\/p><p>Avant l&rsquo;adh\u00e9sion de la Chine \u00e0 l&rsquo;OMC, les entreprises \u00e9trang\u00e8res ne pouvaient pas op\u00e9rer en Chine. Elles sous-traitaient donc leur contr\u00f4le de la qualit\u00e9 \u00e0 des entreprises locales en Chine, dont HQTS est devenue l&rsquo;une des plus importantes. Ceci a abouti \u00e0 la s\u00e9paration de HQTS en tant que soci\u00e9t\u00e9 distincte \u00e0 part enti\u00e8re en 1995, pour se concentrer exclusivement sur les services d&rsquo;inspection en sous-traitance pour les soci\u00e9t\u00e9s internationales.<\/p><p>En 2003, des cadres cl\u00e9s ont commenc\u00e9 \u00e0 s&rsquo;\u00e9loigner des services de sous-traitance pour devenir un fournisseur direct. C&rsquo;est \u00e0 cette \u00e9poque que nous avons \u00e9galement fond\u00e9 notre laboratoire de tests de produits de consommation en tant que coentreprise avec QA International, bas\u00e9 aux \u00c9tats-Unis.<\/p><p>En 2010, HQTS effectuait des milliers d&rsquo;inspections de contr\u00f4le de qualit\u00e9 par mois. En outre, notre activit\u00e9 de tests s&rsquo;est rapidement d\u00e9velopp\u00e9e et a \u00e9t\u00e9 accr\u00e9dit\u00e9e pour tester toutes les principales r\u00e9glementations d&rsquo;importation mondiales et les essais d&#8217;emballage de l&rsquo;ISTA. Depuis lors, notre croissance a \u00e9t\u00e9 explosive et nous avons \u00e9tendu nos op\u00e9rations de contr\u00f4le de la qualit\u00e9 \u00e0 toute l&rsquo;Asie. Aujourd&rsquo;hui, nous sommes fiers de fournir des services de contr\u00f4le de la qualit\u00e9 pour certaines des marques les plus connues au monde.<\/p><h3><strong>Notre mission, notre vision et nos valeurs<\/strong><\/h3><p>Notre mission est d&rsquo;\u00eatre le fournisseur de contr\u00f4le qualit\u00e9 le plus comp\u00e9titif et le plus fiable au monde.<\/p><p>Nos comp\u00e9tences de base en mati\u00e8re d&rsquo;inspections de contr\u00f4le de la qualit\u00e9, d&rsquo;audits d&rsquo;usine et d&rsquo;\u00e9valuations de fournisseurs, ainsi que de tests de produits de consommation, sont constamment am\u00e9lior\u00e9es afin de garantir que nous vous fournissons les meilleurs services possibles. Notre passion pour offrir constamment les normes de service les plus \u00e9lev\u00e9es est ce qui nous d\u00e9finit.<\/p><p>L&rsquo;int\u00e9grit\u00e9, la passion et l&rsquo;innovation font partie des valeurs fondamentales que nous nous effor\u00e7ons d&rsquo;atteindre en permanence et qui influencent tous les aspects de notre activit\u00e9.<\/p>\t\t\t\t\t\t\t\t<\/div>\n\t\t\t\t<\/div>\n\t\t\t\t\t<\/div>\n\t\t<\/div>\n\t\t\t\t\t<\/div>\n\t\t<\/section>\n\t\t\t\t<\/div>\n\t\t","protected":false},"excerpt":{"rendered":"<p>HQTS &#8211; Votre soci\u00e9t\u00e9 de contr\u00f4le de la qualit\u00e9 HQTS fournit des inspections de contr\u00f4le de la qualit\u00e9, des audits d&rsquo;usine, des \u00e9valuations de fournisseurs, des tests de produits de consommation, le contr\u00f4le et la gestion de la production, et des conseils en mati\u00e8re de contr\u00f4le de la qualit\u00e9 dans toute l&rsquo;Asie. Soutenu par la [&hellip;]<\/p>\n","protected":false},"author":12,"featured_media":136863,"parent":136879,"menu_order":79,"comment_status":"closed","ping_status":"closed","template":"","meta":{"_acf_changed":false,"footnotes":""},"class_list":["post-136857","page","type-page","status-publish","has-post-thumbnail","hentry"],"acf":[],"_links":{"self":[{"href":"https:\/\/www.hqts.com\/fr\/wp-json\/wp\/v2\/pages\/136857","targetHints":{"allow":["GET"]}}],"collection":[{"href":"https:\/\/www.hqts.com\/fr\/wp-json\/wp\/v2\/pages"}],"about":[{"href":"https:\/\/www.hqts.com\/fr\/wp-json\/wp\/v2\/types\/page"}],"author":[{"embeddable":true,"href":"https:\/\/www.hqts.com\/fr\/wp-json\/wp\/v2\/users\/12"}],"replies":[{"embeddable":true,"href":"https:\/\/www.hqts.com\/fr\/wp-json\/wp\/v2\/comments?post=136857"}],"version-history":[{"count":5,"href":"https:\/\/www.hqts.com\/fr\/wp-json\/wp\/v2\/pages\/136857\/revisions"}],"predecessor-version":[{"id":136883,"href":"https:\/\/www.hqts.com\/fr\/wp-json\/wp\/v2\/pages\/136857\/revisions\/136883"}],"up":[{"embeddable":true,"href":"https:\/\/www.hqts.com\/fr\/wp-json\/wp\/v2\/pages\/136879"}],"wp:featuredmedia":[{"embeddable":true,"href":"https:\/\/www.hqts.com\/fr\/wp-json\/wp\/v2\/media\/136863"}],"wp:attachment":[{"href":"https:\/\/www.hqts.com\/fr\/wp-json\/wp\/v2\/media?parent=136857"}],"curies":[{"name":"wp","href":"https:\/\/api.w.org\/{rel}","templated":true}]}}