{"id":136885,"date":"2023-03-06T15:04:51","date_gmt":"2023-03-06T15:04:51","guid":{"rendered":"https:\/\/www.hqts.com\/?page_id=136885"},"modified":"2023-03-06T15:06:15","modified_gmt":"2023-03-06T15:06:15","slug":"controle-de-la-qualite-en-chine","status":"publish","type":"page","link":"https:\/\/www.hqts.com\/fr\/a-propos-de-nous\/controle-de-la-qualite-en-chine\/","title":{"rendered":"Contr\u00f4le de la Qualit\u00e9 en Chine"},"content":{"rendered":"<h3><strong>HQTS est votre entreprise de contr\u00f4le de la qualit\u00e9 pour le march\u00e9 chinois<\/strong><\/h3>\n<p><strong>La Chine peut se targuer d&rsquo;avoir l&rsquo;une des \u00e9conomies \u00e0 la croissance la plus rapide au monde et d&rsquo;\u00eatre le pays le plus peupl\u00e9. Elle continue d&rsquo;\u00e9voluer \u00e0 un rythme rapide et la fabrication et le commerce international sont essentiels \u00e0 cette croissance soutenue. Les relations du pays avec le reste du monde sont \u00e9galement essentielles \u00e0 son d\u00e9veloppement, d&rsquo;o\u00f9 l&rsquo;importance de l&rsquo;exportation en 2021.<\/strong><\/p>\n<h3><strong>Nos services de contr\u00f4le de la qualit\u00e9 en Chine<\/strong><\/h3>\n<p>HQTS est l&rsquo;une des premi\u00e8res soci\u00e9t\u00e9s d&rsquo;inspection de contr\u00f4le de la qualit\u00e9 en Chine, fournissant des inspections en usine, des inspections sur le terrain, des inspections de contr\u00f4le de la qualit\u00e9, des tests de produits de consommation, le contr\u00f4le et la gestion de la production, et des conseils en contr\u00f4le de la qualit\u00e9 en Chine.<\/p>\n<p>Elle fournit des services d&rsquo;assurance qualit\u00e9 complets \u00e0 guichet unique pour les clients du monde entier.<\/p>\n<p>Ces services comprennent, sans s&rsquo;y limiter, l&rsquo;inspection du contr\u00f4le de la qualit\u00e9, l&rsquo;audit d&rsquo;usines et de fournisseurs, les tests de biens de consommation, le contr\u00f4le et la gestion de la production, le conseil en contr\u00f4le de la qualit\u00e9, la formation, les services gouvernementaux et commerciaux, les services commerciaux sp\u00e9cialis\u00e9s, la supervision du chargement, la supervision des cargaisons portuaires et l&rsquo;acceptation des \u00e9quipements et des b\u00e2timents industriels dans toute l&rsquo;Asie.<\/p>\n<h4><strong>Inspections de contr\u00f4le de la qualit\u00e9<\/strong><\/h4>\n<p>Les inspections de contr\u00f4le de la qualit\u00e9 \u00e0 diverses \u00e9tapes du processus de production peuvent vous aider \u00e0 surveiller la qualit\u00e9 du produit pour assurer que les exigences sont respect\u00e9es et pour soutenir la livraison \u00e0 temps. HQTS offre des inspections en usine ainsi que des supervisions de chargement pour assurer que vos produits r\u00e9pondent aux exigences. Nous offrons les types suivants d&rsquo;Inspections QC pour la Chine :<\/p>\n<ul>\n<li>Inspections de pr\u00e9-production<\/li>\n<li>Inspections de pr\u00e9-exp\u00e9dition<\/li>\n<li>Inspections pendant la production<\/li>\n<li>Inspections pi\u00e8ce par pi\u00e8ce<\/li>\n<li>Inspections du chargement des conteneurs<\/li>\n<li>Contr\u00f4le des \u00e9chantillons<\/li>\n<li>D\u00e9tection de m\u00e9taux<\/li>\n<li>Inspection du chargement\/d\u00e9chargement<\/li>\n<\/ul>\n<h4><strong>Test de produits de consommation<\/strong><\/h4>\n<p>HQTS est accr\u00e9dit\u00e9 pour tester toutes les normes r\u00e9glementaires majeures pour l&rsquo;importation de produits de consommation. Nous assurons la conformit\u00e9 et la s\u00e9curit\u00e9 de vos produits en les testant dans notre laboratoire situ\u00e9 au centre de Hangzhou. Nous effectuons les services de test suivants en Chine :<\/p>\n<ul>\n<li>Tests chimiques<\/li>\n<li>Tests REACH<\/li>\n<li>Tests RoHS<\/li>\n<li>Tests CPSIA<\/li>\n<li>Tests d&#8217;emballage ISTA<\/li>\n<\/ul>\n<h4><strong>Audits d&rsquo;usine et audits de fournisseurs<\/strong><\/h4>\n<p>Le contr\u00f4le de la qualit\u00e9 dans les usines de fabrication chinoises commence avec les audits d&rsquo;usine et les audits de fournisseurs de HQTS pour \u00e9valuer la capacit\u00e9, la performance et les normes de qualit\u00e9 des fournisseurs. Nous \u00e9valuons les installations, les politiques, les proc\u00e9dures et les registres qui v\u00e9rifient la capacit\u00e9 d&rsquo;une usine \u00e0 fournir des produits de qualit\u00e9 constante au fil du temps, plut\u00f4t qu&rsquo;\u00e0 un moment donn\u00e9 ou seulement pour certains produits.<\/p>\n<p>Nos audits d&rsquo;usine et nos audits de fournisseurs vous fournissent une analyse d\u00e9taill\u00e9e de l&rsquo;\u00e9tat, des forces et des faiblesses de votre fournisseur. Ce service peut \u00e9galement aider les usines \u00e0 comprendre les domaines \u00e0 am\u00e9liorer afin de mieux r\u00e9pondre aux besoins des acheteurs.<\/p>\n<p>Lorsque vous s\u00e9lectionnez de nouveaux fournisseurs et am\u00e9liorez la performance globale, nos services d&rsquo;audit d&rsquo;usine et de fournisseur constituent un moyen efficace d&rsquo;am\u00e9liorer ce processus \u00e0 un co\u00fbt r\u00e9duit. Nous r\u00e9alisons les types d&rsquo;audits d&rsquo;usine suivants :<\/p>\n<ul>\n<li>Audits environnementaux<\/li>\n<li>Audits de conformit\u00e9 sociale<\/li>\n<li>Audits de fabricants<\/li>\n<li>Audit de s\u00e9curit\u00e9 des b\u00e2timents<\/li>\n<li>Audit \u00e9nerg\u00e9tique<\/li>\n<li>Contr\u00f4le de la production en usine<\/li>\n<\/ul>\n<h4><strong>Assurance qualit\u00e9 pour le commerce \u00e9lectronique<\/strong><\/h4>\n<p>Ces derni\u00e8res ann\u00e9es, le commerce \u00e9lectronique et les achats en ligne sont devenus le mode de consommation le plus r\u00e9cent et le plus populaire. Comme la supervision du march\u00e9 des achats en ligne par le gouvernement a augment\u00e9, de plus en plus de plateformes de commerce \u00e9lectronique ont \u00e9tabli leurs propres r\u00e8gles pour contr\u00f4ler syst\u00e9matiquement la qualit\u00e9 de leurs ventes en ligne. HQTS est l&rsquo;organisme officiel d&rsquo;inspection de qualit\u00e9 coop\u00e9rative d\u00e9sign\u00e9 pour de nombreuses plateformes de commerce \u00e9lectronique chinoises telles que Taobao, Tmall, Juhuasuan, Vipshop, Mushroom Street, etc. Nos services de contr\u00f4le de la qualit\u00e9 de la cha\u00eene d&rsquo;approvisionnement \u00e0 guichet unique peuvent garantir que les produits sont lanc\u00e9s avec succ\u00e8s et r\u00e9pondent aux exigences de qualit\u00e9 pertinentes.<\/p>\n<h4><strong>Autres services de contr\u00f4le qualit\u00e9 pour la Chine<\/strong><\/h4>\n<p>En plus des services mentionn\u00e9s ci-dessus, nous pouvons vous aider avec :<\/p>\n<ul>\n<li>Suivi de la production<\/li>\n<li>Formation<\/li>\n<li>Conseil<\/li>\n<li>Gouvernement et commerce<\/li>\n<\/ul>\n<p>Nos services de contr\u00f4le de la qualit\u00e9 en Chine couvrent les secteurs suivants :<\/p>\n<h4><strong>Contr\u00f4le qualit\u00e9 de l&rsquo;alimentation et de l&rsquo;agriculture en Chine<\/strong><\/h4>\n<p>Avec l&rsquo;apparition fr\u00e9quente d&rsquo;accidents de s\u00e9curit\u00e9 alimentaire, les questions de s\u00e9curit\u00e9 alimentaire en Chine font l&rsquo;objet d&rsquo;une attention accrue. Que les produits soient des r\u00e9coltes ou des aliments emball\u00e9s, HQTS peut fournir un contr\u00f4le de qualit\u00e9 complet tout au long de la cha\u00eene d&rsquo;approvisionnement alimentaire. Nos services couvrent les processus de plantation, de traitement, d&rsquo;acquisition et de transport pour surveiller et tester de pr\u00e8s la s\u00e9curit\u00e9 alimentaire.<\/p>\n<h4><strong>Inspections de la qualit\u00e9 des biens de consommation en Chine<\/strong><\/h4>\n<p>Nous disposons d&rsquo;un laboratoire d&rsquo;essais professionnel pour les biens de consommation, avec des points d&rsquo;inspection dans plus de 60 villes en Chine et en Asie du Sud. Nous pouvons vous fournir des services d&rsquo;assurance qualit\u00e9 efficaces, pratiques, professionnels et pr\u00e9cis, et prot\u00e9ger la r\u00e9putation de la marque de vos produits.<\/p>\n<h4><strong>Contr\u00f4le de la qualit\u00e9 des biens industriels en Chine<\/strong><\/h4>\n<p>HQTS suit le processus de modernisation industrielle de la Chine et s&rsquo;engage \u00e0 fournir des services de qualit\u00e9 des produits \u00e0 la fabrication industrielle nationale. Il s&rsquo;engage \u00e0 fournir des services de s\u00e9curit\u00e9 et d&rsquo;optimisation fonctionnelle pour les usines et les industries. Nous pouvons fournir un service de qualit\u00e9 pour les produits selon les exigences de qualit\u00e9 et de fonctionnalit\u00e9 des produits afin d&rsquo;aider les produits de nos clients \u00e0 entrer sur le march\u00e9 en douceur.<\/p>\n<h4><strong>Contr\u00f4le de la qualit\u00e9 de l&rsquo;\u00e9lectronique en Chine<\/strong><\/h4>\n<p>HQTS dispose d&rsquo;\u00e9quipements de test et d&rsquo;analyse avanc\u00e9s et de d\u00e9cennies d&rsquo;exp\u00e9rience en mati\u00e8re de test. Les r\u00e9seaux d&rsquo;essais du groupe sont situ\u00e9s dans plus de 60 villes en Chine et en Asie du Sud-Est. Nos ann\u00e9es d&rsquo;exp\u00e9rience nous ont permis de comprendre parfaitement les lois et r\u00e9glementations de divers pays et les besoins de diff\u00e9rents clients, pour vous aider \u00e0 r\u00e9soudre un large \u00e9ventail de probl\u00e8mes de contr\u00f4le de la qualit\u00e9, \u00e0 r\u00e9pondre aux exigences de protection de l&rsquo;environnement et d&rsquo;acc\u00e8s au march\u00e9 mondial, et \u00e0 gagner la confiance des clients.<\/p>\n<h4><strong>Contr\u00f4le de la qualit\u00e9 des jouets et des produits pour b\u00e9b\u00e9s en Chine<\/strong><\/h4>\n<p>Au fil des ans, HQTS s&rsquo;est engag\u00e9 \u00e0 fournir un test unique des normes de s\u00e9curit\u00e9 internationales et des r\u00e8glements connexes pour les clients nationaux et \u00e9trangers. Ceci est d\u00e9montr\u00e9 par nos certifications pour les essais de jouets telles que les qualifications CNAS, CMA, et CPSC.<\/p>\n<h4><strong>Contr\u00f4le de la qualit\u00e9 des pi\u00e8ces automobiles en Chine<\/strong><\/h4>\n<p>Nous disposons d&rsquo;une \u00e9quipe exp\u00e9riment\u00e9e, famili\u00e8re des dossiers du programme PPAP, qui peut vous aider \u00e0 contr\u00f4ler l&rsquo;ensemble de votre cha\u00eene d&rsquo;approvisionnement, \u00e0 r\u00e9pondre aux exigences \u00e9lev\u00e9es en mati\u00e8re de qualit\u00e9 et de s\u00e9curit\u00e9 des produits, et \u00e0 am\u00e9liorer la comp\u00e9titivit\u00e9 de vos produits.<\/p>\n<h4><strong>Contr\u00f4le de la qualit\u00e9 des projets de construction en Chine<\/strong><\/h4>\n<p>Le d\u00e9partement des services d&rsquo;ing\u00e9nierie de la construction HQTS est enracin\u00e9 dans le march\u00e9 chinois depuis plus de cinq ans. Il s&rsquo;est engag\u00e9 \u00e0 assurer la qualit\u00e9 et la s\u00e9curit\u00e9 des produits de construction et de l&rsquo;ing\u00e9nierie, y compris, mais sans s&rsquo;y limiter, les appareils sanitaires de CVC, la quincaillerie architecturale, la d\u00e9coration et les composants architecturaux, les portes et fen\u00eatres, les mat\u00e9riaux de construction, les b\u00e2timents \u00e9cologiques et autres produits de construction, en fournissant des solutions compl\u00e8tes de test, d&rsquo;inspection, de supervision, de certification et d&rsquo;assurance qualit\u00e9.<\/p>\n<h3><strong>Assurer le contr\u00f4le de la qualit\u00e9 dans la fabrication en Chine<\/strong><\/h3>\n<p>HQTS offre des services de contr\u00f4le et d&rsquo;inspection de la qualit\u00e9 pour tous vos besoins de fabrication en Chine. Dans les 24 heures suivant votre r\u00e9servation, nous pouvons fournir des inspections sur le terrain dans votre usine en Chine. De plus, nous pouvons effectuer une inspection de qualit\u00e9 de vos produits \u00e0 chaque \u00e9tape du processus de fabrication. Lorsque les produits doivent \u00eatre charg\u00e9s dans le conteneur, la supervision du chargement peut vous aider \u00e0 assurer que les conditions sont appropri\u00e9es avant l&rsquo;exp\u00e9dition.<\/p>\n<p>Les experts et les \u00e9quipes de contr\u00f4le de qualit\u00e9 d&rsquo;\u00e9lite de HQTS sont professionnels et d\u00e9ploy\u00e9s dans les principaux centres de fabrication \u00e0 travers la Chine. Ils peuvent fournir une \u00e9valuation de l&rsquo;usine ou du fournisseur pour v\u00e9rifier les conditions et la qualification. Ils peuvent conduire l&rsquo;inspection de qualit\u00e9 des articles bruts aux articles finis.<\/p>\n<h3><strong>Certifications et normes de contr\u00f4le de la qualit\u00e9 pour nos services en Chine<\/strong><\/h3>\n<p>Les inspections de contr\u00f4le de qualit\u00e9 et les solutions de tests de produits de consommation de HQTS peuvent vous aider \u00e0 garantir que vos produits r\u00e9pondent aux normes requises. Nous sommes une organisation accr\u00e9dit\u00e9e CNAS ISO et certifi\u00e9e pour effectuer des inspections de contr\u00f4le de la qualit\u00e9 et des tests ISTA ainsi que des tests selon RoHS, REACH, CPSIA, DMF, Cl Prop 65, GB et de nombreuses autres normes mondiales.<\/p>\n<p><strong>Accr\u00e9dit\u00e9 par :<\/strong><\/p>\n<ul>\n<li>CNAS contre ISO 17020&amp;17025<\/li>\n<li>Certificat CMA<\/li>\n<li>Certificat de qualification pour l&rsquo;institution d&rsquo;inspection et d&rsquo;enqu\u00eate des marchandises d&rsquo;importation et d&rsquo;exportation<\/li>\n<li>Certificat de membre de la branche de l&rsquo;organisation de l&rsquo;inspection et de l&rsquo;enqu\u00eate des marchandises d&rsquo;importation et d&rsquo;exportation de l&rsquo;association chinoise d&rsquo;inspection et de quarantaine d&rsquo;entr\u00e9e et de sortie.<\/li>\n<li>Certificat des entreprises de haute technologie de Hangzhou<\/li>\n<li>Certificat de membre du conseil de l&rsquo;Association du commerce \u00e9lectronique de la province de Canton<\/li>\n<li>Certificat de membre de l&rsquo;Association de l&rsquo;industrie des dispositifs m\u00e9dicaux de la province de Zhejiang<\/li>\n<li>Certificat de membre de l&rsquo;Association de commerce \u00e9lectronique transfrontalier de Shenzhen<\/li>\n<li>Membre du comit\u00e9 technique de normalisation de la F\u00e9d\u00e9ration de l&rsquo;industrie textile<\/li>\n<\/ul>\n","protected":false},"excerpt":{"rendered":"<p>HQTS est votre entreprise de contr\u00f4le de la qualit\u00e9 pour le march\u00e9 chinois La Chine peut se targuer d&rsquo;avoir l&rsquo;une des \u00e9conomies \u00e0 la croissance la plus rapide au monde et d&rsquo;\u00eatre le pays le plus peupl\u00e9. Elle continue d&rsquo;\u00e9voluer \u00e0 un rythme rapide et la fabrication et le commerce international sont essentiels \u00e0 cette [&hellip;]<\/p>\n","protected":false},"author":12,"featured_media":136887,"parent":136879,"menu_order":0,"comment_status":"closed","ping_status":"closed","template":"","meta":{"_acf_changed":false,"footnotes":""},"class_list":["post-136885","page","type-page","status-publish","has-post-thumbnail","hentry"],"acf":[],"_links":{"self":[{"href":"https:\/\/www.hqts.com\/fr\/wp-json\/wp\/v2\/pages\/136885","targetHints":{"allow":["GET"]}}],"collection":[{"href":"https:\/\/www.hqts.com\/fr\/wp-json\/wp\/v2\/pages"}],"about":[{"href":"https:\/\/www.hqts.com\/fr\/wp-json\/wp\/v2\/types\/page"}],"author":[{"embeddable":true,"href":"https:\/\/www.hqts.com\/fr\/wp-json\/wp\/v2\/users\/12"}],"replies":[{"embeddable":true,"href":"https:\/\/www.hqts.com\/fr\/wp-json\/wp\/v2\/comments?post=136885"}],"version-history":[{"count":2,"href":"https:\/\/www.hqts.com\/fr\/wp-json\/wp\/v2\/pages\/136885\/revisions"}],"predecessor-version":[{"id":136888,"href":"https:\/\/www.hqts.com\/fr\/wp-json\/wp\/v2\/pages\/136885\/revisions\/136888"}],"up":[{"embeddable":true,"href":"https:\/\/www.hqts.com\/fr\/wp-json\/wp\/v2\/pages\/136879"}],"wp:featuredmedia":[{"embeddable":true,"href":"https:\/\/www.hqts.com\/fr\/wp-json\/wp\/v2\/media\/136887"}],"wp:attachment":[{"href":"https:\/\/www.hqts.com\/fr\/wp-json\/wp\/v2\/media?parent=136885"}],"curies":[{"name":"wp","href":"https:\/\/api.w.org\/{rel}","templated":true}]}}