{"id":136889,"date":"2023-03-06T15:11:52","date_gmt":"2023-03-06T15:11:52","guid":{"rendered":"https:\/\/www.hqts.com\/?page_id=136889"},"modified":"2023-03-06T15:12:58","modified_gmt":"2023-03-06T15:12:58","slug":"controle-de-la-qualite-en-inde","status":"publish","type":"page","link":"https:\/\/www.hqts.com\/fr\/a-propos-de-nous\/controle-de-la-qualite-en-inde\/","title":{"rendered":"Contr\u00f4le De La Qualit\u00e9 en Inde"},"content":{"rendered":"<h3><strong>HQTS est votre soci\u00e9t\u00e9 de contr\u00f4le de la qualit\u00e9 pour le march\u00e9 indien<\/strong><\/h3>\n<p><strong>Entre 2014-2018, l&rsquo;Inde a \u00e9t\u00e9 la grande \u00e9conomie \u00e0 la croissance la plus rapide du monde , d\u00e9passant la Chine. Cela ne serait pas une surprise pour ceux qui connaissent son histoire : elle a \u00e9t\u00e9 la plus grande \u00e9conomie du monde pendant la majeure partie des deux mill\u00e9naires, du 1er au 19e si\u00e8cle. En 2023, elle continue d&rsquo;\u00eatre un acteur international important en Asie et au-del\u00e0, \u00e0 mesure qu&rsquo;elle s&rsquo;int\u00e8gre davantage dans l&rsquo;\u00e9conomie mondiale.<\/strong><\/p>\n<h3><strong>Nos services de contr\u00f4le de la qualit\u00e9 en Inde<\/strong><\/h3>\n<p>HQTS est l&rsquo;une des premi\u00e8res soci\u00e9t\u00e9s d&rsquo;inspection de contr\u00f4le de la qualit\u00e9 en Inde, fournissant des inspections en usine, des inspections sur le terrain, des inspections de contr\u00f4le de la qualit\u00e9 et des audits.<\/p>\n<p>Elle fournit des services d&rsquo;assurance qualit\u00e9 complets \u00e0 guichet unique pour des clients du monde entier. Les services comprennent, sans s&rsquo;y limiter, l&rsquo;inspection du contr\u00f4le de la qualit\u00e9, l&rsquo;audit d&rsquo;usine et de fournisseur, les tests de biens de consommation, le contr\u00f4le et la gestion de la production, le conseil en contr\u00f4le de la qualit\u00e9, la formation, les services gouvernementaux et commerciaux, les services commerciaux sp\u00e9cialis\u00e9s, la supervision du chargement, la supervision des cargaisons portuaires et l&rsquo;acceptation des \u00e9quipements industriels et des b\u00e2timents dans toute l&rsquo;Asie.<\/p>\n<h3><strong>Audits d&rsquo;usine et de fournisseur<\/strong><\/h3>\n<p>Les crit\u00e8res cl\u00e9s qu&rsquo;un audit d&rsquo;usine et de fournisseur HQTS \u00e9value sont les installations, les politiques, les proc\u00e9dures et les enregistrements qui v\u00e9rifient la capacit\u00e9 d&rsquo;une usine \u00e0 fournir des produits de qualit\u00e9 constante au fil du temps, plut\u00f4t qu&rsquo;un certain jour ou seulement pour des produits particuliers.<\/p>\n<p><strong>Les principaux points de contr\u00f4le d&rsquo;un audit de fournisseur comprennent :<\/strong><\/p>\n<ul>\n<li>Informations sur la l\u00e9galit\u00e9 de l&rsquo;entreprise<\/li>\n<li>Informations bancaires<\/li>\n<li>Les ressources humaines<\/li>\n<li>Capacit\u00e9 d&rsquo;exportation<\/li>\n<li>Gestion des commandes<\/li>\n<\/ul>\n<p><strong>L&rsquo;audit d&rsquo;usine standard comprend :<\/strong><\/p>\n<ul>\n<li>Les ant\u00e9c\u00e9dents du fabricant<\/li>\n<li>La main-d&rsquo;\u0153uvre<\/li>\n<li>Capacit\u00e9 de production<\/li>\n<li>Machines, installations et \u00e9quipements<\/li>\n<li>Processus de fabrication et cha\u00eene de production<\/li>\n<li>Syst\u00e8me de qualit\u00e9 interne tel que les tests et l&rsquo;inspection<\/li>\n<li>Syst\u00e8me et capacit\u00e9 de gestion<\/li>\n<li>Environnement<\/li>\n<\/ul>\n<h3><strong>Inspections de contr\u00f4le de la qualit\u00e9<\/strong><\/h3>\n<p>La diminution des cycles de vie des produits et des d\u00e9lais de mise sur le march\u00e9 augmente le d\u00e9fi de livrer des produits de qualit\u00e9 en temps voulu. Lorsque votre produit ne r\u00e9pond pas \u00e0 vos sp\u00e9cifications de qualit\u00e9 pour \u00eatre accept\u00e9 par le march\u00e9, le r\u00e9sultat peut \u00eatre une perte de bonne volont\u00e9, de produit et de revenus, des exp\u00e9ditions retard\u00e9es, des mat\u00e9riaux gaspill\u00e9s et le risque potentiel d&rsquo;un rappel de produit. Les inspections typiques que nous fournissons en Inde comprennent :<\/p>\n<ul>\n<li>Inspection avant production<\/li>\n<li>Inspection en cours de production<\/li>\n<li>Inspection avant exp\u00e9dition<\/li>\n<li>Inspection pi\u00e8ce par pi\u00e8ce<\/li>\n<li>Inspection du chargement des conteneurs<\/li>\n<\/ul>\n<h3><strong>Certifications et normes de contr\u00f4le de qualit\u00e9 pour nos services en Inde<\/strong><\/h3>\n<p>Les inspections de contr\u00f4le de qualit\u00e9 et les solutions d&rsquo;essai de produits de consommation de HQTS peuvent vous aider \u00e0 garantir que vos produits r\u00e9pondent aux normes requises. Nous sommes une organisation accr\u00e9dit\u00e9e CNAS ISO et certifi\u00e9e pour effectuer des inspections de contr\u00f4le de qualit\u00e9 et des tests ISTA ainsi que des tests selon RoHS, REACH, CPSIA, DMF, Cl Prop 65, GB et de nombreuses autres normes mondiales.<\/p>\n<p><strong>Accr\u00e9dit\u00e9 par :<\/strong><\/p>\n<ul>\n<li>CNAS contre ISO 17020&amp;17025 ;<\/li>\n<li>Certificat CMA<\/li>\n<li>Certificat de qualification pour l&rsquo;institution d&rsquo;inspection et d&rsquo;enqu\u00eate des marchandises d&rsquo;importation et d&rsquo;exportation<\/li>\n<li>Certificat de membre de la branche de l&rsquo;organisation de l&rsquo;inspection et de l&rsquo;enqu\u00eate des marchandises d&rsquo;importation et d&rsquo;exportation de l&rsquo;association chinoise d&rsquo;inspection et de quarantaine d&rsquo;entr\u00e9e et de sortie.<\/li>\n<li>Certificat des entreprises de haute technologie de Hangzhou<\/li>\n<li>Certificat de membre du conseil de l&rsquo;Association du commerce \u00e9lectronique de la province de Canton<\/li>\n<li>Certificat de membre de l&rsquo;Association de l&rsquo;industrie des dispositifs m\u00e9dicaux de la province de Zhejiang<\/li>\n<li>Certificat de membre de l&rsquo;Association de commerce \u00e9lectronique transfrontalier de Shenzhen<\/li>\n<li>Membre du comit\u00e9 technique de normalisation de la F\u00e9d\u00e9ration de l&rsquo;industrie textile<\/li>\n<\/ul>\n","protected":false},"excerpt":{"rendered":"<p>HQTS est votre soci\u00e9t\u00e9 de contr\u00f4le de la qualit\u00e9 pour le march\u00e9 indien Entre 2014-2018, l&rsquo;Inde a \u00e9t\u00e9 la grande \u00e9conomie \u00e0 la croissance la plus rapide du monde , d\u00e9passant la Chine. Cela ne serait pas une surprise pour ceux qui connaissent son histoire : elle a \u00e9t\u00e9 la plus grande \u00e9conomie du monde [&hellip;]<\/p>\n","protected":false},"author":12,"featured_media":136892,"parent":136879,"menu_order":0,"comment_status":"closed","ping_status":"closed","template":"","meta":{"_acf_changed":false,"footnotes":""},"class_list":["post-136889","page","type-page","status-publish","has-post-thumbnail","hentry"],"acf":[],"_links":{"self":[{"href":"https:\/\/www.hqts.com\/fr\/wp-json\/wp\/v2\/pages\/136889","targetHints":{"allow":["GET"]}}],"collection":[{"href":"https:\/\/www.hqts.com\/fr\/wp-json\/wp\/v2\/pages"}],"about":[{"href":"https:\/\/www.hqts.com\/fr\/wp-json\/wp\/v2\/types\/page"}],"author":[{"embeddable":true,"href":"https:\/\/www.hqts.com\/fr\/wp-json\/wp\/v2\/users\/12"}],"replies":[{"embeddable":true,"href":"https:\/\/www.hqts.com\/fr\/wp-json\/wp\/v2\/comments?post=136889"}],"version-history":[{"count":3,"href":"https:\/\/www.hqts.com\/fr\/wp-json\/wp\/v2\/pages\/136889\/revisions"}],"predecessor-version":[{"id":136894,"href":"https:\/\/www.hqts.com\/fr\/wp-json\/wp\/v2\/pages\/136889\/revisions\/136894"}],"up":[{"embeddable":true,"href":"https:\/\/www.hqts.com\/fr\/wp-json\/wp\/v2\/pages\/136879"}],"wp:featuredmedia":[{"embeddable":true,"href":"https:\/\/www.hqts.com\/fr\/wp-json\/wp\/v2\/media\/136892"}],"wp:attachment":[{"href":"https:\/\/www.hqts.com\/fr\/wp-json\/wp\/v2\/media?parent=136889"}],"curies":[{"name":"wp","href":"https:\/\/api.w.org\/{rel}","templated":true}]}}