{"id":136895,"date":"2023-03-06T15:18:00","date_gmt":"2023-03-06T15:18:00","guid":{"rendered":"https:\/\/www.hqts.com\/?page_id=136895"},"modified":"2023-03-06T15:21:15","modified_gmt":"2023-03-06T15:21:15","slug":"controle-de-la-qualite-au-vietnam","status":"publish","type":"page","link":"https:\/\/www.hqts.com\/fr\/a-propos-de-nous\/controle-de-la-qualite-au-vietnam\/","title":{"rendered":"Contr\u00f4le de la Qualit\u00e9 Au Vietnam"},"content":{"rendered":"<h3><strong>HQTS est votre soci\u00e9t\u00e9 de contr\u00f4le de la qualit\u00e9 pour le march\u00e9 vietnamien.<\/strong><\/h3>\n<p><strong>Depuis qu&rsquo;il est pass\u00e9 \u00e0 une \u00e9conomie mixte au milieu des ann\u00e9es 1980, le Vietnam a connu une croissance rapide. Le pays est devenu un exportateur agricole de premier plan et continue d&rsquo;attirer les investissements \u00e9trangers de toute l&rsquo;Asie du Sud-Est. Selon les pr\u00e9visions de PricewaterhouseCoopers de f\u00e9vrier 2017, le Vietnam pourrait \u00eatre l&rsquo;\u00e9conomie qui conna\u00eet la croissance la plus rapide au monde, avec un taux de croissance annuel potentiel du PIB d&rsquo;environ 5,1 %, ce qui ferait de son \u00e9conomie la 20e plus grande au monde d&rsquo;ici \u00e0 2050.<\/strong><\/p>\n<h3><strong>Nos services de contr\u00f4le de la qualit\u00e9 au Vietnam<\/strong><\/h3>\n<p>HQTS est l&rsquo;une des premi\u00e8res soci\u00e9t\u00e9s d&rsquo;inspection de contr\u00f4le de la qualit\u00e9 au Vietnam, fournissant des inspections en usine, des inspections sur le terrain, des inspections de contr\u00f4le de la qualit\u00e9, un suivi de la production et un approvisionnement aux clients.<\/p>\n<p>Elle est fi\u00e8re d&rsquo;offrir une gamme de services complets d&rsquo;assurance qualit\u00e9 \u00e0 ses clients du monde entier. Ces services comprennent, sans s&rsquo;y limiter, les inspections de contr\u00f4le de la qualit\u00e9, les audits d&rsquo;usines et de fournisseurs, les tests de biens de consommation, le contr\u00f4le et la gestion de la production, le conseil en contr\u00f4le de la qualit\u00e9, la formation, les services gouvernementaux et commerciaux, les services commerciaux sp\u00e9cialis\u00e9s, la supervision du chargement, la supervision des cargaisons portuaires et l&rsquo;acceptation des \u00e9quipements et b\u00e2timents industriels dans toute l&rsquo;Asie.<\/p>\n<h4><strong>Audits d&rsquo;usine et de fournisseur<\/strong><\/h4>\n<p>Les crit\u00e8res cl\u00e9s qu&rsquo;un audit d&rsquo;usine et de fournisseur HQTS \u00e9value sont les installations, les politiques, les proc\u00e9dures et les enregistrements qui v\u00e9rifient la capacit\u00e9 d&rsquo;une usine \u00e0 fournir des produits de qualit\u00e9 constante au fil du temps, plut\u00f4t qu&rsquo;un certain jour ou seulement pour des produits particuliers.<\/p>\n<p><strong>Les principaux points de contr\u00f4le d&rsquo;un audit de fournisseur comprennent :<\/strong><\/p>\n<ul>\n<li>Informations sur la l\u00e9galit\u00e9 de l&rsquo;entreprise<\/li>\n<li>Informations bancaires<\/li>\n<li>Ressources humaines<\/li>\n<li>Capacit\u00e9 d&rsquo;exportation<\/li>\n<li>Gestion des commandes<\/li>\n<\/ul>\n<p><strong>L&rsquo;audit standard d&rsquo;usine comprend :<\/strong><\/p>\n<ul>\n<li>Les ant\u00e9c\u00e9dents du fabricant<\/li>\n<li>La main-d&rsquo;\u0153uvre<\/li>\n<li>Capacit\u00e9 de production<\/li>\n<li>Machines, installations et \u00e9quipements<\/li>\n<li>Processus de fabrication et cha\u00eene de production<\/li>\n<li>Syst\u00e8me de qualit\u00e9 interne tel que les tests et l&rsquo;inspection<\/li>\n<li>Syst\u00e8me et capacit\u00e9 de gestion<\/li>\n<li>Environnement<\/li>\n<\/ul>\n<p><strong>Inspections de contr\u00f4le de la qualit\u00e9<\/strong><\/p>\n<p>La diminution des cycles de vie des produits et des d\u00e9lais de mise sur le march\u00e9 augmente le d\u00e9fi de livrer des produits de qualit\u00e9 en temps voulu. Lorsque votre produit ne r\u00e9pond pas \u00e0 vos sp\u00e9cifications de qualit\u00e9 pour \u00eatre accept\u00e9 par le march\u00e9, le r\u00e9sultat peut \u00eatre une perte de bonne volont\u00e9, de produit et de revenus, des exp\u00e9ditions retard\u00e9es, des mat\u00e9riaux gaspill\u00e9s et le risque potentiel d&rsquo;un rappel de produit. Les inspections typiques que nous fournissons au Vietnam comprennent :<\/p>\n<ul>\n<li>Inspection avant production<\/li>\n<li>Inspection en cours de production<\/li>\n<li>Inspection avant exp\u00e9dition<\/li>\n<li>Inspection pi\u00e8ce par pi\u00e8ce<\/li>\n<li>Inspection du chargement des conteneurs<\/li>\n<\/ul>\n<p><strong>Surveillance de la production<\/strong><\/p>\n<p>Notre service de surveillance de la production aide votre cha\u00eene d&rsquo;approvisionnement \u00e0 \u00eatre aussi efficace que possible. La surveillance de la production est un service de bout en bout permettant de surveiller le processus de production. Il permet aux clients d&rsquo;avoir un meilleur contr\u00f4le et un meilleur aper\u00e7u de l&rsquo;ensemble du processus de fabrication, sans mauvaises surprises.<\/p>\n<p>Nous \u00e9valuons :<\/p>\n<ul>\n<li>Les mat\u00e9riaux et les composants<\/li>\n<li>La capacit\u00e9 de production<\/li>\n<li>L&rsquo;\u00e9tat de la production<\/li>\n<li>La disponibilit\u00e9 des op\u00e9rateurs<\/li>\n<li>La capacit\u00e9 de contr\u00f4le de la qualit\u00e9.<\/li>\n<\/ul>\n<p>En savoir plus sur notre approche en trois \u00e9tapes sur site.<\/p>\n<h3><strong>Sourcing<\/strong><\/h3>\n<p>Le sourcing en Asie est devenu une question d&rsquo;importance critique pour les entreprises du monde entier. Assurer l&rsquo;efficacit\u00e9 de la cha\u00eene d&rsquo;approvisionnement tout en maintenant une qualit\u00e9 \u00e9lev\u00e9e \u00e0 faible co\u00fbt est, pour certaines entreprises, une question de survie. C&rsquo;est pourquoi de nombreuses entreprises \u00e9tendent ou d\u00e9placent leurs activit\u00e9s de la Chine vers le Vietnam et d&rsquo;autres pays de l&rsquo;ANASE. Les pays de cette r\u00e9gion continueront \u00e0 jouer un r\u00f4le croissant pour les professionnels qui s&rsquo;approvisionnent en Asie.<\/p>\n<p>La demande mondiale de textile et d&rsquo;habillement augmente parall\u00e8lement \u00e0 cette \u00e9volution des possibilit\u00e9s d&rsquo;approvisionnement. Le Vietnam a prouv\u00e9 qu&rsquo;il \u00e9tait capable de produire des produits \u00e0 forte intensit\u00e9 de main-d&rsquo;\u0153uvre, notamment des textiles et des v\u00eatements, \u00e0 moindre co\u00fbt. Il s&rsquo;est donc impos\u00e9 comme l&rsquo;une des principales destinations de sourcing pour le textile et l&rsquo;habillement.<\/p>\n<p>D\u00e9l\u00e9guez vos t\u00e2ches d&rsquo;approvisionnement \u00e0 notre assistant professionnel de la cha\u00eene d&rsquo;approvisionnement et donnez-vous le temps de vous concentrer sur vos activit\u00e9s commerciales. Consultez nos formules et voyez ce qui vous convient.<\/p>\n<h3><strong>Certifications et normes de contr\u00f4le de la qualit\u00e9 pour nos services au Vietnam<\/strong><\/h3>\n<p>Les inspections de contr\u00f4le de qualit\u00e9 et les solutions d&rsquo;essais de produits de consommation de HQTS peuvent vous aider \u00e0 garantir que vos produits r\u00e9pondent aux normes requises. Nous sommes une organisation accr\u00e9dit\u00e9e CNAS ISO et certifi\u00e9e pour effectuer des inspections de contr\u00f4le de qualit\u00e9 et des tests ISTA ainsi que des tests contre RoHS, REACH, CPSIA, DMF, Cl Prop 65, GB et de nombreuses autres normes mondiales.<\/p>\n","protected":false},"excerpt":{"rendered":"<p>HQTS est votre soci\u00e9t\u00e9 de contr\u00f4le de la qualit\u00e9 pour le march\u00e9 vietnamien. Depuis qu&rsquo;il est pass\u00e9 \u00e0 une \u00e9conomie mixte au milieu des ann\u00e9es 1980, le Vietnam a connu une croissance rapide. Le pays est devenu un exportateur agricole de premier plan et continue d&rsquo;attirer les investissements \u00e9trangers de toute l&rsquo;Asie du Sud-Est. Selon [&hellip;]<\/p>\n","protected":false},"author":12,"featured_media":136897,"parent":136879,"menu_order":0,"comment_status":"closed","ping_status":"closed","template":"","meta":{"_acf_changed":false,"footnotes":""},"class_list":["post-136895","page","type-page","status-publish","has-post-thumbnail","hentry"],"acf":[],"_links":{"self":[{"href":"https:\/\/www.hqts.com\/fr\/wp-json\/wp\/v2\/pages\/136895","targetHints":{"allow":["GET"]}}],"collection":[{"href":"https:\/\/www.hqts.com\/fr\/wp-json\/wp\/v2\/pages"}],"about":[{"href":"https:\/\/www.hqts.com\/fr\/wp-json\/wp\/v2\/types\/page"}],"author":[{"embeddable":true,"href":"https:\/\/www.hqts.com\/fr\/wp-json\/wp\/v2\/users\/12"}],"replies":[{"embeddable":true,"href":"https:\/\/www.hqts.com\/fr\/wp-json\/wp\/v2\/comments?post=136895"}],"version-history":[{"count":3,"href":"https:\/\/www.hqts.com\/fr\/wp-json\/wp\/v2\/pages\/136895\/revisions"}],"predecessor-version":[{"id":136900,"href":"https:\/\/www.hqts.com\/fr\/wp-json\/wp\/v2\/pages\/136895\/revisions\/136900"}],"up":[{"embeddable":true,"href":"https:\/\/www.hqts.com\/fr\/wp-json\/wp\/v2\/pages\/136879"}],"wp:featuredmedia":[{"embeddable":true,"href":"https:\/\/www.hqts.com\/fr\/wp-json\/wp\/v2\/media\/136897"}],"wp:attachment":[{"href":"https:\/\/www.hqts.com\/fr\/wp-json\/wp\/v2\/media?parent=136895"}],"curies":[{"name":"wp","href":"https:\/\/api.w.org\/{rel}","templated":true}]}}