{"id":136977,"date":"2023-03-07T10:52:10","date_gmt":"2023-03-07T10:52:10","guid":{"rendered":"https:\/\/www.hqts.com\/?page_id=136977"},"modified":"2023-03-07T10:52:42","modified_gmt":"2023-03-07T10:52:42","slug":"europe-royaume-uni","status":"publish","type":"page","link":"https:\/\/www.hqts.com\/fr\/a-propos-de-nous\/europe-royaume-uni\/","title":{"rendered":"Bureau de la r\u00e9gion Europe et Royaume-Uni"},"content":{"rendered":"<p><strong>Contr\u00f4le de la qualit\u00e9 pour l&rsquo;Europe et le Royaume-Uni<\/strong><\/p>\n<p>HQTS est la soci\u00e9t\u00e9 leader dans le contr\u00f4le de la qualit\u00e9 des produits et des services dans le monde entier. La soci\u00e9t\u00e9 a un bureau local au Royaume-Uni (RU), et peut fournir des services de contr\u00f4le de qualit\u00e9 locaux pour les clients de toute la Grande Bretagne et d&rsquo;autres pays d&rsquo;Europe comme l&rsquo;Allemagne, l&rsquo;Espagne, la France, l&rsquo;Italie, les Pays-Bas, la Belgique et la Pologne.<\/p>\n<p><strong>Bureau de la r\u00e9gion britannique de HQTS<\/strong><\/p>\n<p>Potters Bar, Hertfordshire, UK<br \/>\n1st Metropolitan House Darkes Lane, EN61AG<br \/>\n+44 (0)7763035940<br \/>\ninquiry@hqts.com<\/p>\n<p>HQTS a des ann\u00e9es d&rsquo;exp\u00e9rience de travail avec des entreprises locales dans toutes sortes d&rsquo;industries, telles que :<\/p>\n<ul>\n<li>L&rsquo;industrie du d\u00e9tail &#8211; Supermarch\u00e9s, grands magasins, marques de d\u00e9tail, commerce \u00e9lectronique.<\/li>\n<li>Les biens industriels &#8211; Institutionnel, commercial, industrie lourde, ing\u00e9nierie.<\/li>\n<li>L&rsquo;alimentation et l&rsquo;agriculture &#8211; Produits frais, fruits de mer, emballage.<\/li>\n<\/ul>\n<p>Nos clients bas\u00e9s au Royaume-Uni et en Europe peuvent utiliser notre r\u00e9seau de services in\u00e9gal\u00e9, disponible dans plus de 40 pays et r\u00e9gions du monde, pour commander rapidement des sp\u00e9cialistes techniques qualifi\u00e9s aux quatre coins du monde.<\/p>\n<h3><strong>Nos services de contr\u00f4le de la qualit\u00e9 en Europe et au Royaume-Uni<\/strong><\/h3>\n<p>\u00c9tabli en 1987, HQTS peut fournir une gamme de services d&rsquo;assurance qualit\u00e9 pour nos clients en Europe et au Royaume-Uni. Ces services incluent, mais ne sont pas limit\u00e9s \u00e0, des contr\u00f4les d&rsquo;usine\/fournisseur, la surveillance de production, la supervision de projet, l&rsquo;inspection de contr\u00f4le de qualit\u00e9, et plus encore.<\/p>\n<p>Nous sommes votre partenaire en mati\u00e8re de contr\u00f4le de la qualit\u00e9, quel que soit le secteur dans lequel vous op\u00e9rez.<\/p>\n<h3><strong>Audits d&rsquo;usine et de fournisseur<\/strong><\/h3>\n<p>HQTS a des ann\u00e9es d&rsquo;exp\u00e9rience dans la conduite d&rsquo;audits de fournisseurs et d&rsquo;usines pour le compte de nos clients. Nos employ\u00e9s exp\u00e9riment\u00e9s \u00e9valueront les compagnies rigoureusement en se basant sur leurs installations, leurs politiques et leurs proc\u00e9dures, et enregistreront tout de mani\u00e8re transparente.<\/p>\n<h3><strong>Inspections de contr\u00f4le de la qualit\u00e9<\/strong><\/h3>\n<p>L&rsquo;inspection d&rsquo;un produit d&rsquo;un fournisseur ou d&rsquo;un fabricant en utilisant une soci\u00e9t\u00e9 tierce objective comme HQTS est critique quand il s&rsquo;agit de rassurer la qualit\u00e9 du produit. Gr\u00e2ce \u00e0 notre pr\u00e9sence mondiale, nous pouvons offrir nos services d&rsquo;inspection dans le monde entier et nous rendre sur place dans un court d\u00e9lai. Nos inspecteurs exp\u00e9riment\u00e9s suivent une liste de contr\u00f4le rigoureuse et documenteront l&rsquo;inspection de mani\u00e8re transparente en utilisant un rapport d&rsquo;essai.<\/p>\n<h3><strong>Certificat de conformit\u00e9<\/strong><\/h3>\n<p>Le Certificat de Conformit\u00e9 (COC) est une certification accord\u00e9e par un organisme autoris\u00e9 qu&rsquo;un produit est conforme aux r\u00e8glements et aux normes du pays d&rsquo;origine. HQTS peut d\u00e9livrer un certificat de conformit\u00e9 irakien aux soci\u00e9t\u00e9s des \u00c9mirats arabes unis et de la r\u00e9gion qui cherchent \u00e0 exporter des marchandises en Irak. En outre, nous pouvons aider avec les services gouvernementaux suivants :<\/p>\n<h3><strong>Nous fournissons \u00e9galement d&rsquo;autres services gouvernementaux dans la r\u00e9gion, notamment :<\/strong><\/h3>\n<ul>\n<li>Inspections avant exp\u00e9dition en Ouzb\u00e9kistan<\/li>\n<li>COC\/COI pour l&rsquo;Irak<\/li>\n<li>Inspections avant exp\u00e9dition de pesticides au Pakistan<\/li>\n<li>SASO\/SABER<\/li>\n<\/ul>\n<p><strong>Accr\u00e9dit\u00e9s par :<\/strong><\/p>\n<ul>\n<li>CNAS contre ISO 17020&amp;17025 ;<\/li>\n<li>Certificat CMA<\/li>\n<li>Certificat de qualification pour l&rsquo;institution d&rsquo;inspection et d&rsquo;enqu\u00eate des marchandises d&rsquo;importation et d&rsquo;exportation<\/li>\n<li>Certificat de membre de la branche de l&rsquo;organisation de l&rsquo;inspection et de l&rsquo;enqu\u00eate des marchandises d&rsquo;importation et d&rsquo;exportation de l&rsquo;association chinoise d&rsquo;inspection et de quarantaine d&rsquo;entr\u00e9e-sortie.<\/li>\n<li>Certificat des entreprises de haute technologie de Hangzhou<\/li>\n<li>Certificat de membre du conseil de l&rsquo;association de commerce \u00e9lectronique de la province de Canton<\/li>\n<li>Certificat de membre de l&rsquo;Association de l&rsquo;industrie des dispositifs m\u00e9dicaux de la province de Zhejiang<\/li>\n<li>Certificat de membre de l&rsquo;Association transfrontali\u00e8re de commerce \u00e9lectronique de Shenzhen<\/li>\n<li>Membre du comit\u00e9 technique de normalisation de la F\u00e9d\u00e9ration de l&rsquo;industrie textile<\/li>\n<\/ul>\n","protected":false},"excerpt":{"rendered":"<p>Contr\u00f4le de la qualit\u00e9 pour l&rsquo;Europe et le Royaume-Uni HQTS est la soci\u00e9t\u00e9 leader dans le contr\u00f4le de la qualit\u00e9 des produits et des services dans le monde entier. La soci\u00e9t\u00e9 a un bureau local au Royaume-Uni (RU), et peut fournir des services de contr\u00f4le de qualit\u00e9 locaux pour les clients de toute la Grande [&hellip;]<\/p>\n","protected":false},"author":12,"featured_media":136979,"parent":136879,"menu_order":0,"comment_status":"closed","ping_status":"closed","template":"","meta":{"_acf_changed":false,"footnotes":""},"class_list":["post-136977","page","type-page","status-publish","has-post-thumbnail","hentry"],"acf":[],"_links":{"self":[{"href":"https:\/\/www.hqts.com\/fr\/wp-json\/wp\/v2\/pages\/136977","targetHints":{"allow":["GET"]}}],"collection":[{"href":"https:\/\/www.hqts.com\/fr\/wp-json\/wp\/v2\/pages"}],"about":[{"href":"https:\/\/www.hqts.com\/fr\/wp-json\/wp\/v2\/types\/page"}],"author":[{"embeddable":true,"href":"https:\/\/www.hqts.com\/fr\/wp-json\/wp\/v2\/users\/12"}],"replies":[{"embeddable":true,"href":"https:\/\/www.hqts.com\/fr\/wp-json\/wp\/v2\/comments?post=136977"}],"version-history":[{"count":2,"href":"https:\/\/www.hqts.com\/fr\/wp-json\/wp\/v2\/pages\/136977\/revisions"}],"predecessor-version":[{"id":136981,"href":"https:\/\/www.hqts.com\/fr\/wp-json\/wp\/v2\/pages\/136977\/revisions\/136981"}],"up":[{"embeddable":true,"href":"https:\/\/www.hqts.com\/fr\/wp-json\/wp\/v2\/pages\/136879"}],"wp:featuredmedia":[{"embeddable":true,"href":"https:\/\/www.hqts.com\/fr\/wp-json\/wp\/v2\/media\/136979"}],"wp:attachment":[{"href":"https:\/\/www.hqts.com\/fr\/wp-json\/wp\/v2\/media?parent=136977"}],"curies":[{"name":"wp","href":"https:\/\/api.w.org\/{rel}","templated":true}]}}