{"id":137294,"date":"2023-03-13T09:00:24","date_gmt":"2023-03-13T09:00:24","guid":{"rendered":"https:\/\/www.hqts.com\/?page_id=137294"},"modified":"2024-09-02T14:47:51","modified_gmt":"2024-09-02T14:47:51","slug":"calculateur-nqa","status":"publish","type":"page","link":"https:\/\/www.hqts.com\/fr\/calculateur-nqa\/","title":{"rendered":"CALCULATEUR NQA"},"content":{"rendered":"\t\t<div data-elementor-type=\"wp-page\" data-elementor-id=\"137294\" class=\"elementor elementor-137294 elementor-70889\" data-elementor-post-type=\"page\">\n\t\t\t\t\t\t<section class=\"elementor-section elementor-top-section elementor-element elementor-element-ac39b3e elementor-section-full_width elementor-section-height-default elementor-section-height-default\" data-id=\"ac39b3e\" data-element_type=\"section\" data-settings=\"{&quot;background_background&quot;:&quot;classic&quot;}\">\n\t\t\t\t\t\t\t<div class=\"elementor-background-overlay\"><\/div>\n\t\t\t\t\t\t\t<div class=\"elementor-container elementor-column-gap-no\">\n\t\t\t\t\t<div class=\"elementor-column elementor-col-100 elementor-top-column elementor-element elementor-element-edcc95b\" data-id=\"edcc95b\" data-element_type=\"column\">\n\t\t\t<div class=\"elementor-widget-wrap elementor-element-populated\">\n\t\t\t\t\t\t<div class=\"elementor-element elementor-element-f959f57 elementor-widget elementor-widget-breadcrumbs\" data-id=\"f959f57\" data-element_type=\"widget\" data-widget_type=\"breadcrumbs.default\">\n\t\t\t\t<div class=\"elementor-widget-container\">\n\t\t\t\t\t<p id=\"breadcrumbs\"><span><span><a href=\"https:\/\/www.hqts.com\/fr\/\">Home<\/a><\/span><\/span><\/p>\t\t\t\t<\/div>\n\t\t\t\t<\/div>\n\t\t\t\t<section class=\"elementor-section elementor-inner-section elementor-element elementor-element-e8645df elementor-section-boxed elementor-section-height-default elementor-section-height-default\" data-id=\"e8645df\" data-element_type=\"section\">\n\t\t\t\t\t\t<div class=\"elementor-container elementor-column-gap-no\">\n\t\t\t\t\t<div class=\"elementor-column elementor-col-66 elementor-inner-column elementor-element elementor-element-0785242\" data-id=\"0785242\" data-element_type=\"column\">\n\t\t\t<div class=\"elementor-widget-wrap elementor-element-populated\">\n\t\t\t\t\t\t<div class=\"elementor-element elementor-element-a3de109 elementor-widget elementor-widget-heading\" data-id=\"a3de109\" data-element_type=\"widget\" data-widget_type=\"heading.default\">\n\t\t\t\t<div class=\"elementor-widget-container\">\n\t\t\t\t\t<h1 class=\"elementor-heading-title elementor-size-default\">CALCULATEUR NQA<\/h1>\t\t\t\t<\/div>\n\t\t\t\t<\/div>\n\t\t\t\t\t<\/div>\n\t\t<\/div>\n\t\t\t\t<div class=\"elementor-column elementor-col-33 elementor-inner-column elementor-element elementor-element-a2c0120\" data-id=\"a2c0120\" data-element_type=\"column\">\n\t\t\t<div class=\"elementor-widget-wrap\">\n\t\t\t\t\t\t\t<\/div>\n\t\t<\/div>\n\t\t\t\t\t<\/div>\n\t\t<\/section>\n\t\t\t\t\t<\/div>\n\t\t<\/div>\n\t\t\t\t\t<\/div>\n\t\t<\/section>\n\t\t\t\t<section class=\"elementor-section elementor-top-section elementor-element elementor-element-4a03814 elementor-section-boxed elementor-section-height-default elementor-section-height-default\" data-id=\"4a03814\" data-element_type=\"section\">\n\t\t\t\t\t\t<div class=\"elementor-container elementor-column-gap-default\">\n\t\t\t\t\t<div class=\"elementor-column elementor-col-100 elementor-top-column elementor-element elementor-element-bcc73d4\" data-id=\"bcc73d4\" data-element_type=\"column\">\n\t\t\t<div class=\"elementor-widget-wrap elementor-element-populated\">\n\t\t\t\t\t\t<div class=\"elementor-element elementor-element-db86fbb elementor-widget elementor-widget-text-editor\" data-id=\"db86fbb\" data-element_type=\"widget\" data-widget_type=\"text-editor.default\">\n\t\t\t\t<div class=\"elementor-widget-container\">\n\t\t\t\t\t\t\t\t\t<p><strong>Il est important qu&rsquo;il y ait un certain niveau de qualit\u00e9 des produits et une m\u00e9thode efficace pour reconna\u00eetre ces normes. Le contr\u00f4le de la qualit\u00e9 est important car il permet de minimiser les risques, d&rsquo;\u00e9conomiser de l&rsquo;argent et de gagner du temps dans la production. Les fournisseurs peuvent \u00e9galement \u00eatre g\u00e9r\u00e9s plus facilement. En tant qu&rsquo;entreprise, vous disposez d&rsquo;un meilleur pouvoir de n\u00e9gociation et d&rsquo;une meilleure protection de la marque si vous avez mis en place un plan.<\/strong><\/p><p>L&rsquo;\u00e9chantillonnage aux limites de qualit\u00e9 acceptables (NQA) est un moyen pratique et efficace d&rsquo;effectuer l&rsquo;assurance qualit\u00e9 d&rsquo;une commande de produits manufactur\u00e9s afin de r\u00e9duire tout risque avant de l&rsquo;accepter officiellement. Il existe trois niveaux NQA selon lesquels un produit peut \u00eatre class\u00e9. Chacun d\u00e9crit un niveau de d\u00e9faut : d\u00e9fauts critiques, d\u00e9fauts majeurs ou d\u00e9fauts mineurs. Nous pouvons classer un produit pour d\u00e9terminer \u00e0 quel niveau il appartient en utilisant une calculatrice NQA au lieu de tableaux pour produire des tailles d&rsquo;\u00e9chantillons et des nombres de d\u00e9fauts rapides.<\/p>\t\t\t\t\t\t\t\t<\/div>\n\t\t\t\t<\/div>\n\t\t\t\t<div class=\"elementor-element elementor-element-7c5c136 elementor-widget elementor-widget-heading\" data-id=\"7c5c136\" data-element_type=\"widget\" data-widget_type=\"heading.default\">\n\t\t\t\t<div class=\"elementor-widget-container\">\n\t\t\t\t\t<h2 class=\"elementor-heading-title elementor-size-large\">HQTS Quality Inspections AQL Calculator <\/h2>\t\t\t\t<\/div>\n\t\t\t\t<\/div>\n\t\t\t\t<div class=\"elementor-element elementor-element-4a0ca37 elementor-widget elementor-widget-shortcode\" data-id=\"4a0ca37\" data-element_type=\"widget\" data-widget_type=\"shortcode.default\">\n\t\t\t\t<div class=\"elementor-widget-container\">\n\t\t\t\t\t\t\t<div class=\"elementor-shortcode\"><div id=\"aql-calculator\"><div class=\"aql-row\" style=\"background-color: #b8373a;color: white;border-bottom: 3px solid #6B0104;\"><div class=\"aql-col\" style=\"font-weight: 600;text-align: center;\">Order Quantity:<\/div><div class=\"aql-col\"><input type=\"number\" id=\"aql-input-quantity\" value=\"4000\" min=\"1\"><\/div><div class=\"aql-col\" style=\"font-weight: 600;text-align: center;\">Inspection Level:<\/div><div class=\"aql-col\"><select id=\"aql-input-inspection-level\"><option value=\"I\">I<\/option><option value=\"II\" selected=\"selected\">II<\/option><option value=\"III\">III<\/option><option value=\"S1\">S1<\/option><option value=\"S2\">S2<\/option><option value=\"S3\">S3<\/option><option value=\"S4\">S4<\/option><\/select><\/div><\/div><div class=\"aql-row\"><div class=\"aql-col\" style=\"background-color: #f1f1f1;padding: 0;\"><div class=\"aql-col\" style=\"background-color: #6B0104;color: white;font-weight: 600; border-right: 1px solid #6B0104;\">Critical Defects<\/div><div class=\"aql-col\" style=\"border-right: 1px solid #6B0104;\"><div class=\"aql-row\"><div class=\"aql-col\">Select AQL:<\/div><div class=\"aql-col\"><select id=\"aql-input-critical-aql\"><option value=\"0\" selected=\"selected\">Not allowed<\/option><option value=\"0.065\">0.065<\/option><option value=\"0.10\">0.10<\/option><option value=\"0.15\">0.15<\/option><option value=\"0.25\">0.25<\/option><option value=\"0.40\">0.40<\/option><option value=\"0.65\">0.65<\/option><option value=\"1.0\">1.0<\/option><option value=\"1.5\">1.5<\/option><option value=\"2.5\">2.5<\/option><option value=\"4.0\">4.0<\/option><option value=\"6.5\">6.5<\/option><\/select><\/div><\/div><\/div><div class=\"aql-col\" style=\"border-right: 1px solid #6B0104;\"><div class=\"aql-row\"><div class=\"aql-col\">Sample Size:<\/div><div class=\"aql-col aql-col-left\" id=\"critical-sample-size\">200<\/div><\/div><\/div><div class=\"aql-col\" style=\"border-right: 1px solid #6B0104;\"><div class=\"aql-row\"><div class=\"aql-col\">Accept Point:<\/div><div class=\"aql-col aql-col-left\" style=\"color: #389133;\" id=\"critical-accept-point\">0<\/div><\/div><\/div><div class=\"aql-col\" style=\"border-right: 1px solid #6B0104;\"><div class=\"aql-row\"><div class=\"aql-col\">Reject Point:<\/div><div class=\"aql-col aql-col-left\" style=\"color: #B43F3F;\" id=\"critical-reject-point\">0<\/div><\/div><\/div><\/div><div class=\"aql-col\" style=\"background-color: #f1f1f1;padding: 0;\"><div class=\"aql-col\" style=\"background-color: #961A1D;color: white;font-weight: 600; border-right: 1px solid #6B0104;\">Major Defects<\/div><div class=\"aql-col\" style=\"border-right: 1px solid #6B0104;\"><div class=\"aql-row\"><div class=\"aql-col\">Select AQL:<\/div><div class=\"aql-col\"><select id=\"aql-input-major-aql\"><option value=\"0\">Not allowed<\/option><option value=\"0.065\">0.065<\/option><option value=\"0.10\">0.10<\/option><option value=\"0.15\">0.15<\/option><option value=\"0.25\">0.25<\/option><option value=\"0.40\">0.40<\/option><option value=\"0.65\">0.65<\/option><option value=\"1.0\">1.0<\/option><option value=\"1.5\">1.5<\/option><option value=\"2.5\" selected=\"selected\">2.5<\/option><option value=\"4.0\">4.0<\/option><option value=\"6.5\">6.5<\/option><\/select><\/div><\/div><\/div><div class=\"aql-col\" style=\"border-right: 1px solid #6B0104;\"><div class=\"aql-row\"><div class=\"aql-col\">Sample Size:<\/div><div class=\"aql-col aql-col-left\" id=\"major-sample-size\">200<\/div><\/div><\/div><div class=\"aql-col\" style=\"border-right: 1px solid #6B0104;\"><div class=\"aql-row\"><div class=\"aql-col\">Accept Point:<\/div><div class=\"aql-col aql-col-left\" style=\"color: #389133;\" id=\"major-accept-point\">10<\/div><\/div><\/div><div class=\"aql-col\" style=\"border-right: 1px solid #6B0104;\"><div class=\"aql-row\"><div class=\"aql-col\">Reject Point:<\/div><div class=\"aql-col aql-col-left\" style=\"color: #B43F3F;\" id=\"major-reject-point\">11<\/div><\/div><\/div><\/div><div class=\"aql-col\" style=\"background-color: #f1f1f1;padding: 0;\"><div class=\"aql-col\" style=\"background-color: #D95E61;color: white;font-weight: 600;\">Minor Defects<\/div><div class=\"aql-col\"><div class=\"aql-row\"><div class=\"aql-col\">Select AQL:<\/div><div class=\"aql-col\"><select id=\"aql-input-minor-aql\"><option value=\"0\">Not allowed<\/option><option value=\"0.065\">0.065<\/option><option value=\"0.10\">0.10<\/option><option value=\"0.15\">0.15<\/option><option value=\"0.25\">0.25<\/option><option value=\"0.40\">0.40<\/option><option value=\"0.65\">0.65<\/option><option value=\"1.0\">1.0<\/option><option value=\"1.5\">1.5<\/option><option value=\"2.5\">2.5<\/option><option value=\"4.0\" selected=\"selected\">4.0<\/option><option value=\"6.5\">6.5<\/option><\/select><\/div><\/div><\/div><div class=\"aql-col\"><div class=\"aql-row\"><div class=\"aql-col\">Sample Size:<\/div><div class=\"aql-col aql-col-left\" id=\"minor-sample-size\">200<\/div><\/div><\/div><div class=\"aql-col\"><div class=\"aql-row\"><div class=\"aql-col\">Accept Point:<\/div><div class=\"aql-col aql-col-left\" style=\"color: #389133;\" id=\"minor-accept-point\">14<\/div><\/div><\/div><div class=\"aql-col\"><div class=\"aql-row\"><div class=\"aql-col\">Reject Point:<\/div><div class=\"aql-col aql-col-left\" style=\"color: #B43F3F;\" id=\"minor-reject-point\">15<\/div><\/div><\/div><\/div><\/div><\/div><\/div>\n\t\t\t\t\t\t<\/div>\n\t\t\t\t<\/div>\n\t\t\t\t<div class=\"elementor-element elementor-element-2b46caa elementor-widget elementor-widget-spacer\" data-id=\"2b46caa\" data-element_type=\"widget\" data-widget_type=\"spacer.default\">\n\t\t\t\t<div class=\"elementor-widget-container\">\n\t\t\t\t\t\t\t<div class=\"elementor-spacer\">\n\t\t\t<div class=\"elementor-spacer-inner\"><\/div>\n\t\t<\/div>\n\t\t\t\t\t\t<\/div>\n\t\t\t\t<\/div>\n\t\t\t\t<div class=\"elementor-element elementor-element-f3cf083 elementor-widget elementor-widget-heading\" data-id=\"f3cf083\" data-element_type=\"widget\" data-widget_type=\"heading.default\">\n\t\t\t\t<div class=\"elementor-widget-container\">\n\t\t\t\t\t<h2 class=\"elementor-heading-title elementor-size-large\">L'\u00e9chantillonnage NQA expliqu\u00e9 - Vid\u00e9o HQTS<\/h2>\t\t\t\t<\/div>\n\t\t\t\t<\/div>\n\t\t\t\t<div class=\"elementor-element elementor-element-651fc11 elementor-widget elementor-widget-video\" data-id=\"651fc11\" data-element_type=\"widget\" data-settings=\"{&quot;youtube_url&quot;:&quot;https:\\\/\\\/www.youtube.com\\\/watch?v=PWH2wdi6xA0&quot;,&quot;video_type&quot;:&quot;youtube&quot;,&quot;controls&quot;:&quot;yes&quot;}\" data-widget_type=\"video.default\">\n\t\t\t\t<div class=\"elementor-widget-container\">\n\t\t\t\t\t\t\t<div class=\"elementor-wrapper elementor-open-inline\">\n\t\t\t<div class=\"elementor-video\"><\/div>\t\t<\/div>\n\t\t\t\t\t\t<\/div>\n\t\t\t\t<\/div>\n\t\t\t\t<div class=\"elementor-element elementor-element-9e56d8b elementor-widget elementor-widget-text-editor\" data-id=\"9e56d8b\" data-element_type=\"widget\" data-widget_type=\"text-editor.default\">\n\t\t\t\t<div class=\"elementor-widget-container\">\n\t\t\t\t\t\t\t\t\t<h2><strong>Comment le NQA est-il calcul\u00e9 ?<\/strong><\/h2><p>Il existe deux tableaux qui sont utilis\u00e9s pour d\u00e9terminer le NQA des produits. Ils sont tous deux utilis\u00e9s pour d\u00e9terminer la taille de l&rsquo;\u00e9chantillon pour l&rsquo;inspection et les unit\u00e9s d\u00e9fectueuses acceptables. Le tableau d&rsquo;\u00e9chantillonnage NQA offre plus d&rsquo;options, notamment des niveaux d&rsquo;inspection et des normes pour les cas uniques.<\/p><h4><strong>Tableau 1 : Lettres de code de la taille de l&rsquo;\u00e9chantillon<\/strong><\/h4><figure class=\"wp-block-image size-large\"><\/figure><p>La norme la plus courante est le tableau NQA 1 (ci-dessous) qui est utilis\u00e9 comme un outil fondamental lors de la r\u00e9alisation d&rsquo;inspections de contr\u00f4le de la qualit\u00e9. Le tableau NQA permet \u00e0 l&rsquo;acheteur, au fabricant et au prestataire de services de contr\u00f4le de la qualit\u00e9 de se mettre facilement d&rsquo;accord sur les normes d&rsquo;inspection de la qualit\u00e9. Le tableau 1 permet \u00e9galement de fournir les lettres de code de la taille de l&rsquo;\u00e9chantillon.<\/p>\t\t\t\t\t\t\t\t<\/div>\n\t\t\t\t<\/div>\n\t\t\t\t<div class=\"elementor-element elementor-element-98f5c51 elementor-widget elementor-widget-image\" data-id=\"98f5c51\" data-element_type=\"widget\" data-widget_type=\"image.default\">\n\t\t\t\t<div class=\"elementor-widget-container\">\n\t\t\t\t\t\t\t\t\t\t\t\t\t\t\t<img fetchpriority=\"high\" decoding=\"async\" width=\"800\" height=\"605\" src=\"https:\/\/www.hqts.com\/wp-content\/uploads\/2021\/06\/table-1.jpg\" class=\"attachment-large size-large wp-image-137298\" alt=\"\" srcset=\"https:\/\/www.hqts.com\/wp-content\/uploads\/2021\/06\/table-1.jpg 842w, https:\/\/www.hqts.com\/wp-content\/uploads\/2021\/06\/table-1-300x227.jpg 300w, https:\/\/www.hqts.com\/wp-content\/uploads\/2021\/06\/table-1-768x581.jpg 768w\" sizes=\"(max-width: 800px) 100vw, 800px\" \/>\t\t\t\t\t\t\t\t\t\t\t\t\t\t\t<\/div>\n\t\t\t\t<\/div>\n\t\t\t\t<div class=\"elementor-element elementor-element-9c4d97e elementor-widget elementor-widget-text-editor\" data-id=\"9c4d97e\" data-element_type=\"widget\" data-widget_type=\"text-editor.default\">\n\t\t\t\t<div class=\"elementor-widget-container\">\n\t\t\t\t\t\t\t\t\t<h4><strong>Tableau 2 : Plans d&rsquo;\u00e9chantillonnage simple pour les inspections normales<\/strong><\/h4><figure class=\"wp-block-image size-large\"><\/figure><p>Le tableau 2 comprend des plans d&rsquo;\u00e9chantillonnage unique pour les inspections normales. Les cases \u00e0 cocher du tableau indiquent le nombre de produits qui ont r\u00e9ussi, tandis que la croix indique le nombre de produits qui ont \u00e9chou\u00e9. Les fl\u00e8ches vers le haut montrent que vous devez utiliser la taille d&rsquo;\u00e9chantillonnage au-dessus de la fl\u00e8che et si vous voyez une fl\u00e8che qui est \u00e9gale ou sup\u00e9rieure \u00e0 la taille du lot, vous devez aller de l&rsquo;avant et effectuer une inspection \u00e0 100% ou une inspection pi\u00e8ce par pi\u00e8ce. Si vous regardez les fl\u00e8ches vers le bas, vous devez utiliser le premier plan d&rsquo;\u00e9chantillonnage situ\u00e9 sous la premi\u00e8re fl\u00e8che vers le bas.<\/p>\t\t\t\t\t\t\t\t<\/div>\n\t\t\t\t<\/div>\n\t\t\t\t<div class=\"elementor-element elementor-element-3f0a5a9 elementor-widget elementor-widget-image\" data-id=\"3f0a5a9\" data-element_type=\"widget\" data-widget_type=\"image.default\">\n\t\t\t\t<div class=\"elementor-widget-container\">\n\t\t\t\t\t\t\t\t\t\t\t\t\t\t\t<img decoding=\"async\" width=\"800\" height=\"605\" src=\"https:\/\/www.hqts.com\/wp-content\/uploads\/2021\/06\/AQL-Table-ii.jpg\" class=\"attachment-large size-large wp-image-137299\" alt=\"\" srcset=\"https:\/\/www.hqts.com\/wp-content\/uploads\/2021\/06\/AQL-Table-ii.jpg 842w, https:\/\/www.hqts.com\/wp-content\/uploads\/2021\/06\/AQL-Table-ii-300x227.jpg 300w, https:\/\/www.hqts.com\/wp-content\/uploads\/2021\/06\/AQL-Table-ii-768x581.jpg 768w\" sizes=\"(max-width: 800px) 100vw, 800px\" \/>\t\t\t\t\t\t\t\t\t\t\t\t\t\t\t<\/div>\n\t\t\t\t<\/div>\n\t\t\t\t<div class=\"elementor-element elementor-element-f67c3f5 elementor-widget elementor-widget-text-editor\" data-id=\"f67c3f5\" data-element_type=\"widget\" data-widget_type=\"text-editor.default\">\n\t\t\t\t<div class=\"elementor-widget-container\">\n\t\t\t\t\t\t\t\t\t<h4><strong>Qu&rsquo;est-ce qu&rsquo;une inspection NQA ?<\/strong><\/h4>\n<p>Le NQA est une mesure fondamentale des normes utilis\u00e9es pour effectuer des inspections de produits. Conform\u00e9ment \u00e0 la norme ISO 2859-1, il fait r\u00e9f\u00e9rence aux limites inf\u00e9rieures des normes acceptables pour les produits de consommation au cours d&rsquo;un certain nombre d&rsquo;inspections. Les NQA doivent \u00eatre utilis\u00e9s pour d\u00e9terminer si un produit est conforme ou non aux sp\u00e9cifications d&rsquo;un client.<\/p>\n<p>Les NQA peuvent \u00eatre fix\u00e9s pour un pourcentage ou un nombre de d\u00e9fauts critiques, majeurs et mineurs. <br><br><\/p><h5>D\u00e9fauts critiques<\/h5><p>G\u00e9n\u00e9ralement, un taux de d\u00e9fauts critiques de 0 % est attendu. Les d\u00e9fauts critiques ne sont pas acceptables car l&rsquo;utilisateur final pourrait \u00eatre bless\u00e9, ce qui pourrait rendre le produit non conforme aux r\u00e9glementations locales et\/ou entra\u00eener une d\u00e9faillance du produit. Les d\u00e9fauts critiques sont les plus graves parmi les trois types de d\u00e9fauts. Ces d\u00e9faillances rendent un produit totalement inutilisable et exposent les entreprises \u00e0 des risques \u00e9vitables tels que des probl\u00e8mes de responsabilit\u00e9 du fait des produits, des poursuites judiciaires et des rappels potentiels.<\/p><p><br><\/p><h5>D\u00e9fauts majeurs<\/h5><p>Un taux de d\u00e9fauts majeurs pouvant atteindre 2,5 % est g\u00e9n\u00e9ralement accept\u00e9. Les d\u00e9fauts majeurs ont un impact n\u00e9gatif sur les performances, la fonctionnalit\u00e9 et l\u2019apparence du produit et repr\u00e9sentent souvent des probl\u00e8mes notables faciles \u00e0 d\u00e9tecter par l\u2019utilisateur final.<\/p><p><br><\/p><h5>D\u00e9fauts mineurs<\/h5><p>Un taux de d\u00e9fauts mineurs pouvant atteindre 4 % est g\u00e9n\u00e9ralement accept\u00e9. Ces d\u00e9fauts repr\u00e9sentent de petits \u00e9carts par rapport aux sp\u00e9cifications du produit que la plupart des acheteurs tol\u00e9reraient encore. Les d\u00e9fauts mineurs n&rsquo;affectent pas les performances ou la fonctionnalit\u00e9 du produit et passent souvent inaper\u00e7us par l&rsquo;utilisateur final.<\/p><p><br><\/p>\n<h4><strong>Quels sont les avantages des inspections de contr\u00f4le de la qualit\u00e9 NQA ?<\/strong><\/h4>\n<p>Le NQA pourrait \u00eatre une m\u00e9thode pr\u00e9f\u00e9rable au test de chaque produit d&rsquo;un lot. Si vous n&rsquo;achetez des produits qu&rsquo;en petits volumes, vous avez probablement les ressources n\u00e9cessaires pour tout tester, mais lorsque les quantit\u00e9s augmentent, les tests rigoureux deviennent plus difficiles \u00e0 g\u00e9rer en termes de temps et de co\u00fbts.<\/p>\n<p>Le NQA est un mod\u00e8le statistique robuste qui a \u00e9t\u00e9 utilis\u00e9 avec beaucoup de succ\u00e8s pendant de nombreuses ann\u00e9es. Cependant, une inspection NQA ne garantit pas une exp\u00e9rience sans d\u00e9faut, car certains d\u00e9fauts ne seront pas d\u00e9tect\u00e9s. Le NQA vous permet simplement de s\u00e9lectionner le pourcentage de d\u00e9fauts que vous \u00eates pr\u00eat \u00e0 accepter et peut \u00eatre une option judicieuse lorsqu&rsquo;il s&rsquo;agit d&rsquo;obtenir des informations pr\u00e9cieuses sur vos produits dans votre cha\u00eene d&rsquo;approvisionnement.<\/p>\n<h2><strong>\u00c0 propos de HQTS<\/strong><\/h2>\n<p>L&rsquo;\u00e9chantillonnage NQA est un moyen pratique et efficace d&rsquo;effectuer une assurance qualit\u00e9 sur une commande de produits manufactur\u00e9s afin de r\u00e9duire le risque avant d&rsquo;accepter une commande. Soutenu par la connaissance de l&rsquo;industrie et l&rsquo;exp\u00e9rience de pr\u00e8s de 1 500 professionnels, dans plus de 20 pays, HQTS est bien plac\u00e9 pour \u00eatre votre partenaire en mati\u00e8re de qualit\u00e9.<\/p>\n<p>Combinez cela avec les normes de qualit\u00e9 et les services d&rsquo;HQTS et vous avez une proposition commerciale puissante, rentable et productive. HQTS vous aidera \u00e0 garantir que votre emballage est \u00e0 la hauteur de la t\u00e2che et que vos marchandises sont efficacement s\u00e9curis\u00e9es et prot\u00e9g\u00e9es tout au long du processus de transport. Contactez-nous d\u00e8s aujourd&rsquo;hui pour de plus amples informations ou pour toute question que vous pourriez avoir.<\/p>\t\t\t\t\t\t\t\t<\/div>\n\t\t\t\t<\/div>\n\t\t\t\t\t<\/div>\n\t\t<\/div>\n\t\t\t\t\t<\/div>\n\t\t<\/section>\n\t\t\t\t<\/div>\n\t\t","protected":false},"excerpt":{"rendered":"<p>Il est important qu&rsquo;il y ait un certain niveau de qualit\u00e9 des produits et une m\u00e9thode efficace pour reconna\u00eetre ces normes. Le contr\u00f4le de la qualit\u00e9 est important car il permet de minimiser les risques, d&rsquo;\u00e9conomiser de l&rsquo;argent et de gagner du temps dans la production. Les fournisseurs peuvent \u00e9galement \u00eatre g\u00e9r\u00e9s plus facilement. En [&hellip;]<\/p>\n","protected":false},"author":12,"featured_media":137300,"parent":0,"menu_order":0,"comment_status":"closed","ping_status":"closed","template":"elementor_header_footer","meta":{"_acf_changed":false,"footnotes":""},"class_list":["post-137294","page","type-page","status-publish","has-post-thumbnail","hentry"],"acf":[],"_links":{"self":[{"href":"https:\/\/www.hqts.com\/fr\/wp-json\/wp\/v2\/pages\/137294","targetHints":{"allow":["GET"]}}],"collection":[{"href":"https:\/\/www.hqts.com\/fr\/wp-json\/wp\/v2\/pages"}],"about":[{"href":"https:\/\/www.hqts.com\/fr\/wp-json\/wp\/v2\/types\/page"}],"author":[{"embeddable":true,"href":"https:\/\/www.hqts.com\/fr\/wp-json\/wp\/v2\/users\/12"}],"replies":[{"embeddable":true,"href":"https:\/\/www.hqts.com\/fr\/wp-json\/wp\/v2\/comments?post=137294"}],"version-history":[{"count":5,"href":"https:\/\/www.hqts.com\/fr\/wp-json\/wp\/v2\/pages\/137294\/revisions"}],"predecessor-version":[{"id":168151,"href":"https:\/\/www.hqts.com\/fr\/wp-json\/wp\/v2\/pages\/137294\/revisions\/168151"}],"wp:featuredmedia":[{"embeddable":true,"href":"https:\/\/www.hqts.com\/fr\/wp-json\/wp\/v2\/media\/137300"}],"wp:attachment":[{"href":"https:\/\/www.hqts.com\/fr\/wp-json\/wp\/v2\/media?parent=137294"}],"curies":[{"name":"wp","href":"https:\/\/api.w.org\/{rel}","templated":true}]}}