{"id":137314,"date":"2023-03-13T11:38:45","date_gmt":"2023-03-13T11:38:45","guid":{"rendered":"https:\/\/www.hqts.com\/?page_id=137314"},"modified":"2023-03-13T11:42:28","modified_gmt":"2023-03-13T11:42:28","slug":"inspections-qualite-jouets","status":"publish","type":"page","link":"https:\/\/www.hqts.com\/fr\/industries-que-nous-desservons\/produits-de-consommation\/inspections-qualite-jouets\/","title":{"rendered":"Inspections de contr\u00f4le de la qualit\u00e9 des Jouets"},"content":{"rendered":"<h3><strong>Inspections de contr\u00f4le de la qualit\u00e9 des Jouets<\/strong><\/h3>\n<p><strong>En tant que membres de longue date de la Toy Industry Association of America, les soci\u00e9t\u00e9s de la famille HQTS se sont engag\u00e9es depuis longtemps \u00e0 assurer la s\u00e9curit\u00e9, la fiabilit\u00e9 et la conformit\u00e9 des produits pour enfants.<\/strong><\/p>\n<p>Les jouets \u00e9tant devenus tr\u00e8s r\u00e9glement\u00e9s dans le monde entier, avec des mises \u00e0 jour fr\u00e9quentes, il est imp\u00e9ratif que les fabricants, les acheteurs et les d\u00e9taillants se conforment et restent \u00e0 jour avec des r\u00e9glementations de plus en plus rigides et complexes. Nos inspections compl\u00e8tes de contr\u00f4le de la qualit\u00e9 et nos services d&rsquo;essais de jouets vous aident \u00e0 assurer la conformit\u00e9 aux exigences r\u00e9glementaires ainsi qu&rsquo;\u00e0 vos propres sp\u00e9cifications de s\u00e9curit\u00e9, de fonctionnalit\u00e9 et d&rsquo;utilisabilit\u00e9.<\/p>\n<p>HQTS est accr\u00e9dit\u00e9 et certifi\u00e9 pour tester les jouets et les produits pour enfants afin qu&rsquo;ils soient conformes \u00e0 la directive de l&rsquo;UE sur la s\u00e9curit\u00e9 des jouets (EN 71) ; la loi sur l&rsquo;am\u00e9lioration de la s\u00e9curit\u00e9 des produits de consommation (CPSIA), et la proposition 65 de la Californie ; les normes chinoises GB, ISO et CCC ; ASTM F963, et bien d&rsquo;autres.<\/p>\n<p>Notre personnel scientifique et technique sp\u00e9cialis\u00e9 peut vous fournir des conseils techniques actualis\u00e9s, des directives d&rsquo;assurance qualit\u00e9, ainsi qu&rsquo;une \u00e9valuation et des tests de conformit\u00e9 \u00e0 l&rsquo;importation et \u00e0 l&rsquo;exportation par rapport \u00e0 toutes les principales exigences de r\u00e9gularit\u00e9 du march\u00e9.<\/p>\n<h4><strong>Tests des jouets et des produits pour enfants<\/strong><\/h4>\n<p>La s\u00e9curit\u00e9 des jouets est devenue une question qui attire fr\u00e9quemment l&rsquo;attention du public. Les jouets sont le meilleur ami des enfants, ce qui signifie qu&rsquo;ils passent beaucoup de temps en contact \u00e9troit. C&rsquo;est pourquoi certains des produits les plus strictement r\u00e9glement\u00e9s sont d\u00e9sormais des jouets et des produits pour enfants.<\/p>\n<p>Nous sommes accr\u00e9dit\u00e9s et certifi\u00e9s pour tester la conformit\u00e9 des jouets et des produits pour enfants \u00e0 la directive europ\u00e9enne sur la s\u00e9curit\u00e9 des jouets (EN 71), \u00e0 la loi sur l&rsquo;am\u00e9lioration de la s\u00e9curit\u00e9 des produits de consommation (CPSIA) et \u00e0 la proposition 65 de la Californie, aux normes chinoises GB, ISO et CCC, \u00e0 la norme ASTM F963 et \u00e0 bien d&rsquo;autres.<\/p>\n<p>Notre personnel scientifique et technique sp\u00e9cialis\u00e9 peut vous fournir des conseils techniques actualis\u00e9s, des directives d&rsquo;assurance qualit\u00e9, ainsi qu&rsquo;une \u00e9valuation et des tests de conformit\u00e9 des importations et des exportations par rapport aux principales exigences de r\u00e9gularit\u00e9 du march\u00e9.<\/p>\n<p><strong>Principales normes d&rsquo;essai<\/strong><\/p>\n<ul>\n<li>EN71<\/li>\n<li>ASTM F963<\/li>\n<li>CPSIA2008<\/li>\n<li>FDA<\/li>\n<li>Canada CCPSA Toy Regulation ( SOR\/2016-188\/193\/195)<\/li>\n<li>AS\/NZS ISO 8124<\/li>\n<\/ul>\n<p><strong>Principaux \u00e9l\u00e9ments d&rsquo;essai<\/strong><\/p>\n<ul>\n<li>Test m\u00e9canique et physique<\/li>\n<li>Test de s\u00e9curit\u00e9 d&rsquo;inflammabilit\u00e9<\/li>\n<li>Analyse chimique : m\u00e9taux lourds, phtalates, formald\u00e9hyde, colorant AZO, etc.<\/li>\n<li>Test de s\u00e9curit\u00e9 des jouets<\/li>\n<li>\u00c9tiquetage d&rsquo;avertissement sur l&rsquo;\u00e2ge<\/li>\n<li>Formation et consultation sur les questions de s\u00e9curit\u00e9 des jouets<\/li>\n<li>Test d&rsquo;abus<\/li>\n<li>\u00c9tiquette d&rsquo;avertissement<\/li>\n<li>\u00c9tiquette de suivi<\/li>\n<\/ul>\n","protected":false},"excerpt":{"rendered":"<p>Inspections de contr\u00f4le de la qualit\u00e9 des Jouets En tant que membres de longue date de la Toy Industry Association of America, les soci\u00e9t\u00e9s de la famille HQTS se sont engag\u00e9es depuis longtemps \u00e0 assurer la s\u00e9curit\u00e9, la fiabilit\u00e9 et la conformit\u00e9 des produits pour enfants. Les jouets \u00e9tant devenus tr\u00e8s r\u00e9glement\u00e9s dans le monde [&hellip;]<\/p>\n","protected":false},"author":12,"featured_media":137317,"parent":135983,"menu_order":27,"comment_status":"closed","ping_status":"closed","template":"","meta":{"_acf_changed":false,"footnotes":""},"class_list":["post-137314","page","type-page","status-publish","has-post-thumbnail","hentry"],"acf":[],"_links":{"self":[{"href":"https:\/\/www.hqts.com\/fr\/wp-json\/wp\/v2\/pages\/137314","targetHints":{"allow":["GET"]}}],"collection":[{"href":"https:\/\/www.hqts.com\/fr\/wp-json\/wp\/v2\/pages"}],"about":[{"href":"https:\/\/www.hqts.com\/fr\/wp-json\/wp\/v2\/types\/page"}],"author":[{"embeddable":true,"href":"https:\/\/www.hqts.com\/fr\/wp-json\/wp\/v2\/users\/12"}],"replies":[{"embeddable":true,"href":"https:\/\/www.hqts.com\/fr\/wp-json\/wp\/v2\/comments?post=137314"}],"version-history":[{"count":5,"href":"https:\/\/www.hqts.com\/fr\/wp-json\/wp\/v2\/pages\/137314\/revisions"}],"predecessor-version":[{"id":137321,"href":"https:\/\/www.hqts.com\/fr\/wp-json\/wp\/v2\/pages\/137314\/revisions\/137321"}],"up":[{"embeddable":true,"href":"https:\/\/www.hqts.com\/fr\/wp-json\/wp\/v2\/pages\/135983"}],"wp:featuredmedia":[{"embeddable":true,"href":"https:\/\/www.hqts.com\/fr\/wp-json\/wp\/v2\/media\/137317"}],"wp:attachment":[{"href":"https:\/\/www.hqts.com\/fr\/wp-json\/wp\/v2\/media?parent=137314"}],"curies":[{"name":"wp","href":"https:\/\/api.w.org\/{rel}","templated":true}]}}