{"id":138587,"date":"2023-03-29T12:58:27","date_gmt":"2023-03-29T12:58:27","guid":{"rendered":"https:\/\/www.hqts.com\/?page_id=138587"},"modified":"2023-03-29T12:58:59","modified_gmt":"2023-03-29T12:58:59","slug":"produits-electroniques","status":"publish","type":"page","link":"https:\/\/www.hqts.com\/fr\/industries-que-nous-desservons\/produits-de-consommation\/electronique\/produits-electroniques\/","title":{"rendered":"Contr\u00f4le de la qualit\u00e9 des produits \u00e9lectroniques grand public"},"content":{"rendered":"<p><strong>\u00c9vitez la frustration de recevoir des produits \u00e9lectroniques d\u00e9fectueux de la part de vos fabricants. Chez HQTS, nous comprenons l&rsquo;importance d&rsquo;assurer la qualit\u00e9 et la fiabilit\u00e9 de vos ordinateurs portables, tablettes ou autres produits \u00e9lectroniques grand public avant qu&rsquo;ils ne parviennent \u00e0 vos clients.<\/strong><\/p>\n<p>L&rsquo;industrie de l&rsquo;\u00e9lectronique grand public est soumise \u00e0 des normes de s\u00e9curit\u00e9 et \u00e0 des marquages de conformit\u00e9 stricts, tels que la directive RoHS, les r\u00e9glementations FCC, la directive DEEE, le marquage CE, ainsi qu&rsquo;\u00e0 des attentes \u00e9lev\u00e9es de la part des clients. Pourtant, les produits sont souvent fabriqu\u00e9s dans plusieurs usines, et les composants tels que les batteries, les cartes de circuits imprim\u00e9s, les circuits int\u00e9gr\u00e9s principaux, les commutateurs et les \u00e9crans proviennent d&rsquo;innombrables fournisseurs. Il vous est donc plus difficile de vous assurer que les produits, et tous leurs composants, r\u00e9pondent \u00e0 vos normes de qualit\u00e9 et \u00e0 vos sp\u00e9cifications.<\/p>\n<h3>Contr\u00f4le qualit\u00e9 de l&rsquo;\u00e9lectronique grand public<\/h3>\n<p>Chez HQTS, nous avons des ann\u00e9es d&rsquo;expertise dans le soutien aux entreprises de l&rsquo;\u00e9lectronique en mati\u00e8re de contr\u00f4le de la qualit\u00e9 tout au long de leur cha\u00eene d&rsquo;approvisionnement. De l&rsquo;audit de votre fabricant \u00e0 l&rsquo;inspection des cartes m\u00e8res des PC et des transitions, en passant par les tests de conformit\u00e9 des appareils \u00e9lectroniques et la d\u00e9livrance de certificats de conformit\u00e9 pour des r\u00e9gions sp\u00e9cifiques.<\/p>\n<h3>Inspections des produits \u00e9lectroniques grand public<\/h3>\n<p>Nos inspecteurs exp\u00e9riment\u00e9s utilisent une liste de contr\u00f4le d\u00e9taill\u00e9e pour inspecter minutieusement vos produits \u00e9lectroniques grand public et int\u00e9grer vos exigences. Les inspections de produits \u00e9lectroniques sont con\u00e7ues pour \u00e9valuer non seulement la durabilit\u00e9 et la qualit\u00e9 de fabrication du produit, mais aussi ses performances et sa fonctionnalit\u00e9. Nos services comprennent les \u00e9l\u00e9ments suivants<\/p>\n<p><strong>&#8211; Inspection avant production:<\/strong> Elle garantit que votre fabricant d&rsquo;\u00e9lectronique grand public peut d\u00e9marrer la production dans les d\u00e9lais pr\u00e9vus et que toutes les sp\u00e9cifications du produit et les exigences de qualit\u00e9 sont respect\u00e9es au plus haut niveau.<\/p>\n<p><strong>&#8211; Inspection en cours de production (DPI):<\/strong> Les produits sont inspect\u00e9s pendant la production pour s&rsquo;assurer qu&rsquo;ils sont conformes aux normes sp\u00e9cifi\u00e9es, ce qui permet d&rsquo;identifier et de r\u00e9soudre rapidement toute source de d\u00e9faut.<\/p>\n<p><strong>&#8211; Inspection avant exp\u00e9dition (PSI):<\/strong> Inspection d&rsquo;un \u00e9chantillon de produits finis pour v\u00e9rifier qu&rsquo;ils r\u00e9pondent \u00e0 vos exigences et \u00e0 vos normes de qualit\u00e9, y compris l&rsquo;inspection visuelle, l&rsquo;\u00e9valuation de l&rsquo;aspect g\u00e9n\u00e9ral, de la fabrication, de la fonction, de la s\u00e9curit\u00e9 et d&rsquo;autres sp\u00e9cifications que vous avez pr\u00e9cis\u00e9es.<\/p>\n<p><strong>&#8211; Inspection pi\u00e8ce par pi\u00e8ce:<\/strong> \u00c9valuation de chaque article du lot de production, \u00e9valuation d&rsquo;une s\u00e9rie de variables telles que la fonctionnalit\u00e9, la s\u00e9curit\u00e9, la qualit\u00e9 de fabrication, etc.<\/p>\n<p><strong>&#8211; Supervision du chargement:<\/strong> Inspecter le processus d&#8217;emballage et de chargement pour s&rsquo;assurer que les produits sont emball\u00e9s et exp\u00e9di\u00e9s conform\u00e9ment aux normes convenues.<\/p>\n<p><strong>&#8211; V\u00e9rification de l&rsquo;assemblage correct:\u00a0<\/strong> V\u00e9rifier que tous les composants du produit sont correctement assembl\u00e9s et mont\u00e9s \u00e0 l&rsquo;aide d&rsquo;un formulaire de donn\u00e9es sur les composants.<\/p>\n<h3>Audits de l&rsquo;\u00e9lectronique grand public<\/h3>\n<p>HQTS peut vous aider \u00e0 v\u00e9rifier la l\u00e9gitimit\u00e9 de votre fabricant d&rsquo;\u00e9lectronique et \u00e0 \u00e9valuer son syst\u00e8me de qualit\u00e9, les syst\u00e8mes de gestion de la qualit\u00e9 existants et ses capacit\u00e9s conform\u00e9ment aux normes.<\/p>\n<p><strong>&#8211; Audit d&rsquo;usine:<\/strong> \u00c9valuation des syst\u00e8mes de contr\u00f4le de la qualit\u00e9, des machines, des installations, des \u00e9quipements et de la capacit\u00e9 de production du fabricant.<\/p>\n<p><strong>&#8211; Audit des fournisseurs:<\/strong> V\u00e9rification des informations juridiques, des informations bancaires, des ressources humaines, des capacit\u00e9s d&rsquo;exportation, etc. de l&rsquo;entreprise.<\/p>\n<h3>Tests de produits \u00e9lectroniques grand public<\/h3>\n<p>HQTS dispose de son propre laboratoire et d&rsquo;un vaste r\u00e9seau de laboratoires partenaires dans le monde entier. Nous proposons divers services, notamment des tests fonctionnels, des tests de logiciels sur site, des tests RoHS, le marquage CE, des tests de chute de carton, etc.<\/p>\n<h4>Autres services pour l&rsquo;\u00e9lectronique grand public<\/h4>\n<p>Nos techniciens et inspecteurs poss\u00e8dent une longue expertise dans le secteur de l&rsquo;\u00e9lectronique grand public, y compris une connaissance des normes internationales pertinentes et des meilleures pratiques de gestion de la qualit\u00e9. Nous sommes l\u00e0 pour vous aider \u00e0 vous assurer que vos produits r\u00e9pondent \u00e0 vos exigences et sont conformes aux r\u00e9glementations et normes applicables.<\/p>\n<ul>\n<li>Certifications gouvernementales et de produits<\/li>\n<li>Conseil<\/li>\n<li>Formation<\/li>\n<li>Ing\u00e9nierie de la qualit\u00e9 des fournisseurs<\/li>\n<\/ul>\n","protected":false},"excerpt":{"rendered":"<p>\u00c9vitez la frustration de recevoir des produits \u00e9lectroniques d\u00e9fectueux de la part de vos fabricants. Chez HQTS, nous comprenons l&rsquo;importance d&rsquo;assurer la qualit\u00e9 et la fiabilit\u00e9 de vos ordinateurs portables, tablettes ou autres produits \u00e9lectroniques grand public avant qu&rsquo;ils ne parviennent \u00e0 vos clients. L&rsquo;industrie de l&rsquo;\u00e9lectronique grand public est soumise \u00e0 des normes de [&hellip;]<\/p>\n","protected":false},"author":12,"featured_media":138590,"parent":136231,"menu_order":28,"comment_status":"closed","ping_status":"closed","template":"","meta":{"_acf_changed":false,"footnotes":""},"class_list":["post-138587","page","type-page","status-publish","has-post-thumbnail","hentry"],"acf":[],"_links":{"self":[{"href":"https:\/\/www.hqts.com\/fr\/wp-json\/wp\/v2\/pages\/138587","targetHints":{"allow":["GET"]}}],"collection":[{"href":"https:\/\/www.hqts.com\/fr\/wp-json\/wp\/v2\/pages"}],"about":[{"href":"https:\/\/www.hqts.com\/fr\/wp-json\/wp\/v2\/types\/page"}],"author":[{"embeddable":true,"href":"https:\/\/www.hqts.com\/fr\/wp-json\/wp\/v2\/users\/12"}],"replies":[{"embeddable":true,"href":"https:\/\/www.hqts.com\/fr\/wp-json\/wp\/v2\/comments?post=138587"}],"version-history":[{"count":2,"href":"https:\/\/www.hqts.com\/fr\/wp-json\/wp\/v2\/pages\/138587\/revisions"}],"predecessor-version":[{"id":138591,"href":"https:\/\/www.hqts.com\/fr\/wp-json\/wp\/v2\/pages\/138587\/revisions\/138591"}],"up":[{"embeddable":true,"href":"https:\/\/www.hqts.com\/fr\/wp-json\/wp\/v2\/pages\/136231"}],"wp:featuredmedia":[{"embeddable":true,"href":"https:\/\/www.hqts.com\/fr\/wp-json\/wp\/v2\/media\/138590"}],"wp:attachment":[{"href":"https:\/\/www.hqts.com\/fr\/wp-json\/wp\/v2\/media?parent=138587"}],"curies":[{"name":"wp","href":"https:\/\/api.w.org\/{rel}","templated":true}]}}