{"id":176366,"date":"2024-11-04T15:14:02","date_gmt":"2024-11-04T15:14:02","guid":{"rendered":"https:\/\/www.hqts.com\/?page_id=176366"},"modified":"2024-11-04T15:14:02","modified_gmt":"2024-11-04T15:14:02","slug":"tests-de-conformite-cpsia","status":"publish","type":"page","link":"https:\/\/www.hqts.com\/fr\/nos-services\/test-de-produits-et-de-materiaux\/tests-de-conformite-cpsia\/","title":{"rendered":"Tests de conformit\u00e9 CPSIA"},"content":{"rendered":"<h4><strong>CPSIA<\/strong><\/h4>\n<p>Le 14 ao\u00fbt 2008, le pr\u00e9sident George W. Bush a sign\u00e9 une loi historique : le Consumer Product Safety Improvement Act (CPSIA) de 2008. Cette loi \u00e9tablit des r\u00e8gles qui d\u00e9finissent les limites de plomb et de phtalates sp\u00e9cifiquement pour les produits destin\u00e9s aux enfants et exige que les tests de certains de ces produits soient effectu\u00e9s et document\u00e9s par des <strong>laboratoires tiers accr\u00e9dit\u00e9s<\/strong> avant de pouvoir \u00eatre import\u00e9s aux \u00c9tats-Unis.<\/p>\n<p>Le 18 octobre 2017, la Commission am\u00e9ricaine pour la s\u00e9curit\u00e9 des produits de consommation (CPSC) a publi\u00e9 une r\u00e8gle finale interdisant les jouets et articles de pu\u00e9riculture contenant plus de 0,1 % de certains produits chimiques \u00e0 base de phtalates.<\/p>\n<p><img decoding=\"async\" src=\"https:\/\/www.hqts.com\/wp-content\/uploads\/2024\/10\/image_2024_10_11T15_23_32_092Z.png\" \/><\/p>\n<div class=\"group\/conversation-turn relative flex w-full min-w-0 flex-col agent-turn\">\n<div class=\"flex-col gap-1 md:gap-3\">\n<div class=\"flex max-w-full flex-col flex-grow\">\n<div class=\"min-h-8 text-message flex w-full flex-col items-end gap-2 whitespace-normal break-words [.text-message+&amp;]:mt-5\" dir=\"auto\" data-message-author-role=\"assistant\" data-message-id=\"593fb66b-f311-4f51-b6f5-d066abf415ba\" data-message-model-slug=\"gpt-4o\">\n<div class=\"flex w-full flex-col gap-1 empty:hidden first:pt-[3px]\">\n<div class=\"markdown prose w-full break-words dark:prose-invert light\">\n<p>&nbsp;<\/p>\n<p>Si vous ciblez les \u00c9tats-Unis, il est essentiel que les produits destin\u00e9s aux enfants soient conformes \u00e0 la CPSIA. Cela implique de comprendre les exigences de la CPSIA, d\u2019\u00e9tablir des politiques internes de suivi de la conformit\u00e9, et de s\u2019assurer que les produits sont test\u00e9s par des laboratoires accr\u00e9dit\u00e9s par la CPSIA. Les fabricants et les d\u00e9taillants doivent \u00e9galement maintenir des registres de conformit\u00e9 pr\u00e9cis et \u00e0 jour \u00e0 pr\u00e9senter en cas d\u2019audit ou d\u2019enqu\u00eate.<\/p>\n<p>Pour respecter la CPSIA, vos produits doivent se conformer \u00e0 plusieurs r\u00e9glementations cl\u00e9s couvrant divers aspects, des substances chimiques aux performances m\u00e9caniques. Voici un aper\u00e7u de certains domaines susceptibles de s\u2019appliquer \u00e0 votre produit en fonction de son type:<\/p>\n<ul>\n<li><strong>M\u00e9taux lourds et produits chimiques<\/strong> : Cela comprend les tests pour des substances nocives telles que le plomb, le cadmium et les phtalates, interdits \u00e0 des niveaux dangereux.<\/li>\n<li><strong>Interdiction des petites pi\u00e8ces<\/strong> : Les produits destin\u00e9s aux jeunes enfants doivent \u00eatre exempts de petites pi\u00e8ces d\u00e9tachables pouvant pr\u00e9senter un risque d\u2019\u00e9touffement.<\/li>\n<li><strong>Performances m\u00e9caniques<\/strong> : Votre produit comporte-t-il de petites pi\u00e8ces pouvant pr\u00e9senter un risque d\u2019\u00e9touffement ? La CPSIA \u00e9tablit des r\u00e8gles strictes pour pr\u00e9venir de tels risques.<\/li>\n<li><strong>Inflammabilit\u00e9<\/strong> : Les produits comme les v\u00eatements ou les peluches doivent passer des tests d\u2019inflammabilit\u00e9 afin de garantir qu\u2019ils ne s\u2019enflamment pas facilement.<\/li>\n<\/ul>\n<p>&nbsp;<\/p>\n<p><strong>Notre laboratoire de test a \u00e9t\u00e9 accr\u00e9dit\u00e9 par la Commission am\u00e9ricaine de s\u00e9curit\u00e9 des produits de consommation (CPSC) pour tester les jouets et les produits destin\u00e9s aux enfants conform\u00e9ment aux r\u00e9glementations suivantes de la CPSC :<\/strong><\/p>\n<ul>\n<li><strong>Peinture au plomb<\/strong>: 16 CFR Part 1303<\/li>\n<li><strong>T\u00e9tines<\/strong>: 16 CFR Part 1511<\/li>\n<li><strong>R\u00e8glement sur les petites pi\u00e8ces<\/strong>: 16 CFR Part 1501<\/li>\n<li><strong>Test d&rsquo;inflammabilit\u00e9 des textiles<\/strong>: 16 CFR Part 1610<\/li>\n<li><strong>Hochets<\/strong>: 16 CFR Part 1510<\/li>\n<li><strong>Plomb dans les bijoux en m\u00e9tal pour enfants<\/strong>: CPSC-CH-E1001-08<\/li>\n<li><strong>Plomb dans les produits m\u00e9talliques pour enfants:<\/strong>\u00a0CPSC-CH-E1001-08<\/li>\n<li><strong>Plomb dans les produits non m\u00e9talliques pour enfants<\/strong>: CPSC-CH-E1002-08<\/li>\n<li><strong>ASTM F963-17<\/strong><\/li>\n<li><strong>Et plus encore<\/strong><\/li>\n<\/ul>\n<p>&nbsp;<\/p>\n<p><strong>Probl\u00e9matiques et solutions:<\/strong><\/p>\n<ul>\n<li>Limite de plomb<\/li>\n<li>Limite de phtalates<\/li>\n<li>Norme de s\u00e9curit\u00e9 obligatoire pour les jouets ASTM F963<\/li>\n<li>Exigences en mati\u00e8re de tests par des tiers<\/li>\n<li>\u00c9tiquettes de suivi pour les produits destin\u00e9s aux enfants<\/li>\n<li>GCC (Certification de conformit\u00e9 g\u00e9n\u00e9rale)<\/li>\n<li>Et plus encore<\/li>\n<\/ul>\n<\/div>\n<\/div>\n<\/div>\n<\/div>\n<\/div>\n<\/div>\n","protected":false},"excerpt":{"rendered":"<p>CPSIA Le 14 ao\u00fbt 2008, le pr\u00e9sident George W. Bush a sign\u00e9 une loi historique : le Consumer Product Safety Improvement Act (CPSIA) de 2008. Cette loi \u00e9tablit des r\u00e8gles qui d\u00e9finissent les limites de plomb et de phtalates sp\u00e9cifiquement pour les produits destin\u00e9s aux enfants et exige que les tests de certains de ces [&hellip;]<\/p>\n","protected":false},"author":12,"featured_media":135768,"parent":135761,"menu_order":53,"comment_status":"closed","ping_status":"closed","template":"","meta":{"_acf_changed":false,"footnotes":""},"class_list":["post-176366","page","type-page","status-publish","has-post-thumbnail","hentry"],"acf":[],"_links":{"self":[{"href":"https:\/\/www.hqts.com\/fr\/wp-json\/wp\/v2\/pages\/176366","targetHints":{"allow":["GET"]}}],"collection":[{"href":"https:\/\/www.hqts.com\/fr\/wp-json\/wp\/v2\/pages"}],"about":[{"href":"https:\/\/www.hqts.com\/fr\/wp-json\/wp\/v2\/types\/page"}],"author":[{"embeddable":true,"href":"https:\/\/www.hqts.com\/fr\/wp-json\/wp\/v2\/users\/12"}],"replies":[{"embeddable":true,"href":"https:\/\/www.hqts.com\/fr\/wp-json\/wp\/v2\/comments?post=176366"}],"version-history":[{"count":1,"href":"https:\/\/www.hqts.com\/fr\/wp-json\/wp\/v2\/pages\/176366\/revisions"}],"predecessor-version":[{"id":176367,"href":"https:\/\/www.hqts.com\/fr\/wp-json\/wp\/v2\/pages\/176366\/revisions\/176367"}],"up":[{"embeddable":true,"href":"https:\/\/www.hqts.com\/fr\/wp-json\/wp\/v2\/pages\/135761"}],"wp:featuredmedia":[{"embeddable":true,"href":"https:\/\/www.hqts.com\/fr\/wp-json\/wp\/v2\/media\/135768"}],"wp:attachment":[{"href":"https:\/\/www.hqts.com\/fr\/wp-json\/wp\/v2\/media?parent=176366"}],"curies":[{"name":"wp","href":"https:\/\/api.w.org\/{rel}","templated":true}]}}