{"id":177877,"date":"2024-11-26T10:41:19","date_gmt":"2024-11-26T10:41:19","guid":{"rendered":"https:\/\/www.hqts.com\/?page_id=177877"},"modified":"2024-11-26T15:02:56","modified_gmt":"2024-11-26T15:02:56","slug":"tests-rohs","status":"publish","type":"page","link":"https:\/\/www.hqts.com\/fr\/nos-services\/test-de-produits-et-de-materiaux\/tests-rohs\/","title":{"rendered":"Test de conformit\u00e9 RoHS"},"content":{"rendered":"<p>Si vous exportez des \u00e9quipements \u00e9lectriques ou \u00e9lectroniques (EEE) vers l&rsquo;Union europ\u00e9enne, il est essentiel de conna\u00eetre la directive sur la restriction des substances dangereuses, \u00e9galement appel\u00e9e RoHS. En effet, la majorit\u00e9 des types d&rsquo;EEE sont soumis \u00e0 une r\u00e9glementation visant \u00e0 limiter les niveaux de certaines substances et produits chimiques dangereux qu&rsquo;ils contiennent, dans le but de prot\u00e9ger la sant\u00e9 humaine et animale.<\/p>\n<p>Comprendre ce qu&rsquo;est un produit conforme \u00e0 la directive RoHS est le meilleur moyen de vous pr\u00e9munir contre des rappels co\u00fbteux, des p\u00e9nalit\u00e9s et des atteintes \u00e0 votre r\u00e9putation.<\/p>\n<h3>Tests RoHS<\/h3>\n<p>La directive sur la restriction des substances dangereuses (RoHS) est une r\u00e9glementation obligatoire \u00e9tablie par l&rsquo;Union europ\u00e9enne (UE), qui limite l&rsquo;utilisation de certaines substances dangereuses dans les \u00e9quipements \u00e9lectriques et \u00e9lectroniques.<\/p>\n<p><strong>RoHS 2\u00a0:<\/strong>\u00a0La directive 2011\/65\/UE (RoHS 2.0) a remplac\u00e9 la directive 2002\/95\/CE \u00e0 compter du 3 janvier 2013. Tous les \u00e9quipements \u00e9lectriques et \u00e9lectroniques vendus en Europe doivent d\u00e9sormais respecter les exigences de RoHS 2.0.<\/p>\n<p>Pour donner aux fabricants suffisamment de temps pour garantir la conformit\u00e9 de leurs nouveaux produits \u00e0 RoHS 2.0, une p\u00e9riode de transition a \u00e9t\u00e9 d\u00e9finie comme suit\u00a0:<\/p>\n<ul>\n<li><strong>22 juillet 2014<\/strong>\u00a0\u2013 Dispositifs m\u00e9dicaux et instruments de surveillance et de contr\u00f4le<\/li>\n<li><strong>22 juillet 2016<\/strong>\u00a0\u2013 Dispositifs m\u00e9dicaux de diagnostic in vitro<\/li>\n<li><strong>22 juillet 2017<\/strong>\u00a0\u2013 Instruments de surveillance et de contr\u00f4le industriels<\/li>\n<li><strong>22 juillet 2019<\/strong>\u00a0\u2013 Tous les autres \u00e9quipements \u00e9lectriques et \u00e9lectroniques non couverts par l&rsquo;une des cat\u00e9gories pr\u00e9c\u00e9dentes<\/li>\n<\/ul>\n<p><strong>RoHS 3\u00a0:<\/strong>\u00a0En 2019, la directive RoHS 3 a renforc\u00e9 les restrictions en ajoutant quatre nouveaux phtalates soumis \u00e0 limitation\u00a0: DEHP, BBP, DBP et DIBP.<\/p>\n<h3>Quels produits sont couverts par la directive RoHS\u00a0?<\/h3>\n<p><img fetchpriority=\"high\" decoding=\"async\" class=\"aligncenter size-full wp-image-177880\" src=\"https:\/\/www.hqts.com\/wp-content\/uploads\/2024\/11\/Which-products-are-covered-under-RoHS-4.png\" alt=\"\" width=\"2000\" height=\"1414\" srcset=\"https:\/\/www.hqts.com\/wp-content\/uploads\/2024\/11\/Which-products-are-covered-under-RoHS-4.png 2000w, https:\/\/www.hqts.com\/wp-content\/uploads\/2024\/11\/Which-products-are-covered-under-RoHS-4-300x212.png 300w, https:\/\/www.hqts.com\/wp-content\/uploads\/2024\/11\/Which-products-are-covered-under-RoHS-4-1024x724.png 1024w, https:\/\/www.hqts.com\/wp-content\/uploads\/2024\/11\/Which-products-are-covered-under-RoHS-4-768x543.png 768w, https:\/\/www.hqts.com\/wp-content\/uploads\/2024\/11\/Which-products-are-covered-under-RoHS-4-1536x1086.png 1536w\" sizes=\"(max-width: 2000px) 100vw, 2000px\" \/><\/p>\n<h3>Produits soumis \u00e0 RoHS\u00a0:<\/h3>\n<ul>\n<li>Gros \u00e9lectrom\u00e9nager<\/li>\n<li>Petits \u00e9lectrom\u00e9nagers<\/li>\n<li>\u00c9quipements informatiques et de communication<\/li>\n<li>\u00c9quipements grand public<\/li>\n<li>Produits d&rsquo;\u00e9clairage<\/li>\n<li>Outils \u00e9lectriques et \u00e9lectroniques<\/li>\n<li>Jouets, \u00e9quipements de loisirs et de sport<\/li>\n<li>Distributeurs automatiques<\/li>\n<li>Dispositifs m\u00e9dicaux<\/li>\n<li>Appareils de surveillance<\/li>\n<li>Tous les autres appareils \u00e9lectriques et \u00e9lectroniques<\/li>\n<\/ul>\n<h3><\/h3>\n<h3>\u00c9quipements exclus de RoHS :<\/h3>\n<ul>\n<li>Outillage industriel stationnaire \u00e0 grande \u00e9chelle et installations fixes \u00e0 grande \u00e9chelle<\/li>\n<li>Moyens de transport de personnes ou de marchandises (\u00e0 l&rsquo;exception des v\u00e9hicules \u00e9lectriques \u00e0 deux roues non r\u00e9ceptionn\u00e9s)<\/li>\n<li>Engins mobiles non routiers destin\u00e9s exclusivement \u00e0 un usage professionnel<\/li>\n<li>Panneaux photovolta\u00efques<\/li>\n<li>Produits destin\u00e9s \u00e0 la recherche et au d\u00e9veloppement<\/li>\n<li>Dispositifs m\u00e9dicaux implantables actifs<\/li>\n<\/ul>\n<p>&nbsp;<\/p>\n<h3>Substances soumises \u00e0 des restrictions RoHS<\/h3>\n<p>Le 4 juin 2015, l&rsquo;UE a publi\u00e9 la directive (UE) 2015\/863 modifiant la directive 2011\/65\/UE (RoHS 2.0), qui a ajout\u00e9 quatre types de phtalates \u00e0 la liste des substances r\u00e9glement\u00e9es. L&rsquo;amendement entrera en vigueur le 22 juillet 2019. Les substances soumises \u00e0 restriction sont indiqu\u00e9es dans le tableau suivant:<\/p>\n<p><img decoding=\"async\" class=\"wp-image-4052 size-full alignnone\" src=\"https:\/\/www.hqts.com\/wp-content\/uploads\/2020\/03\/ROHS.jpg\" alt=\"ROHS Restricted substances\" width=\"717\" height=\"237\" srcset=\"https:\/\/www.hqts.com\/wp-content\/uploads\/2020\/03\/ROHS.jpg 717w, https:\/\/www.hqts.com\/wp-content\/uploads\/2020\/03\/ROHS-300x99.jpg 300w\" sizes=\"(max-width: 717px) 100vw, 717px\" \/><\/p>\n<p>HQTS propose des services de tests de haute qualit\u00e9 pour les substances restreintes, garantissant que vos produits respectent les exigences de la directive RoHS, condition essentielle pour leur entr\u00e9e l\u00e9gale sur le march\u00e9 de l&rsquo;Union europ\u00e9enne.<\/p>\n<p>De tests en laboratoire RoHS sur site aux examens approfondis de la documentation et aux audits des processus, notre \u00e9quipe simplifie chaque \u00e9tape n\u00e9cessaire pour assurer la conformit\u00e9 RoHS.<\/p>\n<h3>Nous pouvons vous accompagner avec\u00a0:<\/h3>\n<ul>\n<li>Appareils \u00e9lectrom\u00e9nagers<\/li>\n<li>\u00c9quipements informatiques et de communication<\/li>\n<li>\u00c9quipements grand public<\/li>\n<li>Produits d&rsquo;\u00e9clairage<\/li>\n<li>Outils \u00e9lectriques et \u00e9lectroniques<\/li>\n<li>Jouets, \u00e9quipements de loisirs et de sport<\/li>\n<li>Et bien plus encore<\/li>\n<\/ul>\n","protected":false},"excerpt":{"rendered":"<p>Si vous exportez des \u00e9quipements \u00e9lectriques ou \u00e9lectroniques (EEE) vers l&rsquo;Union europ\u00e9enne, il est essentiel de conna\u00eetre la directive sur la restriction des substances dangereuses, \u00e9galement appel\u00e9e RoHS. En effet, la majorit\u00e9 des types d&rsquo;EEE sont soumis \u00e0 une r\u00e9glementation visant \u00e0 limiter les niveaux de certaines substances et produits chimiques dangereux qu&rsquo;ils contiennent, dans [&hellip;]<\/p>\n","protected":false},"author":12,"featured_media":139295,"parent":135761,"menu_order":54,"comment_status":"closed","ping_status":"closed","template":"","meta":{"_acf_changed":false,"footnotes":""},"class_list":["post-177877","page","type-page","status-publish","has-post-thumbnail","hentry"],"acf":[],"_links":{"self":[{"href":"https:\/\/www.hqts.com\/fr\/wp-json\/wp\/v2\/pages\/177877","targetHints":{"allow":["GET"]}}],"collection":[{"href":"https:\/\/www.hqts.com\/fr\/wp-json\/wp\/v2\/pages"}],"about":[{"href":"https:\/\/www.hqts.com\/fr\/wp-json\/wp\/v2\/types\/page"}],"author":[{"embeddable":true,"href":"https:\/\/www.hqts.com\/fr\/wp-json\/wp\/v2\/users\/12"}],"replies":[{"embeddable":true,"href":"https:\/\/www.hqts.com\/fr\/wp-json\/wp\/v2\/comments?post=177877"}],"version-history":[{"count":2,"href":"https:\/\/www.hqts.com\/fr\/wp-json\/wp\/v2\/pages\/177877\/revisions"}],"predecessor-version":[{"id":177992,"href":"https:\/\/www.hqts.com\/fr\/wp-json\/wp\/v2\/pages\/177877\/revisions\/177992"}],"up":[{"embeddable":true,"href":"https:\/\/www.hqts.com\/fr\/wp-json\/wp\/v2\/pages\/135761"}],"wp:featuredmedia":[{"embeddable":true,"href":"https:\/\/www.hqts.com\/fr\/wp-json\/wp\/v2\/media\/139295"}],"wp:attachment":[{"href":"https:\/\/www.hqts.com\/fr\/wp-json\/wp\/v2\/media?parent=177877"}],"curies":[{"name":"wp","href":"https:\/\/api.w.org\/{rel}","templated":true}]}}