{"id":219545,"date":"2025-11-05T15:39:57","date_gmt":"2025-11-05T15:39:57","guid":{"rendered":"https:\/\/www.hqts.com\/i-nostri-servizi\/audit-di-fabbrica\/audit-di-conformita-sociale\/"},"modified":"2025-11-05T15:40:36","modified_gmt":"2025-11-05T15:40:36","slug":"audit-di-conformita-sociale","status":"publish","type":"page","link":"https:\/\/www.hqts.com\/it\/i-nostri-servizi\/audit-di-fabbrica\/audit-di-conformita-sociale\/","title":{"rendered":"Audit di Conformit\u00e0 Sociale"},"content":{"rendered":"<h4><strong>Audit di Conformit\u00e0 Sociale<\/strong><\/h4>\n<p style=\"text-align: left;\"><strong>HQTS offre una soluzione razionale ed economicamente vantaggiosa per evitare problemi di conformit\u00e0 sociale grazie al nostro servizio di Audit di Conformit\u00e0 Sociale o Audit Etico. Attraverso un approccio multiplo basato su tecniche investigative comprovate per raccogliere e verificare le informazioni relative agli stabilimenti, i nostri auditor madrelingua conducono interviste riservate approfondite con il personale, analizzano la documentazione e valutano tutte le operazioni di fabbrica in base a parametri di conformit\u00e0 riconosciuti a livello globale.<\/strong><\/p>\n<h4 style=\"text-align: left;\"><strong>Il nostro Audit di Conformit\u00e0 Sociale include la valutazione della conformit\u00e0 dei vostri fornitori a:<\/strong><\/h4>\n<ul>\n<li><a href=\"https:\/\/www.hqts.com\/it\/i-nostri-servizi\/audit-di-fabbrica\/audit-di-conformita-sociale\/servizi-di-verifica-higg-fem\/\">Indice Higgs FEM<\/a><\/li>\n<li><a href=\"https:\/\/www.hqts.com\/it\/i-nostri-servizi\/audit-di-fabbrica\/audit-di-conformita-sociale\/servizi-di-verifica-del-social-labor-convergence-program-slcp\/\">Social &amp; Labor Convergence Program (SLCP)<\/a><\/li>\n<li><a href=\"https:\/\/www.hqts.com\/it\/i-nostri-servizi\/soluzioni-sostenibili\/conformita-e-rendicontazione-cbam\/\">CBAM &#8211; Tariffa sul Carbonio dell\u2019UE<\/a><\/li>\n<li>Leggi sul lavoro minorile<\/li>\n<li>Leggi sul lavoro forzato<\/li>\n<li>Leggi contro la discriminazione<\/li>\n<li>Leggi sul salario minimo<\/li>\n<li>Standard di vita dei lavoratori<\/li>\n<li>Orario di lavoro<\/li>\n<li>Retribuzione per straordinari<\/li>\n<li>Benefici sociali<\/li>\n<li>Sicurezza e salute<\/li>\n<li>Tutela dell\u2019ambiente<\/li>\n<\/ul>\n<h4 style=\"text-align: justify;\"><strong>Cos\u2019\u00e8 un Audit di Conformit\u00e0 Sociale \/ Audit Etico?<\/strong><\/h4>\n<p style=\"text-align: justify;\">Man mano che le aziende ampliano le loro attivit\u00e0 di approvvigionamento nei paesi in via di sviluppo, diventa sempre pi\u00f9 importante esaminare attentamente le condizioni di lavoro dei fornitori. Le condizioni in cui i prodotti vengono realizzati sono diventate un elemento di qualit\u00e0 e una parte fondamentale della proposta di valore aziendale. La mancanza di un processo per gestire i rischi legati alla conformit\u00e0 sociale pu\u00f2 avere un impatto diretto sui risultati economici dell\u2019azienda, soprattutto quando l\u2019immagine e il marchio rappresentano asset critici.<\/p>\n<p style=\"text-align: justify;\">HQTS \u00e8 una societ\u00e0 specializzata in Audit di Conformit\u00e0 Sociale, con le competenze e le risorse necessarie per supportare lo sviluppo di un efficace programma di audit etico, oltre a condurre audit sui processi e i controlli legati alla conformit\u00e0 per conto vostro.<\/p>\n<h4 style=\"text-align: justify;\"><strong>Tipologie di Audit di Conformit\u00e0 Sociale<\/strong><\/h4>\n<p style=\"text-align: justify;\">Esistono due tipi di audit di conformit\u00e0 sociale: gli audit ufficiali condotti dal governo e quelli non ufficiali eseguiti da una terza parte indipendente. Gli audit non ufficiali ma regolari possono garantire che la vostra azienda mantenga la conformit\u00e0 nel tempo.<\/p>\n<h4 style=\"text-align: justify;\"><strong>Perch\u00e9 l\u2019Audit Etico \u00e8 importante?<\/strong><\/h4>\n<p style=\"text-align: justify;\">La presenza di trattamenti abusivi o illegali all\u2019interno della vostra azienda o nella vostra catena di fornitura pu\u00f2 danneggiare il vostro marchio. Allo stesso modo, dimostrare attenzione alla sostenibilit\u00e0 lungo la catena di approvvigionamento pu\u00f2 rafforzare la reputazione aziendale e valorizzare l\u2019immagine del brand. Gli audit etici aiutano inoltre le aziende e i marchi a gestire i rischi di conformit\u00e0 sociale che potrebbero avere impatti finanziari negativi.<\/p>\n<h4 style=\"text-align: justify;\"><strong>Come condurre un Audit di Conformit\u00e0 Sociale<\/strong><\/h4>\n<p style=\"text-align: justify;\">Per garantire che la vostra azienda rispetti gli standard di conformit\u00e0 sociale, pu\u00f2 essere necessario condurre un audit seguendo questi passaggi:<\/p>\n<p style=\"text-align: justify;\">1. Rivedere il codice di condotta e il codice etico della vostra azienda.<\/p>\n<p>2. Definire gli \u201cstakeholder\u201d aziendali, identificando tutti gli individui o gruppi influenzati dalle prestazioni o dal successo della vostra impresa.<\/p>\n<p>3. Identificare le esigenze sociali che coinvolgono tutti gli stakeholder della vostra azienda, come pulizia urbana, riduzione della criminalit\u00e0 e del vagabondaggio.<\/p>\n<p>4. Ideare un sistema per identificare obiettivi sociali, raccogliere dati sui problemi, implementare strategie per influenzare positivamente la situazione e rendicontare i risultati degli sforzi compiuti.<\/p>\n<p>5. Stipulare un contratto con una societ\u00e0 di revisione indipendente specializzata in programmi di responsabilit\u00e0 sociale; incontrare i rappresentanti dell\u2019audit per discutere le vostre iniziative e la necessit\u00e0 di una revisione indipendente.<\/p>\n<p>6. Consentire all\u2019auditor di completare il processo di verifica indipendente e confrontare poi i risultati con le osservazioni interne del gruppo responsabile della responsabilit\u00e0 sociale.<\/p>\n<h4 style=\"text-align: justify;\"><strong>Il Rapporto dell\u2019Audit di Conformit\u00e0 Sociale<\/strong><\/h4>\n<p style=\"text-align: justify;\">Una volta completato l\u2019audit di conformit\u00e0 sociale da parte di un auditor etico, viene emesso un rapporto che documenta i risultati e include fotografie. Con questo rapporto, otterrete una visione chiara della conformit\u00e0 della vostra azienda a tutti i requisiti di conformit\u00e0 sociale.<\/p>\n<h4><strong>Altri Servizi di Audit<\/strong><\/h4>\n<ul>\n<li><a href=\"https:\/\/www.hqts.com\/it\/factory-supplier-audits\/\">Audit di fabbrica e dei fornitori<\/a><\/li>\n<li><a href=\"https:\/\/www.hqts.com\/our-services\/energy-audits\/\">Audit energetici<\/a><\/li>\n<li><a href=\"https:\/\/www.hqts.com\/our-services\/environmental-audits\/\">Audit ambientali<\/a><\/li>\n<li><a href=\"https:\/\/www.hqts.com\/factory-production-control\/\">Audit sul Controllo della Produzione in Fabbrica<\/a><\/li>\n<li><a href=\"https:\/\/www.hqts.com\/our-services\/manufacturer-audits\/\">Audit del produttore<\/a><\/li>\n<li><a href=\"https:\/\/www.hqts.com\/our-services\/building-safety-audits\/\">Audit sulla sicurezza degli edifici<\/a><\/li>\n<\/ul>\n","protected":false},"excerpt":{"rendered":"<p>Audit di Conformit\u00e0 Sociale HQTS offre una soluzione razionale ed economicamente vantaggiosa per evitare problemi di conformit\u00e0 sociale grazie al nostro servizio di Audit di Conformit\u00e0 Sociale o Audit Etico. Attraverso un approccio multiplo basato su tecniche investigative comprovate per raccogliere e verificare le informazioni relative agli stabilimenti, i nostri auditor madrelingua conducono interviste riservate [&hellip;]<\/p>\n","protected":false},"author":12,"featured_media":219471,"parent":219465,"menu_order":44,"comment_status":"closed","ping_status":"closed","template":"","meta":{"_acf_changed":false,"footnotes":""},"class_list":["post-219545","page","type-page","status-publish","has-post-thumbnail","hentry"],"acf":[],"_links":{"self":[{"href":"https:\/\/www.hqts.com\/it\/wp-json\/wp\/v2\/pages\/219545","targetHints":{"allow":["GET"]}}],"collection":[{"href":"https:\/\/www.hqts.com\/it\/wp-json\/wp\/v2\/pages"}],"about":[{"href":"https:\/\/www.hqts.com\/it\/wp-json\/wp\/v2\/types\/page"}],"author":[{"embeddable":true,"href":"https:\/\/www.hqts.com\/it\/wp-json\/wp\/v2\/users\/12"}],"replies":[{"embeddable":true,"href":"https:\/\/www.hqts.com\/it\/wp-json\/wp\/v2\/comments?post=219545"}],"version-history":[{"count":1,"href":"https:\/\/www.hqts.com\/it\/wp-json\/wp\/v2\/pages\/219545\/revisions"}],"predecessor-version":[{"id":219547,"href":"https:\/\/www.hqts.com\/it\/wp-json\/wp\/v2\/pages\/219545\/revisions\/219547"}],"up":[{"embeddable":true,"href":"https:\/\/www.hqts.com\/it\/wp-json\/wp\/v2\/pages\/219465"}],"wp:featuredmedia":[{"embeddable":true,"href":"https:\/\/www.hqts.com\/it\/wp-json\/wp\/v2\/media\/219471"}],"wp:attachment":[{"href":"https:\/\/www.hqts.com\/it\/wp-json\/wp\/v2\/media?parent=219545"}],"curies":[{"name":"wp","href":"https:\/\/api.w.org\/{rel}","templated":true}]}}