{"id":219548,"date":"2025-11-05T15:44:25","date_gmt":"2025-11-05T15:44:25","guid":{"rendered":"https:\/\/www.hqts.com\/i-nostri-servizi\/audit-di-fabbrica\/audit-di-conformita-sociale\/servizi-di-verifica-higg-fem\/"},"modified":"2025-11-05T15:45:24","modified_gmt":"2025-11-05T15:45:24","slug":"servizi-di-verifica-higg-fem","status":"publish","type":"page","link":"https:\/\/www.hqts.com\/it\/i-nostri-servizi\/audit-di-fabbrica\/audit-di-conformita-sociale\/servizi-di-verifica-higg-fem\/","title":{"rendered":"Servizi di Verifica Higg FEM"},"content":{"rendered":"<h3>Promuovere la Sostenibilit\u00e0 nei Settori dell\u2019Abbigliamento, delle Calzature e del Tessile<\/h3>\n<p>HQTS \u00e8 ufficialmente riconosciuta come verificatore Higg FEM (Facility Environmental Module) da Cascale, precedentemente nota come Sustainable Apparel Coalition (SAC). Con il nostro ID Higg autorizzato <strong>186183<\/strong>, siamo pronti ad aiutare le aziende a rispettare gli standard globali di sostenibilit\u00e0.<\/p>\n<h3>Verifica Higg FEM Completa per la Tua Azienda<\/h3>\n<p>La Verifica Higg FEM \u00e8 un elemento fondamentale del framework Higg Index, un sistema globale progettato per valutare e migliorare la sostenibilit\u00e0 nei settori dell\u2019abbigliamento, delle calzature e del tessile. Sviluppato da Cascale e Higg Co., questo framework fornisce alle aziende gli strumenti per misurare il proprio impatto ambientale e sociale e per attuare pratiche sostenibili in modo efficace.<\/p>\n<p>L\u2019Higg Index comprende diversi moduli, tra cui il <strong>Facility Environmental Module (FEM)<\/strong>, che si concentra sulle prestazioni ambientali annuali. Questo modulo aiuta i produttori a valutare aspetti come il consumo energetico, le emissioni di gas serra, l\u2019uso dell\u2019acqua, la gestione dei rifiuti e la manipolazione dei prodotti chimici. Consente agli stabilimenti di monitorare costantemente le proprie prestazioni, identificare opportunit\u00e0 di miglioramento e comunicare l\u2019impatto ambientale agli stakeholder.<\/p>\n<h3>HQTS: Il Tuo Partner per la Sostenibilit\u00e0<\/h3>\n<p>HQTS si impegna a fornire alle aziende strumenti e conoscenze per favorire una crescita sostenibile. In qualit\u00e0 di verificatore Higg FEM ufficialmente approvato, mettiamo a disposizione una profonda esperienza e risorse per guidarti durante l\u2019intero processo di verifica. I nostri servizi sono pensati per rafforzare la credibilit\u00e0 delle tue iniziative di sostenibilit\u00e0, aiutandoti ad allinearti agli standard globali e alle aspettative dei principali marchi e rivenditori.<\/p>\n<p>Comprendiamo le sfide legate all\u2019implementazione di pratiche sostenibili e offriamo un processo di verifica fluido e standardizzato, adattato alle esigenze specifiche dei settori dell\u2019abbigliamento, delle calzature e del tessile.<\/p>\n<h3>Il Processo di Verifica Higg FEM<\/h3>\n<p>Il processo inizia con la registrazione dell\u2019azienda come membro Cascale e la compilazione dell\u2019autovalutazione Higg FEM per raccogliere e analizzare i dati sulle prestazioni ambientali. Per gli stabilimenti che richiedono una verifica da parte di terzi, HQTS fornisce audit professionali in loco per garantire la conformit\u00e0 agli standard Higg FEM. Dopo la verifica, il rapporto finale viene caricato sulla piattaforma Higg, fornendo ai clienti informazioni utili per promuovere miglioramento e trasparenza.<\/p>\n<h3>Perch\u00e9 Scegliere HQTS?<\/h3>\n<p>Collaborare con HQTS per la verifica Higg FEM significa affidarsi a un fornitore terzo di fiducia, impegnato ad aiutarvi a raggiungere i vostri obiettivi di sostenibilit\u00e0. La nostra esperienza nella gestione della qualit\u00e0 delle catene di fornitura e nella sostenibilit\u00e0 garantisce un servizio di verifica accurato e professionale, migliorando la vostra credibilit\u00e0 e competitivit\u00e0 sul mercato.<\/p>\n<h3>Inizia Oggi<\/h3>\n<p>La sostenibilit\u00e0 non \u00e8 pi\u00f9 un\u2019opzione, ma una necessit\u00e0 per avere successo nel mercato globale di oggi. Lascia che HQTS ti guidi attraverso il processo di verifica Higg FEM, assicurandoti di distinguerti come leader responsabile e rispettoso dell\u2019ambiente.<\/p>\n<p><strong><a href=\"https:\/\/www.hqts.com\/it\/contatti\/\">Contattaci<\/a><\/strong> oggi per saperne di pi\u00f9 sui nostri servizi o per pianificare la tua verifica.<\/p>\n","protected":false},"excerpt":{"rendered":"<p>Promuovere la Sostenibilit\u00e0 nei Settori dell\u2019Abbigliamento, delle Calzature e del Tessile HQTS \u00e8 ufficialmente riconosciuta come verificatore Higg FEM (Facility Environmental Module) da Cascale, precedentemente nota come Sustainable Apparel Coalition (SAC). Con il nostro ID Higg autorizzato 186183, siamo pronti ad aiutare le aziende a rispettare gli standard globali di sostenibilit\u00e0. Verifica Higg FEM Completa [&hellip;]<\/p>\n","protected":false},"author":12,"featured_media":219549,"parent":219545,"menu_order":0,"comment_status":"closed","ping_status":"closed","template":"","meta":{"_acf_changed":false,"footnotes":""},"class_list":["post-219548","page","type-page","status-publish","has-post-thumbnail","hentry"],"acf":[],"_links":{"self":[{"href":"https:\/\/www.hqts.com\/it\/wp-json\/wp\/v2\/pages\/219548","targetHints":{"allow":["GET"]}}],"collection":[{"href":"https:\/\/www.hqts.com\/it\/wp-json\/wp\/v2\/pages"}],"about":[{"href":"https:\/\/www.hqts.com\/it\/wp-json\/wp\/v2\/types\/page"}],"author":[{"embeddable":true,"href":"https:\/\/www.hqts.com\/it\/wp-json\/wp\/v2\/users\/12"}],"replies":[{"embeddable":true,"href":"https:\/\/www.hqts.com\/it\/wp-json\/wp\/v2\/comments?post=219548"}],"version-history":[{"count":1,"href":"https:\/\/www.hqts.com\/it\/wp-json\/wp\/v2\/pages\/219548\/revisions"}],"predecessor-version":[{"id":219551,"href":"https:\/\/www.hqts.com\/it\/wp-json\/wp\/v2\/pages\/219548\/revisions\/219551"}],"up":[{"embeddable":true,"href":"https:\/\/www.hqts.com\/it\/wp-json\/wp\/v2\/pages\/219545"}],"wp:featuredmedia":[{"embeddable":true,"href":"https:\/\/www.hqts.com\/it\/wp-json\/wp\/v2\/media\/219549"}],"wp:attachment":[{"href":"https:\/\/www.hqts.com\/it\/wp-json\/wp\/v2\/media?parent=219548"}],"curies":[{"name":"wp","href":"https:\/\/api.w.org\/{rel}","templated":true}]}}