{"id":219556,"date":"2025-11-05T15:54:04","date_gmt":"2025-11-05T15:54:04","guid":{"rendered":"https:\/\/www.hqts.com\/i-nostri-servizi\/servizi-di-certificato-di-conformita\/"},"modified":"2025-11-05T15:55:06","modified_gmt":"2025-11-05T15:55:06","slug":"certificato-di-conformita","status":"publish","type":"page","link":"https:\/\/www.hqts.com\/it\/i-nostri-servizi\/certificato-di-conformita\/","title":{"rendered":"Servizi di Certificato di Conformit\u00e0"},"content":{"rendered":"<p>Alcuni paesi richiedono un <strong>Certificato di Conformit\u00e0<\/strong> per garantire un regolare sdoganamento delle spedizioni. Il Certificato di Conformit\u00e0 attesta che i prodotti regolamentati siano conformi alle normative locali e agli standard approvati. In assenza di un CoC, i prodotti possono essere trattenuti, confiscati o, in alcuni casi, distrutti.<\/p>\n<p><strong>I nostri Servizi CoC:<\/strong><\/p>\n<ul>\n<li><strong><a href=\"https:\/\/www.hqts.com\/our-services\/uganda-pvoc\/\">PVoC Uganda<\/a><\/strong><\/li>\n<li><strong><a href=\"https:\/\/www.hqts.com\/our-services\/uganda-pvoc-oil-gas\/\">PVoC Uganda per Attrezzature e Materiali del Settore Petrolifero e del Gas<\/a><\/strong><\/li>\n<li><strong><a href=\"https:\/\/www.hqts.com\/our-services\/saso-certificate-saudi-arabia\/\">Certificato di Conformit\u00e0 di Prodotto e Spedizione per l\u2019Arabia Saudita<\/a><\/strong><\/li>\n<li><strong><a href=\"https:\/\/www.hqts.com\/our-services\/sfda-certificate-of-conformity\/\">Certificato di Conformit\u00e0 SFDA<\/a><\/strong><\/li>\n<\/ul>\n<p>&nbsp;<\/p>\n<p><strong>Altri Servizi Governativi:<\/strong><\/p>\n<ul>\n<li><strong><a href=\"https:\/\/www.hqts.com\/our-services\/uzbekistan-pre-shipment-inspections\/\">Ispezioni Pre-Spedizione Uzbekistan<\/a><\/strong><\/li>\n<li><a href=\"https:\/\/www.hqts.com\/our-services\/government-approved-inspections\/pakistan-pesticide-pre-shipment-inspections\/\"><strong>Ispezioni Pre-Spedizione di Pesticidi Pakistan<\/strong><\/a><\/li>\n<\/ul>\n<p>&nbsp;<\/p>\n<p>HQTS vanta oltre 25 anni di esperienza nell\u2019assicurazione qualit\u00e0. Con pi\u00f9 di 80 uffici in tutto il mondo, inclusa Baghdad, HQTS \u00e8 pronta a essere il vostro partner di fiducia per i servizi di qualit\u00e0 in ogni fase del processo. Offriamo servizi rapidi, flessibili e affidabili per tutte le vostre esigenze di ispezione.<\/p>\n","protected":false},"excerpt":{"rendered":"<p>Alcuni paesi richiedono un Certificato di Conformit\u00e0 per garantire un regolare sdoganamento delle spedizioni. Il Certificato di Conformit\u00e0 attesta che i prodotti regolamentati siano conformi alle normative locali e agli standard approvati. In assenza di un CoC, i prodotti possono essere trattenuti, confiscati o, in alcuni casi, distrutti. I nostri Servizi CoC: PVoC Uganda PVoC [&hellip;]<\/p>\n","protected":false},"author":12,"featured_media":219557,"parent":219439,"menu_order":0,"comment_status":"closed","ping_status":"closed","template":"","meta":{"_acf_changed":false,"footnotes":""},"class_list":["post-219556","page","type-page","status-publish","has-post-thumbnail","hentry"],"acf":[],"_links":{"self":[{"href":"https:\/\/www.hqts.com\/it\/wp-json\/wp\/v2\/pages\/219556","targetHints":{"allow":["GET"]}}],"collection":[{"href":"https:\/\/www.hqts.com\/it\/wp-json\/wp\/v2\/pages"}],"about":[{"href":"https:\/\/www.hqts.com\/it\/wp-json\/wp\/v2\/types\/page"}],"author":[{"embeddable":true,"href":"https:\/\/www.hqts.com\/it\/wp-json\/wp\/v2\/users\/12"}],"replies":[{"embeddable":true,"href":"https:\/\/www.hqts.com\/it\/wp-json\/wp\/v2\/comments?post=219556"}],"version-history":[{"count":1,"href":"https:\/\/www.hqts.com\/it\/wp-json\/wp\/v2\/pages\/219556\/revisions"}],"predecessor-version":[{"id":219558,"href":"https:\/\/www.hqts.com\/it\/wp-json\/wp\/v2\/pages\/219556\/revisions\/219558"}],"up":[{"embeddable":true,"href":"https:\/\/www.hqts.com\/it\/wp-json\/wp\/v2\/pages\/219439"}],"wp:featuredmedia":[{"embeddable":true,"href":"https:\/\/www.hqts.com\/it\/wp-json\/wp\/v2\/media\/219557"}],"wp:attachment":[{"href":"https:\/\/www.hqts.com\/it\/wp-json\/wp\/v2\/media?parent=219556"}],"curies":[{"name":"wp","href":"https:\/\/api.w.org\/{rel}","templated":true}]}}