{"id":219563,"date":"2025-11-05T16:03:25","date_gmt":"2025-11-05T16:03:25","guid":{"rendered":"https:\/\/www.hqts.com\/servizi-di-conformita-per-prodotti-tessili-e-di-abbigliamento\/"},"modified":"2025-11-05T16:10:19","modified_gmt":"2025-11-05T16:10:19","slug":"servizi-di-conformita-tessili-abbigliamento","status":"publish","type":"page","link":"https:\/\/www.hqts.com\/it\/i-nostri-servizi\/conformita\/servizi-di-conformita-tessili-abbigliamento\/","title":{"rendered":"Servizi di Conformit\u00e0 per Prodotti Tessili e di Abbigliamento"},"content":{"rendered":"<p>HQTS \u00e8 specializzata nella fornitura di servizi completi di conformit\u00e0, progettati specificamente per questo settore. Dalla gestione di complessi quadri normativi alla verifica dei requisiti di etichettatura e all\u2019esecuzione di test rigorosi per le sostanze soggette a restrizioni, il nostro team di esperti garantisce che i vostri prodotti tessili e di abbigliamento rispettino i pi\u00f9 elevati standard di sicurezza, qualit\u00e0 e responsabilit\u00e0 sociale.<\/p>\n<h4><strong>Le nostre competenze coprono le seguenti aree:<\/strong><\/h4>\n<ul>\n<li><strong>Regolamento REACH<\/strong>: Il regolamento REACH (Registration, Evaluation, Authorization and Restriction of Chemicals) garantisce l\u2019uso sicuro delle sostanze chimiche nella produzione e nella distribuzione dei tessuti. Mira a proteggere la salute umana e l\u2019ambiente richiedendo la registrazione e la valutazione delle sostanze chimiche, la restrizione delle sostanze pericolose e la comunicazione delle informazioni lungo la catena di fornitura.<\/li>\n<li><strong>Regolamento sui Prodotti Biocidi<\/strong>: Questo regolamento disciplina l\u2019immissione sul mercato dei prodotti biocidi, inclusi quelli utilizzati nei trattamenti tessili. Ha lo scopo di garantire l\u2019efficacia e la sicurezza di tali prodotti richiedendone l\u2019autorizzazione e la valutazione, proteggendo la salute umana e l\u2019ambiente da potenziali rischi.<\/li>\n<li><strong>Regolamento sui Coloranti AZO<\/strong>: Questo regolamento limita l\u2019uso di alcuni coloranti AZO nei tessuti a causa della loro potenziale capacit\u00e0 di rilasciare ammine aromatiche, dannose per la salute umana. Stabilisce limiti sul contenuto di tali sostanze nei tessuti per ridurre il rischio di esposizione e proteggere i consumatori.<\/li>\n<li><strong>Regolamento sull\u2019Etichettatura Tessile<\/strong>: Il Regolamento sull\u2019Etichettatura Tessile impone un\u2019etichettatura chiara e accurata dei prodotti tessili. Richiede che siano indicate informazioni come la composizione delle fibre, le istruzioni di lavaggio e il paese di origine, garantendo trasparenza e consentendo ai consumatori di effettuare scelte consapevoli sugli articoli acquistati.<\/li>\n<li>E altro ancora&#8230;<\/li>\n<\/ul>\n<h4><strong>I nostri principali servizi includono:<\/strong><\/h4>\n<ul>\n<li>Formazione mirata sui principali regolamenti e standard<\/li>\n<li>Gestione delle sostanze chimiche e consulenza sulle liste di sostanze soggette a restrizione<\/li>\n<li>Supporto tecnico durante l\u2019intero processo di approvvigionamento e produzione<\/li>\n<li>Pianificazione dei test di prodotto e gestione dei test di terze parti<\/li>\n<li>Preparazione della documentazione di certificazione e dei registri tecnici necessari<\/li>\n<li>Revisione delle dichiarazioni normative su etichette e istruzioni dei prodotti<\/li>\n<li>Gestione delle richieste da parte delle autorit\u00e0 di regolamentazione del mercato<\/li>\n<\/ul>\n<p>&nbsp;<\/p>\n<p>Con il nostro supporto, potrete ispirare fiducia nei consumatori, tutelare la reputazione del vostro marchio e ottenere un vantaggio competitivo nel mercato globale. Affidatevi a HQTS per tutte le vostre esigenze di conformit\u00e0 nel settore tessile e dell\u2019abbigliamento.<\/p>\n","protected":false},"excerpt":{"rendered":"<p>HQTS \u00e8 specializzata nella fornitura di servizi completi di conformit\u00e0, progettati specificamente per questo settore. Dalla gestione di complessi quadri normativi alla verifica dei requisiti di etichettatura e all\u2019esecuzione di test rigorosi per le sostanze soggette a restrizioni, il nostro team di esperti garantisce che i vostri prodotti tessili e di abbigliamento rispettino i pi\u00f9 [&hellip;]<\/p>\n","protected":false},"author":12,"featured_media":219564,"parent":219576,"menu_order":0,"comment_status":"closed","ping_status":"closed","template":"","meta":{"_acf_changed":false,"footnotes":""},"class_list":["post-219563","page","type-page","status-publish","has-post-thumbnail","hentry"],"acf":[],"_links":{"self":[{"href":"https:\/\/www.hqts.com\/it\/wp-json\/wp\/v2\/pages\/219563","targetHints":{"allow":["GET"]}}],"collection":[{"href":"https:\/\/www.hqts.com\/it\/wp-json\/wp\/v2\/pages"}],"about":[{"href":"https:\/\/www.hqts.com\/it\/wp-json\/wp\/v2\/types\/page"}],"author":[{"embeddable":true,"href":"https:\/\/www.hqts.com\/it\/wp-json\/wp\/v2\/users\/12"}],"replies":[{"embeddable":true,"href":"https:\/\/www.hqts.com\/it\/wp-json\/wp\/v2\/comments?post=219563"}],"version-history":[{"count":1,"href":"https:\/\/www.hqts.com\/it\/wp-json\/wp\/v2\/pages\/219563\/revisions"}],"predecessor-version":[{"id":219575,"href":"https:\/\/www.hqts.com\/it\/wp-json\/wp\/v2\/pages\/219563\/revisions\/219575"}],"up":[{"embeddable":true,"href":"https:\/\/www.hqts.com\/it\/wp-json\/wp\/v2\/pages\/219576"}],"wp:featuredmedia":[{"embeddable":true,"href":"https:\/\/www.hqts.com\/it\/wp-json\/wp\/v2\/media\/219564"}],"wp:attachment":[{"href":"https:\/\/www.hqts.com\/it\/wp-json\/wp\/v2\/media?parent=219563"}],"curies":[{"name":"wp","href":"https:\/\/api.w.org\/{rel}","templated":true}]}}