{"id":219578,"date":"2025-11-05T16:14:39","date_gmt":"2025-11-05T16:14:39","guid":{"rendered":"https:\/\/www.hqts.com\/i-nostri-servizi\/conformita\/servizi-di-conformita-per-materiali-da-costruzione-e-prodotti-edilizi-cpr\/"},"modified":"2025-11-05T16:17:17","modified_gmt":"2025-11-05T16:17:17","slug":"conformita-materiali-prodotti-edilizi","status":"publish","type":"page","link":"https:\/\/www.hqts.com\/it\/i-nostri-servizi\/conformita\/conformita-materiali-prodotti-edilizi\/","title":{"rendered":"Servizi di Conformit\u00e0 per Materiali da Costruzione e Prodotti Edilizi (CPR)"},"content":{"rendered":"<p>Il nostro team di conformit\u00e0 dedicato di HQTS \u00e8 a vostra disposizione per aiutarvi a soddisfare i requisiti del Regolamento Europeo sui Prodotti da Costruzione (CPR) e gli standard associati ai vostri prodotti.<\/p>\n<h3><strong>Il Regolamento sui Prodotti da Costruzione (CPR)<\/strong><\/h3>\n<p>Il Regolamento sui Prodotti da Costruzione (CPR) \u00e8 un quadro normativo completo che copre un\u2019ampia gamma di materiali e prodotti da costruzione. Stabilisce i requisiti di sicurezza, qualit\u00e0 e prestazione, garantendo che prodotti come porte, finestre, materiali isolanti, serrature, tapparelle, facciate continue, prodotti in calcestruzzo e numerosi altri componenti edilizi rispettino gli standard richiesti.<\/p>\n<p><strong>Standard Correlati<\/strong><\/p>\n<p>Il Regolamento CPR stabilisce standard armonizzati per la commercializzazione dei prodotti da costruzione nell\u2019UE, come ad esempio:<\/p>\n<ol>\n<li>EN 12101: Sistemi di controllo di fumo e calore<\/li>\n<li>EN 13241: Porte e cancelli industriali, commerciali e da garage<\/li>\n<li>EN 14351: Finestre, porte e porte pedonali<\/li>\n<li>EN 13501: Classificazione al fuoco di prodotti ed elementi da costruzione<\/li>\n<li>EN 1364: Prove di resistenza al fuoco per elementi non portanti<\/li>\n<li>EN 13964: Controsoffitti \u2013 Requisiti e metodi di prova<\/li>\n<li>EN 14359: Strutture in legno \u2013 Legname strutturale classificato per resistenza con sezione rettangolare<\/li>\n<li>EN 1504: Prodotti e sistemi per la protezione e la riparazione delle strutture in calcestruzzo<\/li>\n<li>EN 15167: Prodotti prefabbricati in calcestruzzo \u2013 Requisiti per elementi armati<\/li>\n<li>EN 15283: Membrane flessibili per impermeabilizzazione \u2013 Fogli bituminosi, plastici e in gomma per coperture<\/li>\n<\/ol>\n<h4><\/h4>\n<h4><strong>I Nostri Servizi di Conformit\u00e0 CPR<\/strong><\/h4>\n<p>Il nostro principale obiettivo \u00e8 fornire un\u2019interpretazione esperta e una consulenza chiara sulle normative CPR, garantendo una piena comprensione dei requisiti e delle responsabilit\u00e0. Siamo inoltre specializzati nella preparazione e revisione della documentazione tecnica di prodotto, assistendovi nella compilazione della documentazione necessaria, comprese dichiarazioni di prestazione, rapporti di prova e relazioni di valutazione della conformit\u00e0. Inoltre, gestiamo le richieste e le risposte alle autorit\u00e0 di regolamentazione del mercato per vostro conto.<\/p>\n<p><strong>I nostri servizi di conformit\u00e0 ai prodotti includono:<\/strong><\/p>\n<ul>\n<li>Formazione e interpretazione dei punti chiave del regolamento CPR<\/li>\n<li>Guida alla classificazione dei prodotti e alla preparazione della documentazione tecnica<\/li>\n<li>Revisione e aggiornamento dei documenti tecnici di prodotto (DoP, SDoP, ecc.)<\/li>\n<li>Traduzione e localizzazione del Regolamento UE sui Prodotti da Costruzione<\/li>\n<li>Gestione delle richieste e risposte alle autorit\u00e0 di regolamentazione del mercato<\/li>\n<li>Formazione sul regolamento CPR per distributori\/importatori<\/li>\n<\/ul>\n<p>&nbsp;<\/p>\n<p>Il nostro team pu\u00f2 aiutare le aziende a comprendere correttamente i requisiti normativi, sviluppare soluzioni di conformit\u00e0 praticabili e fornire supporto professionale nelle richieste da parte degli enti regolatori, garantendo che i vostri prodotti accedano senza ostacoli al mercato europeo. Potete contare sulla nostra comprovata esperienza nelle normative CPR per assicurarvi che i vostri prodotti soddisfino tutti gli standard richiesti.<\/p>\n<p>&nbsp;<\/p>\n","protected":false},"excerpt":{"rendered":"<p>Il nostro team di conformit\u00e0 dedicato di HQTS \u00e8 a vostra disposizione per aiutarvi a soddisfare i requisiti del Regolamento Europeo sui Prodotti da Costruzione (CPR) e gli standard associati ai vostri prodotti. Il Regolamento sui Prodotti da Costruzione (CPR) Il Regolamento sui Prodotti da Costruzione (CPR) \u00e8 un quadro normativo completo che copre un\u2019ampia [&hellip;]<\/p>\n","protected":false},"author":12,"featured_media":219580,"parent":219576,"menu_order":0,"comment_status":"closed","ping_status":"closed","template":"","meta":{"_acf_changed":false,"footnotes":""},"class_list":["post-219578","page","type-page","status-publish","has-post-thumbnail","hentry"],"acf":[],"_links":{"self":[{"href":"https:\/\/www.hqts.com\/it\/wp-json\/wp\/v2\/pages\/219578","targetHints":{"allow":["GET"]}}],"collection":[{"href":"https:\/\/www.hqts.com\/it\/wp-json\/wp\/v2\/pages"}],"about":[{"href":"https:\/\/www.hqts.com\/it\/wp-json\/wp\/v2\/types\/page"}],"author":[{"embeddable":true,"href":"https:\/\/www.hqts.com\/it\/wp-json\/wp\/v2\/users\/12"}],"replies":[{"embeddable":true,"href":"https:\/\/www.hqts.com\/it\/wp-json\/wp\/v2\/comments?post=219578"}],"version-history":[{"count":2,"href":"https:\/\/www.hqts.com\/it\/wp-json\/wp\/v2\/pages\/219578\/revisions"}],"predecessor-version":[{"id":219588,"href":"https:\/\/www.hqts.com\/it\/wp-json\/wp\/v2\/pages\/219578\/revisions\/219588"}],"up":[{"embeddable":true,"href":"https:\/\/www.hqts.com\/it\/wp-json\/wp\/v2\/pages\/219576"}],"wp:featuredmedia":[{"embeddable":true,"href":"https:\/\/www.hqts.com\/it\/wp-json\/wp\/v2\/media\/219580"}],"wp:attachment":[{"href":"https:\/\/www.hqts.com\/it\/wp-json\/wp\/v2\/media?parent=219578"}],"curies":[{"name":"wp","href":"https:\/\/api.w.org\/{rel}","templated":true}]}}