{"id":219589,"date":"2025-11-05T16:21:18","date_gmt":"2025-11-05T16:21:18","guid":{"rendered":"https:\/\/www.hqts.com\/i-nostri-servizi\/conformita\/servizi-di-conformita-per-elettrodomestici\/"},"modified":"2025-11-05T16:22:06","modified_gmt":"2025-11-05T16:22:06","slug":"servizi-di-conformita-elettrodomestici","status":"publish","type":"page","link":"https:\/\/www.hqts.com\/it\/i-nostri-servizi\/conformita\/servizi-di-conformita-elettrodomestici\/","title":{"rendered":"Servizi di Conformit\u00e0 per Elettrodomestici"},"content":{"rendered":"<h3>La Nostra Area di Competenza<\/h3>\n<p>Garantite la conformit\u00e0 e la sicurezza dei vostri prodotti elettrici sfruttando l\u2019esperienza dei servizi di conformit\u00e0 di HQTS per prodotti elettrici. Il nostro team di professionisti esperti pu\u00f2 guidarvi attraverso il complesso panorama normativo della conformit\u00e0 dei prodotti elettrici, offrendo assistenza nelle seguenti aree:<\/p>\n<ul>\n<li><strong>Direttiva Bassa Tensione (LVD)<\/strong>: La LVD assicura la sicurezza delle apparecchiature elettriche che operano entro specifici limiti di tensione, promuovendo la protezione dei consumatori e l\u2019armonizzazione degli standard nel mercato europeo.<\/li>\n<li><strong>RoHS<\/strong>: La direttiva RoHS limita l\u2019uso di sostanze pericolose, come piombo e mercurio, nelle apparecchiature elettriche ed elettroniche, tutelando la salute umana e l\u2019ambiente dai loro effetti nocivi.<\/li>\n<li><strong>REACH<\/strong>: Il regolamento REACH disciplina la registrazione, valutazione, autorizzazione e restrizione delle sostanze chimiche per garantirne l\u2019uso sicuro, proteggere la salute umana e ridurre gli impatti ambientali lungo tutta la catena di approvvigionamento.<\/li>\n<li><strong>Etichettatura Ecodesign<\/strong>: L\u2019etichettatura Ecodesign richiede l\u2019apposizione di etichette energetiche sugli elettrodomestici per promuovere l\u2019efficienza energetica, aumentare la consapevolezza dei consumatori e incoraggiare modelli di consumo sostenibili.<\/li>\n<li><strong>Direttiva RAEE (WEEE)<\/strong>: La Direttiva RAEE mira a ridurre l\u2019impatto ambientale dei rifiuti di apparecchiature elettriche ed elettroniche, promuovendone la raccolta, il riciclo e il trattamento adeguati, contribuendo cos\u00ec a conservare le risorse e ridurre i rifiuti in discarica.<\/li>\n<li><strong>Direttiva Compatibilit\u00e0 Elettromagnetica (EMC)<\/strong>: La direttiva EMC garantisce che i dispositivi elettrici ed elettronici non emettano disturbi elettromagnetici eccessivi e funzionino correttamente in presenza di altre apparecchiature, mantenendo la compatibilit\u00e0 e prevenendo interferenze.<\/li>\n<li><strong>Direttiva Apparecchiature Radio (RED)<\/strong>: La direttiva RED stabilisce norme armonizzate per la sicurezza e le prestazioni delle apparecchiature radio, inclusi i dispositivi wireless, assicurandone il corretto funzionamento, l\u2019uso efficiente dello spettro radio e la protezione della salute e sicurezza degli utenti.<\/li>\n<li>E altro ancora&#8230;<\/li>\n<\/ul>\n<p>&nbsp;<\/p>\n<h3>I Nostri Servizi di Conformit\u00e0 per Elettrodomestici<\/h3>\n<p>I nostri servizi includono, ma non si limitano a:<\/p>\n<ul>\n<li>Consulenza su progettazione e ingegneria del prodotto<\/li>\n<li>Gestione di test di sicurezza e certificazioni di terze parti<\/li>\n<li>Ispezione di conformit\u00e0 dei prodotti esistenti e ri-certificazione<\/li>\n<li>Gestione delle risposte alle autorit\u00e0 di regolamentazione del mercato e delle crisi<\/li>\n<li>Audit in fabbrica e ottimizzazione dei sistemi di gestione<\/li>\n<\/ul>\n<p>&nbsp;<\/p>\n<p>Con HQTS, potete contare sulla nostra ampia esperienza nel settore e su una profonda conoscenza delle normative internazionali in continua evoluzione. Comprendiamo le sfide legate al rispetto dei requisiti di importazione ed esportazione nei mercati globali per i vostri prodotti. Contattateci oggi stesso per discutere come possiamo aiutarvi a raggiungere i vostri obiettivi di import\/export garantendo la piena conformit\u00e0 alle normative internazionali.<\/p>\n","protected":false},"excerpt":{"rendered":"<p>La Nostra Area di Competenza Garantite la conformit\u00e0 e la sicurezza dei vostri prodotti elettrici sfruttando l\u2019esperienza dei servizi di conformit\u00e0 di HQTS per prodotti elettrici. Il nostro team di professionisti esperti pu\u00f2 guidarvi attraverso il complesso panorama normativo della conformit\u00e0 dei prodotti elettrici, offrendo assistenza nelle seguenti aree: Direttiva Bassa Tensione (LVD): La LVD [&hellip;]<\/p>\n","protected":false},"author":12,"featured_media":219591,"parent":219576,"menu_order":0,"comment_status":"closed","ping_status":"closed","template":"","meta":{"_acf_changed":false,"footnotes":""},"class_list":["post-219589","page","type-page","status-publish","has-post-thumbnail","hentry"],"acf":[],"_links":{"self":[{"href":"https:\/\/www.hqts.com\/it\/wp-json\/wp\/v2\/pages\/219589","targetHints":{"allow":["GET"]}}],"collection":[{"href":"https:\/\/www.hqts.com\/it\/wp-json\/wp\/v2\/pages"}],"about":[{"href":"https:\/\/www.hqts.com\/it\/wp-json\/wp\/v2\/types\/page"}],"author":[{"embeddable":true,"href":"https:\/\/www.hqts.com\/it\/wp-json\/wp\/v2\/users\/12"}],"replies":[{"embeddable":true,"href":"https:\/\/www.hqts.com\/it\/wp-json\/wp\/v2\/comments?post=219589"}],"version-history":[{"count":1,"href":"https:\/\/www.hqts.com\/it\/wp-json\/wp\/v2\/pages\/219589\/revisions"}],"predecessor-version":[{"id":219592,"href":"https:\/\/www.hqts.com\/it\/wp-json\/wp\/v2\/pages\/219589\/revisions\/219592"}],"up":[{"embeddable":true,"href":"https:\/\/www.hqts.com\/it\/wp-json\/wp\/v2\/pages\/219576"}],"wp:featuredmedia":[{"embeddable":true,"href":"https:\/\/www.hqts.com\/it\/wp-json\/wp\/v2\/media\/219591"}],"wp:attachment":[{"href":"https:\/\/www.hqts.com\/it\/wp-json\/wp\/v2\/media?parent=219589"}],"curies":[{"name":"wp","href":"https:\/\/api.w.org\/{rel}","templated":true}]}}