{"id":219639,"date":"2025-11-05T17:08:03","date_gmt":"2025-11-05T17:08:03","guid":{"rendered":"https:\/\/www.hqts.com\/ispezione-della-qualita-dei-lavori-civili\/"},"modified":"2025-11-05T17:16:31","modified_gmt":"2025-11-05T17:16:31","slug":"ispezione-lavori-civili","status":"publish","type":"page","link":"https:\/\/www.hqts.com\/it\/i-nostri-servizi\/ispezioni-di-controllo-qualita\/ispezione-lavori-civili\/","title":{"rendered":"Ispezione della Qualit\u00e0 dei Lavori Civili"},"content":{"rendered":"<h4><strong>Ispezione di Qualit\u00e0 di Terza Parte per Lavori Civili<\/strong><\/h4>\n<p><strong>In qualit\u00e0 di leader globale nel controllo qualit\u00e0 di terza parte, HQTS offre servizi di ispezione per lavori civili su misura per le diverse esigenze dei vostri progetti, garantendo la piena conformit\u00e0 normativa in tutte le fasi.<\/strong><\/p>\n<h4><strong>Fornitura di Personale per il Controllo Qualit\u00e0 Basato su Progetto<\/strong><\/h4>\n<p>Che si tratti di completare un progetto di sviluppo alberghiero o di un\u2019ispezione urgente per un\u2019infrastruttura, la fornitura di ispettori qualificati HQTS garantisce personale certificato ed esperto per i vostri lavori civili. Offriamo flessibilit\u00e0 senza pari e tariffe competitive.<\/p>\n<h4><strong>Un Approccio Personalizzato al Piano di Controllo Qualit\u00e0 per i Lavori Civili<\/strong><\/h4>\n<p>Ogni progetto di supervisione dei lavori civili presenta sfide e requisiti specifici. Adatteremo i nostri programmi di ispezione ai requisiti unici del vostro progetto. Le attivit\u00e0 e le responsabilit\u00e0 principali che i nostri ispettori gestiscono frequentemente includono:<\/p>\n<ul>\n<li><strong>Supervisione dell\u2019Esecuzione:<\/strong> Monitorare, mantenere e seguire l\u2019avanzamento dei lavori civili, mantenendo registri completi relativi all\u2019esecuzione.<\/li>\n<li><strong>Ispezioni<\/strong> <strong>Finali<\/strong>: Condurre l\u2019ispezione finale per la certificazione del completamento definitivo.<\/li>\n<li><strong>Supervisione dei Contraenti<\/strong>: Garantire che i lavori dei contraenti rispettino i documenti contrattuali e le pratiche accettate.<\/li>\n<li><strong>Ispezione dei Materiali:<\/strong> Controllare i materiali in loco e fuori sede, organizzando test di campo e di laboratorio per verificarne la conformit\u00e0 e l\u2019accettabilit\u00e0.<\/li>\n<li><strong>Monitoraggio della Sicurezza:<\/strong> Identificare potenziali rischi per la sicurezza e comunicarli ai contraenti.<\/li>\n<li><strong>Conformit\u00e0 Normativa:<\/strong> Garantire la disponibilit\u00e0 in loco di NOC, permessi e approvazioni progettuali delle autorit\u00e0 competenti.<\/li>\n<li><strong>Controllo della Qualit\u00e0:<\/strong> Segnalare le non conformit\u00e0 (NCN), emettere avvisi di ispezione del sito (SIN) e supervisionare le azioni correttive.<\/li>\n<li><strong>Supervisione del Percorso:<\/strong> Supervisionare le operazioni sul percorso, tra cui la pulizia dei pozzetti, il posizionamento dei segnali e il controllo della vegetazione.<\/li>\n<\/ul>\n<h4><strong>Presenza Globale, Competenza Locale<\/strong><\/h4>\n<p>Gli ispettori di lavori civili HQTS, esperti e qualificati, sono strategicamente presenti in oltre 40 paesi nel mondo, offrendo servizi di controllo qualit\u00e0 per soddisfare le esigenze di diversi progetti. <strong><a href=\"https:\/\/www.hqts.com\/it\/contatti\/\">Contattateci<\/a><\/strong> oggi per scoprire le nostre soluzioni e ricevere un preventivo personalizzato per il vostro progetto.<\/p>\n","protected":false},"excerpt":{"rendered":"<p>Ispezione di Qualit\u00e0 di Terza Parte per Lavori Civili In qualit\u00e0 di leader globale nel controllo qualit\u00e0 di terza parte, HQTS offre servizi di ispezione per lavori civili su misura per le diverse esigenze dei vostri progetti, garantendo la piena conformit\u00e0 normativa in tutte le fasi. Fornitura di Personale per il Controllo Qualit\u00e0 Basato su [&hellip;]<\/p>\n","protected":false},"author":17,"featured_media":219641,"parent":219642,"menu_order":37,"comment_status":"closed","ping_status":"closed","template":"","meta":{"_acf_changed":false,"footnotes":""},"class_list":["post-219639","page","type-page","status-publish","has-post-thumbnail","hentry"],"acf":[],"_links":{"self":[{"href":"https:\/\/www.hqts.com\/it\/wp-json\/wp\/v2\/pages\/219639","targetHints":{"allow":["GET"]}}],"collection":[{"href":"https:\/\/www.hqts.com\/it\/wp-json\/wp\/v2\/pages"}],"about":[{"href":"https:\/\/www.hqts.com\/it\/wp-json\/wp\/v2\/types\/page"}],"author":[{"embeddable":true,"href":"https:\/\/www.hqts.com\/it\/wp-json\/wp\/v2\/users\/17"}],"replies":[{"embeddable":true,"href":"https:\/\/www.hqts.com\/it\/wp-json\/wp\/v2\/comments?post=219639"}],"version-history":[{"count":2,"href":"https:\/\/www.hqts.com\/it\/wp-json\/wp\/v2\/pages\/219639\/revisions"}],"predecessor-version":[{"id":219647,"href":"https:\/\/www.hqts.com\/it\/wp-json\/wp\/v2\/pages\/219639\/revisions\/219647"}],"up":[{"embeddable":true,"href":"https:\/\/www.hqts.com\/it\/wp-json\/wp\/v2\/pages\/219642"}],"wp:featuredmedia":[{"embeddable":true,"href":"https:\/\/www.hqts.com\/it\/wp-json\/wp\/v2\/media\/219641"}],"wp:attachment":[{"href":"https:\/\/www.hqts.com\/it\/wp-json\/wp\/v2\/media?parent=219639"}],"curies":[{"name":"wp","href":"https:\/\/api.w.org\/{rel}","templated":true}]}}