{"id":219642,"date":"2025-11-05T17:13:52","date_gmt":"2025-11-05T17:13:52","guid":{"rendered":"https:\/\/www.hqts.com\/i-nostri-servizi\/quality-control-inspections\/"},"modified":"2025-11-17T14:19:03","modified_gmt":"2025-11-17T14:19:03","slug":"ispezioni-di-controllo-qualita","status":"publish","type":"page","link":"https:\/\/www.hqts.com\/it\/i-nostri-servizi\/ispezioni-di-controllo-qualita\/","title":{"rendered":"Ispezioni di Controllo Qualit\u00e0"},"content":{"rendered":"\t\t<div data-elementor-type=\"wp-page\" data-elementor-id=\"219642\" class=\"elementor elementor-219642 elementor-571\" data-elementor-post-type=\"page\">\n\t\t\t\t\t\t<section class=\"elementor-section elementor-top-section elementor-element elementor-element-5a88c7d9 elementor-section-boxed elementor-section-height-default elementor-section-height-default\" data-id=\"5a88c7d9\" data-element_type=\"section\">\n\t\t\t\t\t\t<div class=\"elementor-container elementor-column-gap-default\">\n\t\t\t\t\t<div class=\"elementor-column elementor-col-100 elementor-top-column elementor-element elementor-element-aa33adc\" data-id=\"aa33adc\" data-element_type=\"column\">\n\t\t\t<div class=\"elementor-widget-wrap elementor-element-populated\">\n\t\t\t\t\t\t<div class=\"elementor-element elementor-element-52986f8 elementor-widget elementor-widget-text-editor\" data-id=\"52986f8\" data-element_type=\"widget\" data-widget_type=\"text-editor.default\">\n\t\t\t\t<div class=\"elementor-widget-container\">\n\t\t\t\t\t\t\t\t\t<h4><strong>Ispezioni di Prodotto<\/strong><\/h4><div class=\"wpb_text_column wpb_content_element vc_custom_1580985022072\"><div class=\"wpb_wrapper\"><p><strong>Le ispezioni di controllo qualit\u00e0 HQTS verificano la qualit\u00e0 e la quantit\u00e0 dei prodotti secondo specifiche predefinite.<\/strong><\/p><p><strong>La diminuzione dei cicli di vita dei prodotti e del time-to-market aumenta la sfida di consegnare prodotti di qualit\u00e0 in tempi rapidi. Quando il tuo prodotto non soddisfa le specifiche di qualit\u00e0 richieste per l\u2019accettazione sul mercato, le conseguenze possono includere perdita di reputazione, prodotti e ricavi, spedizioni ritardate, materiali sprecati e il potenziale rischio di un richiamo del prodotto.<\/strong><\/p><h4><strong>Procedura delle Ispezioni di Controllo Qualit\u00e0<\/strong><\/h4><p><img fetchpriority=\"high\" decoding=\"async\" class=\"aligncenter size-full wp-image-67397\" src=\"https:\/\/www.hqts.com\/wp-content\/uploads\/2020\/10\/inspection-process.png\" alt=\"\" width=\"2497\" height=\"865\" srcset=\"https:\/\/www.hqts.com\/wp-content\/uploads\/2020\/10\/inspection-process.png 2497w, https:\/\/www.hqts.com\/wp-content\/uploads\/2020\/10\/inspection-process-300x104.png 300w, https:\/\/www.hqts.com\/wp-content\/uploads\/2020\/10\/inspection-process-1024x355.png 1024w, https:\/\/www.hqts.com\/wp-content\/uploads\/2020\/10\/inspection-process-768x266.png 768w, https:\/\/www.hqts.com\/wp-content\/uploads\/2020\/10\/inspection-process-1536x532.png 1536w, https:\/\/www.hqts.com\/wp-content\/uploads\/2020\/10\/inspection-process-2048x709.png 2048w\" sizes=\"(max-width: 2497px) 100vw, 2497px\" \/><\/p><p>Le tipiche ispezioni di controllo qualit\u00e0 includono quattro passaggi principali. A seconda del prodotto, della tua esperienza con il fornitore e di altri fattori, uno o tutti questi passaggi possono essere applicati alle tue esigenze.<\/p><h4><a href=\"https:\/\/www.hqts.com\/it\/i-nostri-servizi\/ispezioni-di-controllo-qualita\/ispezione-pre-produzione\/\"><strong>Ispezioni Pre-Produzione (PPI)<\/strong><\/a><\/h4><p><a href=\"https:\/\/www.hqts.com\/it\/i-nostri-servizi\/ispezioni-di-controllo-qualita\/ispezione-pre-produzione\/\"><b>Prima della produzione<\/b><\/a>, la nostra ispezione di controllo qualit\u00e0 delle materie prime e dei componenti confermer\u00e0 se questi soddisfano le tue specifiche e se sono disponibili in quantit\u00e0 sufficienti a rispettare il programma di produzione. Questo servizio \u00e8 utile quando hai riscontrato problemi con materiali e\/o sostituzioni di componenti oppure stai lavorando con un nuovo fornitore e sono necessari molti componenti e materiali esternalizzati durante la produzione.<\/p><p><a href=\"https:\/\/www.hqts.com\/our-services\/quality-control-inspections\/pre-production-inspection\/\"><img decoding=\"async\" class=\"aligncenter wp-image-67582 size-full\" src=\"https:\/\/www.hqts.com\/wp-content\/uploads\/2020\/10\/INSPECTIONS-1-1.jpg\" alt=\"\" width=\"2415\" height=\"884\" srcset=\"https:\/\/www.hqts.com\/wp-content\/uploads\/2020\/10\/INSPECTIONS-1-1.jpg 2415w, https:\/\/www.hqts.com\/wp-content\/uploads\/2020\/10\/INSPECTIONS-1-1-300x110.jpg 300w, https:\/\/www.hqts.com\/wp-content\/uploads\/2020\/10\/INSPECTIONS-1-1-1024x375.jpg 1024w, https:\/\/www.hqts.com\/wp-content\/uploads\/2020\/10\/INSPECTIONS-1-1-768x281.jpg 768w, https:\/\/www.hqts.com\/wp-content\/uploads\/2020\/10\/INSPECTIONS-1-1-1536x562.jpg 1536w, https:\/\/www.hqts.com\/wp-content\/uploads\/2020\/10\/INSPECTIONS-1-1-2048x750.jpg 2048w\" sizes=\"(max-width: 2415px) 100vw, 2415px\" \/><\/a><\/p><h4><a href=\"https:\/\/www.hqts.com\/it\/i-nostri-servizi\/ispezioni-di-controllo-qualita\/ispezione-durante-la-produzione\/\"><strong>Ispezioni Durante la Produzione (DPI)<\/strong><\/a><\/h4><p><a href=\"https:\/\/www.hqts.com\/it\/i-nostri-servizi\/ispezioni-di-controllo-qualita\/ispezione-durante-la-produzione\/\"><b>Durante la produzione<\/b><\/a>, i prodotti vengono ispezionati per verificare che i requisiti e le specifiche di qualit\u00e0 vengano rispettati. Questo processo \u00e8 utile nei casi in cui si verifichino difetti ripetuti nella produzione. Pu\u00f2 aiutare a identificare in quale fase del processo si verifica il problema e fornire elementi oggettivi per trovare soluzioni e risolvere i problemi produttivi.<\/p><p><a href=\"https:\/\/www.hqts.com\/our-services\/quality-control-inspections\/pre-production-inspection\/\"><img decoding=\"async\" class=\"aligncenter wp-image-67579 size-full\" src=\"https:\/\/www.hqts.com\/wp-content\/uploads\/2020\/10\/INSPECTIONS-2.jpg\" alt=\"during production inspection in a factory\" width=\"2415\" height=\"884\" srcset=\"https:\/\/www.hqts.com\/wp-content\/uploads\/2020\/10\/INSPECTIONS-2.jpg 2415w, https:\/\/www.hqts.com\/wp-content\/uploads\/2020\/10\/INSPECTIONS-2-300x110.jpg 300w, https:\/\/www.hqts.com\/wp-content\/uploads\/2020\/10\/INSPECTIONS-2-1024x375.jpg 1024w, https:\/\/www.hqts.com\/wp-content\/uploads\/2020\/10\/INSPECTIONS-2-768x281.jpg 768w, https:\/\/www.hqts.com\/wp-content\/uploads\/2020\/10\/INSPECTIONS-2-1536x562.jpg 1536w, https:\/\/www.hqts.com\/wp-content\/uploads\/2020\/10\/INSPECTIONS-2-2048x750.jpg 2048w\" sizes=\"(max-width: 2415px) 100vw, 2415px\" \/><\/a><\/p><h4><a href=\"https:\/\/www.hqts.com\/it\/i-nostri-servizi\/ispezioni-di-controllo-qualita\/ispezione-pre-spedizione\/\"><strong>Ispezioni Pre-Spedizione (PSI)<\/strong><\/a><\/h4><p>Dopo che la produzione \u00e8 stata completata, pu\u00f2 essere effettuata un\u2019<a href=\"https:\/\/www.hqts.com\/it\/i-nostri-servizi\/ispezioni-di-controllo-qualita\/ispezione-pre-spedizione\/\" target=\"_blank\" rel=\"noopener noreferrer\"><b>ispezione pre-spedizione<\/b><\/a> per verificare che le merci in spedizione siano state fabbricate secondo le tue specifiche. Questo \u00e8 il servizio pi\u00f9 comunemente richiesto e funziona bene con fornitori con cui hai gi\u00e0 esperienza.<\/p><p><a href=\"https:\/\/www.hqts.com\/our-services\/quality-control-inspections\/pre-shipment-inspection\/\"><img loading=\"lazy\" decoding=\"async\" class=\"aligncenter wp-image-67573 size-full\" src=\"https:\/\/www.hqts.com\/wp-content\/uploads\/2020\/10\/inspection-3.jpg\" alt=\"Pre-shipment Inspection in a warehourse\" width=\"2415\" height=\"884\" srcset=\"https:\/\/www.hqts.com\/wp-content\/uploads\/2020\/10\/inspection-3.jpg 2415w, https:\/\/www.hqts.com\/wp-content\/uploads\/2020\/10\/inspection-3-300x110.jpg 300w, https:\/\/www.hqts.com\/wp-content\/uploads\/2020\/10\/inspection-3-1024x375.jpg 1024w, https:\/\/www.hqts.com\/wp-content\/uploads\/2020\/10\/inspection-3-768x281.jpg 768w, https:\/\/www.hqts.com\/wp-content\/uploads\/2020\/10\/inspection-3-1536x562.jpg 1536w, https:\/\/www.hqts.com\/wp-content\/uploads\/2020\/10\/inspection-3-2048x750.jpg 2048w\" sizes=\"(max-width: 2415px) 100vw, 2415px\" \/><\/a><\/p><h4><a href=\"https:\/\/www.hqts.com\/it\/i-nostri-servizi\/ispezioni-di-controllo-qualita\/ispezione-pezzo-per-pezzo\/\"><strong>Ispezioni Pezzo per Pezzo (o Ispezione di Selezione)<\/strong><\/a><\/h4><p>Un\u2019<a href=\"https:\/\/www.hqts.com\/it\/i-nostri-servizi\/ispezioni-di-controllo-qualita\/ispezione-pezzo-per-pezzo\/\"><b>ispezione pezzo per pezzo<\/b><\/a> pu\u00f2 essere effettuata prima o dopo il confezionamento. L\u2019ispezione pezzo per pezzo viene eseguita su ogni singolo articolo per valutarne l\u2019aspetto generale, la lavorazione, la funzionalit\u00e0, la sicurezza, ecc. secondo quanto specificato da te.<\/p><p><a href=\"https:\/\/www.hqts.com\/our-services\/piece-by-piece\/\"><img loading=\"lazy\" decoding=\"async\" class=\"aligncenter wp-image-67588 size-full\" src=\"https:\/\/www.hqts.com\/wp-content\/uploads\/2020\/10\/piece-by-piece.jpg\" alt=\"\" width=\"2415\" height=\"884\" srcset=\"https:\/\/www.hqts.com\/wp-content\/uploads\/2020\/10\/piece-by-piece.jpg 2415w, https:\/\/www.hqts.com\/wp-content\/uploads\/2020\/10\/piece-by-piece-300x110.jpg 300w, https:\/\/www.hqts.com\/wp-content\/uploads\/2020\/10\/piece-by-piece-1024x375.jpg 1024w, https:\/\/www.hqts.com\/wp-content\/uploads\/2020\/10\/piece-by-piece-768x281.jpg 768w, https:\/\/www.hqts.com\/wp-content\/uploads\/2020\/10\/piece-by-piece-1536x562.jpg 1536w, https:\/\/www.hqts.com\/wp-content\/uploads\/2020\/10\/piece-by-piece-2048x750.jpg 2048w\" sizes=\"(max-width: 2415px) 100vw, 2415px\" \/><\/a><\/p><h4><a href=\"https:\/\/www.hqts.com\/it\/i-nostri-servizi\/ispezioni-di-controllo-qualita\/supervisione-del-carico-e-scarico\/\"><strong>Ispezioni di Carico del Container (LS)<\/strong><\/a><\/h4><p><strong><a href=\"https:\/\/www.hqts.com\/it\/i-nostri-servizi\/ispezioni-di-controllo-qualita\/supervisione-del-carico-e-scarico\/\">L\u2019ispezione del carico del container<\/a> <\/strong>garantisce che il personale tecnico HQTS monitori l\u2019intero processo di carico. Controlliamo che il tuo ordine sia completo e caricato in modo sicuro nel container prima della spedizione. Questa \u00e8 l\u2019ultima opportunit\u00e0 per confermare la conformit\u00e0 ai tuoi requisiti in termini di quantit\u00e0, assortimento e imballaggio.<\/p><p><a href=\"https:\/\/www.hqts.com\/our-services\/quality-control-inspections\/container-loading-inspection\/\"><img loading=\"lazy\" decoding=\"async\" class=\"aligncenter wp-image-67574 size-full\" src=\"https:\/\/www.hqts.com\/wp-content\/uploads\/2020\/10\/inspection-4.jpg\" alt=\"container loading inspection being carried\" width=\"2415\" height=\"884\" srcset=\"https:\/\/www.hqts.com\/wp-content\/uploads\/2020\/10\/inspection-4.jpg 2415w, https:\/\/www.hqts.com\/wp-content\/uploads\/2020\/10\/inspection-4-300x110.jpg 300w, https:\/\/www.hqts.com\/wp-content\/uploads\/2020\/10\/inspection-4-1024x375.jpg 1024w, https:\/\/www.hqts.com\/wp-content\/uploads\/2020\/10\/inspection-4-768x281.jpg 768w, https:\/\/www.hqts.com\/wp-content\/uploads\/2020\/10\/inspection-4-1536x562.jpg 1536w, https:\/\/www.hqts.com\/wp-content\/uploads\/2020\/10\/inspection-4-2048x750.jpg 2048w\" sizes=\"(max-width: 2415px) 100vw, 2415px\" \/><\/a><\/p><\/div><\/div><h4 class=\"vc_custom_heading vc_custom_1580972419517 text_align_left\"><strong>Vantaggi delle Ispezioni di Controllo Qualit\u00e0:<\/strong><\/h4><div class=\"wpb_text_column wpb_content_element \"><div class=\"wpb_wrapper\"><p>Le ispezioni di controllo qualit\u00e0 nelle varie fasi del processo di produzione possono aiutarti a monitorare la qualit\u00e0 del prodotto per assicurarti che i requisiti vengano rispettati e a supportare la consegna puntuale.<\/p><p>Con i giusti sistemi, processi e procedure di ispezione qualit\u00e0, puoi monitorare la qualit\u00e0 del prodotto per ridurre i rischi, migliorare l\u2019efficienza e garantire la conformit\u00e0 ai requisiti contrattuali o normativi, costruendo un\u2019azienda pi\u00f9 forte e resiliente con il potenziale di crescere e superare la concorrenza; consegnare beni di consumo che siano davvero all\u2019altezza delle tue promesse.<\/p><ul><li>I clienti si aspettano di acquistare prodotti qualificati, sicuri e conformi<\/li><li>Garantire che ogni procedura proceda correttamente in ogni fase della <a href=\"https:\/\/www.hqts.com\/it\/i-nostri-servizi\/ingegneria-della-qualita\/monitoraggio-della-produzione\/\">produzione<\/a><\/li><li>Verificare la qualit\u00e0 alla fonte e non pagare per merci difettose<\/li><li>Evitare richiami e danni alla reputazione<\/li><li>Prevedere ritardi di produzione e spedizione<\/li><li>Ridurre al minimo il budget destinato al controllo qualit\u00e0<\/li><\/ul><h4><strong>Altri Servizi di Ispezione QC:<\/strong><\/h4><ul><li><a href=\"https:\/\/www.hqts.com\/it\/i-nostri-servizi\/ispezioni-di-controllo-qualita\/controllo-dei-campioni\/\"><b>Controllo Campioni<\/b><\/a><\/li><li><a href=\"https:\/\/www.hqts.com\/it\/i-nostri-servizi\/ispezioni-di-controllo-qualita\/ispezione-pezzo-per-pezzo\/\"><b>Ispezione Pezzo per Pezzo<\/b><\/a><\/li><li><a href=\"https:\/\/www.hqts.com\/it\/i-nostri-servizi\/ispezioni-di-controllo-qualita\/rilevamento-dei-metalli\/\"><b>Rilevamento Metalli<\/b><\/a><\/li><li><a href=\"https:\/\/www.hqts.com\/it\/i-nostri-servizi\/ispezioni-di-controllo-qualita\/supervisione-del-carico-e-scarico\/\"><b>Supervisione del Carico\/Scarico<\/b><\/a><\/li><li><a href=\"https:\/\/www.hqts.com\/it\/i-nostri-servizi\/ispezioni-di-controllo-qualita\/ispezione-lavori-civili\/\"><b>Ispezione Lavori Civili<\/b><\/a><\/li><\/ul><\/div><\/div><h4><strong>Perch\u00e9 le Ispezioni di Controllo Qualit\u00e0 sono importanti?<\/strong><\/h4><p>Le aspettative in materia di qualit\u00e0 e la gamma di requisiti di sicurezza da soddisfare diventano ogni giorno pi\u00f9 complesse. Quando il tuo prodotto non riesce a soddisfare le aspettative del mercato, le conseguenze possono essere perdita di reputazione, prodotti e ricavi, clienti, spedizioni ritardate, materiali sprecati e potenziali richiami.<\/p><p>HQTS dispone dei giusti sistemi, processi e procedure per aiutarti a soddisfare i tuoi requisiti e consegnare prodotti di qualit\u00e0 in modo tempestivo.<\/p><h4><strong>Perch\u00e9 HQTS?<\/strong><\/h4><p>Fondata nel 1987 e con sede centrale in Cina, come principale societ\u00e0 di ispezione terza parte in Asia, HQTS possiede un\u2019approfondita conoscenza dei sistemi e dei processi di controllo qualit\u00e0, oltre a tutte le certificazioni necessarie come CNAS, CMA, GACC ecc. Con pi\u00f9 di 1500 specialisti in oltre 60 Paesi, siamo in grado di effettuare un servizio di ispezione ovunque in Asia entro 48 ore e in qualsiasi parte del mondo, offrendo inoltre un report di ispezione e collaudo entro 24 ore.<\/p><p>Indipendentemente dal settore in cui operi, abbigliamento e tessile, giocattoli e prodotti per bambini, calzature, hardgoods, alimenti, elettronica ed elettrodomestici, articoli per la casa, automotive, costruzioni ed edilizia, macchinari e attrezzature, HQTS \u00e8 dedicata ad aiutarti a soddisfare gli standard di qualit\u00e0, sicurezza ed etica richiesti lungo tutta la tua catena di fornitura, migliorando cos\u00ec la tua competitivit\u00e0 ed efficienza nel mercato globale.<\/p>\t\t\t\t\t\t\t\t<\/div>\n\t\t\t\t<\/div>\n\t\t\t\t\t<\/div>\n\t\t<\/div>\n\t\t\t\t\t<\/div>\n\t\t<\/section>\n\t\t\t\t<\/div>\n\t\t","protected":false},"excerpt":{"rendered":"<p>HQTS quality control inspections verify product quality and quantity to predetermined specifications.<\/p>\n","protected":false},"author":12,"featured_media":219645,"parent":219439,"menu_order":0,"comment_status":"closed","ping_status":"closed","template":"","meta":{"_acf_changed":false,"footnotes":""},"class_list":["post-219642","page","type-page","status-publish","has-post-thumbnail","hentry"],"acf":[],"_links":{"self":[{"href":"https:\/\/www.hqts.com\/it\/wp-json\/wp\/v2\/pages\/219642","targetHints":{"allow":["GET"]}}],"collection":[{"href":"https:\/\/www.hqts.com\/it\/wp-json\/wp\/v2\/pages"}],"about":[{"href":"https:\/\/www.hqts.com\/it\/wp-json\/wp\/v2\/types\/page"}],"author":[{"embeddable":true,"href":"https:\/\/www.hqts.com\/it\/wp-json\/wp\/v2\/users\/12"}],"replies":[{"embeddable":true,"href":"https:\/\/www.hqts.com\/it\/wp-json\/wp\/v2\/comments?post=219642"}],"version-history":[{"count":5,"href":"https:\/\/www.hqts.com\/it\/wp-json\/wp\/v2\/pages\/219642\/revisions"}],"predecessor-version":[{"id":222229,"href":"https:\/\/www.hqts.com\/it\/wp-json\/wp\/v2\/pages\/219642\/revisions\/222229"}],"up":[{"embeddable":true,"href":"https:\/\/www.hqts.com\/it\/wp-json\/wp\/v2\/pages\/219439"}],"wp:featuredmedia":[{"embeddable":true,"href":"https:\/\/www.hqts.com\/it\/wp-json\/wp\/v2\/media\/219645"}],"wp:attachment":[{"href":"https:\/\/www.hqts.com\/it\/wp-json\/wp\/v2\/media?parent=219642"}],"curies":[{"name":"wp","href":"https:\/\/api.w.org\/{rel}","templated":true}]}}