{"id":219675,"date":"2025-11-06T00:44:03","date_gmt":"2025-11-06T00:44:03","guid":{"rendered":"https:\/\/www.hqts.com\/i-nostri-servizi\/quality-control-inspections\/supervisione-del-carico-e-scarico\/"},"modified":"2025-11-06T00:53:57","modified_gmt":"2025-11-06T00:53:57","slug":"supervisione-del-carico-e-scarico","status":"publish","type":"page","link":"https:\/\/www.hqts.com\/it\/i-nostri-servizi\/ispezioni-di-controllo-qualita\/supervisione-del-carico-e-scarico\/","title":{"rendered":"Supervisione del Carico e Scarico"},"content":{"rendered":"<!-- \/wp:paragraph -->\r\n<h4><strong>Ispezioni di Carico e Scarico dei Container<\/strong><\/h4>\r\n<p style=\"text-align: justify;\"><strong>Il servizio di ispezione di carico e scarico dei container garantisce che il personale tecnico HQTS monitori l\u2019intero processo di carico e scarico. Ovunque i vostri prodotti vengano caricati o spediti, i nostri ispettori sono in grado di supervisionare l\u2019intero processo fino alla localit\u00e0 designata. Il servizio di Supervisione del Carico e Scarico dei Container di HQTS assicura che i vostri prodotti siano gestiti in modo professionale e che arrivino a destinazione in perfette condizioni.<\/strong><\/p>\r\n<!-- \/wp:paragraph -->\r\n<h4 style=\"text-align: justify;\"><strong>Servizi di Ispezione di Carico e Scarico dei Container<\/strong><\/h4>\r\n<!-- \/wp:paragraph -->\r\n<p style=\"text-align: justify;\">Questo controllo qualit\u00e0 viene generalmente eseguito presso la fabbrica scelta, durante il carico della merce nel container, e nel luogo di destinazione, durante lo scarico. Il processo di ispezione e supervisione include la valutazione delle condizioni del container, la verifica delle informazioni sui prodotti, delle quantit\u00e0 caricate e scaricate, della conformit\u00e0 dell\u2019imballaggio e della corretta esecuzione dell\u2019intero processo di carico e scarico.<\/p>\r\n<!-- \/wp:paragraph -->\r\n<h4 style=\"text-align: justify;\"><strong>Processo di Ispezione di Carico e Scarico dei Container<\/strong><\/h4>\r\n<!-- \/wp:paragraph -->\r\n<p style=\"text-align: justify;\">Ogni supervisione di carico e scarico inizia con l\u2019ispezione del container. Se il container \u00e8 in buone condizioni e le merci sono completamente imballate e verificate, il processo di ispezione continua. L\u2019ispettore verifica che i prodotti caricati siano corretti e che siano rispettate tutte le specifiche del cliente. Durante le operazioni di carico e scarico, l\u2019ispettore controlla che la quantit\u00e0 di unit\u00e0 sia conforme e che vengano maneggiate correttamente.<\/p>\r\n<!-- \/wp:paragraph -->\r\n<h4 style=\"text-align: justify;\"><strong>Processo di Ispezione del Carico:<\/strong><\/h4>\r\n<!-- \/wp:paragraph -->\r\n\r\n<!-- wp:list -->\r\n<ul style=\"text-align: justify;\">\r\n<li>Registrazione delle condizioni meteorologiche, orario di arrivo del container e numero del container e del veicolo di trasporto<\/li>\r\n<li>Ispezione completa del container per valutare eventuali danni, umidit\u00e0 interna, perforazioni e odori che possano indicare muffa o deterioramento<\/li>\r\n<li>Conferma della quantit\u00e0 di merci e dello stato delle scatole di spedizione<\/li>\r\n<li>Selezione casuale di campioni per verificare i prodotti confezionati<\/li>\r\n<li>Supervisione del carico\/scarico per garantire una corretta movimentazione, ridurre al minimo i danni e ottimizzare l\u2019utilizzo dello spazio<\/li>\r\n<li>Sigillatura del container con il sigillo doganale e quello HQTS<\/li>\r\n<li>Registrazione dei numeri di sigillo e dell\u2019orario di partenza del container<\/li>\r\n<\/ul>\r\n<!-- \/wp:list -->\r\n<h4 style=\"text-align: justify;\"><strong>Processo di Ispezione dello Scarico:<\/strong><\/h4>\r\n<!-- \/wp:paragraph -->\r\n\r\n<!-- wp:list -->\r\n<ul style=\"text-align: justify;\">\r\n<li>Registrazione dell\u2019orario di arrivo del container alla destinazione<\/li>\r\n<li>Presenza durante l\u2019apertura del container<\/li>\r\n<li>Verifica della validit\u00e0 dei documenti di scarico<\/li>\r\n<li>Controllo della quantit\u00e0, dell\u2019imballaggio e della marcatura delle merci<\/li>\r\n<li>Supervisione dello scarico per verificare eventuali danni durante il processo<\/li>\r\n<li>Controllo della pulizia dell\u2019area di scarico e spedizione<\/li>\r\n<\/ul>\r\n<!-- \/wp:list -->\r\n<h4 style=\"text-align: justify;\"><strong>Checklist Principale per la Supervisione di Carico e Scarico dei Container<\/strong><\/h4>\r\n<!-- \/wp:paragraph -->\r\n\r\n<!-- wp:list -->\r\n<ul style=\"text-align: justify;\">\r\n<li>Condizioni del container<\/li>\r\n<li>Quantit\u00e0 della spedizione e imballaggio dei prodotti<\/li>\r\n<li>Controllo di 1 o 2 scatole per verificare la correttezza dei prodotti<\/li>\r\n<li>Supervisione dell\u2019intero processo di carico e scarico<\/li>\r\n<li>Sigillatura del container con sigillo doganale e HQTS e supervisione dell\u2019apertura del container<\/li>\r\n<\/ul>\r\n<!-- \/wp:list -->\r\n<h4 style=\"text-align: justify;\"><strong>Certificato di Ispezione di Carico e Scarico dei Container<\/strong><\/h4>\r\n<!-- \/wp:paragraph -->\r\n<p style=\"text-align: justify;\">Sigillando il container con il nostro sigillo antimanomissione, il cliente pu\u00f2 essere certo che i suoi prodotti non siano stati alterati dopo la supervisione del carico. L\u2019intero processo di apertura del container verr\u00e0 seguito e documentato all\u2019arrivo della merce a destinazione.<\/p>\r\n<!-- \/wp:paragraph -->\r\n<h4 style=\"text-align: justify;\"><strong>Rapporto di Ispezione di Carico e Scarico dei Container<\/strong><\/h4>\r\n<!-- \/wp:paragraph -->\r\n<p>Il rapporto di ispezione documenta la quantit\u00e0 delle merci, le condizioni del container, il processo e le procedure di carico e scarico. Inoltre, le fotografie illustrano tutte le fasi della supervisione, fornendo una prova visiva completa del processo.<\/p>\r\n<p>L\u2019ispettore controller\u00e0 diversi aspetti fondamentali per garantire che le quantit\u00e0 di prodotti caricate e scaricate siano corrette e che la merce sia gestita in modo appropriato, assicurando che le unit\u00e0 nel container siano in buone condizioni. L\u2019ispettore verificher\u00e0 anche che il container sia adeguatamente sigillato e che la documentazione doganale sia disponibile. La checklist di supervisione del carico e scarico dei container garantisce il rispetto delle specifiche del prodotto e di altri criteri chiave.<\/p>\r\n<p>Prima di iniziare il caricamento, l\u2019ispettore deve verificare la stabilit\u00e0 strutturale del container e l\u2019assenza di danni, testare i meccanismi di chiusura, controllare l\u2019esterno del container e molto altro. Una volta completata l\u2019ispezione, l\u2019ispettore emetter\u00e0 il rapporto di ispezione di carico e scarico del container.<\/p>\r\n<!-- \/wp:paragraph -->\r\n<h4 style=\"text-align: justify;\"><strong>Perch\u00e9 le Ispezioni di Carico e Scarico dei Container sono Importanti?<\/strong><\/h4>\r\n<!-- \/wp:paragraph -->\r\n<p>L\u2019uso intenso e la movimentazione dei container possono causare problemi che incidono sulla qualit\u00e0 delle merci durante il trasporto. Spesso si riscontrano infiltrazioni d\u2019acqua, danni strutturali, difetti di tenuta delle porte e conseguenti muffe o legno marcio.<\/p>\r\n<p>Inoltre, alcuni fornitori impiegano metodi di caricamento non adeguati, che possono portare a container imballati in modo scorretto, con aumento dei costi o danneggiamento della merce a causa di una cattiva disposizione.<\/p>\r\n<p>Un\u2019ispezione di carico e scarico del container pu\u00f2 contribuire a prevenire questi problemi, facendovi risparmiare tempo, denaro e preservando la fiducia dei vostri clienti.<\/p>\r\n<h4><strong>Ispezione di Carico e Scarico delle Navi<\/strong><\/h4>\r\n<p>L\u2019ispezione di carico e scarico delle navi \u00e8 una parte essenziale del trasporto marittimo, eseguita per verificare le condizioni della nave, del vettore e\/o del carico. La corretta esecuzione di questa fase influisce direttamente sulla sicurezza di ogni spedizione.<\/p>\r\n<p>HQTS offre servizi completi di supervisione del carico e scarico per garantire la massima tranquillit\u00e0 ai clienti prima dell\u2019arrivo della spedizione. I nostri ispettori si recano direttamente sul posto per verificare la qualit\u00e0 delle merci e del container designato, assicurandosi che quantit\u00e0, etichette, imballaggi e altri aspetti siano conformi ai requisiti stabiliti.<\/p>\r\n<p>Su richiesta, possiamo fornire prove fotografiche e video per dimostrare che l\u2019intero processo sia stato completato in modo soddisfacente. In questo modo, assicuriamo che le vostre merci arrivino senza problemi riducendo al minimo i rischi.<\/p>\r\n<h4><strong>Processi di Ispezione di Carico e Scarico delle Navi<\/strong><\/h4>\r\n<h5 style=\"text-align: justify;\"><strong>Ispezione di Carico:<\/strong><\/h5>\r\n<ul style=\"text-align: justify;\">\r\n<li>Garantire che il processo di carico venga eseguito in condizioni adeguate, con buone condizioni meteorologiche, strutture di carico idonee e un piano di caricamento e stivaggio completo.<\/li>\r\n<li>Verificare che l\u2019ambiente della stiva sia adatto alla conservazione delle merci e che siano disposte correttamente.<\/li>\r\n<li>Confermare che la quantit\u00e0 e il modello delle merci corrispondano all\u2019ordine e che non vi siano mancanze.<\/li>\r\n<li>Assicurare che lo stivaggio delle merci non provochi danni.<\/li>\r\n<li>Supervisionare l\u2019intero processo di caricamento, registrare la distribuzione delle merci in ogni stiva e rilevare eventuali danni.<\/li>\r\n<li>Confermare la quantit\u00e0 e il peso delle merci con la compagnia di navigazione e ottenere la documentazione firmata e convalidata al termine del processo.<\/li>\r\n<\/ul>\r\n<h5 style=\"text-align: justify;\"><strong>Ispezione di Scarico:<\/strong><\/h5>\r\n<ul style=\"text-align: justify;\">\r\n<li>Valutare lo stato delle merci stoccate.<\/li>\r\n<li>Assicurarsi che le merci vengano trasportate correttamente e che le strutture di movimentazione siano in buone condizioni prima dello scarico.<\/li>\r\n<li>Verificare che l\u2019area di scarico sia stata preparata e pulita correttamente.<\/li>\r\n<li>Eseguire un controllo di qualit\u00e0 sulle merci scaricate. Verranno forniti servizi di campionamento casuale.<\/li>\r\n<li>Controllare quantit\u00e0, volume e peso dei prodotti scaricati.<\/li>\r\n<li>Assicurarsi che le merci nell\u2019area di stoccaggio temporaneo siano coperte, fissate e impilate correttamente per le successive operazioni di trasferimento.<\/li>\r\n<\/ul>\r\n<p style=\"text-align: justify;\">HQTS \u00e8 la vostra scelta ideale per garantire la qualit\u00e0 lungo l\u2019intera catena di fornitura. I nostri servizi di ispezione navale vi offrono una valutazione onesta e accurata delle vostre merci e della nave.<\/p>\r\n<h4><strong>Altri Servizi di Ispezione QC:<\/strong><\/h4>\r\n<ul>\r\n<li><a href=\"https:\/\/www.hqts.com\/our-services\/sample-checking\">Controllo dei Campioni<\/a><\/li>\r\n<li><a href=\"https:\/\/www.hqts.com\/our-services\/inspections\/pre-shipment-inspection\/\">Servizio di Ispezione PSI<\/a><\/li>\r\n<li><a href=\"https:\/\/www.hqts.com\/our-services\/piece-by-piece\/\">Ispezione Pezzo per Pezzo<\/a><\/li>\r\n<li><a href=\"https:\/\/www.hqts.com\/services\/quality-control-inspections\/\">Ispezioni di Controllo Qualit\u00e0<\/a><\/li>\r\n<li><a href=\"https:\/\/www.hqts.com\/our-services\/metal-detection\/\">Rilevamento dei Metalli<\/a><\/li>\r\n<\/ul>","protected":false},"excerpt":{"rendered":"<p>Ispezioni di Carico e Scarico dei Container Il servizio di ispezione di carico e scarico dei container garantisce che il personale tecnico HQTS monitori l\u2019intero processo di carico e scarico. Ovunque i vostri prodotti vengano caricati o spediti, i nostri ispettori sono in grado di supervisionare l\u2019intero processo fino alla localit\u00e0 designata. Il servizio di [&hellip;]<\/p>\n","protected":false},"author":12,"featured_media":219679,"parent":219642,"menu_order":13,"comment_status":"closed","ping_status":"closed","template":"","meta":{"_acf_changed":false,"footnotes":""},"class_list":["post-219675","page","type-page","status-publish","has-post-thumbnail","hentry"],"acf":[],"_links":{"self":[{"href":"https:\/\/www.hqts.com\/it\/wp-json\/wp\/v2\/pages\/219675","targetHints":{"allow":["GET"]}}],"collection":[{"href":"https:\/\/www.hqts.com\/it\/wp-json\/wp\/v2\/pages"}],"about":[{"href":"https:\/\/www.hqts.com\/it\/wp-json\/wp\/v2\/types\/page"}],"author":[{"embeddable":true,"href":"https:\/\/www.hqts.com\/it\/wp-json\/wp\/v2\/users\/12"}],"replies":[{"embeddable":true,"href":"https:\/\/www.hqts.com\/it\/wp-json\/wp\/v2\/comments?post=219675"}],"version-history":[{"count":4,"href":"https:\/\/www.hqts.com\/it\/wp-json\/wp\/v2\/pages\/219675\/revisions"}],"predecessor-version":[{"id":219684,"href":"https:\/\/www.hqts.com\/it\/wp-json\/wp\/v2\/pages\/219675\/revisions\/219684"}],"up":[{"embeddable":true,"href":"https:\/\/www.hqts.com\/it\/wp-json\/wp\/v2\/pages\/219642"}],"wp:featuredmedia":[{"embeddable":true,"href":"https:\/\/www.hqts.com\/it\/wp-json\/wp\/v2\/media\/219679"}],"wp:attachment":[{"href":"https:\/\/www.hqts.com\/it\/wp-json\/wp\/v2\/media?parent=219675"}],"curies":[{"name":"wp","href":"https:\/\/api.w.org\/{rel}","templated":true}]}}