{"id":219707,"date":"2025-11-06T01:07:41","date_gmt":"2025-11-06T01:07:41","guid":{"rendered":"https:\/\/www.hqts.com\/i-nostri-servizi\/quality-control-inspections\/ispezione-pezzo-per-pezzo\/"},"modified":"2025-11-06T01:08:10","modified_gmt":"2025-11-06T01:08:10","slug":"ispezione-pezzo-per-pezzo","status":"publish","type":"page","link":"https:\/\/www.hqts.com\/it\/i-nostri-servizi\/ispezioni-di-controllo-qualita\/ispezione-pezzo-per-pezzo\/","title":{"rendered":"Ispezione Pezzo per Pezzo"},"content":{"rendered":"<h4><strong>Ispezione Pezzo per Pezzo<\/strong><\/h4>\n<p style=\"text-align: left;\"><strong>L\u2019ispezione pezzo per pezzo \u00e8 un servizio offerto da HQTS che consiste nel controllare ogni singolo articolo per valutarne diverse variabili. Queste possono riguardare l\u2019aspetto generale, la lavorazione, la funzionalit\u00e0, la sicurezza, ecc., oppure essere specificate dal cliente in base ai propri requisiti di controllo. L\u2019ispezione pezzo per pezzo pu\u00f2 essere eseguita sia prima che dopo l\u2019imballaggio. Nei casi in cui i prodotti richiedano particolare attenzione ai dettagli, soprattutto se di alto valore, HQTS \u00e8 in grado di eseguire un\u2019ispezione al 100%. Al termine, tutti i prodotti che superano il controllo vengono sigillati e certificati con un adesivo HQTS, a garanzia che ogni singolo pezzo incluso nella spedizione rispetti i requisiti di qualit\u00e0 richiesti.<\/strong><\/p>\n<p style=\"text-align: left;\">Il processo di ispezione pezzo per pezzo pu\u00f2 essere effettuato presso la vostra sede, quella del fornitore o in un centro di smistamento HQTS. Questo tipo di ispezione serve a migliorare la qualit\u00e0 e a ridurre o eliminare i difetti. \u00c8 particolarmente utile per gli acquirenti che devono assicurarsi che i propri prodotti siano pienamente conformi e rispettino rigorosi requisiti di qualit\u00e0 del mercato e dei clienti. I nostri controlli qualit\u00e0 completi aiutano a prevenire difetti, contaminazioni metalliche e altri problemi di qualit\u00e0 che potrebbero raggiungere i vostri clienti e causare reclami, danni al marchio, costi o perdite commerciali.<\/p>\n<p style=\"text-align: left;\">L\u2019ispezione pezzo per pezzo pu\u00f2 essere eseguita in qualsiasi fase del processo produttivo per garantire spedizioni prive di difetti. Tuttavia, nella maggior parte dei casi, i controlli qualit\u00e0 vengono effettuati dopo il completamento della produzione e prima della spedizione. Grazie ai nostri molti anni di esperienza tecnica e pratica nel controllo qualit\u00e0, HQTS \u00e8 in grado di offrire un servizio di alto livello e la massima garanzia.<\/p>\n<h4 style=\"text-align: justify;\"><span style=\"text-decoration: underline;\"><strong>Vantaggi e Benefici<\/strong><\/span><\/h4>\n<p style=\"text-align: justify;\">Alcuni dei vantaggi ottenuti dai nostri clienti includono:<\/p>\n<ul>\n<li style=\"text-align: justify;\">Riduzione dei Resi<\/li>\n<li>Reportistica Accurata<\/li>\n<li>Prodotti di Qualit\u00e0 Superiore<\/li>\n<li>Miglioramento della Qualit\u00e0 dei Fornitori<\/li>\n<li>Migliori Relazioni con i Clienti<\/li>\n<\/ul>\n<h4 style=\"text-align: justify;\"><span style=\"text-decoration: underline;\"><strong>Dove Operiamo<\/strong><\/span><\/h4>\n<ul>\n<li style=\"text-align: justify;\">Presso la vostra fabbrica o magazzino del fornitore nei seguenti paesi:<\/li>\n<\/ul>\n<p style=\"text-align: left;\">Cina, Corea del Sud, Vietnam, Myanmar, Cambogia, Thailandia, Indonesia, Malesia, India, Sri Lanka, Pakistan, Bangladesh, Turchia, ecc.<\/p>\n<ul>\n<li style=\"text-align: justify;\">Strutture di Ispezione HQTS<\/li>\n<\/ul>\n<p style=\"text-align: justify;\">Cina: Shanghai, Jing Jiang, Fujian (Dongguan, Guangdong, Cina &#8211; In fase di apertura)<\/p>\n<p style=\"text-align: justify;\">Sud-Est Asiatico: Phnom Penh, Cambogia (Ho Chi Minh, Vietnam &#8211; In fase di apertura)<\/p>\n<h4 style=\"text-align: justify;\"><span style=\"text-decoration: underline;\"><strong>Tempistiche e Pianificazione<\/strong><\/span><\/h4>\n<ul>\n<li style=\"text-align: justify;\">Prenotazione del servizio 3-5 giorni lavorativi prima dell\u2019ispezione<\/li>\n<li style=\"text-align: justify;\">Rapporto entro 24 ore<\/li>\n<li style=\"text-align: justify;\">Ispettore in loco dalle 8:30 alle 17:30<\/li>\n<\/ul>\n<h4><strong>Altri Servizi di Ispezione QC:<\/strong><\/h4>\n<ul>\n<li><a href=\"https:\/\/www.hqts.com\/our-services\/piece-by-piece\/\">Ispezioni di Controllo Qualit\u00e0<\/a><\/li>\n<li><a href=\"https:\/\/www.hqts.com\/our-services\/inspections\/pre-shipment-inspection\/\">Ispezione Pre-Spedizione<\/a><\/li>\n<li><a href=\"https:\/\/www.hqts.com\/our-services\/sample-checking\">Controllo dei Campioni<\/a><\/li>\n<li><a href=\"https:\/\/www.hqts.com\/our-services\/metal-detection\/\">Rilevamento dei Metalli<\/a><\/li>\n<li><a href=\"https:\/\/www.hqts.com\/it\/i-nostri-servizi\/quality-control-inspections\/supervisione-del-carico-e-scarico\/\">Supervisione del Carico\/Scarico<\/a><\/li>\n<\/ul>\n","protected":false},"excerpt":{"rendered":"<p>Ispezione Pezzo per Pezzo L\u2019ispezione pezzo per pezzo \u00e8 un servizio offerto da HQTS che consiste nel controllare ogni singolo articolo per valutarne diverse variabili. Queste possono riguardare l\u2019aspetto generale, la lavorazione, la funzionalit\u00e0, la sicurezza, ecc., oppure essere specificate dal cliente in base ai propri requisiti di controllo. L\u2019ispezione pezzo per pezzo pu\u00f2 essere [&hellip;]<\/p>\n","protected":false},"author":12,"featured_media":219712,"parent":219642,"menu_order":0,"comment_status":"closed","ping_status":"closed","template":"","meta":{"_acf_changed":false,"footnotes":""},"class_list":["post-219707","page","type-page","status-publish","has-post-thumbnail","hentry"],"acf":[],"_links":{"self":[{"href":"https:\/\/www.hqts.com\/it\/wp-json\/wp\/v2\/pages\/219707","targetHints":{"allow":["GET"]}}],"collection":[{"href":"https:\/\/www.hqts.com\/it\/wp-json\/wp\/v2\/pages"}],"about":[{"href":"https:\/\/www.hqts.com\/it\/wp-json\/wp\/v2\/types\/page"}],"author":[{"embeddable":true,"href":"https:\/\/www.hqts.com\/it\/wp-json\/wp\/v2\/users\/12"}],"replies":[{"embeddable":true,"href":"https:\/\/www.hqts.com\/it\/wp-json\/wp\/v2\/comments?post=219707"}],"version-history":[{"count":1,"href":"https:\/\/www.hqts.com\/it\/wp-json\/wp\/v2\/pages\/219707\/revisions"}],"predecessor-version":[{"id":219714,"href":"https:\/\/www.hqts.com\/it\/wp-json\/wp\/v2\/pages\/219707\/revisions\/219714"}],"up":[{"embeddable":true,"href":"https:\/\/www.hqts.com\/it\/wp-json\/wp\/v2\/pages\/219642"}],"wp:featuredmedia":[{"embeddable":true,"href":"https:\/\/www.hqts.com\/it\/wp-json\/wp\/v2\/media\/219712"}],"wp:attachment":[{"href":"https:\/\/www.hqts.com\/it\/wp-json\/wp\/v2\/media?parent=219707"}],"curies":[{"name":"wp","href":"https:\/\/api.w.org\/{rel}","templated":true}]}}