{"id":219733,"date":"2025-11-06T01:16:26","date_gmt":"2025-11-06T01:16:26","guid":{"rendered":"https:\/\/www.hqts.com\/i-nostri-servizi\/quality-control-inspections\/ispezione-pre-spedizione\/"},"modified":"2025-11-06T01:17:45","modified_gmt":"2025-11-06T01:17:45","slug":"ispezione-pre-spedizione","status":"publish","type":"page","link":"https:\/\/www.hqts.com\/it\/i-nostri-servizi\/ispezioni-di-controllo-qualita\/ispezione-pre-spedizione\/","title":{"rendered":"Ispezione Pre-Spedizione"},"content":{"rendered":"<p><strong>L\u2019Ispezione Pre-Spedizione (PSI)<\/strong> \u00e8 una delle varie tipologie di controllo qualit\u00e0 condotte da HQTS. Questi controlli rappresentano un metodo efficace per garantire che la qualit\u00e0 dei vostri prodotti rispetti i vostri standard prima della spedizione.<\/p>\n<h2><strong>Cos\u2019\u00e8 un\u2019Ispezione Pre-Spedizione (PSI)?<\/strong><\/h2>\n<p>Un\u2019Ispezione Pre-Spedizione (PSI) \u00e8 un controllo qualit\u00e0 eseguito sui prodotti prima della loro spedizione. Gli ispettori di HQTS selezionano campioni casuali di prodotti finiti quando almeno l\u201980% dell\u2019ordine \u00e8 stato imballato, per assicurarsi che i prodotti siano pienamente conformi alle vostre specifiche. Il metodo di campionamento statistico utilizzato durante l\u2019ispezione pre-spedizione \u00e8 il MIL-STD-105E (ISO 2859-1), e il numero di articoli ispezionati varia in base al livello di qualit\u00e0 accettabile concordato (AQL).<\/p>\n<h2><strong>Qual \u00e8 lo Scopo delle Ispezioni PSI?<\/strong><\/h2>\n<p>Lo scopo principale di un\u2019ispezione PSI \u00e8 garantire che i prodotti realizzati siano conformi alle vostre specifiche e ai termini dell\u2019ordine d\u2019acquisto o della lettera di credito, prima che vengano spediti per l\u2019importazione o l\u2019esportazione.<\/p>\n<h4><strong>Quali Sono i Vantaggi dell\u2019Ispezione Pre-Spedizione?<\/strong><\/h4>\n<p>Le ispezioni pre-spedizione rappresentano un metodo economico ed efficace per individuare difetti o deviazioni in un lotto di prodotti prima della spedizione.<\/p>\n<p><strong>I principali vantaggi dell\u2019ispezione pre-spedizione includono:<\/strong><\/p>\n<ol>\n<li>Identificare potenziali difetti prima che la merce venga spedita.<\/li>\n<li>Assicurare che la quantit\u00e0 dei prodotti sia corretta.<\/li>\n<li>Ridurre il rischio di ritardi nella consegna e di prodotti non conformi.<\/li>\n<li>Metodo di ispezione rapido e conveniente.<\/li>\n<li>Garantire che i prodotti rispettino le vostre specifiche e i requisiti di sicurezza del paese di destinazione.<\/li>\n<\/ol>\n<p>&nbsp;<\/p>\n<h2><strong>Qual \u00e8 la Procedura Standard per l\u2019Ispezione Pre-Spedizione?<\/strong><\/h2>\n<p>L\u2019ispettore seleziona un campione in base alla procedura statistica ISO 2859-1. La dimensione del campione e le modalit\u00e0 di ispezione variano a seconda delle caratteristiche del prodotto e dei requisiti dell\u2019azienda. La procedura \u00e8 sempre imparziale, trasparente e priva di conflitti di interesse tra HQTS, il produttore o il cliente.<\/p>\n<p><strong>Linea guida generale delle procedure di ispezione pre-spedizione:<\/strong><\/p>\n<ul>\n<li>Firmare i documenti di conformit\u00e0 prima dell\u2019avvio dei servizi di ispezione PSI.<\/li>\n<li>L\u2019ispettore visita il produttore presso il magazzino o lo stabilimento.<\/li>\n<li>L\u2019ispettore seleziona un campione utilizzando la procedura statistica ISO 2859-1; il numero di articoli (AQL) \u00e8 definito nel contratto.<\/li>\n<li>Verifica della quantit\u00e0 per assicurare la correttezza del numero di scatole e articoli.<\/li>\n<li>Controllo dell\u2019integrit\u00e0 delle scatole, delle etichette, dei tag, delle istruzioni e di altri documenti pertinenti.<\/li>\n<li>Ispezione visiva per rilevare eventuali danni o difetti di lavorazione.<\/li>\n<li>Verifica dimensionale confrontando le caratteristiche fisiche (es. lunghezza, colore, peso, altezza, marcatura) con le specifiche del cliente.<\/li>\n<li>Test di funzionalit\u00e0 per garantire l\u2019assenza di difetti operativi.<\/li>\n<li>Esecuzione del test di caduta dei cartoni e sigillatura per verificare la qualit\u00e0 dell\u2019imballaggio.<\/li>\n<li>Tutte le informazioni vengono raccolte in un rapporto di ispezione che include test superati e falliti e viene inviato al cliente.<\/li>\n<\/ul>\n<h2><strong>Quando Serve un\u2019Ispezione Pre-Spedizione?<\/strong><\/h2>\n<p>Con la crescente globalizzazione, le aziende internazionali sono sempre pi\u00f9 esposte a rischi di qualit\u00e0 derivanti da produttori spesso situati a migliaia di chilometri di distanza.<\/p>\n<p>Attivit\u00e0 commerciali fraudolente, differenze negli standard nazionali e nei requisiti di conformit\u00e0, e i relativi costi sono fattori che devono essere considerati al momento dell\u2019acquisto di beni. Le ispezioni PSI sono un metodo accessibile per ridurre i rischi legati a scarsa qualit\u00e0, non conformit\u00e0 o ritardi.<\/p>\n<h2><strong>Affidatevi a HQTS per la Vostra Prossima Ispezione Pre-Spedizione<\/strong><\/h2>\n<p>Avete bisogno di un\u2019ispezione pre-spedizione rapida e affidabile? I nostri ispettori esperti sono qualificati e accreditati per eseguire un\u2019ampia gamma di ispezioni secondo gli standard internazionali. In molte aree del mondo, i nostri ispettori possono intervenire in loco entro 72 ore. \u00c8 inoltre possibile aggiungere un video dell\u2019ispezione per un ulteriore livello di autenticazione.<\/p>\n<ul>\n<li><strong>Rapido, Flessibile e Trasparente<\/strong><\/li>\n<li><strong>Competenza Locale<\/strong><\/li>\n<li><strong>Tecnici Interni e Accreditati<\/strong><\/li>\n<li><strong>Servizio Personalizzato<\/strong><\/li>\n<\/ul>\n","protected":false},"excerpt":{"rendered":"<p>L\u2019Ispezione Pre-Spedizione (PSI) \u00e8 una delle varie tipologie di controllo qualit\u00e0 condotte da HQTS. Questi controlli rappresentano un metodo efficace per garantire che la qualit\u00e0 dei vostri prodotti rispetti i vostri standard prima della spedizione. Cos\u2019\u00e8 un\u2019Ispezione Pre-Spedizione (PSI)? Un\u2019Ispezione Pre-Spedizione (PSI) \u00e8 un controllo qualit\u00e0 eseguito sui prodotti prima della loro spedizione. Gli ispettori [&hellip;]<\/p>\n","protected":false},"author":12,"featured_media":219736,"parent":219642,"menu_order":0,"comment_status":"closed","ping_status":"closed","template":"","meta":{"_acf_changed":false,"footnotes":""},"class_list":["post-219733","page","type-page","status-publish","has-post-thumbnail","hentry"],"acf":[],"_links":{"self":[{"href":"https:\/\/www.hqts.com\/it\/wp-json\/wp\/v2\/pages\/219733","targetHints":{"allow":["GET"]}}],"collection":[{"href":"https:\/\/www.hqts.com\/it\/wp-json\/wp\/v2\/pages"}],"about":[{"href":"https:\/\/www.hqts.com\/it\/wp-json\/wp\/v2\/types\/page"}],"author":[{"embeddable":true,"href":"https:\/\/www.hqts.com\/it\/wp-json\/wp\/v2\/users\/12"}],"replies":[{"embeddable":true,"href":"https:\/\/www.hqts.com\/it\/wp-json\/wp\/v2\/comments?post=219733"}],"version-history":[{"count":1,"href":"https:\/\/www.hqts.com\/it\/wp-json\/wp\/v2\/pages\/219733\/revisions"}],"predecessor-version":[{"id":219747,"href":"https:\/\/www.hqts.com\/it\/wp-json\/wp\/v2\/pages\/219733\/revisions\/219747"}],"up":[{"embeddable":true,"href":"https:\/\/www.hqts.com\/it\/wp-json\/wp\/v2\/pages\/219642"}],"wp:featuredmedia":[{"embeddable":true,"href":"https:\/\/www.hqts.com\/it\/wp-json\/wp\/v2\/media\/219736"}],"wp:attachment":[{"href":"https:\/\/www.hqts.com\/it\/wp-json\/wp\/v2\/media?parent=219733"}],"curies":[{"name":"wp","href":"https:\/\/api.w.org\/{rel}","templated":true}]}}