{"id":219761,"date":"2025-11-06T01:27:34","date_gmt":"2025-11-06T01:27:34","guid":{"rendered":"https:\/\/www.hqts.com\/i-nostri-servizi\/certificato-di-conformita-iraq\/"},"modified":"2025-11-06T01:28:12","modified_gmt":"2025-11-06T01:28:12","slug":"certificato-di-conformita-iraq","status":"publish","type":"page","link":"https:\/\/www.hqts.com\/it\/i-nostri-servizi\/certificato-di-conformita-iraq\/","title":{"rendered":"Certificato di Conformit\u00e0 Iraq"},"content":{"rendered":"<h2><strong>Certificato di Conformit\u00e0 Iraq<\/strong><\/h2>\n<p><strong>Esportazione\/Importazione di Merci in Iraq<\/strong><\/p>\n<p>L\u2019Organizzazione Centrale Irachena per la Standardizzazione e il Controllo Qualit\u00e0 (COSQC) richiede ora un Certificato di Conformit\u00e0 (COC) per oltre 1.000 prodotti suddivisi in dodici categorie. Esportatori e importatori che commerciano con l\u2019Iraq devono conformarsi alle normative irachene per evitare ritardi, sanzioni o il respingimento delle spedizioni. HQTS \u00e8 una delle quattro aziende designate dal COSQC e autorizzate a fornire questo servizio, garantendo un\u2019esportazione senza complicazioni e la piena conformit\u00e0 alle normative doganali irachene.<\/p>\n<p>Gli esportatori di tutto il mondo stanno cogliendo le opportunit\u00e0 offerte dalla crescente domanda irachena di beni importati. Nel 2020, il Paese ha importato merci per un valore di oltre 46 miliardi di dollari. Questo numero \u00e8 destinato a crescere nei prossimi anni grazie alle esportazioni e ai continui piani di ricostruzione. Lasciate che HQTS sia il vostro unico punto di riferimento per tutte le vostre esigenze relative al COC Iraq!<\/p>\n<h5><strong>Panoramica del Certificato di Conformit\u00e0 Iraq (CoC)<\/strong><\/h5>\n<ul style=\"text-align: justify;\">\n<li style=\"text-align: left;\">Il programma Iraq CoC \u00e8 stato adottato alla fine del 2019 ed \u00e8 entrato in vigore nel gennaio 2020.<\/li>\n<li style=\"text-align: left;\">Tutte le importazioni in Iraq appartenenti a determinate categorie di prodotti devono presentare un certificato CoC rilasciato da un\u2019agenzia di ispezione di terza parte autorizzata, come HQTS.<\/li>\n<li style=\"text-align: left;\">Il programma protegge i consumatori locali, i produttori e l\u2019ambiente da prodotti e materiali non conformi, contraffatti o di scarsa qualit\u00e0.<\/li>\n<li style=\"text-align: left;\">HQTS \u00e8 una delle quattro aziende designate per offrire questo servizio.<\/li>\n<\/ul>\n<p>&nbsp;<\/p>\n<h2><strong>Perch\u00e9 Scegliere HQTS per il CoC Iraq?<\/strong><\/h2>\n<p>HQTS \u00e8 una delle quattro aziende incaricate di fornire i servizi CoC per l\u2019Iraq. Abbiamo aiutato aziende di tutto il mondo a esportare con successo i propri prodotti in Iraq e disponiamo di un team dedicato pronto ad assistervi in ogni fase della procedura di richiesta.<\/p>\n<ul>\n<li>Oltre 80 uffici in tutto il mondo, inclusa Baghdad.<\/li>\n<li>Pi\u00f9 di 25 anni di esperienza nell\u2019assicurazione qualit\u00e0.<\/li>\n<li>Servizi di qualit\u00e0 in ogni fase del processo.<\/li>\n<li>HQTS offre servizi rapidi, flessibili e affidabili per tutte le vostre esigenze di ispezione.<\/li>\n<\/ul>\n<p>&nbsp;<\/p>\n<h4><strong>Processo Semplificato in Quattro Fasi HQTS<\/strong><\/h4>\n<p style=\"text-align: justify;\"><img fetchpriority=\"high\" decoding=\"async\" class=\"alignnone wp-image-122711\" src=\"https:\/\/www.hqts.com\/wp-content\/uploads\/2022\/07\/HQTS-Iraq-CoC-Application-Process.png\" alt=\"Iraq CoC Process by HQTS\" width=\"612\" height=\"306\" srcset=\"https:\/\/www.hqts.com\/wp-content\/uploads\/2022\/07\/HQTS-Iraq-CoC-Application-Process.png 800w, https:\/\/www.hqts.com\/wp-content\/uploads\/2022\/07\/HQTS-Iraq-CoC-Application-Process-300x150.png 300w, https:\/\/www.hqts.com\/wp-content\/uploads\/2022\/07\/HQTS-Iraq-CoC-Application-Process-768x384.png 768w\" sizes=\"(max-width: 612px) 100vw, 612px\" \/><\/p>\n<h5 style=\"text-align: justify;\"><strong>1.Domanda<\/strong><\/h5>\n<p>Inviate il modulo di richiesta insieme alla lista d\u2019imballaggio, alla fattura commerciale, alla dichiarazione dell\u2019importatore e al rapporto di test (una lettera di credito pu\u00f2 essere richiesta in alcuni casi).<\/p>\n<h5 style=\"text-align: justify;\"><strong>2. Revisione dei Documenti<\/strong><\/h5>\n<p>La revisione della documentazione viene completata entro 1-2 giorni lavorativi dalla presentazione.<\/p>\n<h5 style=\"text-align: justify;\"><strong>3. Ispezione<\/strong><\/h5>\n<p>Confermate l\u2019orario e il luogo della spedizione: HQTS ispezioner\u00e0 la merce e supervisioner\u00e0 il processo di carico prima di comunicarvi i risultati. HQTS pu\u00f2 inoltre eseguire test in loco o su campione quando richiesto.<\/p>\n<h5 style=\"text-align: justify;\"><strong>4. Verifica della Certificazione<\/strong><\/h5>\n<p>Il certificato verr\u00e0 emesso una volta approvata la documentazione.<\/p>\n<h2><strong>Materiali Aggiuntivi<\/strong><\/h2>\n<p><strong><a href=\"https:\/\/www.hqts.com\/wp-content\/uploads\/2020\/03\/Official-Authorized-Letter.pdf\">Lettera di Autorizzazione Ufficiale<\/a><\/strong><\/p>\n<p><a href=\"https:\/\/drive.google.com\/file\/d\/1pjgmnm3WjO2UPcYi-7pGKPsEGy5KMJKI\/view\"><strong>Lista di Contatti<\/strong><\/a><\/p>\n<p>&nbsp;<\/p>\n<p><strong>State importando merci nella Repubblica dell\u2019Iraq? <a href=\"https:\/\/www.hqts.com\/it\/contatti\/\">Contattateci<\/a> oggi per saperne di pi\u00f9 sui nostri servizi COC Iraq!<\/strong><\/p>\n","protected":false},"excerpt":{"rendered":"<p>Un Certificato di Conformit\u00e0 Iraq (COC) \u00e8 ora obbligatorio per oltre 1.000 prodotti in dodici categorie, prima che possano accedere al redditizio mercato di importazione iracheno.<\/p>\n","protected":false},"author":12,"featured_media":219762,"parent":219439,"menu_order":4,"comment_status":"closed","ping_status":"closed","template":"","meta":{"_acf_changed":false,"footnotes":""},"class_list":["post-219761","page","type-page","status-publish","has-post-thumbnail","hentry"],"acf":[],"_links":{"self":[{"href":"https:\/\/www.hqts.com\/it\/wp-json\/wp\/v2\/pages\/219761","targetHints":{"allow":["GET"]}}],"collection":[{"href":"https:\/\/www.hqts.com\/it\/wp-json\/wp\/v2\/pages"}],"about":[{"href":"https:\/\/www.hqts.com\/it\/wp-json\/wp\/v2\/types\/page"}],"author":[{"embeddable":true,"href":"https:\/\/www.hqts.com\/it\/wp-json\/wp\/v2\/users\/12"}],"replies":[{"embeddable":true,"href":"https:\/\/www.hqts.com\/it\/wp-json\/wp\/v2\/comments?post=219761"}],"version-history":[{"count":1,"href":"https:\/\/www.hqts.com\/it\/wp-json\/wp\/v2\/pages\/219761\/revisions"}],"predecessor-version":[{"id":219763,"href":"https:\/\/www.hqts.com\/it\/wp-json\/wp\/v2\/pages\/219761\/revisions\/219763"}],"up":[{"embeddable":true,"href":"https:\/\/www.hqts.com\/it\/wp-json\/wp\/v2\/pages\/219439"}],"wp:featuredmedia":[{"embeddable":true,"href":"https:\/\/www.hqts.com\/it\/wp-json\/wp\/v2\/media\/219762"}],"wp:attachment":[{"href":"https:\/\/www.hqts.com\/it\/wp-json\/wp\/v2\/media?parent=219761"}],"curies":[{"name":"wp","href":"https:\/\/api.w.org\/{rel}","templated":true}]}}