{"id":219772,"date":"2025-11-06T01:43:33","date_gmt":"2025-11-06T01:43:33","guid":{"rendered":"https:\/\/www.hqts.com\/i-nostri-servizi\/certificazioni-di-prodotto\/marchio-di-qualita-saudita-sqm\/"},"modified":"2025-11-06T01:44:12","modified_gmt":"2025-11-06T01:44:12","slug":"marchio-di-qualita-saudita","status":"publish","type":"page","link":"https:\/\/www.hqts.com\/it\/i-nostri-servizi\/certificazioni-di-prodotto\/marchio-di-qualita-saudita\/","title":{"rendered":"Marchio di Qualit\u00e0 Saudita &#8211; SQM"},"content":{"rendered":"<h4><strong>Marchio di Qualit\u00e0 Saudita (SQM) per Prodotti destinati all\u2019Arabia Saudita<\/strong><\/h4>\n<p>I produttori e i commercianti che esportano prodotti regolamentati nel Regno dell\u2019Arabia Saudita devono dimostrare la loro conformit\u00e0 agli standard sauditi ottenendo il Marchio di Qualit\u00e0 Saudita (SQM).<\/p>\n<p>Il marchio di conformit\u00e0 \u00e8 di propriet\u00e0 dell\u2019Organizzazione Saudita per gli Standard, la Metrologia e la Qualit\u00e0 (SASO). Viene assegnato ai prodotti che soddisfano gli standard SASO applicabili e che sono fabbricati in uno stabilimento dotato di un sistema di gestione della qualit\u00e0 efficace, in grado di garantire una conformit\u00e0 continua a tali standard.<\/p>\n<p><strong>HQTS-Tabseer pu\u00f2 fornire servizi di valutazione della conformit\u00e0 per il marchio SQM nei seguenti paesi:<\/strong><\/p>\n<ul>\n<li><span data-preserver-spaces=\"true\">India<\/span><\/li>\n<li><span data-preserver-spaces=\"true\">Cina<\/span><\/li>\n<li><span data-preserver-spaces=\"true\">Vietnam<\/span><\/li>\n<\/ul>\n<p>&nbsp;<\/p>\n<h4><strong>Quali sono le Fasi per Ottenere il Marchio SQM?<\/strong><\/h4>\n<p>Il marchio SQM si basa sui requisiti degli Standard Internazionali (ISO\/IEC 17065). Il processo di richiesta del marchio di conformit\u00e0 include le seguenti fasi:<\/p>\n<ul>\n<li>Uno studio tecnico.<\/li>\n<li>Un audit dello stabilimento o della linea di produzione.<\/li>\n<li>Una revisione della domanda e un audit.<\/li>\n<\/ul>\n<p>Il marchio di conformit\u00e0 ha una validit\u00e0 di tre anni ed \u00e8 soggetto a verifiche periodiche.<\/p>\n<h4><strong>Perch\u00e9 scegliere HQTS?<\/strong><\/h4>\n<p>HQTS \u00e8 una delle pi\u00f9 <strong><a href=\"https:\/\/www.hqts.com\/who-we-are\/overview\/\">antiche e grandi aziende asiatiche di testing, ispezione e certificazione<\/a><\/strong>, con oltre 1.500 dipendenti e una rete globale di esperti tecnici in pi\u00f9 di 80 paesi. In oltre 25 anni di attivit\u00e0, l\u2019azienda ha assistito pi\u00f9 di <strong><a href=\"https:\/\/www.hqts.com\/who-we-are\/clients-and-testimonials\/\">50.000 clienti<\/a><\/strong>, molti dei quali beneficiano dei servizi personalizzati di HQTS lungo l\u2019intera catena di approvvigionamento. HQTS dispone delle competenze tecniche e della conoscenza necessarie per aiutarvi a rispettare le normative saudite.<\/p>\n<p><strong>Scoprite di pi\u00f9 sui nostri altri servizi di certificazione nei Paesi Membri del Golfo:<\/strong><\/p>\n<ul>\n<li><strong><a href=\"https:\/\/www.hqts.com\/it\/i-nostri-servizi\/certificazioni-di-prodotto\/marchio-conformita-gcc\/\">G Mark<\/a><\/strong><\/li>\n<li><a href=\"https:\/\/www.hqts.com\/our-services\/saleem-saso-certificate-saudi-arabia\/\"><strong>Certificato di Conformit\u00e0 di Prodotto e Spedizione per l\u2019Arabia Saudita<\/strong><\/a><\/li>\n<\/ul>\n","protected":false},"excerpt":{"rendered":"<p>Marchio di Qualit\u00e0 Saudita (SQM) per Prodotti destinati all\u2019Arabia Saudita I produttori e i commercianti che esportano prodotti regolamentati nel Regno dell\u2019Arabia Saudita devono dimostrare la loro conformit\u00e0 agli standard sauditi ottenendo il Marchio di Qualit\u00e0 Saudita (SQM). Il marchio di conformit\u00e0 \u00e8 di propriet\u00e0 dell\u2019Organizzazione Saudita per gli Standard, la Metrologia e la Qualit\u00e0 [&hellip;]<\/p>\n","protected":false},"author":17,"featured_media":219773,"parent":219764,"menu_order":53,"comment_status":"closed","ping_status":"closed","template":"","meta":{"_acf_changed":false,"footnotes":""},"class_list":["post-219772","page","type-page","status-publish","has-post-thumbnail","hentry"],"acf":[],"_links":{"self":[{"href":"https:\/\/www.hqts.com\/it\/wp-json\/wp\/v2\/pages\/219772","targetHints":{"allow":["GET"]}}],"collection":[{"href":"https:\/\/www.hqts.com\/it\/wp-json\/wp\/v2\/pages"}],"about":[{"href":"https:\/\/www.hqts.com\/it\/wp-json\/wp\/v2\/types\/page"}],"author":[{"embeddable":true,"href":"https:\/\/www.hqts.com\/it\/wp-json\/wp\/v2\/users\/17"}],"replies":[{"embeddable":true,"href":"https:\/\/www.hqts.com\/it\/wp-json\/wp\/v2\/comments?post=219772"}],"version-history":[{"count":1,"href":"https:\/\/www.hqts.com\/it\/wp-json\/wp\/v2\/pages\/219772\/revisions"}],"predecessor-version":[{"id":219774,"href":"https:\/\/www.hqts.com\/it\/wp-json\/wp\/v2\/pages\/219772\/revisions\/219774"}],"up":[{"embeddable":true,"href":"https:\/\/www.hqts.com\/it\/wp-json\/wp\/v2\/pages\/219764"}],"wp:featuredmedia":[{"embeddable":true,"href":"https:\/\/www.hqts.com\/it\/wp-json\/wp\/v2\/media\/219773"}],"wp:attachment":[{"href":"https:\/\/www.hqts.com\/it\/wp-json\/wp\/v2\/media?parent=219772"}],"curies":[{"name":"wp","href":"https:\/\/api.w.org\/{rel}","templated":true}]}}