{"id":219775,"date":"2025-11-06T01:49:33","date_gmt":"2025-11-06T01:49:33","guid":{"rendered":"https:\/\/www.hqts.com\/i-nostri-servizi\/ispezioni-e-audit-di-controllo-qualita\/"},"modified":"2025-11-06T01:50:14","modified_gmt":"2025-11-06T01:50:14","slug":"ispezioni-controllo-qualita","status":"publish","type":"page","link":"https:\/\/www.hqts.com\/it\/i-nostri-servizi\/ispezioni-controllo-qualita\/","title":{"rendered":"Ispezioni e Audit di Controllo Qualit\u00e0"},"content":{"rendered":"<p>HQTS \u00e8 rinomata nel settore per i suoi protocolli di formazione e i suoi sistemi in materia di Garanzia della Qualit\u00e0 (QA), Controllo della Qualit\u00e0 (QC) ed Etica. Questi costituiscono la base delle nostre offerte di servizi e dei risultati di livello superiore.<\/p>\n<div><\/div>\n<h3><a href=\"https:\/\/www.hqts.com\/it\/i-nostri-servizi\/quality-control-inspections\/\">Ispezioni di Controllo Qualit\u00e0<\/a><\/h3>\n<div>Le ispezioni di controllo qualit\u00e0 HQTS verificano la qualit\u00e0 e la quantit\u00e0 dei prodotti in base a specifiche predefinite. La riduzione del ciclo di vita dei prodotti e del tempo di immissione sul mercato aumenta la difficolt\u00e0 di fornire prodotti di qualit\u00e0 in tempi rapidi. Quando il vostro prodotto non soddisfa le specifiche di qualit\u00e0 richieste per l\u2019accettazione sul mercato, le conseguenze possono essere perdita di reputazione, di prodotto e di ricavi, ritardi nelle spedizioni, spreco di materiali e potenziale rischio di richiamo del prodotto.<\/div>\n<div><\/div>\n<div><\/div>\n<div>\n<p>&nbsp;<\/p>\n<ul>\n<li><a href=\"https:\/\/www.hqts.com\/our-services\/quality-control-inspections\/pre-production-inspection\/\">Ispezioni Pre-Produttive<\/a><\/li>\n<li><a href=\"https:\/\/www.hqts.com\/our-services\/quality-control-inspections\/during-production-inspection\/\">Ispezioni Durante la Produzione<\/a><\/li>\n<li><a href=\"https:\/\/www.hqts.com\/our-services\/quality-control-inspections\/pre-shipment-inspection\/\">Ispezioni Pre-Spedizione<\/a><\/li>\n<li><a href=\"https:\/\/www.hqts.com\/our-services\/piece-by-piece\/\">Ispezioni Pezzo per Pezzo<\/a><\/li>\n<li><a href=\"https:\/\/www.hqts.com\/our-services\/quality-control-inspections\/container-loading-inspection\/\">Ispezioni di Carico dei Container<\/a><\/li>\n<li><a href=\"https:\/\/www.hqts.com\/our-services\/sample-checking\">Controllo dei Campioni<\/a><\/li>\n<li><a href=\"https:\/\/www.hqts.com\/our-services\/metal-detection\/\">Rilevamento dei Metalli<\/a><\/li>\n<li><a href=\"https:\/\/www.hqts.com\/it\/i-nostri-servizi\/quality-control-inspections\/supervisione-del-carico-e-scarico\/\">Supervisione di Carico\/Scarico<\/a><\/li>\n<\/ul>\n<\/div>\n<p>&nbsp;<\/p>\n<h3><a href=\"https:\/\/www.hqts.com\/it\/factory-supplier-audits\/\">Audit dei Fornitori<\/a><\/h3>\n<div>\n<p>Nel mercato altamente competitivo di oggi, \u00e8 fondamentale costruire una base di fornitori e partner in grado di soddisfare tutte le esigenze produttive, dal design e dalla qualit\u00e0 ai requisiti di consegna del prodotto. Una valutazione completa attraverso audit di fabbrica e dei fornitori \u00e8 una componente essenziale del processo di selezione.<\/p>\n<p>I criteri principali che un audit HQTS di fabbrica o di fornitore valuta includono strutture, politiche, procedure e registri che verificano la capacit\u00e0 di una fabbrica di fornire prodotti di qualit\u00e0 costante nel tempo, piuttosto che in un momento specifico o solo per determinati prodotti.<\/p>\n<\/div>\n<div><\/div>\n<div><\/div>\n<ul>\n<li><a href=\"https:\/\/www.hqts.com\/it\/i-nostri-servizi\/audit-di-fabbrica\/\">Audit dei Fornitori<br \/>\n<\/a><\/li>\n<li><a href=\"https:\/\/www.hqts.com\/it\/i-nostri-servizi\/audit-di-fabbrica\/audit-del-produttore\/\">Audit dei Produttori<br \/>\n<\/a><\/li>\n<li><a href=\"https:\/\/www.hqts.com\/it\/i-nostri-servizi\/audit-di-fabbrica\/audit-energetici\/\">Audit Energetico<br \/>\n<\/a><\/li>\n<li><a href=\"https:\/\/www.hqts.com\/it\/i-nostri-servizi\/audit-di-fabbrica\/controllo-della-produzione-in-fabbrica\/\">Controllo della Produzione in Fabbrica<br \/>\n<\/a><\/li>\n<li><a href=\"https:\/\/www.hqts.com\/our-services\/environmental-audits\/\">Audit Ambientali<br \/>\n<\/a><\/li>\n<li><a href=\"https:\/\/www.hqts.com\/our-services\/social-compliance-audits\/\">Audit di Conformit\u00e0 Sociale<br \/>\n<\/a><\/li>\n<li><a href=\"https:\/\/www.hqts.com\/our-services\/building-safety-audits\/\">Audit di Sicurezza degli Edifici<\/a><\/li>\n<\/ul>\n<p>&nbsp;<\/p>\n<h3>Ispezioni e Certificazioni Governative<\/h3>\n<ul>\n<li><a href=\"https:\/\/www.hqts.com\/it\/i-nostri-servizi\/certificato-di-conformita-iraq\/\">Certificato di Conformit\u00e0 Iraq (COC)<\/a><\/li>\n<li><a href=\"https:\/\/www.hqts.com\/our-services\/uzbekistan-pre-shipment-inspections\/\">Certificato di Conformit\u00e0 Uzbekistan (COC)<\/a><\/li>\n<li><a href=\"https:\/\/www.hqts.com\/pakistan-pesticide-pre-shipment-inspections\/\">Ispezioni di Pesticidi Pakistan<\/a><\/li>\n<\/ul>\n<p>&nbsp;<\/p>\n<h3>Formazione e Consulenza<\/h3>\n<p>Le aziende che operano in Asia si trovano spesso ad affrontare sfide inaspettate a causa di contesti legali, commerciali e culturali poco familiari. Queste sfide possono essere superate collaborando con un\u2019azienda che conosce l\u2019ambiente e sa come colmare efficacemente il divario tra mentalit\u00e0 orientali e occidentali.<\/p>\n<ul>\n<li><a href=\"https:\/\/www.hqts.com\/our-services\/quality-control-services\/\">Consulenza<\/a><\/li>\n<li><a href=\"https:\/\/www.hqts.com\/our-services\/quality-control-services\/training-service\/\">Formazione<\/a><\/li>\n<li><a href=\"https:\/\/www.hqts.com\/our-services\/sourcing\/tradeshow-discovery\/\">Ricerca Fiere Commerciali<\/a><\/li>\n<\/ul>\n","protected":false},"excerpt":{"rendered":"<p>HQTS \u00e8 rinomata nel settore per i suoi protocolli di formazione e i suoi sistemi in materia di Garanzia della Qualit\u00e0 (QA), Controllo della Qualit\u00e0 (QC) ed Etica. Questi costituiscono la base delle nostre offerte di servizi e dei risultati di livello superiore. Ispezioni di Controllo Qualit\u00e0 Le ispezioni di controllo qualit\u00e0 HQTS verificano la [&hellip;]<\/p>\n","protected":false},"author":12,"featured_media":219777,"parent":219439,"menu_order":0,"comment_status":"closed","ping_status":"closed","template":"","meta":{"_acf_changed":false,"footnotes":""},"class_list":["post-219775","page","type-page","status-publish","has-post-thumbnail","hentry"],"acf":[],"_links":{"self":[{"href":"https:\/\/www.hqts.com\/it\/wp-json\/wp\/v2\/pages\/219775","targetHints":{"allow":["GET"]}}],"collection":[{"href":"https:\/\/www.hqts.com\/it\/wp-json\/wp\/v2\/pages"}],"about":[{"href":"https:\/\/www.hqts.com\/it\/wp-json\/wp\/v2\/types\/page"}],"author":[{"embeddable":true,"href":"https:\/\/www.hqts.com\/it\/wp-json\/wp\/v2\/users\/12"}],"replies":[{"embeddable":true,"href":"https:\/\/www.hqts.com\/it\/wp-json\/wp\/v2\/comments?post=219775"}],"version-history":[{"count":1,"href":"https:\/\/www.hqts.com\/it\/wp-json\/wp\/v2\/pages\/219775\/revisions"}],"predecessor-version":[{"id":219778,"href":"https:\/\/www.hqts.com\/it\/wp-json\/wp\/v2\/pages\/219775\/revisions\/219778"}],"up":[{"embeddable":true,"href":"https:\/\/www.hqts.com\/it\/wp-json\/wp\/v2\/pages\/219439"}],"wp:featuredmedia":[{"embeddable":true,"href":"https:\/\/www.hqts.com\/it\/wp-json\/wp\/v2\/media\/219777"}],"wp:attachment":[{"href":"https:\/\/www.hqts.com\/it\/wp-json\/wp\/v2\/media?parent=219775"}],"curies":[{"name":"wp","href":"https:\/\/api.w.org\/{rel}","templated":true}]}}