{"id":219783,"date":"2025-11-06T01:53:55","date_gmt":"2025-11-06T01:53:55","guid":{"rendered":"https:\/\/www.hqts.com\/i-nostri-servizi\/ispezioni-controllo-qualita\/ispezioni-alimentari-e-agricole\/"},"modified":"2025-11-06T01:55:09","modified_gmt":"2025-11-06T01:55:09","slug":"ispezioni-alimentari-e-agricole","status":"publish","type":"page","link":"https:\/\/www.hqts.com\/it\/i-nostri-servizi\/ispezioni-controllo-qualita\/ispezioni-alimentari-e-agricole\/","title":{"rendered":"Ispezioni Alimentari e Agricole"},"content":{"rendered":"<p><strong>Gli incidenti legati alla sicurezza alimentare sono oggi una reale possibilit\u00e0, il che comporta un aumento dei controlli e l\u2019applicazione di standard rigorosi nella produzione e in altre fasi della filiera. Dalle coltivazioni alle tavole dei consumatori, ogni fase della catena di approvvigionamento alimentare \u00e8 messa alla prova in termini di sicurezza, qualit\u00e0 ed efficacia dei prodotti. Gli standard di qualit\u00e0 nel settore alimentare e agricolo sono di primaria importanza e rappresentano un punto centrale per le autorit\u00e0 competenti e i consumatori.<\/strong><\/p>\n<p>Che siate produttori, confezionatori o rivestiate qualsiasi altro ruolo nella catena di approvvigionamento alimentare, \u00e8 vostro dovere dimostrare integrit\u00e0 e promuovere la sicurezza sin dall\u2019origine. Tuttavia, tali garanzie possono essere fornite solo quando le fasi di coltivazione, trasformazione, approvvigionamento e spedizione sono regolarmente monitorate e testate da personale specializzato.<\/p>\n<p>Rispettiamo le leggi e i regolamenti nazionali e svolgiamo i nostri servizi di qualit\u00e0 basandoci sui seguenti standard:<\/p>\n<ul>\n<li><strong>Standard di ispezione per il campionamento alimentare:<\/strong> CAC\/GL 50-2004, ISO 8423:1991, GB\/T 30642, ecc.<\/li>\n<li><strong>Standard di valutazione sensoriale degli alimenti:<\/strong> CODEX, ISO, GB e altri standard di classificazione.<\/li>\n<\/ul>\n<p>Standard di test e analisi degli alimenti: standard nazionali e internazionali, comprendenti rilevazioni microbiologiche, residui di pesticidi, analisi fisico-chimiche, ecc.<\/p>\n<p>Standard di audit per fabbriche e negozi: ISO9000, ISO14000, ISO22000, HACCP.<\/p>\n<h4><strong>I nostri Servizi di Ispezione Alimentare e Agricola:<\/strong><\/h4>\n<ul>\n<li><a href=\"https:\/\/www.hqts.com\/it\/i-nostri-servizi\/quality-control-inspections\/ispezione-pre-spedizione\/\">Ispezioni Pre-Spedizione<\/a><\/li>\n<li><a href=\"https:\/\/www.hqts.com\/it\/i-nostri-servizi\/quality-control-inspections\/ispezione-pre-produzione\/\">Ispezioni Pre-Produzione<\/a><\/li>\n<li><a href=\"https:\/\/www.hqts.com\/it\/i-nostri-servizi\/quality-control-inspections\/ispezione-durante-la-produzione\/\">Ispezioni Durante la Produzione<\/a><\/li>\n<li><a href=\"https:\/\/www.hqts.com\/it\/i-nostri-servizi\/quality-control-inspections\/ispezione-pezzo-per-pezzo\/\">Ispezioni Pezzo per Pezzo<\/a><\/li>\n<li><a href=\"https:\/\/www.hqts.com\/it\/i-nostri-servizi\/quality-control-inspections\/supervisione-del-carico-e-scarico\/\">Supervisione di Carico\/Scarico<\/a><\/li>\n<li><a href=\"https:\/\/www.hqts.com\/it\/i-nostri-servizi\/quality-control-inspections\/ispezione-pezzo-per-pezzo\/\">Ispezioni Pezzo per Pezzo<\/a><\/li>\n<li><a href=\"https:\/\/www.hqts.com\/it\/i-nostri-servizi\/quality-control-inspections\/rilevamento-dei-metalli\/\">Rilevamento dei Metalli<\/a><\/li>\n<li><a href=\"https:\/\/www.hqts.com\/it\/i-nostri-servizi\/quality-control-inspections\/controllo-dei-campioni\/\">Controllo dei Campioni<\/a><\/li>\n<\/ul>\n","protected":false},"excerpt":{"rendered":"<p>Gli incidenti legati alla sicurezza alimentare sono oggi una reale possibilit\u00e0, il che comporta un aumento dei controlli e l\u2019applicazione di standard rigorosi nella produzione e in altre fasi della filiera. Dalle coltivazioni alle tavole dei consumatori, ogni fase della catena di approvvigionamento alimentare \u00e8 messa alla prova in termini di sicurezza, qualit\u00e0 ed efficacia [&hellip;]<\/p>\n","protected":false},"author":12,"featured_media":219784,"parent":219775,"menu_order":0,"comment_status":"closed","ping_status":"closed","template":"","meta":{"_acf_changed":false,"footnotes":""},"class_list":["post-219783","page","type-page","status-publish","has-post-thumbnail","hentry"],"acf":[],"_links":{"self":[{"href":"https:\/\/www.hqts.com\/it\/wp-json\/wp\/v2\/pages\/219783","targetHints":{"allow":["GET"]}}],"collection":[{"href":"https:\/\/www.hqts.com\/it\/wp-json\/wp\/v2\/pages"}],"about":[{"href":"https:\/\/www.hqts.com\/it\/wp-json\/wp\/v2\/types\/page"}],"author":[{"embeddable":true,"href":"https:\/\/www.hqts.com\/it\/wp-json\/wp\/v2\/users\/12"}],"replies":[{"embeddable":true,"href":"https:\/\/www.hqts.com\/it\/wp-json\/wp\/v2\/comments?post=219783"}],"version-history":[{"count":2,"href":"https:\/\/www.hqts.com\/it\/wp-json\/wp\/v2\/pages\/219783\/revisions"}],"predecessor-version":[{"id":219796,"href":"https:\/\/www.hqts.com\/it\/wp-json\/wp\/v2\/pages\/219783\/revisions\/219796"}],"up":[{"embeddable":true,"href":"https:\/\/www.hqts.com\/it\/wp-json\/wp\/v2\/pages\/219775"}],"wp:featuredmedia":[{"embeddable":true,"href":"https:\/\/www.hqts.com\/it\/wp-json\/wp\/v2\/media\/219784"}],"wp:attachment":[{"href":"https:\/\/www.hqts.com\/it\/wp-json\/wp\/v2\/media?parent=219783"}],"curies":[{"name":"wp","href":"https:\/\/api.w.org\/{rel}","templated":true}]}}