{"id":219801,"date":"2025-11-06T02:03:40","date_gmt":"2025-11-06T02:03:40","guid":{"rendered":"https:\/\/www.hqts.com\/i-nostri-servizi\/consulenza-controllo-qualita\/servizio-di-formazione\/"},"modified":"2025-11-06T02:06:27","modified_gmt":"2025-11-06T02:06:27","slug":"servizio-di-formazione","status":"publish","type":"page","link":"https:\/\/www.hqts.com\/it\/i-nostri-servizi\/consulenza-controllo-qualita\/servizio-di-formazione\/","title":{"rendered":"Servizio di Formazione"},"content":{"rendered":"\t\t<div data-elementor-type=\"wp-page\" data-elementor-id=\"219801\" class=\"elementor elementor-219801 elementor-3530\" data-elementor-post-type=\"page\">\n\t\t\t\t\t\t<section class=\"elementor-section elementor-top-section elementor-element elementor-element-2d6b83fd elementor-section-boxed elementor-section-height-default elementor-section-height-default\" data-id=\"2d6b83fd\" data-element_type=\"section\">\n\t\t\t\t\t\t<div class=\"elementor-container elementor-column-gap-default\">\n\t\t\t\t\t<div class=\"elementor-column elementor-col-100 elementor-top-column elementor-element elementor-element-3b1ec94\" data-id=\"3b1ec94\" data-element_type=\"column\">\n\t\t\t<div class=\"elementor-widget-wrap elementor-element-populated\">\n\t\t\t\t\t\t<div class=\"elementor-element elementor-element-3dbc9846 elementor-widget elementor-widget-text-editor\" data-id=\"3dbc9846\" data-element_type=\"widget\" data-widget_type=\"text-editor.default\">\n\t\t\t\t<div class=\"elementor-widget-container\">\n\t\t\t\t\t\t\t\t\t<h4><strong>Servizi di Formazione<\/strong><\/h4><br><p style=\"text-align: left;\"><strong>HQTS \u00e8 rinomata nel settore per i suoi protocolli di formazione e i suoi sistemi in Assicurazione della Qualit\u00e0 (QA), Controllo della Qualit\u00e0 (QC) ed Etica. Questi rappresentano la base delle nostre offerte di servizi e dei risultati di livello superiore.<\/strong><\/p><br><p style=\"text-align: justify;\">Possiamo potenziare la vostra organizzazione trasmettendo al vostro personale i vantaggi derivanti dalla nostra conoscenza ed esperienza in ambito QA attraverso soluzioni di formazione chiavi in mano o personalizzate. HQTS pu\u00f2 aiutarvi a definire, stabilire e istituzionalizzare i vostri requisiti e sistemi di Assicurazione della Qualit\u00e0, dal top management fino alle operazioni centrali.<\/p><br><p style=\"text-align: justify;\">Un quadro tipico comprende otto elementi essenziali che costituiscono la roadmap per l\u2019istituzionalizzazione dei processi di qualit\u00e0. Vi aiutiamo a conoscere questi elementi fondamentali che rappresentano i pilastri necessari per implementare e mantenere il successo della QA in tutta la vostra organizzazione. Che si tratti di definire, misurare o migliorare la qualit\u00e0, i nostri programmi di formazione possono aiutarvi a raggiungere i vostri obiettivi.<\/p><br><br><h4 style=\"text-align: justify;\"><strong>Il programma di formazione chiavi in mano include:<\/strong><\/h4><br><ul style=\"text-align: justify;\"><br> \t<li>Roadmap per l\u2019Assicurazione della Qualit\u00e0<\/li><br> \t<li>Gestione per l\u2019Assicurazione della Qualit\u00e0<\/li><br> \t<li>Gestione attraverso Standard di Prestazione<\/li><br> \t<li>Formazione del personale su QA, QC ed Etica<\/li><br> \t<li>Formazione per Auditor su ISO14000, OHSAS18000, HACCP, ISO\/TS16949<\/li><br> \t<li>Formazione in Assicurazione e Controllo della Qualit\u00e0 per i fornitori<\/li><br><\/ul>\t\t\t\t\t\t\t\t<\/div>\n\t\t\t\t<\/div>\n\t\t\t\t\t<\/div>\n\t\t<\/div>\n\t\t\t\t\t<\/div>\n\t\t<\/section>\n\t\t\t\t<\/div>\n\t\t","protected":false},"excerpt":{"rendered":"<p>Servizi di Formazione HQTS \u00e8 rinomata nel settore per i suoi protocolli di formazione e i suoi sistemi in Assicurazione della Qualit\u00e0 (QA), Controllo della Qualit\u00e0 (QC) ed Etica. Questi rappresentano la base delle nostre offerte di servizi e dei risultati di livello superiore. Possiamo potenziare la vostra organizzazione trasmettendo al vostro personale i vantaggi [&hellip;]<\/p>\n","protected":false},"author":12,"featured_media":219803,"parent":219797,"menu_order":32,"comment_status":"closed","ping_status":"closed","template":"","meta":{"_acf_changed":false,"footnotes":""},"class_list":["post-219801","page","type-page","status-publish","has-post-thumbnail","hentry"],"acf":[],"_links":{"self":[{"href":"https:\/\/www.hqts.com\/it\/wp-json\/wp\/v2\/pages\/219801","targetHints":{"allow":["GET"]}}],"collection":[{"href":"https:\/\/www.hqts.com\/it\/wp-json\/wp\/v2\/pages"}],"about":[{"href":"https:\/\/www.hqts.com\/it\/wp-json\/wp\/v2\/types\/page"}],"author":[{"embeddable":true,"href":"https:\/\/www.hqts.com\/it\/wp-json\/wp\/v2\/users\/12"}],"replies":[{"embeddable":true,"href":"https:\/\/www.hqts.com\/it\/wp-json\/wp\/v2\/comments?post=219801"}],"version-history":[{"count":3,"href":"https:\/\/www.hqts.com\/it\/wp-json\/wp\/v2\/pages\/219801\/revisions"}],"predecessor-version":[{"id":219807,"href":"https:\/\/www.hqts.com\/it\/wp-json\/wp\/v2\/pages\/219801\/revisions\/219807"}],"up":[{"embeddable":true,"href":"https:\/\/www.hqts.com\/it\/wp-json\/wp\/v2\/pages\/219797"}],"wp:featuredmedia":[{"embeddable":true,"href":"https:\/\/www.hqts.com\/it\/wp-json\/wp\/v2\/media\/219803"}],"wp:attachment":[{"href":"https:\/\/www.hqts.com\/it\/wp-json\/wp\/v2\/media?parent=219801"}],"curies":[{"name":"wp","href":"https:\/\/api.w.org\/{rel}","templated":true}]}}