{"id":219823,"date":"2025-11-06T02:18:11","date_gmt":"2025-11-06T02:18:11","guid":{"rendered":"https:\/\/www.hqts.com\/i-nostri-servizi\/ingegneria-della-qualita\/monitoraggio-della-produzione\/"},"modified":"2025-11-06T02:21:28","modified_gmt":"2025-11-06T02:21:28","slug":"monitoraggio-della-produzione","status":"publish","type":"page","link":"https:\/\/www.hqts.com\/it\/i-nostri-servizi\/ingegneria-della-qualita\/monitoraggio-della-produzione\/","title":{"rendered":"Monitoraggio della Produzione"},"content":{"rendered":"<h4><strong>Monitoraggio della Produzione<\/strong><\/h4>\n<p style=\"text-align: left;\"><strong>HQTS, leader globale nei servizi di garanzia della qualit\u00e0, \u00e8 accreditata da CNAS secondo ISO 17020 per le ispezioni e ISO 17025 per i test.<\/strong><\/p>\n<p><strong>Se un\u2019azienda non identifica e corregge i problemi riscontrati prima del completamento della produzione, rischia facilmente di diventare la causa di costosi lavori di rilavorazione dovuti a problemi di qualit\u00e0. L\u2019ispezione preventiva non solo aiuta le imprese a risparmiare denaro, ma assicura anche prodotti di qualit\u00e0 in grado di migliorare la competitivit\u00e0 sul mercato. L\u2019utilizzo del servizio DPM \u00e8 ideale per i prodotti complessi, poich\u00e9 si concentra sul controllo qualit\u00e0 e sulla prevenzione dei rischi pi\u00f9 elevati, mentre il PSI rappresenta una soluzione efficace per prodotti con bassa complessit\u00e0 di processo.<\/strong><\/p>\n<h4><strong>Nuovi progetti e prodotti fabbricati durante la produzione di massa<\/strong><\/h4>\n<p>In queste fasi possono sorgere molti problemi. Utilizzando il nostro servizio DPM possiamo individuare rapidamente eventuali difetti nei nuovi prodotti ed evitare costose rilavorazioni su larga scala.<\/p>\n<h4><strong>Prodotti con qualit\u00e0 instabile<\/strong><\/h4>\n<p>Se la qualit\u00e0 del prodotto \u00e8 instabile e si adotta il servizio DPM, l\u2019ispettore sar\u00e0 sempre online per supervisionare lo stato di \u201cuomo, macchina, materiale, metodo, ambiente\u201d in tutta la fabbrica, un processo che richiede ai lavoratori di assemblare rigorosamente secondo le istruzioni operative. L\u2019ispettore seguir\u00e0 linee guida precise in conformit\u00e0 con le istruzioni di ispezione, garantendo la stabilit\u00e0 della qualit\u00e0 del prodotto.<\/p>\n<h4><strong>Prodotti con date di consegna fisse e senza ritardi<\/strong><\/h4>\n<p>Se la data di consegna del prodotto \u00e8 stretta, l\u2019uso del servizio DPM consente di monitorare continuamente lo stato produttivo della fabbrica in tempo reale e di informare rapidamente i clienti, assicurando che le spedizioni avvengano secondo i piani stabiliti.<\/p>\n<h4><strong>Progetti complessi e di grande importanza che non possono presentare errori<\/strong><\/h4>\n<p>Per progetti critici, se il cliente non pu\u00f2 monitorare costantemente il processo in loco, il servizio DPM pu\u00f2 risolvere questo problema garantendo il corretto avanzamento del progetto attraverso l\u2019ispezione completa della fabbrica e del magazzino, coprendo l\u2019intera linea produttiva fino all\u2019imballaggio.<\/p>\n<h4><strong>Problemi nascosti<\/strong><\/h4>\n<p>\u00c8 necessario individuare la causa principale in qualsiasi punto del processo essa si verifichi. Per problemi complessi che non possono essere risolti con una semplice ispezione PSI, o per apparecchi elettrici destinati a un uso prolungato, il servizio DPM eseguito direttamente in fabbrica pu\u00f2 individuare l\u2019origine e la causa del problema, consentendo di correggerlo in linea e prevenire il suo ripetersi.<\/p>\n<p>In realt\u00e0, molti acquirenti hanno affrontato problemi simili a quelli sopra citati; non si tratta di casi isolati. La maggior parte dei problemi riscontrati nelle ispezioni post-produzione viene scoperta troppo tardi per essere corretta. Le cause principali sono:<\/p>\n<ol>\n<li>Il compratore non esercita un adeguato controllo qualit\u00e0 sul processo produttivo del fornitore, rendendo difficile e costoso correggere i problemi riscontrati durante l\u2019ispezione finale.<\/li>\n<li>I team di controllo qualit\u00e0 degli acquirenti non sono sempre sufficientemente professionali e, a causa della carenza di personale nei periodi di alta stagione e delle limitazioni delle ispezioni interregionali, la supervisione della qualit\u00e0 nei processi produttivi dei fornitori \u00e8 limitata.<\/li>\n<li>Per questo motivo \u00e8 necessario l\u2019intervento di un\u2019organizzazione terza specializzata in qualit\u00e0 durante l\u2019ispezione dei processi produttivi, al fine di garantire che la qualit\u00e0 e i tempi di consegna soddisfino le esigenze dei clienti. HQTS \u00e8 l\u2019unica societ\u00e0 di ispezione indipendente che si concentra sulla formazione della qualit\u00e0, principio fondamentale del monitoraggio della produzione (DPM) e del monitoraggio del processo produttivo (PPM). HQTS pu\u00f2 prevedere in anticipo i potenziali rischi di progettazione e di processo e adottare misure per risolvere efficacemente molti problemi che non possono essere corretti dopo l\u2019ispezione:<\/li>\n<\/ol>\n<p>&nbsp;<\/p>\n<ul>\n<li>assicurare che la fabbrica produca in conformit\u00e0 con i requisiti;<\/li>\n<li>individuare rapidamente eventuali problemi;<\/li>\n<li>evitare rilavorazioni su larga scala;<\/li>\n<li>supervisionare la qualit\u00e0 dei prodotti durante la produzione;<\/li>\n<li>garantire che la fabbrica rispetti i tempi di spedizione;<\/li>\n<li>ridurre al minimo eventuali reclami dei clienti.<\/li>\n<\/ul>\n<p>&nbsp;<\/p>\n<p>Le ispezioni di controllo qualit\u00e0 su prodotti semilavorati e\/o finiti appena usciti dalla linea, i controlli di processo e la gestione in loco (uomo, macchina, materiale, metodo, ambiente) consentono di individuare difetti e deviazioni e di segnalarli a produttori e clienti. Successivamente vengono applicati metodi efficaci per correggere gli errori e risolvere i problemi di qualit\u00e0 in anticipo. Nel 2020 HQTS ha aggiornato il servizio DPI convenzionale e lanciato un nuovo servizio all\u2019interno del portafoglio PM, che include i seguenti moduli:<\/p>\n<ul>\n<li><strong>Verifica dello stato di stoccaggio<\/strong><\/li>\n<li><strong>Verifica dello stato delle materie prime<\/strong><\/li>\n<li><strong>Controllo IQC<\/strong><\/li>\n<li><strong>Verifica dei componenti chiave CDF<\/strong><\/li>\n<li><strong>Controllo della linea di produzione<\/strong><\/li>\n<li><strong>Ispezione dei prodotti semilavorati<\/strong><\/li>\n<li><strong>Ispezione dei prodotti finiti<\/strong><\/li>\n<li><strong>4M1E (Lavoratori, macchine, materie prime, ambiente)<\/strong><\/li>\n<li><strong>Supervisione della fabbrica<\/strong><\/li>\n<li><strong>Verifica dell\u2019imballaggio<\/strong><\/li>\n<li><strong>Monitoraggio del piano di produzione<\/strong><\/li>\n<li><strong>Tracciamento dei problemi di NPI o dei prodotti di prova<\/strong><\/li>\n<\/ul>\n<p>&nbsp;<\/p>\n<p>HQTS pu\u00f2 personalizzare in modo flessibile ciascuno dei moduli sopra indicati in base ai requisiti e alle esigenze specifiche dei singoli clienti. Forniamo soluzioni di conformit\u00e0 diversificate per la catena di fornitura, aiutando le aziende a migliorare costantemente la gestione della produzione, la qualit\u00e0 dei prodotti e a controllare efficacemente la qualit\u00e0 prima che i prodotti raggiungano i consumatori.<\/p>\n<p>Grazie ai vantaggi delle risorse globali, all\u2019esperienza nel controllo qualit\u00e0 e alle soluzioni di conformit\u00e0 efficienti nella catena di fornitura, HQTS aiuta attivamente le aziende a stabilire un processo di controllo qualit\u00e0 completo ed efficace, fornendo soluzioni integrate per l\u2019ispezione dei prodotti e l\u2019accesso al mercato, riducendo i rischi commerciali e migliorando la competitivit\u00e0 dei prodotti.<\/p>\n","protected":false},"excerpt":{"rendered":"<p>HQTS, leader globale nei servizi di garanzia della qualit\u00e0, \u00e8 accreditata da CNAS secondo ISO 17020 per le ispezioni e ISO 17025 per i test.<\/p>\n","protected":false},"author":12,"featured_media":219824,"parent":219808,"menu_order":3,"comment_status":"closed","ping_status":"closed","template":"","meta":{"_acf_changed":false,"footnotes":""},"class_list":["post-219823","page","type-page","status-publish","has-post-thumbnail","hentry"],"acf":[],"_links":{"self":[{"href":"https:\/\/www.hqts.com\/it\/wp-json\/wp\/v2\/pages\/219823","targetHints":{"allow":["GET"]}}],"collection":[{"href":"https:\/\/www.hqts.com\/it\/wp-json\/wp\/v2\/pages"}],"about":[{"href":"https:\/\/www.hqts.com\/it\/wp-json\/wp\/v2\/types\/page"}],"author":[{"embeddable":true,"href":"https:\/\/www.hqts.com\/it\/wp-json\/wp\/v2\/users\/12"}],"replies":[{"embeddable":true,"href":"https:\/\/www.hqts.com\/it\/wp-json\/wp\/v2\/comments?post=219823"}],"version-history":[{"count":3,"href":"https:\/\/www.hqts.com\/it\/wp-json\/wp\/v2\/pages\/219823\/revisions"}],"predecessor-version":[{"id":219829,"href":"https:\/\/www.hqts.com\/it\/wp-json\/wp\/v2\/pages\/219823\/revisions\/219829"}],"up":[{"embeddable":true,"href":"https:\/\/www.hqts.com\/it\/wp-json\/wp\/v2\/pages\/219808"}],"wp:featuredmedia":[{"embeddable":true,"href":"https:\/\/www.hqts.com\/it\/wp-json\/wp\/v2\/media\/219824"}],"wp:attachment":[{"href":"https:\/\/www.hqts.com\/it\/wp-json\/wp\/v2\/media?parent=219823"}],"curies":[{"name":"wp","href":"https:\/\/api.w.org\/{rel}","templated":true}]}}