{"id":219830,"date":"2025-11-06T02:25:22","date_gmt":"2025-11-06T02:25:22","guid":{"rendered":"https:\/\/www.hqts.com\/i-nostri-servizi\/ingegneria-della-qualita\/gestione-dei-fornitori\/"},"modified":"2025-11-06T02:25:44","modified_gmt":"2025-11-06T02:25:44","slug":"gestione-dei-fornitori","status":"publish","type":"page","link":"https:\/\/www.hqts.com\/it\/i-nostri-servizi\/ingegneria-della-qualita\/gestione-dei-fornitori\/","title":{"rendered":"Gestione dei Fornitori"},"content":{"rendered":"<p>HQTS assegna un project manager e un team dedicato per collaborare a tutti i programmi di partnership e ai progetti di controllo qualit\u00e0. Ci\u00f2 include: Pianificazione dei Fornitori, Qualificazione del Design del Prodotto, Introduzione di Nuovi Prodotti, Controllo Qualit\u00e0 nella Produzione, Sostenibilit\u00e0 e Miglioramento.<\/p>\n<p>&nbsp;<\/p>\n<h3>Pianificazione dei Fornitori<\/h3>\n<p>La pianificazione \u00e8 fondamentale nella Gestione della Catena di Approvvigionamento. I team operativi di HQTS implementano strumenti di pianificazione avanzati che consentono di monitorare e valutare attentamente l\u2019intero processo di consegna. Questo aumenta la visibilit\u00e0 di eventuali rischi nel processo di evasione degli ordini, rendendoli pi\u00f9 facili da prevenire.<\/p>\n<p>Questo servizio include:<\/p>\n<ul>\n<li>Previsione della domanda di materiali o prodotti<\/li>\n<li>Creazione di piani di approvvigionamento per garantire la disponibilit\u00e0 delle materie prime<\/li>\n<li>Valutazione dei fornitori e analisi dell\u2019efficacia delle strategie multi-fornitore dei clienti<\/li>\n<li>Identificazione dei rischi della catena di fornitura e definizione di misure di mitigazione<\/li>\n<li>Analisi delle scorte per migliorare la rotazione dell\u2019inventario, ridurre gli sprechi e ottimizzare il servizio al cliente<\/li>\n<li>Gestione degli acquisti, del controllo delle scorte e della logistica di magazzino<\/li>\n<li>Coordinamento della catena di fornitura con le altre funzioni operative del cliente<\/li>\n<li>Comunicazione dello stato, dei rischi e delle modifiche operative<\/li>\n<li>Promozione di iniziative di cambiamento e miglioramento dei processi<\/li>\n<\/ul>\n<p>&nbsp;<\/p>\n<h3>Qualificazione del Design del Prodotto<\/h3>\n<p>Un project manager dedicato di HQTS collega i clienti con i partner in Asia per lo sviluppo dei prodotti, semplificando i lanci di nuovi articoli. Questo consente una pianificazione e uno sviluppo prodotto simultanei, riducendo i tempi di produzione e migliorando l\u2019efficienza.<\/p>\n<p>Il servizio include:<\/p>\n<ul>\n<li>Coinvolgimento anticipato nei piani di sviluppo di nuovi prodotti<\/li>\n<li>Garanzia che i fornitori forniscano le risorse necessarie per supportare i progetti di sviluppo<\/li>\n<li>Interfaccia con i fornitori per la preparazione e l\u2019esecuzione della produzione<\/li>\n<li>Gestione completa della Distinta Base (BOM)<\/li>\n<li>Gestione delle istruzioni di imballaggio e delle grafiche<\/li>\n<li>Implementazione delle specifiche nel processo di costruzione ingegneristica<\/li>\n<li>Monitoraggio della produzione durante la fase di costruzione ingegneristica<\/li>\n<li>Ispezione del primo campione (First Article Inspection)<br \/>\nTest in conformit\u00e0 con i requisiti normativi<\/li>\n<li>Verifica dell\u2019affidabilit\u00e0<\/li>\n<li>Gestione delle modifiche di progettazione<\/li>\n<li>Avvio e tracciamento delle attivit\u00e0 DFM e CLCA per l\u2019ottimizzazione del design<\/li>\n<\/ul>\n<h3>Introduzione di Nuovi Prodotti<\/h3>\n<p>Il programma di Introduzione di Nuovi Prodotti (NPI) copre la revisione della preparazione per la produzione di massa. I team HQTS utilizzano un approccio basato sul controllo pilota per monitorare la linea produttiva reale e mantenere una capacit\u00e0 e una qualit\u00e0 costanti. Il team di project management di HQTS agisce come contatto principale per guidare i team multifunzionali e i partner esterni durante le fasi di avvio della nuova produzione e di transizione dei prodotti.<\/p>\n<p>Questo servizio include:<\/p>\n<ul>\n<li>Monitoraggio dell\u2019inventario e delle forniture per progetti NPI o di transizione produttiva<\/li>\n<li>Ruolo di referente principale per materiali con ODM\/CM\/fornitori<\/li>\n<li>Coordinamento della preparazione al ramp-up con i partner esterni<\/li>\n<li>Pianificazione ed esecuzione dello sviluppo della produzione NPI<\/li>\n<li>Garanzia che i prodotti passino alla produzione rispettando obiettivi specifici di costo, qualit\u00e0 e capacit\u00e0<\/li>\n<li>Gestione dei piani giornalieri di input e output e revisione dei piani di produzione<\/li>\n<li>Ruolo di referente principale per CLCA per guidare azioni correttive e preventive<\/li>\n<li>Gestione della produzione di massa o delle linee di riparazione<\/li>\n<li>Coordinamento di team multifunzionali per ottimizzare la catena di fornitura<\/li>\n<li>Gestione dei rischi e delle variazioni di programma o domanda<\/li>\n<\/ul>\n<h3><strong>Controllo Qualit\u00e0 nella Produzione<\/strong><\/h3>\n<p>I team operativi HQTS garantiscono la massima qualit\u00e0 dei prodotti attraverso comunicazione costante, controllo continuo e una solida struttura degli standard e delle metodologie di controllo qualit\u00e0 condivise con i fornitori esterni. HQTS assicura che i prodotti dei propri clienti siano sempre consegnati con un livello di qualit\u00e0 costante.<\/p>\n<p>Questo servizio include:<\/p>\n<ul>\n<li>Esecuzione di revisioni di qualit\u00e0 sul lavoro dei fornitori<\/li>\n<li>Collaborazione con i clienti per aggiornare e implementare modifiche ai processi e ai criteri di qualit\u00e0<\/li>\n<li>Monitoraggio, misurazione e reportistica delle metriche di qualit\u00e0<\/li>\n<li>Sviluppo di programmi di miglioramento continuo della qualit\u00e0<\/li>\n<li>Implementazione della standardizzazione dei processi, monitoraggio dei costi e aumento dell\u2019efficienza<\/li>\n<li>Fornitura di report giornalieri, settimanali e mensili<br \/>\nIdentificazione e revisione delle opportunit\u00e0 di miglioramento operativo<\/li>\n<li>Avvio e implementazione di analisi dei guasti, analisi delle cause principali e azioni correttive<\/li>\n<li>Sostenibilit\u00e0 e Miglioramento<\/li>\n<\/ul>\n","protected":false},"excerpt":{"rendered":"<p>HQTS assegna un project manager e un team dedicato per collaborare a tutti i programmi di partnership e ai progetti di controllo qualit\u00e0. Ci\u00f2 include: Pianificazione dei Fornitori, Qualificazione del Design del Prodotto, Introduzione di Nuovi Prodotti, Controllo Qualit\u00e0 nella Produzione, Sostenibilit\u00e0 e Miglioramento. &nbsp; Pianificazione dei Fornitori La pianificazione \u00e8 fondamentale nella Gestione della [&hellip;]<\/p>\n","protected":false},"author":12,"featured_media":219831,"parent":219808,"menu_order":0,"comment_status":"closed","ping_status":"closed","template":"","meta":{"_acf_changed":false,"footnotes":""},"class_list":["post-219830","page","type-page","status-publish","has-post-thumbnail","hentry"],"acf":[],"_links":{"self":[{"href":"https:\/\/www.hqts.com\/it\/wp-json\/wp\/v2\/pages\/219830","targetHints":{"allow":["GET"]}}],"collection":[{"href":"https:\/\/www.hqts.com\/it\/wp-json\/wp\/v2\/pages"}],"about":[{"href":"https:\/\/www.hqts.com\/it\/wp-json\/wp\/v2\/types\/page"}],"author":[{"embeddable":true,"href":"https:\/\/www.hqts.com\/it\/wp-json\/wp\/v2\/users\/12"}],"replies":[{"embeddable":true,"href":"https:\/\/www.hqts.com\/it\/wp-json\/wp\/v2\/comments?post=219830"}],"version-history":[{"count":1,"href":"https:\/\/www.hqts.com\/it\/wp-json\/wp\/v2\/pages\/219830\/revisions"}],"predecessor-version":[{"id":219832,"href":"https:\/\/www.hqts.com\/it\/wp-json\/wp\/v2\/pages\/219830\/revisions\/219832"}],"up":[{"embeddable":true,"href":"https:\/\/www.hqts.com\/it\/wp-json\/wp\/v2\/pages\/219808"}],"wp:featuredmedia":[{"embeddable":true,"href":"https:\/\/www.hqts.com\/it\/wp-json\/wp\/v2\/media\/219831"}],"wp:attachment":[{"href":"https:\/\/www.hqts.com\/it\/wp-json\/wp\/v2\/media?parent=219830"}],"curies":[{"name":"wp","href":"https:\/\/api.w.org\/{rel}","templated":true}]}}