{"id":219836,"date":"2025-11-06T02:33:59","date_gmt":"2025-11-06T02:33:59","guid":{"rendered":"https:\/\/www.hqts.com\/?page_id=219836"},"modified":"2025-11-06T02:41:09","modified_gmt":"2025-11-06T02:41:09","slug":"certificato-di-conformita-arabia","status":"publish","type":"page","link":"https:\/\/www.hqts.com\/it\/i-nostri-servizi\/certificato-di-conformita-arabia\/","title":{"rendered":"Certificato di Conformit\u00e0 SASO &#8211; Esportazione in Arabia Saudita"},"content":{"rendered":"\t\t<div data-elementor-type=\"wp-page\" data-elementor-id=\"219836\" class=\"elementor elementor-219836 elementor-128354\" data-elementor-post-type=\"page\">\n\t\t\t\t\t\t<section class=\"elementor-section elementor-top-section elementor-element elementor-element-671b2c63 elementor-section-boxed elementor-section-height-default elementor-section-height-default\" data-id=\"671b2c63\" data-element_type=\"section\">\n\t\t\t\t\t\t<div class=\"elementor-container elementor-column-gap-default\">\n\t\t\t\t\t<div class=\"elementor-column elementor-col-100 elementor-top-column elementor-element elementor-element-7bb8c0\" data-id=\"7bb8c0\" data-element_type=\"column\">\n\t\t\t<div class=\"elementor-widget-wrap elementor-element-populated\">\n\t\t\t\t\t\t<div class=\"elementor-element elementor-element-26a8b5af elementor-widget elementor-widget-text-editor\" data-id=\"26a8b5af\" data-element_type=\"widget\" data-widget_type=\"text-editor.default\">\n\t\t\t\t<div class=\"elementor-widget-container\">\n\t\t\t\t\t\t\t\t\t<h2><strong>Programma SALEEM \/ Certificato SASO per l\u2019Arabia Saudita<\/strong><\/h2><p><strong>Il Programma Saudita per la Sicurezza dei Prodotti (SALEEM) \u00e8 un programma di valutazione della conformit\u00e0 gestito dalla Saudi Standards, Metrology and Quality Organization (SASO). Il programma garantisce la sicurezza e la qualit\u00e0 dei prodotti immessi sul mercato saudita.<\/strong><\/p><p>Le aziende che esportano o importano prodotti regolamentati nel Regno dell\u2019Arabia Saudita (KSA) devono dimostrare la conformit\u00e0 e rispettare i regolamenti tecnici e gli standard applicabili. Ogni prodotto regolamentato deve essere accompagnato da un Certificato di Conformit\u00e0 del Prodotto (PCoC) e ogni spedizione deve disporre di un Certificato di Conformit\u00e0 della Spedizione (SCoC).<\/p><h4><strong>Fornitore di Certificati SASO<\/strong><\/h4><p>HQTS-Tabseer \u00e8 autorizzata a rilasciare Certificati di Conformit\u00e0 per le importazioni di prodotti regolamentati nel mercato saudita provenienti dai seguenti paesi:<\/p><ul><li><strong><span data-preserver-spaces=\"true\">India<\/span><\/strong><\/li><li><strong><span data-preserver-spaces=\"true\">Cina<\/span><\/strong><\/li><li><strong><span data-preserver-spaces=\"true\">Vietnam<\/span><\/strong><\/li><li><strong>Emirati Arabi Uniti<\/strong><\/li><\/ul><p><a href=\"https:\/\/www.hqts.com\/wp-content\/uploads\/2022\/11\/Saudi-Arabia-List-of-Product-Categories.pdf\"><strong>Clicca qui<\/strong><\/a> per scoprire le categorie di prodotti per le quali HQTS pu\u00f2 aiutarvi a esportare in Arabia Saudita.<\/p>\t\t\t\t\t\t\t\t<\/div>\n\t\t\t\t<\/div>\n\t\t\t\t<div class=\"elementor-element elementor-element-87134cb elementor-widget elementor-widget-text-editor\" data-id=\"87134cb\" data-element_type=\"widget\" data-widget_type=\"text-editor.default\">\n\t\t\t\t<div class=\"elementor-widget-container\">\n\t\t\t\t\t\t\t\t\t<h2 class=\"css-a5m6co-text css-p8ym46-fontFamily css-11397xj-fontSize css-15qzf5r-display css-7bji7i-wordBreak\"><strong>Introduzione al Programma SALEEM<\/strong><\/h2><p>Il programma di valutazione della conformit\u00e0 SASO, SALEEM, \u00e8 stato lanciato nel 2017 per garantire che i prodotti immessi sul mercato saudita siano di buona qualit\u00e0 e sicuri per i consumatori. I certificati di conformit\u00e0 richiesti possono essere ottenuti elettronicamente tramite il sistema doganale SABER.<\/p><h4><strong>Il Processo SABER per i Prodotti Regolamentati<\/strong><\/h4><p>Il programma di valutazione della conformit\u00e0 consiste in un processo di certificazione in due fasi, in cui ogni prodotto regolamentato importato deve ottenere un Certificato di Conformit\u00e0 del Prodotto (PCoC) e un Certificato di Conformit\u00e0 della Spedizione (SCoC).<\/p><p><strong>Fase 1: Certificato di Conformit\u00e0 del Prodotto (PCoC)<\/strong><\/p><p>Il certificato di conformit\u00e0 del prodotto viene emesso una volta che l\u2019esportatore dimostra la conformit\u00e0 allo standard applicabile del prodotto, definito nella relativa regolamentazione tecnica.<\/p><p><strong>Fase 2: Certificato di Conformit\u00e0 della Spedizione (SCoC)<\/strong><\/p><p>Il certificato di conformit\u00e0 della spedizione pu\u00f2 essere emesso da un organismo di valutazione della conformit\u00e0 riconosciuto una volta verificato che ogni prodotto regolamentato disponga di un PCoC valido.<\/p><h2><strong>Perch\u00e9 scegliere HQTS per il Certificato SALEEM \/ SASO?<\/strong><\/h2><p>HQTS \u00e8 una delle pi\u00f9 antiche e grandi aziende asiatiche nel settore dei test, delle ispezioni e delle certificazioni, con oltre 1.500 dipendenti e una rete globale di esperti tecnici che si estende in pi\u00f9 di 80 paesi.<\/p><p>Nel corso dei suoi 25 anni di attivit\u00e0, HQTS ha assistito oltre 50.000 clienti, molti dei quali beneficiano dei servizi personalizzati dell\u2019azienda lungo l\u2019intera catena di approvvigionamento. L\u2019azienda partecipa a diversi programmi di valutazione della conformit\u00e0 in tutto il mondo, tra cui il Certificato di Conformit\u00e0 SFDA. HQTS dispone di un team dedicato per assistervi in ogni fase del processo di richiesta.<\/p><ul><li>Oltre 20 uffici regionali in tutto il mondo.<\/li><li>Pi\u00f9 di 25 anni di esperienza nell\u2019assicurazione della qualit\u00e0.<\/li><li>Conoscenza approfondita delle normative e degli standard tecnici.<\/li><li>HQTS offre servizi di gestione della catena di approvvigionamento rapidi, flessibili e affidabili per tutte le vostre esigenze.<\/li><\/ul><p><strong>State esportando merci in Arabia Saudita? <a href=\"https:\/\/www.hqts.com\/contact\/\">Contattateci<\/a> oggi per saperne di pi\u00f9 sui nostri servizi di Certificazione SALEEM \/ SASO o scaricate la nostra <a href=\"https:\/\/www.hqts.com\/wp-content\/uploads\/2023\/01\/Saudi-Arabia-Brochure-SQM-GulfConformityMark.pdf\">brochure<\/a>.<\/strong><\/p>\t\t\t\t\t\t\t\t<\/div>\n\t\t\t\t<\/div>\n\t\t\t\t\t<\/div>\n\t\t<\/div>\n\t\t\t\t\t<\/div>\n\t\t<\/section>\n\t\t\t\t<\/div>\n\t\t","protected":false},"excerpt":{"rendered":"<p>Programma SALEEM \/ Certificato SASO per l\u2019Arabia Saudita Il Programma Saudita per la Sicurezza dei Prodotti (SALEEM) \u00e8 un programma di valutazione della conformit\u00e0 gestito dalla Saudi Standards, Metrology and Quality Organization (SASO). Il programma garantisce la sicurezza e la qualit\u00e0 dei prodotti immessi sul mercato saudita. Le aziende che esportano o importano prodotti regolamentati [&hellip;]<\/p>\n","protected":false},"author":12,"featured_media":219839,"parent":219439,"menu_order":4,"comment_status":"closed","ping_status":"closed","template":"","meta":{"_acf_changed":false,"footnotes":""},"class_list":["post-219836","page","type-page","status-publish","has-post-thumbnail","hentry"],"acf":[],"_links":{"self":[{"href":"https:\/\/www.hqts.com\/it\/wp-json\/wp\/v2\/pages\/219836","targetHints":{"allow":["GET"]}}],"collection":[{"href":"https:\/\/www.hqts.com\/it\/wp-json\/wp\/v2\/pages"}],"about":[{"href":"https:\/\/www.hqts.com\/it\/wp-json\/wp\/v2\/types\/page"}],"author":[{"embeddable":true,"href":"https:\/\/www.hqts.com\/it\/wp-json\/wp\/v2\/users\/12"}],"replies":[{"embeddable":true,"href":"https:\/\/www.hqts.com\/it\/wp-json\/wp\/v2\/comments?post=219836"}],"version-history":[{"count":5,"href":"https:\/\/www.hqts.com\/it\/wp-json\/wp\/v2\/pages\/219836\/revisions"}],"predecessor-version":[{"id":219848,"href":"https:\/\/www.hqts.com\/it\/wp-json\/wp\/v2\/pages\/219836\/revisions\/219848"}],"up":[{"embeddable":true,"href":"https:\/\/www.hqts.com\/it\/wp-json\/wp\/v2\/pages\/219439"}],"wp:featuredmedia":[{"embeddable":true,"href":"https:\/\/www.hqts.com\/it\/wp-json\/wp\/v2\/media\/219839"}],"wp:attachment":[{"href":"https:\/\/www.hqts.com\/it\/wp-json\/wp\/v2\/media?parent=219836"}],"curies":[{"name":"wp","href":"https:\/\/api.w.org\/{rel}","templated":true}]}}