{"id":219849,"date":"2025-11-06T02:44:54","date_gmt":"2025-11-06T02:44:54","guid":{"rendered":"https:\/\/www.hqts.com\/?page_id=219849"},"modified":"2025-11-06T02:49:50","modified_gmt":"2025-11-06T02:49:50","slug":"certificato-conformita-sfda-arabia","status":"publish","type":"page","link":"https:\/\/www.hqts.com\/it\/i-nostri-servizi\/certificato-conformita-sfda-arabia\/","title":{"rendered":"Certificato di Conformit\u00e0 SFDA per l\u2019Arabia Saudita"},"content":{"rendered":"\t\t<div data-elementor-type=\"wp-page\" data-elementor-id=\"219849\" class=\"elementor elementor-219849 elementor-141043\" data-elementor-post-type=\"page\">\n\t\t\t\t\t\t<section class=\"elementor-section elementor-top-section elementor-element elementor-element-671b2c63 elementor-section-boxed elementor-section-height-default elementor-section-height-default\" data-id=\"671b2c63\" data-element_type=\"section\">\n\t\t\t\t\t\t<div class=\"elementor-container elementor-column-gap-default\">\n\t\t\t\t\t<div class=\"elementor-column elementor-col-100 elementor-top-column elementor-element elementor-element-7bb8c0\" data-id=\"7bb8c0\" data-element_type=\"column\">\n\t\t\t<div class=\"elementor-widget-wrap elementor-element-populated\">\n\t\t\t\t\t\t<div class=\"elementor-element elementor-element-26a8b5af elementor-widget elementor-widget-text-editor\" data-id=\"26a8b5af\" data-element_type=\"widget\" data-widget_type=\"text-editor.default\">\n\t\t\t\t<div class=\"elementor-widget-container\">\n\t\t\t\t\t\t\t\t\t<h2><strong>Certificato di Conformit\u00e0 SFDA per l\u2019Arabia Saudita<\/strong><\/h2><p>Il Regno dell\u2019Arabia Saudita richiede che determinati prodotti alimentari esportati nel Paese rispettino i regolamenti tecnici e gli standard stabiliti dalla Saudi Food and Drug Authority (SFDA). La maggior parte dei prodotti alimentari deve essere accompagnata da un Certificato di Conformit\u00e0 SFDA per dimostrare la conformit\u00e0 ai requisiti richiesti.<\/p><h4><strong>Fornitore di Certificati SFDA<\/strong><\/h4><p>HQTS-Tabseer \u00e8 un ente di certificazione approvato dalla SFDA. Il nostro team di esperti \u00e8 a disposizione per guidarvi attraverso l\u2019intero processo di certificazione, eseguire la valutazione di conformit\u00e0 e rilasciare il Certificato di Conformit\u00e0 SFDA una volta verificata la conformit\u00e0 per i seguenti paesi:<\/p><ul><li><strong><span data-preserver-spaces=\"true\">India<\/span><\/strong><\/li><li><strong><span data-preserver-spaces=\"true\">Cina<\/span><\/strong><\/li><li><strong><span data-preserver-spaces=\"true\">Vietnam<\/span><\/strong><\/li><li><strong>Emirati Arabi Uniti<\/strong><\/li><\/ul><h4><strong>Introduzione al Programma SFDA<\/strong><\/h4><p>La Saudi Food and Drug Authority (SFDA) richiede che tutti i prodotti alimentari e farmaceutici importati in Arabia Saudita rispettino i regolamenti tecnici e gli standard della SFDA. Il Programma Alimentare SFDA stabilisce che i prodotti alimentari siano sottoposti a valutazioni di conformit\u00e0 prima di essere venduti o distribuiti ai consumatori.<\/p><h5><strong>Certificazione Obbligatoria per i Prodotti Alimentari Esportati in Arabia Saudita<\/strong><\/h5><p><strong>Diversi prodotti alimentari sono soggetti a certificazione obbligatoria, tra cui:<\/strong><\/p><ul><li>Riso<\/li><li>Carne rossa<\/li><li>Spezie e semi di sesamo<\/li><li>Verdure e frutta lavorate<\/li><li>Frutta e verdura fresca<\/li><li>Colture agricole<\/li><\/ul><h5><strong>Processo di Certificazione SFDA<\/strong><\/h5><p>Per il processo di certificazione \u00e8 necessaria una serie di documenti, tra cui: un account SFDA, la registrazione dei prodotti alimentari, una registrazione commerciale valida, la fattura commerciale, l\u2019elenco degli ingredienti secondo la grafica dell\u2019imballaggio, il certificato di origine e un certificato sanitario e halal per i prodotti a base di carne.<\/p><p>Il processo di certificazione comprende la valutazione tecnica della documentazione fornita, un\u2019ispezione e test in un laboratorio accreditato ISO 17025, una valutazione di conformit\u00e0 agli standard richiesti dalla SFDA, una revisione dell\u2019etichettatura e la supervisione del caricamento dei container.<\/p><h4><strong>Perch\u00e9 Scegliere la Certificazione Alimentare SFDA di HQTS<\/strong><\/h4><p><strong>HQTS \u00e8 una delle pi\u00f9 antiche e grandi aziende asiatiche nel settore dei test, delle ispezioni e delle certificazioni. Offriamo un servizio senza eguali grazie a oltre 1.500 dipendenti, decenni di esperienza e una rete globale di esperti tecnici che copre pi\u00f9 di 80 paesi.<\/strong><\/p><p>HQTS dispone di un team dedicato per assistervi in ogni fase del processo di richiesta.<\/p><ul><li>Oltre 20 uffici regionali in tutto il mondo.<\/li><li>Conoscenza leader nel settore delle normative e degli standard tecnici, comprese le regolamentazioni SFDA, la <a href=\"https:\/\/www.hqts.com\/our-services\/saso-certificate-saudi-arabia\/\"><strong>certificazione SASO<\/strong><\/a> e <strong><a href=\"https:\/\/www.hqts.com\/our-services\/uganda-pvoc\/\">l\u2019Uganda PVoC.<\/a><\/strong><\/li><li>HQTS fornisce servizi di gestione della catena di approvvigionamento completi, rapidi, flessibili e affidabili per tutte le vostre esigenze.<\/li><\/ul><p><a href=\"https:\/\/www.hqts.com\/contact\/\"><strong>Contattateci<\/strong><\/a> oggi per saperne di pi\u00f9 sui nostri servizi di Certificazione SFDA e per garantire uno sdoganamento rapido e senza problemi delle vostre spedizioni nei porti e alle frontiere saudite.<\/p>\t\t\t\t\t\t\t\t<\/div>\n\t\t\t\t<\/div>\n\t\t\t\t\t<\/div>\n\t\t<\/div>\n\t\t\t\t\t<\/div>\n\t\t<\/section>\n\t\t\t\t<\/div>\n\t\t","protected":false},"excerpt":{"rendered":"<p>Certificato di Conformit\u00e0 SFDA per l\u2019Arabia Saudita Il Regno dell\u2019Arabia Saudita richiede che determinati prodotti alimentari esportati nel Paese rispettino i regolamenti tecnici e gli standard stabiliti dalla Saudi Food and Drug Authority (SFDA). La maggior parte dei prodotti alimentari deve essere accompagnata da un Certificato di Conformit\u00e0 SFDA per dimostrare la conformit\u00e0 ai requisiti [&hellip;]<\/p>\n","protected":false},"author":12,"featured_media":219851,"parent":219439,"menu_order":4,"comment_status":"closed","ping_status":"closed","template":"","meta":{"_acf_changed":false,"footnotes":""},"class_list":["post-219849","page","type-page","status-publish","has-post-thumbnail","hentry"],"acf":[],"_links":{"self":[{"href":"https:\/\/www.hqts.com\/it\/wp-json\/wp\/v2\/pages\/219849","targetHints":{"allow":["GET"]}}],"collection":[{"href":"https:\/\/www.hqts.com\/it\/wp-json\/wp\/v2\/pages"}],"about":[{"href":"https:\/\/www.hqts.com\/it\/wp-json\/wp\/v2\/types\/page"}],"author":[{"embeddable":true,"href":"https:\/\/www.hqts.com\/it\/wp-json\/wp\/v2\/users\/12"}],"replies":[{"embeddable":true,"href":"https:\/\/www.hqts.com\/it\/wp-json\/wp\/v2\/comments?post=219849"}],"version-history":[{"count":5,"href":"https:\/\/www.hqts.com\/it\/wp-json\/wp\/v2\/pages\/219849\/revisions"}],"predecessor-version":[{"id":219856,"href":"https:\/\/www.hqts.com\/it\/wp-json\/wp\/v2\/pages\/219849\/revisions\/219856"}],"up":[{"embeddable":true,"href":"https:\/\/www.hqts.com\/it\/wp-json\/wp\/v2\/pages\/219439"}],"wp:featuredmedia":[{"embeddable":true,"href":"https:\/\/www.hqts.com\/it\/wp-json\/wp\/v2\/media\/219851"}],"wp:attachment":[{"href":"https:\/\/www.hqts.com\/it\/wp-json\/wp\/v2\/media?parent=219849"}],"curies":[{"name":"wp","href":"https:\/\/api.w.org\/{rel}","templated":true}]}}