{"id":219864,"date":"2025-11-06T02:59:47","date_gmt":"2025-11-06T02:59:47","guid":{"rendered":"https:\/\/www.hqts.com\/i-nostri-servizi\/soluzioni-sostenibili\/servizi-esg\/"},"modified":"2025-11-06T03:00:13","modified_gmt":"2025-11-06T03:00:13","slug":"servizi-esg","status":"publish","type":"page","link":"https:\/\/www.hqts.com\/it\/i-nostri-servizi\/soluzioni-sostenibili\/servizi-esg\/","title":{"rendered":"Servizi ESG"},"content":{"rendered":"<p>Con il clima sempre pi\u00f9 imprevedibile e le conseguenze della pandemia di COVID-19 e di altri eventi socioeconomici, l\u2019ESG \u00e8 oggi un aspetto cruciale per ogni organizzazione.<\/p>\n<p>Di fronte a sfide senza precedenti, HQTS \u00e8 pronta ad aiutarti a sviluppare una strategia di sostenibilit\u00e0 a lungo termine implementando processi di gestione sostenibile basati su approcci orientati al rischio e sull\u2019analisi di materialit\u00e0. La rendicontazione ESG (Ambientale, Sociale e di Governance) e le valutazioni di sostenibilit\u00e0 stanno passando da requisiti volontari a obbligatori nella maggior parte dei mercati, al fine di promuovere la creazione di valore a lungo termine e un\u2019economia sostenibile.<\/p>\n<p>I nostri Servizi ESG includono:<\/p>\n<h3>Verifica dei Rapporti ESG<\/h3>\n<p>Per valutare l\u2019accuratezza e l\u2019integrit\u00e0 delle informazioni contenute nei rapporti ESG, assistiamo gli azionisti nella verifica e validazione dei report ESG applicando gli standard internazionali di revisione e assurance ISAE (International Standard on Assurance Engagements).<\/p>\n<h3>Audit e Verifica ESG dei Fornitori<\/h3>\n<p>Gli <a href=\"https:\/\/www.hqts.com\/it\/i-nostri-servizi\/audit-di-fabbrica\/audit-ambientali\/\">audit ambientali<\/a> sono valutazioni indipendenti che analizzano lo stato di conformit\u00e0 legale e ambientale di un\u2019organizzazione nel suo contesto operativo. Esaminano il livello di rischio ambientale che l\u2019ente o l\u2019organizzazione pu\u00f2 generare, individuano potenziali rischi di inquinamento e valutano gli impatti ambientali corrispondenti, consentendo cos\u00ec di adottare misure per migliorare l\u2019impatto ambientale complessivo.<\/p>\n<p>HQTS offre una soluzione razionale ed economicamente vantaggiosa per prevenire problematiche di conformit\u00e0 sociale attraverso il nostro <a href=\"https:\/\/www.hqts.com\/it\/i-nostri-servizi\/audit-di-fabbrica\/audit-di-conformita-sociale\/\">Audit di Conformit\u00e0 Sociale<\/a> o audit etico. Grazie a un approccio multiplo basato su tecniche investigative consolidate per raccogliere e verificare le informazioni di fabbrica, i nostri auditor madrelingua conducono interviste riservate approfondite con il personale, analisi dei registri e valutazioni di tutte le operazioni di fabbrica in base a parametri di conformit\u00e0 riconosciuti a livello globale.<\/p>\n<h3>Formazione GRI<\/h3>\n<p>Il GRI (Global Reporting Initiative) ha sviluppato un quadro di riferimento per la rendicontazione ambientale, sociale e di governance sin da ottobre 2016. Gli standard GRI sono i primi standard globali per la rendicontazione della sostenibilit\u00e0 e sono ampiamente adottati dalle aziende Fortune 500 di tutto il mondo.<\/p>\n<p>HQTS offre corsi di formazione GRI approvati dal GRI stesso. Al termine del corso, sarai in grado di:<\/p>\n<p>&nbsp;<\/p>\n<ul>\n<li>Comprendere le nozioni fondamentali dello sviluppo sostenibile e il suo rapporto con altri standard di sostenibilit\u00e0.<\/li>\n<li>Apprendere le metriche previste dagli standard GRI e i requisiti del processo di rendicontazione.<\/li>\n<li>Applicare l\u2019approccio basato sulla Materialit\u00e0 e sul Coinvolgimento degli Stakeholder.<\/li>\n<li>Sviluppare un rapporto di sostenibilit\u00e0 supportato dalla creazione di un sistema e di processi efficienti basati su un approccio sostenibile.<\/li>\n<\/ul>\n<p>&nbsp;<\/p>\n<h3>Rendicontazione ESG<\/h3>\n<p>HQTS assiste le organizzazioni nello sviluppo di un rapporto di sostenibilit\u00e0 utilizzando il quadro di rendicontazione GRI, applicando l\u2019approccio basato su Materialit\u00e0 e Coinvolgimento degli Stakeholder.<\/p>\n<p><img fetchpriority=\"high\" decoding=\"async\" class=\"wp-image-118571 size-full alignleft\" src=\"https:\/\/www.hqts.com\/wp-content\/uploads\/2022\/04\/ESG-Services.png\" alt=\"\" width=\"601\" height=\"266\" srcset=\"https:\/\/www.hqts.com\/wp-content\/uploads\/2022\/04\/ESG-Services.png 601w, https:\/\/www.hqts.com\/wp-content\/uploads\/2022\/04\/ESG-Services-300x133.png 300w\" sizes=\"(max-width: 601px) 100vw, 601px\" \/><\/p>\n<p>&nbsp;<\/p>\n<p>&nbsp;<\/p>\n<p>&nbsp;<\/p>\n<p>&nbsp;<\/p>\n<p>&nbsp;<\/p>\n<p>&nbsp;<\/p>\n<p>&nbsp;<\/p>\n<p>&nbsp;<\/p>\n<h3>Miglioramento ESG<\/h3>\n<p>Il nostro impegno per un\u2019operativit\u00e0 sostenibile si basa su un processo di miglioramento continuo. HQTS aiuta le organizzazioni a eseguire un\u2019analisi delle lacune nelle proprie dichiarazioni ESG e a proporre un piano d\u2019azione concreto per colmare le criticit\u00e0 individuate nel rapporto ESG.<\/p>\n","protected":false},"excerpt":{"rendered":"<p>Con il clima sempre pi\u00f9 imprevedibile e le conseguenze della pandemia di COVID-19 e di altri eventi socioeconomici, l\u2019ESG \u00e8 oggi un aspetto cruciale per ogni organizzazione. Di fronte a sfide senza precedenti, HQTS \u00e8 pronta ad aiutarti a sviluppare una strategia di sostenibilit\u00e0 a lungo termine implementando processi di gestione sostenibile basati su approcci [&hellip;]<\/p>\n","protected":false},"author":12,"featured_media":219865,"parent":219857,"menu_order":0,"comment_status":"closed","ping_status":"closed","template":"","meta":{"_acf_changed":false,"footnotes":""},"class_list":["post-219864","page","type-page","status-publish","has-post-thumbnail","hentry"],"acf":[],"_links":{"self":[{"href":"https:\/\/www.hqts.com\/it\/wp-json\/wp\/v2\/pages\/219864","targetHints":{"allow":["GET"]}}],"collection":[{"href":"https:\/\/www.hqts.com\/it\/wp-json\/wp\/v2\/pages"}],"about":[{"href":"https:\/\/www.hqts.com\/it\/wp-json\/wp\/v2\/types\/page"}],"author":[{"embeddable":true,"href":"https:\/\/www.hqts.com\/it\/wp-json\/wp\/v2\/users\/12"}],"replies":[{"embeddable":true,"href":"https:\/\/www.hqts.com\/it\/wp-json\/wp\/v2\/comments?post=219864"}],"version-history":[{"count":1,"href":"https:\/\/www.hqts.com\/it\/wp-json\/wp\/v2\/pages\/219864\/revisions"}],"predecessor-version":[{"id":219867,"href":"https:\/\/www.hqts.com\/it\/wp-json\/wp\/v2\/pages\/219864\/revisions\/219867"}],"up":[{"embeddable":true,"href":"https:\/\/www.hqts.com\/it\/wp-json\/wp\/v2\/pages\/219857"}],"wp:featuredmedia":[{"embeddable":true,"href":"https:\/\/www.hqts.com\/it\/wp-json\/wp\/v2\/media\/219865"}],"wp:attachment":[{"href":"https:\/\/www.hqts.com\/it\/wp-json\/wp\/v2\/media?parent=219864"}],"curies":[{"name":"wp","href":"https:\/\/api.w.org\/{rel}","templated":true}]}}