{"id":219878,"date":"2025-11-06T03:15:34","date_gmt":"2025-11-06T03:15:34","guid":{"rendered":"https:\/\/www.hqts.com\/i-nostri-servizi\/test-prodotti-materiali\/consulenza-e-formazione-sulla-conformita\/"},"modified":"2025-11-06T03:16:17","modified_gmt":"2025-11-06T03:16:17","slug":"consulenza-formazione-conformita","status":"publish","type":"page","link":"https:\/\/www.hqts.com\/it\/i-nostri-servizi\/test-prodotti-materiali\/consulenza-formazione-conformita\/","title":{"rendered":"Consulenza e Formazione sulla Conformit\u00e0"},"content":{"rendered":"<p>Dalle prime fasi della produzione fino al prodotto finale, i nostri consulenti esperti possono assisterti nel definire le tappe fondamentali della conformit\u00e0, garantendo il rispetto degli standard internazionali e interni al costo pi\u00f9 basso possibile.<\/p>\n<p>HQTS \u00e8 pronta a fornire competenze specializzate in materia di conformit\u00e0, sia online che direttamente presso la tua sede, per formare il personale della tua azienda. Analizziamo rapidamente le normative e le direttive applicabili ai tuoi prodotti specifici, mostrando al tuo team cosa \u00e8 richiesto e quali sono le responsabilit\u00e0 da rispettare. Ti guideremo attraverso i requisiti di accesso al mercato e gli obblighi del produttore, in base al mercato di destinazione.<\/p>\n<p><strong>Possiamo aiutarti con:<\/strong><\/p>\n<ul>\n<li>Formazione del Personale<\/li>\n<li>Competenza sul Prodotto<\/li>\n<li>Consulenza sulle Direttive<\/li>\n<li>Requisiti di Accesso al Mercato<\/li>\n<li>Conformit\u00e0<\/li>\n<li>Direttive Doganali e di Frontiera<\/li>\n<li>Etichettatura<\/li>\n<\/ul>\n","protected":false},"excerpt":{"rendered":"<p>Dalle prime fasi della produzione fino al prodotto finale, i nostri consulenti esperti possono assisterti nel definire le tappe fondamentali della conformit\u00e0, garantendo il rispetto degli standard internazionali e interni al costo pi\u00f9 basso possibile. HQTS \u00e8 pronta a fornire competenze specializzate in materia di conformit\u00e0, sia online che direttamente presso la tua sede, per [&hellip;]<\/p>\n","protected":false},"author":12,"featured_media":219045,"parent":219042,"menu_order":0,"comment_status":"closed","ping_status":"closed","template":"","meta":{"_acf_changed":false,"footnotes":""},"class_list":["post-219878","page","type-page","status-publish","has-post-thumbnail","hentry"],"acf":[],"_links":{"self":[{"href":"https:\/\/www.hqts.com\/it\/wp-json\/wp\/v2\/pages\/219878","targetHints":{"allow":["GET"]}}],"collection":[{"href":"https:\/\/www.hqts.com\/it\/wp-json\/wp\/v2\/pages"}],"about":[{"href":"https:\/\/www.hqts.com\/it\/wp-json\/wp\/v2\/types\/page"}],"author":[{"embeddable":true,"href":"https:\/\/www.hqts.com\/it\/wp-json\/wp\/v2\/users\/12"}],"replies":[{"embeddable":true,"href":"https:\/\/www.hqts.com\/it\/wp-json\/wp\/v2\/comments?post=219878"}],"version-history":[{"count":1,"href":"https:\/\/www.hqts.com\/it\/wp-json\/wp\/v2\/pages\/219878\/revisions"}],"predecessor-version":[{"id":219879,"href":"https:\/\/www.hqts.com\/it\/wp-json\/wp\/v2\/pages\/219878\/revisions\/219879"}],"up":[{"embeddable":true,"href":"https:\/\/www.hqts.com\/it\/wp-json\/wp\/v2\/pages\/219042"}],"wp:featuredmedia":[{"embeddable":true,"href":"https:\/\/www.hqts.com\/it\/wp-json\/wp\/v2\/media\/219045"}],"wp:attachment":[{"href":"https:\/\/www.hqts.com\/it\/wp-json\/wp\/v2\/media?parent=219878"}],"curies":[{"name":"wp","href":"https:\/\/api.w.org\/{rel}","templated":true}]}}