{"id":219881,"date":"2025-11-06T03:22:08","date_gmt":"2025-11-06T03:22:08","guid":{"rendered":"https:\/\/www.hqts.com\/i-nostri-servizi\/test-prodotti-materiali\/test-di-conformita-cpsia\/"},"modified":"2025-11-06T03:22:45","modified_gmt":"2025-11-06T03:22:45","slug":"test-di-conformita-cpsia","status":"publish","type":"page","link":"https:\/\/www.hqts.com\/it\/i-nostri-servizi\/test-prodotti-materiali\/test-di-conformita-cpsia\/","title":{"rendered":"Test di Conformit\u00e0 CPSIA"},"content":{"rendered":"<h4><strong>CPSIA<\/strong><\/h4>\n<p style=\"text-align: justify;\">Il 14 agosto 2008, il presidente George W. Bush ha firmato una legge storica: il Consumer Product Safety Improvement Act (CPSIA) del 2008. La legge stabilisce limiti specifici per piombo e ftalati nei prodotti destinati ai bambini e richiede che determinati prodotti per l\u2019infanzia vengano testati e documentati da <strong>laboratori di prova terzi<\/strong> accreditati prima di poter essere importati negli Stati Uniti.<\/p>\n<p style=\"text-align: justify;\">Il 18 ottobre 2017, la U.S. Consumer Product Safety Commission (CPSC) ha emesso una regola definitiva che vieta i giocattoli e gli articoli per l\u2019infanzia contenenti pi\u00f9 dello 0,1% di determinati composti ftalati.<\/p>\n<p><img decoding=\"async\" src=\"https:\/\/www.hqts.com\/wp-content\/uploads\/2024\/10\/image_2024_10_11T15_23_32_092Z.png\" \/><\/p>\n<p>Ottenere la conformit\u00e0 CPSIA per i prodotti destinati ai bambini \u00e8 essenziale se il tuo mercato di riferimento sono gli Stati Uniti. Ci\u00f2 implica comprendere i requisiti CPSIA, stabilire politiche interne per monitorare la conformit\u00e0 e garantire che i prodotti siano testati da laboratori approvati CPSIA. Sia i produttori che i rivenditori devono inoltre mantenere registri di conformit\u00e0 accurati e aggiornati, da fornire in caso di audit o indagini.<\/p>\n<p>Per rispettare la CPSIA, i tuoi prodotti devono essere conformi a diverse normative che coprono vari aspetti, dai prodotti chimici alle prestazioni meccaniche. Ecco una panoramica di alcune aree che possono applicarsi ai tuoi prodotti a seconda del tipo:<\/p>\n<ul>\n<li aria-level=\"1\"><strong>Metalli pesanti e sostanze chimiche:<\/strong> include test per sostanze nocive come piombo, cadmio e ftalati, vietati a livelli pericolosi.<\/li>\n<li aria-level=\"1\"><strong>Divieto di piccole parti:<\/strong> i prodotti destinati ai bambini pi\u00f9 piccoli devono essere privi di parti staccabili che possano rappresentare un rischio di soffocamento.<\/li>\n<li aria-level=\"1\"><strong>Prestazioni meccaniche:<\/strong> il tuo prodotto contiene parti che potrebbero rappresentare un pericolo di ingestione? La CPSIA stabilisce regole rigorose per prevenire tali rischi.<\/li>\n<li aria-level=\"1\"><strong>Infiammabilit\u00e0:<\/strong> prodotti come abbigliamento o giocattoli morbidi devono superare test di infiammabilit\u00e0 per garantire che non prendano fuoco facilmente.<\/li>\n<\/ul>\n<h4><strong>Laboratori approvati per i test CPSIA dalla CPSC<\/strong><\/h4>\n<p><img decoding=\"async\" src=\"https:\/\/www.hqts.com\/wp-content\/uploads\/2024\/10\/cpsia-approved.png\" \/><\/p>\n<p style=\"text-align: justify;\"><strong>Il nostro laboratorio \u00e8 accreditato dalla US Consumer Product Safety Commission (CPSC) per testare giocattoli e prodotti per bambini secondo le seguenti normative CPSC:<\/strong><\/p>\n<ul>\n<li>Vernice al piombo: 16 CFR Parte 1303<\/li>\n<li>Succhietti: 16 CFR Parte 1511<\/li>\n<li>Regola sulle piccole parti: 16 CFR Parte 1501<\/li>\n<li>Test di infiammabilit\u00e0 dei tessuti: 16 CFR Parte 1610<\/li>\n<li>Tamburelli a sonagli: 16 CFR Parte 1510<\/li>\n<li>Piombo nei gioielli metallici per bambini: CPSC-CH-E1001-08<\/li>\n<li>Piombo nei prodotti metallici per bambini: CPSC-CH-E1001-08<\/li>\n<li>Piombo nei prodotti non metallici per bambini: CPSC-CH-E1002-08<\/li>\n<li>ASTM F963-17<\/li>\n<\/ul>\n<h4><strong>Problemi e soluzioni<\/strong><\/h4>\n<ul>\n<li>Limite di piombo<\/li>\n<li>Limite di ftalati<\/li>\n<li>Standard obbligatorio di sicurezza per i giocattoli ASTM F963<\/li>\n<li>Obbligo di test da parte di terzi<\/li>\n<li>Etichette di tracciabilit\u00e0 per i prodotti per bambini<\/li>\n<li>GCC (General Conformity Certification)<\/li>\n<\/ul>\n<h4><\/h4>\n<h4 class=\"text-header mt-12 mb-4 first:mt-0\"><strong>Approfondimenti<\/strong><\/h4>\n<ul>\n<li><a href=\"https:\/\/www.hqts.com\/cpsia-testing-compiance-guide\/\">Guida completa alla CPSIA<\/a><\/li>\n<li><a href=\"https:\/\/www.hqts.com\/how-obtain-childrens-product-certificate-2023\/\">Come ottenere il Children Product Certificate (CPC)<\/a><\/li>\n<li><a href=\"https:\/\/www.hqts.com\/all-about-cpsia-tracking-label-requirements-in-2020\/\">Requisiti di etichettatura di tracciabilit\u00e0 CPSIA<\/a><\/li>\n<li><a href=\"https:\/\/www.hqts.com\/cpsia-testing-compliance-amazon\/\">CPSIA per Amazon<\/a><\/li>\n<\/ul>\n<h4><strong>Altri Servizi di Testing<\/strong><\/h4>\n<ul>\n<li><a href=\"https:\/\/www.hqts.com\/our-services\/chemical-testing\/\">Test Chimici<\/a><\/li>\n<li><a href=\"https:\/\/www.hqts.com\/our-services\/reach-testing\/\">Test REACH<\/a><\/li>\n<li><a href=\"https:\/\/www.hqts.com\/it\/guide-rohs-compliance-testing\/rohs-testing\/\">Test RoHS<\/a><\/li>\n<li><a href=\"https:\/\/www.hqts.com\/services\/consumer-product-testing\/\">Test su Prodotti di Consumo<\/a><\/li>\n<li><a href=\"https:\/\/www.hqts.com\/our-services\/ista-package-test\/\">Test sugli Imballaggi ISTA<\/a><\/li>\n<\/ul>\n","protected":false},"excerpt":{"rendered":"<p>CPSIA Il 14 agosto 2008, il presidente George W. Bush ha firmato una legge storica: il Consumer Product Safety Improvement Act (CPSIA) del 2008. La legge stabilisce limiti specifici per piombo e ftalati nei prodotti destinati ai bambini e richiede che determinati prodotti per l\u2019infanzia vengano testati e documentati da laboratori di prova terzi accreditati [&hellip;]<\/p>\n","protected":false},"author":12,"featured_media":219885,"parent":219042,"menu_order":53,"comment_status":"closed","ping_status":"closed","template":"","meta":{"_acf_changed":false,"footnotes":""},"class_list":["post-219881","page","type-page","status-publish","has-post-thumbnail","hentry"],"acf":[],"_links":{"self":[{"href":"https:\/\/www.hqts.com\/it\/wp-json\/wp\/v2\/pages\/219881","targetHints":{"allow":["GET"]}}],"collection":[{"href":"https:\/\/www.hqts.com\/it\/wp-json\/wp\/v2\/pages"}],"about":[{"href":"https:\/\/www.hqts.com\/it\/wp-json\/wp\/v2\/types\/page"}],"author":[{"embeddable":true,"href":"https:\/\/www.hqts.com\/it\/wp-json\/wp\/v2\/users\/12"}],"replies":[{"embeddable":true,"href":"https:\/\/www.hqts.com\/it\/wp-json\/wp\/v2\/comments?post=219881"}],"version-history":[{"count":1,"href":"https:\/\/www.hqts.com\/it\/wp-json\/wp\/v2\/pages\/219881\/revisions"}],"predecessor-version":[{"id":219886,"href":"https:\/\/www.hqts.com\/it\/wp-json\/wp\/v2\/pages\/219881\/revisions\/219886"}],"up":[{"embeddable":true,"href":"https:\/\/www.hqts.com\/it\/wp-json\/wp\/v2\/pages\/219042"}],"wp:featuredmedia":[{"embeddable":true,"href":"https:\/\/www.hqts.com\/it\/wp-json\/wp\/v2\/media\/219885"}],"wp:attachment":[{"href":"https:\/\/www.hqts.com\/it\/wp-json\/wp\/v2\/media?parent=219881"}],"curies":[{"name":"wp","href":"https:\/\/api.w.org\/{rel}","templated":true}]}}