{"id":219915,"date":"2025-11-06T04:01:23","date_gmt":"2025-11-06T04:01:23","guid":{"rendered":"https:\/\/www.hqts.com\/i-nostri-servizi\/test-prodotti-materiali\/test-normativi-e-di-conformita\/"},"modified":"2025-11-06T04:02:02","modified_gmt":"2025-11-06T04:02:02","slug":"test-normativi-conformita","status":"publish","type":"page","link":"https:\/\/www.hqts.com\/it\/i-nostri-servizi\/test-prodotti-materiali\/test-normativi-conformita\/","title":{"rendered":"Test Normativi e di Conformit\u00e0"},"content":{"rendered":"<p>Con anni di esperienza specializzata nei test di conformit\u00e0 e laboratori interni consolidati in paesi come Cina e Vietnam, il team di conformit\u00e0 di HQTS \u00e8 pronto a testare i tuoi prodotti in base alle principali certificazioni normative. Inoltre, il nostro team ti guider\u00e0 attraverso tutti i requisiti e le complessit\u00e0 delle normative e degli standard internazionali.<\/p>\n<h4><strong>I nostri Servizi di Test Normativi e di Conformit\u00e0:<\/strong><\/h4>\n<ul>\n<li><a href=\"https:\/\/www.hqts.com\/it\/i-nostri-servizi\/test-prodotti-materiali\/test-rohs\/\">RoHS Testing<\/a><\/li>\n<li><a href=\"https:\/\/www.hqts.com\/it\/i-nostri-servizi\/test-prodotti-materiali\/test-reach\/\">REACH Testing<\/a><\/li>\n<li><a href=\"https:\/\/www.hqts.com\/it\/i-nostri-servizi\/test-prodotti-materiali\/test-di-conformita-cpsia\/\">CPSIA Testing<\/a><\/li>\n<li><a href=\"https:\/\/www.hqts.com\/it\/i-nostri-servizi\/test-prodotti-materiali\/test-di-imballaggio-e-trasporto\/\">ISTA Testing<\/a><\/li>\n<li><a href=\"https:\/\/www.hqts.com\/our-services\/testing\/saudi-arabia-sqm-mark\/\">Marchio di Qualit\u00e0 Saudita<\/a><\/li>\n<\/ul>\n<h4><strong><br \/>\nConformit\u00e0 Oltre il Testing<br \/>\n<\/strong><\/h4>\n<p dir=\"auto\">Offriamo servizi completi di conformit\u00e0 per aiutare le aziende a orientarsi senza difficolt\u00e0 tra le normative internazionali. Per la vendita negli Stati Uniti, la nostra consulenza esperta assicura il rispetto degli standard principali come CPSIA, FDA, FCC, OSHA, PROP65 e altri. In Europa, forniamo supporto essenziale per la conformit\u00e0 a regolamenti come GPSD, CE\/UKCA, RoHS\/REACH, EFSA e altri ancora. Inoltre, per il mercato australiano, offriamo consulenza, formazione e valutazioni specializzate che coprono i principali requisiti, tra cui ACL, EESS e ulteriori normative.<\/p>\n<p><strong><br \/>\nLe nostre Strutture<br \/>\n<\/strong><\/p>\n<h5><strong>Laboratori di Test sui Prodotti<\/strong><\/h5>\n<ul>\n<li><strong>Laboratorio di Test sui Prodotti di Consumo<\/strong>\n<ul>\n<li><strong>Hangzhou, Cina<\/strong> <strong>&#8211;<\/strong> Laboratorio di 7.400 m\u00b2 per test chimici, funzionali, di sicurezza, tessili e di imballaggio.<\/li>\n<li><strong>Ningbo, Cina &#8211;<\/strong> Laboratorio per test chimici, tessili, giocattoli, prodotti elettronici ed elettrici e materiali a contatto con alimenti.<\/li>\n<li><strong>Dongguan, Cina &#8211;<\/strong> Laboratorio per abbigliamento e beni di consumo.<\/li>\n<li><strong>Ho Chi Minh City, Vietnam &#8211;<\/strong> Laboratorio per abbigliamento e beni di consumo.<\/li>\n<li>Questi sono i nostri laboratori principali, supportati da una rete pi\u00f9 ampia di strutture partner in India, Bangladesh, Emirati Arabi Uniti, Turchia e altri paesi.<\/li>\n<\/ul>\n<\/li>\n<\/ul>\n<p>&nbsp;<\/p>\n<p><em><strong>Qualifiche Internazionali<\/strong>: ISO\/IEC 17025, CMA, CPSC, ISTA.<\/em><\/p>\n<p>&nbsp;<\/p>\n<div class=\"wp-video\">\n<div style=\"width: 800px;\" class=\"wp-video\"><!--[if lt IE 9]><script>document.createElement('video');<\/script><![endif]-->\n<video class=\"wp-video-shortcode\" id=\"video-219915-1\" width=\"800\" height=\"450\" preload=\"metadata\" controls=\"controls\"><source type=\"video\/mp4\" src=\"https:\/\/www.hqts.com\/wp-content\/uploads\/2025\/09\/English-Testing-Video.mp4?_=1\" \/><a href=\"https:\/\/www.hqts.com\/wp-content\/uploads\/2025\/09\/English-Testing-Video.mp4\">https:\/\/www.hqts.com\/wp-content\/uploads\/2025\/09\/English-Testing-Video.mp4<\/a><\/video><\/div>\n<\/div>\n<p><em>\u00a0<\/em><\/p>\n<h5 class=\"LC20lb MBeuO DKV0Md\"><strong>Laboratori Industriali di Test<\/strong><\/h5>\n<p>Gestiamo una vasta rete di laboratori partner specializzati nei test sui materiali grezzi, con una forte presenza nelle province di Zhejiang e Guangdong in Cina, dove si concentra gran parte dell\u2019attivit\u00e0 tessile e manifatturiera mondiale. Oltre la Cina, la nostra rete si estende in altre regioni strategiche a livello globale, permettendoci di supportare i clienti con servizi di test completi, affidabili e tempestivi, indipendentemente dal luogo di approvvigionamento.<\/p>\n<p><strong>Le nostre Accreditazioni<\/strong><\/p>\n<ul>\n<li>Test di Imballaggio Certificato ISTA<\/li>\n<li>APASS &#8211; Fornitore Amazon Packaging<\/li>\n<li>Accettato dal CPSC<\/li>\n<li>Approvato dal CNAS<\/li>\n<li>Certificato di Qualificazione AQSIQ<\/li>\n<li>Approvazione Obbligatoria per Organismi di Ispezione e Laboratori in Cina<\/li>\n<\/ul>\n","protected":false},"excerpt":{"rendered":"<p>Con anni di esperienza specializzata nei test di conformit\u00e0 e laboratori interni consolidati in paesi come Cina e Vietnam, il team di conformit\u00e0 di HQTS \u00e8 pronto a testare i tuoi prodotti in base alle principali certificazioni normative. Inoltre, il nostro team ti guider\u00e0 attraverso tutti i requisiti e le complessit\u00e0 delle normative e degli [&hellip;]<\/p>\n","protected":false},"author":12,"featured_media":219045,"parent":219042,"menu_order":0,"comment_status":"closed","ping_status":"closed","template":"","meta":{"_acf_changed":false,"footnotes":""},"class_list":["post-219915","page","type-page","status-publish","has-post-thumbnail","hentry"],"acf":[],"_links":{"self":[{"href":"https:\/\/www.hqts.com\/it\/wp-json\/wp\/v2\/pages\/219915","targetHints":{"allow":["GET"]}}],"collection":[{"href":"https:\/\/www.hqts.com\/it\/wp-json\/wp\/v2\/pages"}],"about":[{"href":"https:\/\/www.hqts.com\/it\/wp-json\/wp\/v2\/types\/page"}],"author":[{"embeddable":true,"href":"https:\/\/www.hqts.com\/it\/wp-json\/wp\/v2\/users\/12"}],"replies":[{"embeddable":true,"href":"https:\/\/www.hqts.com\/it\/wp-json\/wp\/v2\/comments?post=219915"}],"version-history":[{"count":1,"href":"https:\/\/www.hqts.com\/it\/wp-json\/wp\/v2\/pages\/219915\/revisions"}],"predecessor-version":[{"id":219916,"href":"https:\/\/www.hqts.com\/it\/wp-json\/wp\/v2\/pages\/219915\/revisions\/219916"}],"up":[{"embeddable":true,"href":"https:\/\/www.hqts.com\/it\/wp-json\/wp\/v2\/pages\/219042"}],"wp:featuredmedia":[{"embeddable":true,"href":"https:\/\/www.hqts.com\/it\/wp-json\/wp\/v2\/media\/219045"}],"wp:attachment":[{"href":"https:\/\/www.hqts.com\/it\/wp-json\/wp\/v2\/media?parent=219915"}],"curies":[{"name":"wp","href":"https:\/\/api.w.org\/{rel}","templated":true}]}}